{"id":988,"date":"2023-10-09T08:50:49","date_gmt":"2023-10-09T11:50:49","guid":{"rendered":"https:\/\/webmedia.org.br\/2023\/?page_id=988"},"modified":"2025-11-05T11:08:33","modified_gmt":"2025-11-05T14:08:33","slug":"wfa-programacao","status":"publish","type":"page","link":"https:\/\/webmedia.org.br\/2025\/wfa-programacao\/","title":{"rendered":"WFA | Workshop de Ferramentas e Aplica\u00e7\u00f5es &#8211; Programa\u00e7\u00e3o"},"content":{"rendered":"\n<div class=\"wp-block-cover pages-title\" style=\"min-height:225px;aspect-ratio:unset;\"><span aria-hidden=\"true\" class=\"wp-block-cover__background has-background-dim\"><\/span><img loading=\"lazy\" decoding=\"async\" width=\"1024\" height=\"432\" class=\"wp-block-cover__image-background wp-image-1083\" alt=\"\" src=\"https:\/\/webmedia.org.br\/2025\/wp-content\/uploads\/2025\/04\/1_Site-WEBmedia_2025-1-1024x432.jpg\" data-object-fit=\"cover\" srcset=\"https:\/\/webmedia.org.br\/2025\/wp-content\/uploads\/2025\/04\/1_Site-WEBmedia_2025-1-1024x432.jpg 1024w, https:\/\/webmedia.org.br\/2025\/wp-content\/uploads\/2025\/04\/1_Site-WEBmedia_2025-1-300x126.jpg 300w, https:\/\/webmedia.org.br\/2025\/wp-content\/uploads\/2025\/04\/1_Site-WEBmedia_2025-1-768x324.jpg 768w, https:\/\/webmedia.org.br\/2025\/wp-content\/uploads\/2025\/04\/1_Site-WEBmedia_2025-1-1536x647.jpg 1536w, https:\/\/webmedia.org.br\/2025\/wp-content\/uploads\/2025\/04\/1_Site-WEBmedia_2025-1-2048x863.jpg 2048w, https:\/\/webmedia.org.br\/2025\/wp-content\/uploads\/2025\/04\/1_Site-WEBmedia_2025-1-1000x421.jpg 1000w, https:\/\/webmedia.org.br\/2025\/wp-content\/uploads\/2025\/04\/1_Site-WEBmedia_2025-1-230x97.jpg 230w, https:\/\/webmedia.org.br\/2025\/wp-content\/uploads\/2025\/04\/1_Site-WEBmedia_2025-1-350x148.jpg 350w, https:\/\/webmedia.org.br\/2025\/wp-content\/uploads\/2025\/04\/1_Site-WEBmedia_2025-1-480x202.jpg 480w\" sizes=\"auto, (max-width: 1024px) 100vw, 1024px\" \/><div class=\"wp-block-cover__inner-container is-layout-flow wp-block-cover-is-layout-flow\">\n<p class=\"has-text-align-center main-title has-x-large-font-size\">WFA | Workshop de Ferramentas e Aplica\u00e7\u00f5es &#8211; Programa\u00e7\u00e3o<\/p>\n<\/div><\/div>\n\n\n\n<div class=\"wp-block-buttons is-content-justification-center is-layout-flex wp-container-core-buttons-is-layout-16018d1d wp-block-buttons-is-layout-flex\">\n<div class=\"wp-block-button\"><a class=\"wp-block-button__link has-white-color has-text-color has-link-color wp-element-button\" href=\"https:\/\/webmedia.org.br\/2025\/wp-content\/uploads\/2025\/11\/Programacao-Geral.pdf\" target=\"_blank\" rel=\"noreferrer noopener\">Baixe a programa\u00e7\u00e3o geral<\/a><\/div>\n<\/div>\n\n\n\n<h3 class=\"wp-block-heading\"><strong><mark style=\"background-color:rgba(0, 0, 0, 0);color:#003399\" class=\"has-inline-color\">WFA I:<\/mark><\/strong><\/h3>\n\n\n\n<h5 class=\"wp-block-heading\"><strong><mark style=\"background-color:rgba(0, 0, 0, 0);color:#003399\" class=\"has-inline-color\">Quarta-feira (12\/11), das 08:30 \u00e0s 10:30 \u2013 Local: Mini Audit\u00f3rio RDC<\/mark><\/strong> <\/h5>\n\n\n\n<h4 class=\"wp-block-heading\"><strong>Yuma: Gera\u00e7\u00e3o de Workflows Multiagentes a partir de Linguagem Natural.<\/strong>&nbsp;<\/h4>\n\n\n\n<p class=\"notranslate\">D\u00e9bora Souza (UFCG), Ca\u00edque Campelo (UFCG), Andr\u00e9 Neves (UFCG), Leandro Balby Marinho (UFCG), Eliane Ara\u00fajo (UFCG)<\/p>\n\n\n\n<h4 class=\"wp-block-heading\"><strong>DengueMG: Um Dashboard Interativo para o Monitoramento de Dengue em Minas Gerais.<\/strong><\/h4>\n\n\n\n<p class=\"notranslate\">Jean Dias (UFOP), Fernanda Sumika H. Souza (UFOP), Carlos Henrique Gomes Ferreira (UFOP), Vander L. S. Freitas (UFOP)<\/p>\n\n\n\n<h4 class=\"wp-block-heading\"><strong>TelepresenceVR: Ferramenta para Telemedicina Imersiva e Interativa.<\/strong>&nbsp;<\/h4>\n\n\n\n<p class=\"notranslate\">Joviro Rocha Neto (UFG), Thiago Moura (UFG), Is\u00e1cio Galeano, Eliomar Ara\u00fajo Lima (UFG), Fabio M. Costa (UFG)<\/p>\n\n\n\n<h4 class=\"wp-block-heading\"><strong>Florescer entre Sons e Sil\u00eancios: Ferramenta de Apoio \u00e0 Classifica\u00e7\u00e3o de Vocaliza\u00e7\u00f5es N\u00e3o Verbais com Intelig\u00eancia Artificial.<\/strong>&nbsp;<\/h4>\n\n\n\n<p class=\"notranslate\">Fernanda Floriano Silva (USP), Alessandra Alaniz Macedo (USP)<\/p>\n\n\n\n<h4 class=\"wp-block-heading\"><strong>Uma Ferramenta Web Baseada em LLMs para Respostas a Perguntas Simples sobre Bases de Conhecimento Heterog\u00eaneas.<\/strong>&nbsp;<\/h4>\n\n\n\n<p class=\"notranslate\">Jo\u00e3o Pedro Porto Campos (IBM), Marcelo Machado (UFJF), Guilherme Lima (IBM Research), Viviane Torres da Silva (IBM Research)<\/p>\n\n\n\n<h4 class=\"wp-block-heading\"><strong>HeroKeys: Um ambiente virtual gamificado para tocar e aprender piano.<\/strong>&nbsp;<\/h4>\n\n\n\n<p class=\"notranslate\">Deivison Rodrigues Jord\u00e3o (UFPB), Joaquim Breno Brito Cavalcante (UFPB), Humberto Navarro de Carvalho (MusicAI), Yvson Nunes (MusicAI), Thais Gaud\u00eancio (UFPB), Yuri Malheiros (UFPB)<\/p>\n\n\n\n<h4 class=\"wp-block-heading\"><strong>A WhatsApp-Based Application for Automatic Data Collection and Crime Monitoring in Belo Horizonte.<\/strong>&nbsp;<\/h4>\n\n\n\n<p class=\"notranslate\">Gustavo Fonseca (UFOP), Guilherme Silva Patr\u00edcio, Carlos Henrique Gomes Ferreira (UFOP), Alexandre Magno Sousa (UFOP)<\/p>\n\n\n\n<h3 class=\"wp-block-heading\"><strong><mark style=\"background-color:rgba(0, 0, 0, 0);color:#003399\" class=\"has-inline-color\">WFA II:<\/mark><\/strong><\/h3>\n\n\n\n<h5 class=\"wp-block-heading\"><strong><mark style=\"background-color:rgba(0, 0, 0, 0);color:#003399\" class=\"has-inline-color\">Quarta-feira (12\/11), das 14:00 \u00e0s 16:00 \u2013 Local: Mini Audit\u00f3rio RDC<\/mark><\/strong><\/h5>\n\n\n\n<h4 class=\"wp-block-heading\"><strong>Integrating Computer Vision into CACTO: A System for Fraud Prevention and Secure Transport Monitoring<\/strong><\/h4>\n\n\n\n<p class=\"notranslate\">Kaiky Maia (UFPB), Ludmila Gomes, Allan Vasconcelos (UFPB), Tha\u00eds Gaud\u00eancio do R\u00eago (UFPB), Yuri Malheiros (UFPB), Telmo Menezes Silva Filho, Marcelo Iury de Sousa Oliveira<\/p>\n\n\n\n<h4 class=\"wp-block-heading\"><strong>EurecaChat: A Multi-Agent LLM-Based Chatbot for Supporting Students, Faculty, and University Administration<\/strong><\/h4>\n\n\n\n<p class=\"notranslate\">David Pereira (UFCG), Matheus Silva (UFCG), Leandro Balby Marinho (UFCG), Eliane Cristina Ara\u00fajo (UFCG), Beatriz Meneses, Levi J\u00fanior (UFCG), Jos\u00e9 Robson da Silva Araujo Junior (UFCG), Kemilli Nicole dos Santos Lima (UFCG)<\/p>\n\n\n\n<h4 class=\"wp-block-heading\"><strong>Plataforma APS Digital<\/strong><\/h4>\n\n\n\n<p class=\"notranslate\">Giordano Souza (ANA), Victor Macul (ANA), Ol\u00edvio Souza (ANA), Ant\u00f4nio Pereira, Joice Pallone (ANA), Mariana Dumb\u00e1 (ANA), Bruno Souza, Gregorio Rodrigues, Luiz Cardoso<\/p>\n\n\n\n<h4 class=\"wp-block-heading\"><strong>MicroMatch: A Content-Based Macroscopic Microbial Image Retrieval Module<\/strong><\/h4>\n\n\n\n<p class=\"notranslate\">Antonio Parmezan (USP), Angela Patricia Mestas Mu\u00f1ante (USP), Diego Minatel (USP), Solange Rezende (USP\/ICMC)<\/p>\n\n\n\n<h4 class=\"wp-block-heading\"><strong>py360tool: Um framework para manipula\u00e7\u00e3o de v\u00eddeo 360\u00b0 com ladrilhos<\/strong><\/h4>\n\n\n\n<p class=\"notranslate\">Henrique Domingues Garcia (University of Brasilia), Marcelo Menezes Carvalho (Texas State University)<\/p>\n\n\n\n<h4 class=\"wp-block-heading\"><strong>Bula F\u00e1cil: aplica\u00e7\u00e3o de bul\u00e1rio inteligente<\/strong><\/h4>\n\n\n\n<p class=\"notranslate\">Pedro Moreira (IFAC), Jos\u00e9 Orlando Albuquerque (IFAC), Fl\u00e1vio Miranda de Farias (IFAC)<\/p>\n\n\n\n<h4 class=\"wp-block-heading\"><strong>Reapp: Uma Ferramenta Cocriada com Institui\u00e7\u00f5es Sociais para o Fortalecimento do Terceiro Setor<\/strong><\/h4>\n\n\n\n<p class=\"notranslate\">Gabriel Belo (UFMA), Andre Gabriel Costa (UFMA), Gabriel Rabelo (UFMA), Rosendy Galabo (University of York), Carlos Salles (UFMA)<\/p>\n\n\n\n<h3 class=\"wp-block-heading\"><strong><mark style=\"background-color:rgba(0, 0, 0, 0);color:#003399\" class=\"has-inline-color\">WFA III:<\/mark><\/strong><\/h3>\n\n\n\n<h5 class=\"wp-block-heading\"><strong><mark style=\"background-color:rgba(0, 0, 0, 0);color:#003399\" class=\"has-inline-color\">Quinta-feira (13\/11), das 08:30 \u00e0s 10:30 \u2013 Local: Ed. Leme Sala 548<\/mark><\/strong><\/h5>\n\n\n\n<h4 class=\"wp-block-heading\"><strong>Uma Ferramenta para Organiza\u00e7\u00e3o Sem\u00e2ntica de Informa\u00e7\u00f5es de Helpdesk por meio de Modelagem de T\u00f3picos<\/strong><\/h4>\n\n\n\n<p class=\"notranslate\">Daniel Carvalho (UFSJ), Ant\u00f4nio Pereira (UFSJ), Elisa Tuler (UFSJ), Diego Roberto Colombo Dias (UFES), Washington Cunha (UFMG), Leonardo Rocha (UFSJ)<\/p>\n\n\n\n<h4 class=\"wp-block-heading\"><strong>Um agente conversacional para suporte emocional a pessoas com estados ansiosos<\/strong><\/h4>\n\n\n\n<p class=\"notranslate\">Pamela Carvalho da Silva (UFCSPA), Pedro Almeida (UFG), Jair Martins Santiago Neto (UFG), Guilherme Fraz\u00e3o, Jo\u00e3o Victor Ferreira Borges (UFG), Jo\u00e3o Marcos Ara\u00fajo Maia (UFG), Karlla Loane Santos Lima (UFG), Fernando de Assis Mota (UFG), Lidia Rakel Alcantara do Vale (UFG), Renato de Freitas Bulc\u00e3o Neto (UFG)<\/p>\n\n\n\n<h4 class=\"wp-block-heading\"><strong>ColabSomGeo: Ferramenta de monitoramento de polui\u00e7\u00e3o sonora subsidiada por modelo de aprendizagem<\/strong><\/h4>\n\n\n\n<p class=\"notranslate\">Sannyer Cardoso Carvalho Nery (IFAM), Fani Tamires de Souza Batista (IFAM), Sergio Augusto Coelho Bezerra (IFAM)<\/p>\n\n\n\n<h4 class=\"wp-block-heading\"><strong>FoodConnect: um software de gest\u00e3o log\u00edstica para auxiliar no combate \u00e0 fome e redu\u00e7\u00e3o de desperd\u00edcios<\/strong><\/h4>\n\n\n\n<p class=\"notranslate\">Maykon Ferreira (USP\/ICMC), Maria Mislene Rosado de Sousa Veras (IFPI), Rafael Anchi\u00eata (IFMA Campus Caxias)<\/p>\n\n\n\n<h4 class=\"wp-block-heading\"><strong>VulnScan Suite: Uma Ferramenta Integrada para An\u00e1lise Automatizada de Vulnerabilidades em Redes Locais<\/strong><\/h4>\n\n\n\n<p class=\"notranslate\">Carlos Gabriel de Oliveira Fraz\u00e3o (UFOP), Theo Silva Lins (UFOP)<\/p>\n\n\n\n<h4 class=\"wp-block-heading\"><strong>G-FinOps: towards the instantiation of the A-FinOps framework supporting automation of decision-making for multi-cloud application deployment<\/strong><\/h4>\n\n\n\n<p class=\"notranslate\">Bruno Lopes (UFSCAR), Auri Marcelo Rizzo Vincenzi (UFSCAR)<\/p>\n\n\n\n<h4 class=\"wp-block-heading\"><strong>Desenvolvimento de um Dashboard para Monitoramento de Demandas da Ouvidoria do TCE-PE<\/strong><\/h4>\n\n\n\n<p class=\"notranslate\">Michele Gomes Feitosa (UFRPE), Maria Gizele Alves do Nascimento (UFRPE), Rafael Jos\u00e9 Moura da Silva (UFRPE), George Augusto Valen\u00e7a Santos (UFRPE), Gl\u00f3ria Fraga, Ermeson Andrade (UFRPE)<\/p>\n","protected":false},"excerpt":{"rendered":"<p>WFA I: Quarta-feira (12\/11), das 08:30 \u00e0s 10:30 \u2013 Local: Mini Audit\u00f3rio RDC Yuma: Gera\u00e7\u00e3o de Workflows Multiagentes a partir de Linguagem [&hellip;]<\/p>\n","protected":false},"author":3,"featured_media":0,"parent":0,"menu_order":0,"comment_status":"closed","ping_status":"closed","template":"page-templates\/page_fullwidth.php","meta":{"footnotes":""},"class_list":["post-988","page","type-page","status-publish","hentry"],"_links":{"self":[{"href":"https:\/\/webmedia.org.br\/2025\/wp-json\/wp\/v2\/pages\/988","targetHints":{"allow":["GET"]}}],"collection":[{"href":"https:\/\/webmedia.org.br\/2025\/wp-json\/wp\/v2\/pages"}],"about":[{"href":"https:\/\/webmedia.org.br\/2025\/wp-json\/wp\/v2\/types\/page"}],"author":[{"embeddable":true,"href":"https:\/\/webmedia.org.br\/2025\/wp-json\/wp\/v2\/users\/3"}],"replies":[{"embeddable":true,"href":"https:\/\/webmedia.org.br\/2025\/wp-json\/wp\/v2\/comments?post=988"}],"version-history":[{"count":12,"href":"https:\/\/webmedia.org.br\/2025\/wp-json\/wp\/v2\/pages\/988\/revisions"}],"predecessor-version":[{"id":2479,"href":"https:\/\/webmedia.org.br\/2025\/wp-json\/wp\/v2\/pages\/988\/revisions\/2479"}],"wp:attachment":[{"href":"https:\/\/webmedia.org.br\/2025\/wp-json\/wp\/v2\/media?parent=988"}],"curies":[{"name":"wp","href":"https:\/\/api.w.org\/{rel}","templated":true}]}}