{"id":918,"date":"2023-09-28T10:08:13","date_gmt":"2023-09-28T13:08:13","guid":{"rendered":"https:\/\/webmedia.org.br\/2023\/?page_id=918"},"modified":"2025-11-06T13:48:55","modified_gmt":"2025-11-06T16:48:55","slug":"wtvdi-programacao","status":"publish","type":"page","link":"https:\/\/webmedia.org.br\/2025\/wtvdi-programacao\/","title":{"rendered":"WTVDI | Workshop Futuro da TV Digital Interativa &#8211; Programa\u00e7\u00e3o"},"content":{"rendered":"\n<div class=\"wp-block-cover pages-title\" style=\"min-height:225px;aspect-ratio:unset;\"><span aria-hidden=\"true\" class=\"wp-block-cover__background has-background-dim\"><\/span><img loading=\"lazy\" decoding=\"async\" width=\"1024\" height=\"432\" class=\"wp-block-cover__image-background wp-image-1083\" alt=\"\" src=\"https:\/\/webmedia.org.br\/2025\/wp-content\/uploads\/2025\/04\/1_Site-WEBmedia_2025-1-1024x432.jpg\" data-object-fit=\"cover\" srcset=\"https:\/\/webmedia.org.br\/2025\/wp-content\/uploads\/2025\/04\/1_Site-WEBmedia_2025-1-1024x432.jpg 1024w, https:\/\/webmedia.org.br\/2025\/wp-content\/uploads\/2025\/04\/1_Site-WEBmedia_2025-1-300x126.jpg 300w, https:\/\/webmedia.org.br\/2025\/wp-content\/uploads\/2025\/04\/1_Site-WEBmedia_2025-1-768x324.jpg 768w, https:\/\/webmedia.org.br\/2025\/wp-content\/uploads\/2025\/04\/1_Site-WEBmedia_2025-1-1536x647.jpg 1536w, https:\/\/webmedia.org.br\/2025\/wp-content\/uploads\/2025\/04\/1_Site-WEBmedia_2025-1-2048x863.jpg 2048w, https:\/\/webmedia.org.br\/2025\/wp-content\/uploads\/2025\/04\/1_Site-WEBmedia_2025-1-1000x421.jpg 1000w, https:\/\/webmedia.org.br\/2025\/wp-content\/uploads\/2025\/04\/1_Site-WEBmedia_2025-1-230x97.jpg 230w, https:\/\/webmedia.org.br\/2025\/wp-content\/uploads\/2025\/04\/1_Site-WEBmedia_2025-1-350x148.jpg 350w, https:\/\/webmedia.org.br\/2025\/wp-content\/uploads\/2025\/04\/1_Site-WEBmedia_2025-1-480x202.jpg 480w\" sizes=\"auto, (max-width: 1024px) 100vw, 1024px\" \/><div class=\"wp-block-cover__inner-container is-layout-flow wp-block-cover-is-layout-flow\">\n<p class=\"has-text-align-center main-title has-x-large-font-size\">WTVDI | Workshop Futuro da TV Digital Interativa &#8211; Programa\u00e7\u00e3o<\/p>\n<\/div><\/div>\n\n\n\n<div class=\"wp-block-buttons is-content-justification-center is-layout-flex wp-container-core-buttons-is-layout-16018d1d wp-block-buttons-is-layout-flex\">\n<div class=\"wp-block-button\"><a class=\"wp-block-button__link has-white-color has-text-color has-link-color wp-element-button\" href=\"https:\/\/webmedia.org.br\/2025\/wp-content\/uploads\/2025\/11\/Programacao-Geral.pdf\" target=\"_blank\" rel=\"noreferrer noopener\">Baixe a programa\u00e7\u00e3o geral<\/a><\/div>\n<\/div>\n\n\n\n<h3 class=\"wp-block-heading\"><strong><mark style=\"background-color:rgba(0, 0, 0, 0);color:#003399\" class=\"has-inline-color\">WTVDI I:<\/mark><\/strong><\/h3>\n\n\n\n<h5 class=\"wp-block-heading\"><strong><mark style=\"background-color:rgba(0, 0, 0, 0);color:#003399\" class=\"has-inline-color\">Quinta-feira (13\/11), das 08:30 \u00e0s 10:30 \u2013 Local: <strong><mark style=\"background-color:rgba(0, 0, 0, 0);color:#003399\" class=\"has-inline-color\">Audit\u00f3rio Pe. Jos\u00e9 de Anchieta<\/mark><\/strong><\/mark><\/strong><\/h5>\n\n\n\n<h3 class=\"wp-block-heading\"><strong><mark style=\"background-color:rgba(0, 0, 0, 0);color:#003399\" class=\"has-inline-color\">Sess\u00e3o A: Imers\u00e3o e Interatividade na TV 3.0<\/mark><\/strong><\/h3>\n\n\n\n<h4 class=\"wp-block-heading\"><strong>AppEduTV3.0: Aplicativo Educacional para a TV 3.0<\/strong><\/h4>\n\n\n\n<p class=\"notranslate\">Eduardo Barr\u00e9re (UFJF), Li-Chang Shuen Cristina Silva Sousa (UFMA), Debora C. Muchaluat-Saade (UFF), Marcelo F. Moreno (UFJF), Carlos de Salles Soares Neto (UFMA), Joel Andr\u00e9 Ferreira dos Santos (CEFET\/RJ), Marina Ivanov P. Josu\u00e9 (UFF), R\u00f4mulo Augusto Vieira Costa (UFF), Iago Victor Silva Costa (UFMA), Jo\u00e3o V\u00edctor Cruz Gon\u00e7alves (UFMA), Sarah Regina Bezerra Sousa (UFMA)<\/p>\n\n\n\n<h4 class=\"wp-block-heading\"><strong>Integra\u00e7\u00e3o de Dados JSON em Aplica\u00e7\u00f5es Ginga-NCL para Alerta de Pessoas Desaparecidas<\/strong><\/h4>\n\n\n\n<p class=\"notranslate\">Alice Lima Soares (IFAC), Marcos Vin\u00edcios Mesquita de Moraes (IFAC), Fl\u00e1vio Miranda de Farias (IFAC)<\/p>\n\n\n\n<h4 class=\"wp-block-heading\"><strong>TV 3.0: Efeitos Sensoriais em Aplica\u00e7\u00f5es Ginga-HTML5<\/strong><\/h4>\n\n\n\n<p class=\"notranslate\">Rodrigo Sodr\u00e9 (UFF), Joel Andr\u00e9 Ferreira dos Santos (CEFET\/RJ), Debora C. Muchaluat-Saade (UFF)<\/p>\n\n\n\n<h4 class=\"wp-block-heading\"><strong>Discuss\u00e3o<\/strong><\/h4>\n\n\n\n<h3 class=\"wp-block-heading\"><strong><mark style=\"background-color:rgba(0, 0, 0, 0);color:#003399\" class=\"has-inline-color\">Sess\u00e3o B: Experi\u00eancia do Telespectador na TV 3.0<\/mark><\/strong><\/h3>\n\n\n\n<h4 class=\"wp-block-heading\"><strong>Impacto da L\u00edngua Brasileira de Sinais (Libras) na Programa\u00e7\u00e3o da TV aberta brasileira<\/strong><\/h4>\n\n\n\n<p class=\"notranslate\">Maria Couras (Sidia Instituto de Ci\u00eancia e Tecnologia), Ciceliane Avente (Sidia Instituto de Ci\u00eancia e Tecnologia), Ajay Ramchandani (Sidia Instituto de Ci\u00eancia e Tecnologia), Rodrigo Rodrigues (Sidia Instituto de Ci\u00eancia e Tecnologia), Eric Ferraz (Sidia Instituto de Ci\u00eancia e Tecnologia), Rodrigo de Oliveira (Sidia Instituto de Ci\u00eancia e Tecnologia)<\/p>\n\n\n\n<h4 class=\"wp-block-heading\"><strong>Estrat\u00e9gias para inser\u00e7\u00e3o das televis\u00f5es universit\u00e1rias no ecossistema da TV 3.0: da Web ao DTV+<\/strong><\/h4>\n\n\n\n<p class=\"notranslate\">Miguel Bruno Alves Chaves (UFMA), Luciana Rodrigues Rocha (UFMA), Li-Chang Shuen Cristina Silva Sousa (UFMA), Marcelo Ferreira Moreno (UFJF)<\/p>\n\n\n\n<h4 class=\"wp-block-heading\"><strong>A plataforma \u201cRede P\u00fablica\u201d e o futuro da TV interativa no Brasil: uma proposta para o Governo Federal na era da TV 3.0<\/strong><\/h4>\n\n\n\n<p class=\"notranslate\">B\u00e1rbara Hellen Padilha da Silva (UFPB), Wesley Alves (UFPB), Maristela Riquelme (UFPB), Clarissa Evelin (UFPB), Gabriel Silva Aguiar (UFPB), Herick Jos\u00e9 (UFPB), Valdecir Becker (UFPB)<\/p>\n\n\n\n<h4 class=\"wp-block-heading\"><strong>Discuss\u00e3o<\/strong><\/h4>\n\n\n\n<h4 class=\"wp-block-heading\"><strong><mark style=\"background-color:rgba(0, 0, 0, 0);color:#003399\" class=\"has-inline-color\">DEMOS WTVDI &#8211; 10:00 \u00e0s 10:30 \u2013 Local:<\/mark><\/strong> <strong><mark style=\"background-color:rgba(0, 0, 0, 0);color:#003399\" class=\"has-inline-color\"><strong><mark style=\"background-color:rgba(0, 0, 0, 0);color:#003399\" class=\"has-inline-color\">Audit\u00f3rio Pe. Jos\u00e9 de Anchieta<\/mark><\/strong><\/mark><\/strong><\/h4>\n\n\n\n<h3 class=\"wp-block-heading\"><strong><mark style=\"background-color:rgba(0, 0, 0, 0);color:#003399\" class=\"has-inline-color\">WTVDI II:<\/mark><\/strong><\/h3>\n\n\n\n<h5 class=\"wp-block-heading\"><strong><mark style=\"background-color:rgba(0, 0, 0, 0);color:#003399\" class=\"has-inline-color\">Quinta-feira (13\/11), das 14:00 \u00e0s 16:00 \u2013 Local: <strong><mark style=\"background-color:rgba(0, 0, 0, 0);color:#003399\" class=\"has-inline-color\"><strong><mark style=\"background-color:rgba(0, 0, 0, 0);color:#003399\" class=\"has-inline-color\">Audit\u00f3rio Pe. Jos\u00e9 de Anchieta<\/mark><\/strong><\/mark><\/strong><\/mark><\/strong><\/h5>\n\n\n\n<h3 class=\"wp-block-heading\"><strong><mark style=\"background-color:rgba(0, 0, 0, 0);color:#003399\" class=\"has-inline-color\">Sess\u00e3o C: Servi\u00e7os na TV 3.0<\/mark><\/strong><\/h3>\n\n\n\n<h4 class=\"wp-block-heading\"><strong>Modelo Conceitual de Servi\u00e7o de Recomenda\u00e7\u00f5es para TV 3.0<\/strong><\/h4>\n\n\n\n<p class=\"notranslate\">Arthur Poggy (PUC-Rio), Paulo Lima (PUC-Rio), Daniel de Sousa Moraes (PUC-Rio), S\u00e9rgio Colcher (PUC-Rio)<\/p>\n\n\n\n<h4 class=\"wp-block-heading\"><strong>AI Applications in TV Industry Workflow<\/strong><\/h4>\n\n\n\n<p class=\"notranslate\">Alan Guedes (University of Reading)<\/p>\n\n\n\n<h4 class=\"wp-block-heading\"><strong>Discuss\u00e3o<\/strong><\/h4>\n\n\n\n<h3 class=\"wp-block-heading\"><strong><mark style=\"background-color:rgba(0, 0, 0, 0);color:#003399\" class=\"has-inline-color\">Sess\u00e3o D: Implanta\u00e7\u00e3o e Certifica\u00e7\u00e3o<\/mark><\/strong><\/h3>\n\n\n\n<h4 class=\"wp-block-heading\"><strong>Uma Arquitetura para Experimenta\u00e7\u00e3o de Novos Servi\u00e7os na Plataforma Orientada a Aplica\u00e7\u00f5es da TV 3.0<\/strong><\/h4>\n\n\n\n<p class=\"notranslate\">Joel Andr\u00e9 Ferreira dos Santos (CEFET\/RJ), Rodrigo Sodr\u00e9 (UFF), Luis Claudio Ribeiro Junior (CEFET\/RJ), Glauco Fiorott Amorim (CEFET\/RJ), Debora C. Muchaluat-Saade (UFF)<\/p>\n\n\n\n<h4 class=\"wp-block-heading\"><strong>TV 3.0: Um Estudo sobre Core DTV+ na Nuvem<\/strong><\/h4>\n\n\n\n<p class=\"notranslate\">Henrique Ribeiro (UFF), Debora Christina Muchaluat Saade (UFF)<\/p>\n\n\n\n<h4 class=\"wp-block-heading\"><strong>Toward a Certification Framework for TV 3.0: Building Trust in the Ecosystem<\/strong><\/h4>\n\n\n\n<p class=\"notranslate\">Marcelo Ferreira Moreno (UFJF)<\/p>\n\n\n\n<h4 class=\"wp-block-heading\"><strong>Discuss\u00e3o<\/strong><\/h4>\n\n\n\n<h3 class=\"wp-block-heading\"><strong><mark style=\"background-color:rgba(0, 0, 0, 0);color:#003399\" class=\"has-inline-color\">Palestra WTVDI &#8211; 15:15 \u00e0s 16:00<\/mark><\/strong><\/h3>\n\n\n\n<h4 class=\"wp-block-heading\"><strong>DTV+ em campo: Redefinindo a experi\u00eancia do Telespectador<\/strong><\/h4>\n\n\n\n<p class=\"notranslate\">Ana Eliza Faria e Silva (Globo)<\/p>\n\n\n\n<h4 class=\"wp-block-heading\"><strong>Q&amp;A<\/strong><\/h4>\n","protected":false},"excerpt":{"rendered":"<p>WTVDI I: Quinta-feira (13\/11), das 08:30 \u00e0s 10:30 \u2013 Local: Audit\u00f3rio Pe. Jos\u00e9 de Anchieta Sess\u00e3o A: Imers\u00e3o e Interatividade na TV [&hellip;]<\/p>\n","protected":false},"author":3,"featured_media":0,"parent":0,"menu_order":0,"comment_status":"closed","ping_status":"closed","template":"page-templates\/page_fullwidth.php","meta":{"footnotes":""},"class_list":["post-918","page","type-page","status-publish","hentry"],"_links":{"self":[{"href":"https:\/\/webmedia.org.br\/2025\/wp-json\/wp\/v2\/pages\/918","targetHints":{"allow":["GET"]}}],"collection":[{"href":"https:\/\/webmedia.org.br\/2025\/wp-json\/wp\/v2\/pages"}],"about":[{"href":"https:\/\/webmedia.org.br\/2025\/wp-json\/wp\/v2\/types\/page"}],"author":[{"embeddable":true,"href":"https:\/\/webmedia.org.br\/2025\/wp-json\/wp\/v2\/users\/3"}],"replies":[{"embeddable":true,"href":"https:\/\/webmedia.org.br\/2025\/wp-json\/wp\/v2\/comments?post=918"}],"version-history":[{"count":12,"href":"https:\/\/webmedia.org.br\/2025\/wp-json\/wp\/v2\/pages\/918\/revisions"}],"predecessor-version":[{"id":2483,"href":"https:\/\/webmedia.org.br\/2025\/wp-json\/wp\/v2\/pages\/918\/revisions\/2483"}],"wp:attachment":[{"href":"https:\/\/webmedia.org.br\/2025\/wp-json\/wp\/v2\/media?parent=918"}],"curies":[{"name":"wp","href":"https:\/\/api.w.org\/{rel}","templated":true}]}}