{"id":907,"date":"2023-09-27T08:44:24","date_gmt":"2023-09-27T11:44:24","guid":{"rendered":"https:\/\/webmedia.org.br\/2023\/?page_id=907"},"modified":"2025-10-17T09:33:02","modified_gmt":"2025-10-17T12:33:02","slug":"hospedagem","status":"publish","type":"page","link":"https:\/\/webmedia.org.br\/2025\/hospedagem\/","title":{"rendered":"Hospedagem"},"content":{"rendered":"\n<div class=\"wp-block-cover pages-title\" style=\"min-height:225px;aspect-ratio:unset;\"><span aria-hidden=\"true\" class=\"wp-block-cover__background has-background-dim\"><\/span><img loading=\"lazy\" decoding=\"async\" width=\"1024\" height=\"432\" class=\"wp-block-cover__image-background wp-image-1083\" alt=\"\" src=\"https:\/\/webmedia.org.br\/2025\/wp-content\/uploads\/2025\/04\/1_Site-WEBmedia_2025-1-1024x432.jpg\" style=\"object-position:80% 32%\" data-object-fit=\"cover\" data-object-position=\"80% 32%\" srcset=\"https:\/\/webmedia.org.br\/2025\/wp-content\/uploads\/2025\/04\/1_Site-WEBmedia_2025-1-1024x432.jpg 1024w, https:\/\/webmedia.org.br\/2025\/wp-content\/uploads\/2025\/04\/1_Site-WEBmedia_2025-1-300x126.jpg 300w, https:\/\/webmedia.org.br\/2025\/wp-content\/uploads\/2025\/04\/1_Site-WEBmedia_2025-1-768x324.jpg 768w, https:\/\/webmedia.org.br\/2025\/wp-content\/uploads\/2025\/04\/1_Site-WEBmedia_2025-1-1536x647.jpg 1536w, https:\/\/webmedia.org.br\/2025\/wp-content\/uploads\/2025\/04\/1_Site-WEBmedia_2025-1-2048x863.jpg 2048w, https:\/\/webmedia.org.br\/2025\/wp-content\/uploads\/2025\/04\/1_Site-WEBmedia_2025-1-1000x421.jpg 1000w, https:\/\/webmedia.org.br\/2025\/wp-content\/uploads\/2025\/04\/1_Site-WEBmedia_2025-1-230x97.jpg 230w, https:\/\/webmedia.org.br\/2025\/wp-content\/uploads\/2025\/04\/1_Site-WEBmedia_2025-1-350x148.jpg 350w, https:\/\/webmedia.org.br\/2025\/wp-content\/uploads\/2025\/04\/1_Site-WEBmedia_2025-1-480x202.jpg 480w\" sizes=\"auto, (max-width: 1024px) 100vw, 1024px\" \/><div class=\"wp-block-cover__inner-container is-layout-flow wp-block-cover-is-layout-flow\">\n<p class=\"has-text-align-center main-title has-x-large-font-size\">Hospedagem<\/p>\n<\/div><\/div>\n\n\n\n<p>O Rio de Janeiro tem muitas op\u00e7\u00f5es de hot\u00e9is nos bairros pr\u00f3ximos \u00e0 PUC-Rio. <br>Os bairros mais pr\u00f3ximos recomendados s\u00e3o: Leblon, Ipanema, Copacabana, Jardim Bot\u00e2nico, Lagoa. <\/p>\n\n\n\n<p>A organiza\u00e7\u00e3o do evento negociou descontos com alguns hot\u00e9is descritos abaixo. <br>E existe ainda a possibilidade de haver transfer hotel-evento-hotel (a confirmar) saindo desses hot\u00e9is.<\/p>\n\n\n\n<h4 class=\"wp-block-heading\">Ibis Budget Copacabana<\/h4>\n\n\n\n<p><strong>Endere\u00e7o:&nbsp;<\/strong>R. Constante Ramos, 96 &#8211; Copacabana, Rio de Janeiro &#8211; RJ, 22051-012<strong><br>Telefone:<\/strong> <a href=\"https:\/\/www.google.com\/search?gs_ssp=eJzj4tVP1zc0TCqvNMspLDc3YLRSNqiwTEoxNTFONTUySrNMs7QyqDBLTUkyNjQ0NTdINTK0SEnyEstMyixWSCpNSU8tUUjOL0hMTkxKzEsEAFGgF1Q&amp;q=ibis+budget+copacabana&amp;oq=Ibis+Budget+c&amp;gs_lcrp=EgZjaHJvbWUqGQgBEC4YrwEYxwEYgAQYjgUYmAUYmQUYngUyBggAEEUYOTIZCAEQLhivARjHARiABBiOBRiYBRiZBRieBTITCAIQLhivARjHARiABBiYBRiZBTIHCAMQABiABDIHCAQQABiABDIGCAUQRRg8MgYIBhBFGDwyBggHEEUYPNIBCDU0MDJqMGo0qAIAsAIB&amp;sourceid=chrome&amp;ie=UTF-8#\">(21) 3282-6999<\/a><br><strong>Cupom Promocional<\/strong>:&nbsp;<mark style=\"background-color:#fcb900\" class=\"has-inline-color\">WebMediaRio2025<\/mark><br><strong>Desconto: 10%<\/strong><br><strong>Site para reserva:<\/strong>&nbsp;<a href=\"https:\/\/bupplus.com.br\/\" target=\"_blank\" rel=\"noreferrer noopener\">https:\/\/bupplus.com.br\/<\/a><br><strong>Per\u00edodo do desconto:<\/strong>&nbsp;08 a 16\/11\/2025<\/p>\n\n\n\n<h4 class=\"wp-block-heading\">Windsor Martinique Copacabana Hotel<\/h4>\n\n\n\n<p><strong>Endere\u00e7o:<\/strong> R. S\u00e1 Ferreira, 30 &#8211; Copacabana, Rio de Janeiro &#8211; RJ, 22071-100<br><strong>Telefone:<\/strong> <a href=\"https:\/\/www.google.com\/search?q=windsor+martinique&amp;sca_esv=eeb513acb5fda04c&amp;sxsrf=AE3TifPCKcgB9biOdSZ0t23xyVWAoqlNwg%3A1759454900847&amp;ei=tCbfaIi9M9j61sQP8rWwqAw&amp;hotel_occupancy=&amp;gs_ssp=eJzj4tZP1zcsSbMsMzS0MGC0UjaosExKMTVOTTVMtTRMMzO1MqgwM081MrRMNDUxNUpLMjcw9hIqz8xLKc4vUshNLCrJzMssLE0FAK90FQs&amp;oq=Windsor+Martinique&amp;gs_lp=Egxnd3Mtd2l6LXNlcnAiEldpbmRzb3IgTWFydGluaXF1ZSoCCAAyFxAuGK8BGMcBGIAEGJgFGJkFGJ4FGI4FMgUQABiABDIFEAAYgAQyBRAAGIAEMggQABiABBjLATIIEAAYgAQYywEyCBAAGIAEGMsBMggQABiABBjLATImEC4YrwEYxwEYgAQYmAUYmQUYngUYjgUYlwUY3AQY3gQY4ATYAQFI_hpQzghYzghwAXgBkAEAmAG9AaABvQGqAQMwLjG4AQHIAQD4AQL4AQGYAgOgAogTwgIKEAAYRxjWBBiwA8ICDxAAGIAEGIoFGEMYsAMYCsICDRAAGIAEGIoFGEMYsAPCAiUQLhhDGK8BGMcBGIAEGIoFGJgFGJkFGJ4FGMgDGLADGI4F2AEBwgIiEC4YgAQYigUYQxjHARivARiYBRiZBRjIAxiwAxiOBdgBAcICJRAuGIAEGIoFGEMYxwEYrwEYmAUYngUYmQUYyAMYsAMYjgXYAQGYAwCIBgGQBhS6BgYIARABGAiSBwkxLjAuMS44LTGgB48JsgcDMi0xuAfLAcIHBTItMS4yyAcZ&amp;sclient=gws-wiz-serp#\">(21) 2195-5200<\/a><br><strong>Cupom Promocional<\/strong>:&nbsp;<mark style=\"background-color:#fcb900\" class=\"has-inline-color\">WEBMEDIARIO2025<\/mark> <br><strong>Desconto: 5%<\/strong><br><strong>Tarifas: Todas do site (exceto pacotes)<\/strong><br><strong>Site para reserva:<\/strong>&nbsp;<a href=\"https:\/\/windsorhoteis.com\/\">https:\/\/windsorhoteis.com\/<\/a><br><strong>Per\u00edodo do desconto:<\/strong>&nbsp;08 a 16\/11\/2025<br>V\u00e1lido tamb\u00e9m para outros hot\u00e9is da rede: <strong>Miramar By Windsor, Windsor California&nbsp;e Windsor Palace<\/strong><\/p>\n\n\n\n<h4 class=\"wp-block-heading\">Mar Ipanema Hotel<\/h4>\n\n\n\n<p><strong>Endere\u00e7o:<\/strong> R. Visc. de Piraj\u00e1, 539 &#8211; Ipanema, Rio de Janeiro &#8211; RJ, 22410-003<br><strong>Telefone:\u00a0<\/strong><a href=\"https:\/\/www.google.com\/search?q=Mar+e+Ipanema&amp;sca_esv=eeb513acb5fda04c&amp;sxsrf=AE3TifOPqbrgMqAgRdEEef-BWmmlkOavtQ%3A1759455174065&amp;ei=xiffaILTA7DY1sQP382DIA&amp;hotel_occupancy=&amp;ved=0ahUKEwiCzpel8YaQAxUwrJUCHd_mAAQQ4dUDCBA&amp;uact=5&amp;oq=Mar+e+Ipanema&amp;gs_lp=Egxnd3Mtd2l6LXNlcnAiDU1hciBlIElwYW5lbWEyFBAuGIAEGMcBGK8BGJgFGJkFGI4FMgYQABgWGB4yBhAAGBYYHjIGEAAYFhgeMgYQABgWGB4yBhAAGBYYHjIGEAAYFhgeMggQABgWGB4YCjIGEAAYFhgeMgYQABgWGB4yIxAuGIAEGMcBGK8BGJgFGJkFGI4FGJcFGNwEGN4EGOAE2AEBSMUjUJkIWNYfcAN4AZABAJgBxQKgAcQSqgEIMC4xMC4yLjG4AQPIAQD4AQGYAhCgAu4TwgIKEAAYRxjWBBiwA8ICHxAuGIAEGIoFGEMYxwEYrwEYmAUYngUYmQUYsAMYjgXCAhwQLhiABBiKBRhDGMcBGK8BGJgFGJkFGLADGI4FwgINEAAYgAQYigUYQxiwA8ICJRAuGIAEGIoFGEMYxwEYrwEYmAUYngUYmQUYyAMYsAMYjgXYAQHCAiIQLhiABBiKBRhDGMcBGK8BGJgFGJkFGMgDGLADGI4F2AEBwgIOEAAY5AIY1gQYsAPYAQHCAgQQIxgnwgIZEC4YgAQYigUYQxjHARivARiYBRiZBRiOBcICHBAuGIAEGIoFGEMYxwEYrwEYmAUYngUYmQUYjgXCAhMQLhiABBiKBRhDGMcBGK8BGI4FwgIQEAAYgAQYigUYQxixAxiDAcICChAAGIAEGIoFGEPCAgoQLhiABBiKBRhDwgIIEC4YgAQYsQPCAgsQLhiABBixAxiDAcICHBAuGIAEGIoFGEMYsQMYxwEYrwEYmAUYmQUYjgXCAg4QLhiABBjHARivARiYBcICDhAuGIAEGMcBGK8BGI4FwgIOEAAYgAQYigUYsQMYgwHCAigQLhiABBiKBRhDGMcBGK8BGJgFGJkFGI4FGJcFGNwEGN4EGOAE2AEBwgIREC4YgAQYxwEYrwEYmAUYmwXCAgUQABiABMICCBAAGIAEGOcEwgIFEC4YgATCAhQQLhivARjHARiABBiYBRiZBRiOBcICCxAuGIAEGMcBGK8BwgIjEC4YrwEYxwEYgAQYmAUYmQUYjgUYlwUY3AQY3gQY4ATYAQGYAwCIBgGQBhO6BgYIARABGAiSBwczLjkuMy4xoAfo3wGyBwcwLjkuMy4xuAfEE8IHBTItOS43yAeMAQ&amp;sclient=gws-wiz-serp#\">(21) 3543-4200<\/a><br><strong>Cupom Promocional:<\/strong> <mark style=\"background-color:#fcb900\" class=\"has-inline-color\">WEBMEDIA25<\/mark><br><strong>Site para reserva:<\/strong> <a href=\"https:\/\/maripanema.com.br\/\">https:\/\/maripanema.com.br\/<\/a><\/p>\n","protected":false},"excerpt":{"rendered":"<p>O Rio de Janeiro tem muitas op\u00e7\u00f5es de hot\u00e9is nos bairros pr\u00f3ximos \u00e0 PUC-Rio. Os bairros mais pr\u00f3ximos recomendados s\u00e3o: Leblon, Ipanema, [&hellip;]<\/p>\n","protected":false},"author":3,"featured_media":0,"parent":0,"menu_order":0,"comment_status":"closed","ping_status":"closed","template":"page-templates\/page_fullwidth.php","meta":{"footnotes":""},"class_list":["post-907","page","type-page","status-publish","hentry"],"_links":{"self":[{"href":"https:\/\/webmedia.org.br\/2025\/wp-json\/wp\/v2\/pages\/907","targetHints":{"allow":["GET"]}}],"collection":[{"href":"https:\/\/webmedia.org.br\/2025\/wp-json\/wp\/v2\/pages"}],"about":[{"href":"https:\/\/webmedia.org.br\/2025\/wp-json\/wp\/v2\/types\/page"}],"author":[{"embeddable":true,"href":"https:\/\/webmedia.org.br\/2025\/wp-json\/wp\/v2\/users\/3"}],"replies":[{"embeddable":true,"href":"https:\/\/webmedia.org.br\/2025\/wp-json\/wp\/v2\/comments?post=907"}],"version-history":[{"count":8,"href":"https:\/\/webmedia.org.br\/2025\/wp-json\/wp\/v2\/pages\/907\/revisions"}],"predecessor-version":[{"id":2326,"href":"https:\/\/webmedia.org.br\/2025\/wp-json\/wp\/v2\/pages\/907\/revisions\/2326"}],"wp:attachment":[{"href":"https:\/\/webmedia.org.br\/2025\/wp-json\/wp\/v2\/media?parent=907"}],"curies":[{"name":"wp","href":"https:\/\/api.w.org\/{rel}","templated":true}]}}