{"id":674,"date":"2023-07-10T19:48:37","date_gmt":"2023-07-10T22:48:37","guid":{"rendered":"https:\/\/webmedia.org.br\/2023\/?page_id=674"},"modified":"2025-07-07T14:20:21","modified_gmt":"2025-07-07T17:20:21","slug":"wtvdi","status":"publish","type":"page","link":"https:\/\/webmedia.org.br\/2025\/wtvdi\/","title":{"rendered":"WTVDI | Workshop Futuro da TV Digital Interativa"},"content":{"rendered":"\n<div class=\"wp-block-cover pages-title\" style=\"min-height:225px;aspect-ratio:unset;\"><span aria-hidden=\"true\" class=\"wp-block-cover__background has-background-dim\"><\/span><img loading=\"lazy\" decoding=\"async\" width=\"1024\" height=\"432\" class=\"wp-block-cover__image-background wp-image-1083\" alt=\"\" src=\"https:\/\/webmedia.org.br\/2025\/wp-content\/uploads\/2025\/04\/1_Site-WEBmedia_2025-1-1024x432.jpg\" style=\"object-position:80% 32%\" data-object-fit=\"cover\" data-object-position=\"80% 32%\" srcset=\"https:\/\/webmedia.org.br\/2025\/wp-content\/uploads\/2025\/04\/1_Site-WEBmedia_2025-1-1024x432.jpg 1024w, https:\/\/webmedia.org.br\/2025\/wp-content\/uploads\/2025\/04\/1_Site-WEBmedia_2025-1-300x126.jpg 300w, https:\/\/webmedia.org.br\/2025\/wp-content\/uploads\/2025\/04\/1_Site-WEBmedia_2025-1-768x324.jpg 768w, https:\/\/webmedia.org.br\/2025\/wp-content\/uploads\/2025\/04\/1_Site-WEBmedia_2025-1-1536x647.jpg 1536w, https:\/\/webmedia.org.br\/2025\/wp-content\/uploads\/2025\/04\/1_Site-WEBmedia_2025-1-2048x863.jpg 2048w, https:\/\/webmedia.org.br\/2025\/wp-content\/uploads\/2025\/04\/1_Site-WEBmedia_2025-1-1000x421.jpg 1000w, https:\/\/webmedia.org.br\/2025\/wp-content\/uploads\/2025\/04\/1_Site-WEBmedia_2025-1-230x97.jpg 230w, https:\/\/webmedia.org.br\/2025\/wp-content\/uploads\/2025\/04\/1_Site-WEBmedia_2025-1-350x148.jpg 350w, https:\/\/webmedia.org.br\/2025\/wp-content\/uploads\/2025\/04\/1_Site-WEBmedia_2025-1-480x202.jpg 480w\" sizes=\"auto, (max-width: 1024px) 100vw, 1024px\" \/><div class=\"wp-block-cover__inner-container is-layout-flow wp-block-cover-is-layout-flow\">\n<p class=\"has-text-align-center main-title notranslate has-x-large-font-size\">WTVDI | Workshop Futuro da TV Digital Interativa<\/p>\n<\/div><\/div>\n\n\n\n<p>O Workshop Futuro da TV Digital Interativa (WTVDI) \u00e9 motivado pela constante necessidade de se discutir a evolu\u00e7\u00e3o dos servi\u00e7os de radiodifus\u00e3o, de forma a se tornarem capazes de entregar aos telespectadores experi\u00eancias avan\u00e7adas no consumo de conte\u00fado multim\u00eddia.<\/p>\n\n\n\n<p>A TV Digital Interativa ainda n\u00e3o encontrou sua populariza\u00e7\u00e3o ou aplica\u00e7\u00f5es <em>killers<\/em>, mesmo com a padroniza\u00e7\u00e3o do Perfil D de receptores Ginga (s\u00e9rie ABNT NBR 15606 de 2018-2023 e tamb\u00e9m conhecido como DTVPlay) e padroniza\u00e7\u00e3o em andamento da TV 3.0 (s\u00e9rie ABNT NBR 25608 e tamb\u00e9m conhecido como DTV+). Por outro lado, servi\u00e7os de base tecnol\u00f3gica similar v\u00eam evoluindo, como IPTV (Internet Protocol Television), Digital Signage, Streaming OTT (Over-the-top) e redes sociais, adicionando experi\u00eancias cada vez mais imersivas, incorporando novos formatos de \u00e1udio e v\u00eddeo, realidade virtual, efeitos sensoriais, interfaces avan\u00e7adas de intera\u00e7\u00e3o, entre outros avan\u00e7os.<\/p>\n\n\n\n<p>Considerando a <em>expertise<\/em> da comunidade WebMedia em TV Digital e servi\u00e7os avan\u00e7ados de multim\u00eddia, convidamos todos a participarem de discuss\u00f5es de novas propostas e dos desdobramentos promovidos com a defini\u00e7\u00e3o da pr\u00f3xima gera\u00e7\u00e3o de TV digital terrestre do Brasil, a TV 3.0.<\/p>\n\n\n\n<p>As discuss\u00f5es ser\u00e3o orientadas por <em>position papers<\/em>, que descrevam a opini\u00e3o fundamentada de grupos de pesquisa e ind\u00fastria acerca dos requisitos da TV 3.0, poss\u00edveis solu\u00e7\u00f5es, resultados preliminares, os desdobramentos, as aus\u00eancias e frentes de P&amp;D atuais e futuras. Recomenda-se que os <em>position papers<\/em> contenham as se\u00e7\u00f5es: introdu\u00e7\u00e3o, estado da arte, proposta e conclus\u00e3o.<\/p>\n\n\n\n<p>Os <em>position papers<\/em> passar\u00e3o por pr\u00e9via avalia\u00e7\u00e3o quanto \u00e0 sua forma, argumenta\u00e7\u00e3o, viabilidade e potencial de discuss\u00e3o. A inten\u00e7\u00e3o \u00e9 promover discuss\u00f5es livres sobre todas as opini\u00f5es adequadamente argumentadas. O workshop se aproxima de um <em>brainstorming<\/em> guiado pelos <em>position papers<\/em> que v\u00e3o compor a sua pauta. Ainda, ser\u00e1 disponibilizado um bloco para demonstra\u00e7\u00f5es das propostas contidas nos <em>position papers<\/em> para a comunidade WebMedia.<\/p>\n\n\n\n<h3 class=\"wp-block-heading\">T\u00d3PICOS DE INTERESSE<\/h3>\n\n\n\n<p>T\u00f3picos abordados pelas submiss\u00f5es incluem, mas n\u00e3o est\u00e3o limitados a:<\/p>\n\n\n\n<ul class=\"wp-block-list\">\n<li>Ultra-alta defini\u00e7\u00e3o do v\u00eddeo, v\u00eddeo escal\u00e1vel, camadas multi-origem<\/li>\n\n\n\n<li>\u00c1udio 3D imersivo e personaliz\u00e1vel, orientado a objetos e multi-origem<\/li>\n\n\n\n<li>Experi\u00eancia de TV baseada em aplicativos<\/li>\n\n\n\n<li>Ruptura de linearidade da grade de programa\u00e7\u00e3o<\/li>\n\n\n\n<li>Ci\u00eancia de dados e intelig\u00eancia artificial nas experi\u00eancias de TV<\/li>\n\n\n\n<li>Personaliza\u00e7\u00e3o do conte\u00fado televisivo, inser\u00e7\u00e3o din\u00e2mica, user-centric broadcasting<\/li>\n\n\n\n<li>Medi\u00e7\u00e3o de audi\u00eancia, mapeamento de cobertura dos sinais, alertas de emerg\u00eancia<\/li>\n\n\n\n<li>Acessibilidade na TV e apoiada por dispositivos pessoais<\/li>\n\n\n\n<li>Efeitos sensoriais, mulsem\u00eddia<\/li>\n\n\n\n<li>Ambientes inteligentes, e-health, Internet das Coisas<\/li>\n\n\n\n<li>Realidade virtual, v\u00eddeo 360 e realidade aumentada<\/li>\n\n\n\n<li>Intera\u00e7\u00e3o com voz, gestos, eye tracking e intera\u00e7\u00e3o multimodal<\/li>\n\n\n\n<li>Experi\u00eancias seamless desde a descoberta at\u00e9 o chaveamento entre conte\u00fados multi-origem e multi-dispositivo<\/li>\n\n\n\n<li>Converg\u00eancia IP<\/li>\n\n\n\n<li>Streaming adaptativo<\/li>\n\n\n\n<li>Tecnologias da Camada f\u00edsica para a TV 3.0<\/li>\n\n\n\n<li>Modelagem e simula\u00e7\u00e3o de canais<\/li>\n\n\n\n<li>Codifica\u00e7\u00e3o de canal, modula\u00e7\u00e3o e multiplexa\u00e7\u00e3o<\/li>\n\n\n\n<li>Processamento SISO, MISO e MIMO<\/li>\n\n\n\n<li>R\u00e1dio cognitivo e definido por software<\/li>\n\n\n\n<li>Tecnologias de antena para transmiss\u00e3o e recep\u00e7\u00e3o<\/li>\n\n\n\n<li>Propaga\u00e7\u00e3o e cobertura<\/li>\n\n\n\n<li>Reuso de frequ\u00eancia na Radiodifus\u00e3o<\/li>\n\n\n\n<li>Testes de campo<\/li>\n\n\n\n<li>TV m\u00f3vel, LTE e 5G<\/li>\n<\/ul>\n\n\n\n<h3 class=\"wp-block-heading\">SUBMISS\u00c3O DE TRABALHOS<\/h3>\n\n\n\n<p>Os <em>position papers<\/em> podem ser escritos em ingl\u00eas ou em portugu\u00eas e devem conter, no m\u00e1ximo, 6 (seis) p\u00e1ginas <strong>seguindo o template padr\u00e3o do WebMedia, que est\u00e1 dispon\u00edvel neste <a href=\"https:\/\/drive.google.com\/file\/d\/1-nHkEYpvn-yksmpEna6mHirA-fMp3-KA\/view\">link<\/a> e tamb\u00e9m dispon\u00edvel para uso no <a href=\"https:\/\/www.overleaf.com\/latex\/templates\/webmedia-template\/ckjcbscxjjjh\">Overleaf<\/a><\/strong>. Os artigos devem ser submetidos exclusivamente em formato PDF atrav\u00e9s do Sistema JEMS 3 da SBC, selecionando a <a href=\"https:\/\/jems3.sbc.org.br\/events\/363\" target=\"_blank\" rel=\"noreferrer noopener\">Trilha do WTVDI<\/a>.<\/p>\n\n\n\n<p>O artigo dever\u00e1 incluir em seu pre\u00e2mbulo os seguintes detalhes de proceedings:<\/p>\n\n\n\n<p>\\proceedingsDetails[WTVDI\u20192025]{VIII Workshop Futuro da TV Digital Interativa (WTVDI 2025). Anais Estendidos do XXXI Simp\u00f3sio Brasileiro de Sistemas Multim\u00eddia e Web}{2025}{Rio de Janeiro\/RJ, Brazil}<\/p>\n\n\n\n<p>\\ISSN{2596-1683}<\/p>\n\n\n\n<p>O WTVDI d\u00e1 continuidade \u00e0 s\u00e9rie de Workshops sobre TV Digital Interativa (WTVDI), que j\u00e1 ocorreram em edi\u00e7\u00f5es anteriores (2005, 2010, 2014, 2019, 2023 e 2024), incluindo o Workshop de Sincroniza\u00e7\u00e3o das Coisas (WSoT) (2016).<\/p>\n\n\n\n<h3 class=\"wp-block-heading\">C\u00d3DIGO DE CONDUTA PARA AUTORES EM PUBLICA\u00c7\u00d5ES DA SBC<\/h3>\n\n\n\n<p>Ao submeterem trabalhos ao WebMedia 2025, os autores reconhecem que est\u00e3o em conformidade com o C\u00f3digo de Conduta para Autores em Publica\u00e7\u00f5es da SBC, o qual est\u00e1 dispon\u00edvel em: <a href=\"https:\/\/sol.sbc.org.br\/index.php\/indice\/conduta\">https:\/\/sol.sbc.org.br\/index.php\/indice\/conduta<\/a><\/p>\n\n\n\n<h3 class=\"wp-block-heading\">PR\u00caMIO WEBMEDIA LF (LUIZ FERNANDO GOMES SOARES DE COMPUTA\u00c7\u00c3O)<\/h3>\n\n\n\n<p>Assim como no ano passado, os trabalhos aceitos em todas as trilhas do WebMedia os quais tenham impacto social, poder\u00e3o concorrer ao Pr\u00eamio WebMedia LF de Computa\u00e7\u00e3o. Os autores de artigos aceitos receber\u00e3o mais informa\u00e7\u00f5es sobre o pr\u00eamio oportunamente.<\/p>\n\n\n\n<h3 class=\"wp-block-heading\">DATAS IMPORTANTES<\/h3>\n\n\n\n<p>Veja em&nbsp;<a href=\"https:\/\/webmedia.org.br\/2025\/datas-importantes\/\" target=\"_blank\" rel=\"noreferrer noopener\">Datas Importantes<\/a>&nbsp;os prazos de submiss\u00e3o para o WTVDI | Workshop Futuro da TV Digital Interativa.<\/p>\n\n\n\n<h3 class=\"wp-block-heading\">COORDENA\u00c7\u00c3O DO WTVDI<\/h3>\n\n\n\n<p>Joel Andr\u00e9 Ferreira dos Santos (CEFET\/RJ)<br>Alan Livio Vasconcelos Guedes (University of Reading, UK)<\/p>\n","protected":false},"excerpt":{"rendered":"<p>O Workshop Futuro da TV Digital Interativa (WTVDI) \u00e9 motivado pela constante necessidade de se discutir a evolu\u00e7\u00e3o dos servi\u00e7os de radiodifus\u00e3o, [&hellip;]<\/p>\n","protected":false},"author":3,"featured_media":0,"parent":0,"menu_order":0,"comment_status":"closed","ping_status":"closed","template":"page-templates\/page_fullwidth.php","meta":{"footnotes":""},"class_list":["post-674","page","type-page","status-publish","hentry"],"_links":{"self":[{"href":"https:\/\/webmedia.org.br\/2025\/wp-json\/wp\/v2\/pages\/674","targetHints":{"allow":["GET"]}}],"collection":[{"href":"https:\/\/webmedia.org.br\/2025\/wp-json\/wp\/v2\/pages"}],"about":[{"href":"https:\/\/webmedia.org.br\/2025\/wp-json\/wp\/v2\/types\/page"}],"author":[{"embeddable":true,"href":"https:\/\/webmedia.org.br\/2025\/wp-json\/wp\/v2\/users\/3"}],"replies":[{"embeddable":true,"href":"https:\/\/webmedia.org.br\/2025\/wp-json\/wp\/v2\/comments?post=674"}],"version-history":[{"count":15,"href":"https:\/\/webmedia.org.br\/2025\/wp-json\/wp\/v2\/pages\/674\/revisions"}],"predecessor-version":[{"id":1539,"href":"https:\/\/webmedia.org.br\/2025\/wp-json\/wp\/v2\/pages\/674\/revisions\/1539"}],"wp:attachment":[{"href":"https:\/\/webmedia.org.br\/2025\/wp-json\/wp\/v2\/media?parent=674"}],"curies":[{"name":"wp","href":"https:\/\/api.w.org\/{rel}","templated":true}]}}