{"id":52,"date":"2023-03-11T21:05:12","date_gmt":"2023-03-12T00:05:12","guid":{"rendered":"https:\/\/webmedia.org.br\/2023\/?page_id=52"},"modified":"2025-10-09T19:39:38","modified_gmt":"2025-10-09T22:39:38","slug":"instrucoes-autores","status":"publish","type":"page","link":"https:\/\/webmedia.org.br\/2025\/instrucoes-autores\/","title":{"rendered":"Instru\u00e7\u00f5es para autores"},"content":{"rendered":"\n<div class=\"wp-block-cover pages-title\" style=\"min-height:225px;aspect-ratio:unset;\"><span aria-hidden=\"true\" class=\"wp-block-cover__background has-background-dim\"><\/span><img loading=\"lazy\" decoding=\"async\" width=\"1024\" height=\"432\" class=\"wp-block-cover__image-background wp-image-1083\" alt=\"\" src=\"https:\/\/webmedia.org.br\/2025\/wp-content\/uploads\/2025\/04\/1_Site-WEBmedia_2025-1-1024x432.jpg\" style=\"object-position:80% 32%\" data-object-fit=\"cover\" data-object-position=\"80% 32%\" srcset=\"https:\/\/webmedia.org.br\/2025\/wp-content\/uploads\/2025\/04\/1_Site-WEBmedia_2025-1-1024x432.jpg 1024w, https:\/\/webmedia.org.br\/2025\/wp-content\/uploads\/2025\/04\/1_Site-WEBmedia_2025-1-300x126.jpg 300w, https:\/\/webmedia.org.br\/2025\/wp-content\/uploads\/2025\/04\/1_Site-WEBmedia_2025-1-768x324.jpg 768w, https:\/\/webmedia.org.br\/2025\/wp-content\/uploads\/2025\/04\/1_Site-WEBmedia_2025-1-1536x647.jpg 1536w, https:\/\/webmedia.org.br\/2025\/wp-content\/uploads\/2025\/04\/1_Site-WEBmedia_2025-1-2048x863.jpg 2048w, https:\/\/webmedia.org.br\/2025\/wp-content\/uploads\/2025\/04\/1_Site-WEBmedia_2025-1-1000x421.jpg 1000w, https:\/\/webmedia.org.br\/2025\/wp-content\/uploads\/2025\/04\/1_Site-WEBmedia_2025-1-230x97.jpg 230w, https:\/\/webmedia.org.br\/2025\/wp-content\/uploads\/2025\/04\/1_Site-WEBmedia_2025-1-350x148.jpg 350w, https:\/\/webmedia.org.br\/2025\/wp-content\/uploads\/2025\/04\/1_Site-WEBmedia_2025-1-480x202.jpg 480w\" sizes=\"auto, (max-width: 1024px) 100vw, 1024px\" \/><div class=\"wp-block-cover__inner-container is-layout-flow wp-block-cover-is-layout-flow\">\n<p class=\"has-text-align-center main-title has-x-large-font-size\">Instru\u00e7\u00f5es para autores (Artigos Aceitos)<\/p>\n<\/div><\/div>\n\n\n\n<h3 class=\"wp-block-heading\">Instru\u00e7\u00f5es aos autores de artigos aceitos<\/h3>\n\n\n\n<p>\u00c9 necess\u00e1rio preparar a vers\u00e3o final usando o template&nbsp;correspondente \u00e0 trilha ou concurso\/workshop.<\/p>\n\n\n\n<p>O template no <a href=\"https:\/\/www.overleaf.com\/latex\/templates\/webmedia-template\/ckjcbscxjjjh\">Overleaf<\/a> serve para todas as trilhas, selecionando o tipo de evento correspondente com a tag <code>\\setevent. <\/code><\/p>\n\n\n\n<p>Todos os trabalhos da <strong>TRILHA PRINCIPAL<\/strong> (inclusive os de revis\u00e3o sistem\u00e1tica) devem usar a tag:<\/p>\n\n\n\n<pre class=\"wp-block-code\"><code>\\setevent{webmedia}\n\\proceedingsDetails&#91;WebMedia\u20192025]{Proceedings of the Brazilian Symposium on Multimedia and the Web}{2025}{Rio de Janeiro, Brazil}\n\\ISSN{2966-2753}<\/code><\/pre>\n\n\n\n<p>O template Word espec\u00edfico pode ser selecionado nesse <a href=\"https:\/\/drive.google.com\/drive\/folders\/1R4gqz877fVHXXss1UDJbl5y-ClLIZKU5?usp=sharing\" target=\"_blank\" rel=\"noreferrer noopener\">link<\/a>.  <\/p>\n\n\n\n<p>Tamb\u00e9m \u00e9 necess\u00e1rio preencher e enviar em conjunto os seguintes documentos (em pdf):<\/p>\n\n\n\n<ul class=\"wp-block-list\">\n<li><a href=\"https:\/\/docs.google.com\/document\/d\/1ELtT0hDJU9rjysipP2qL_lpiiHF4HvtJ\/edit?usp=sharing&amp;ouid=106165858616437406125&amp;rtpof=true&amp;sd=true\" target=\"_blank\" rel=\"noreferrer noopener\">Termo de Autoriza\u00e7\u00e3o de Uso de Imagem, Voz e respectiva Cess\u00e3o de Direitos SBC (WebMedia 2025)<\/a>.<\/li>\n<\/ul>\n\n\n\n<ul class=\"wp-block-list\">\n<li>Trilha Principal:\n<ul class=\"wp-block-list\">\n<li><a href=\"https:\/\/docs.google.com\/document\/d\/1xf_VgWYtdWy7vXeiMy5NT15iaowL5ehL\/edit?usp=sharing&amp;ouid=106165858616437406125&amp;rtpof=true&amp;sd=true\" target=\"_blank\" rel=\"noreferrer noopener\">Contrato de Cess\u00e3o de Direitos Autorais SBC Anais WebMedia 2025<\/a><\/li>\n<\/ul>\n<\/li>\n\n\n\n<li>Concursos\/Workshops\n<ul class=\"wp-block-list\">\n<li><a href=\"https:\/\/docs.google.com\/document\/d\/19XN-1qJjZMmdFpYXYfOjgqEqJiTycxF4\/edit?usp=sharing&amp;ouid=106165858616437406125&amp;rtpof=true&amp;sd=true\" target=\"_blank\" rel=\"noreferrer noopener\">Contrato de Cess\u00e3o de Direitos Autorais SBC Anais Estendidos WebMedia 2025<\/a><\/li>\n<\/ul>\n<\/li>\n<\/ul>\n\n\n\n<p>Obs.: os links d\u00e3o acesso a documentos compartilhados apenas para leitura. Para edi\u00e7\u00e3o, crie uma c\u00f3pia local ou ent\u00e3o fa\u00e7a o download do arquivo .docx.&nbsp;<\/p>\n\n\n\n<p>Para entrega da vers\u00e3o final e dos termos, \u00e9 necess\u00e1rio acessar o sistema de submiss\u00e3o JEMS3, ir \u00e0 aba <strong>Minhas Submiss\u00f5es<\/strong>, selecionar a submiss\u00e3o do seu artigo e enviar os arquivos.<\/p>\n\n\n\n<h3 class=\"wp-block-heading\">Outras informa\u00e7\u00f5es importantes<\/h3>\n\n\n\n<ul class=\"wp-block-list\">\n<li><strong>\u00c9 necess\u00e1rio que pelo menos 1 (um) autor esteja com a inscri\u00e7\u00e3o<\/strong>\u00a0<strong>paga<\/strong>\u00a0em qualquer categoria (ex.: estudante, estudante de p\u00f3s-gradua\u00e7\u00e3o, etc.) e apresente presencialmente o trabalho no evento. Day pass e isen\u00e7\u00f5es de s\u00f3cios institucionais n\u00e3o v\u00e1lidas.\u00a0<strong>A inscri\u00e7\u00e3o de autores dever\u00e1 ser feita at\u00e9 o dia 10\/10\/2025<\/strong> e o comprovante enviado pelo JEMS3.<\/li>\n\n\n\n<li>Fique atento \u00e0s datas limite para envio da vers\u00e3o final (consulte a p\u00e1gina de&nbsp;<a href=\"https:\/\/webmedia.org.br\/2025\/datas-importantes\/\" target=\"_blank\" rel=\"noreferrer noopener\">Datas Importantes<\/a>).<\/li>\n<\/ul>\n\n\n\n<p>Sobre a formata\u00e7\u00e3o dos trabalhos, observar:<\/p>\n\n\n\n<ul class=\"wp-block-list\">\n<li>O artigo pode ser escrito em ingl\u00eas ou portugu\u00eas. No caso de artigos escritos em portugu\u00eas, \u00e9 necess\u00e1rio ter o t\u00edtulo e keywords em portugu\u00eas, e um \u201cabstract\u201d em ingl\u00eas;<\/li>\n\n\n\n<li>O artigo n\u00e3o precisa conter \u201cresumo\u201d em portugu\u00eas;<\/li>\n\n\n\n<li>As p\u00e1ginas do artigo n\u00e3o podem ser numeradas;<\/li>\n\n\n\n<li>O tamanho das p\u00e1ginas do artigo \u00e9 Carta (21,59 cm x 27,94 cm);<\/li>\n\n\n\n<li>Para usu\u00e1rios do Word, \u00e9 necess\u00e1rio instalar as Fontes ACM (em C:\\Windows\\Fonts) para que sejam utilizadas as fontes adotadas nos anais (e disponibilizadas junto com o template WebMedia);<\/li>\n\n\n\n<li>O ISSN a ser inclu\u00eddo em artigos da <strong>Trilha Principal<\/strong> \u00e9 o 2966-2753. Nos artigos dos <strong>workshops\/concursos<\/strong> o ISSN \u00e9 2596-1683.<\/li>\n<\/ul>\n","protected":false},"excerpt":{"rendered":"<p>Instru\u00e7\u00f5es aos autores de artigos aceitos \u00c9 necess\u00e1rio preparar a vers\u00e3o final usando o template&nbsp;correspondente \u00e0 trilha ou concurso\/workshop. O template no [&hellip;]<\/p>\n","protected":false},"author":3,"featured_media":0,"parent":0,"menu_order":0,"comment_status":"closed","ping_status":"closed","template":"page-templates\/page_fullwidth.php","meta":{"footnotes":""},"class_list":["post-52","page","type-page","status-publish","hentry"],"_links":{"self":[{"href":"https:\/\/webmedia.org.br\/2025\/wp-json\/wp\/v2\/pages\/52","targetHints":{"allow":["GET"]}}],"collection":[{"href":"https:\/\/webmedia.org.br\/2025\/wp-json\/wp\/v2\/pages"}],"about":[{"href":"https:\/\/webmedia.org.br\/2025\/wp-json\/wp\/v2\/types\/page"}],"author":[{"embeddable":true,"href":"https:\/\/webmedia.org.br\/2025\/wp-json\/wp\/v2\/users\/3"}],"replies":[{"embeddable":true,"href":"https:\/\/webmedia.org.br\/2025\/wp-json\/wp\/v2\/comments?post=52"}],"version-history":[{"count":23,"href":"https:\/\/webmedia.org.br\/2025\/wp-json\/wp\/v2\/pages\/52\/revisions"}],"predecessor-version":[{"id":2205,"href":"https:\/\/webmedia.org.br\/2025\/wp-json\/wp\/v2\/pages\/52\/revisions\/2205"}],"wp:attachment":[{"href":"https:\/\/webmedia.org.br\/2025\/wp-json\/wp\/v2\/media?parent=52"}],"curies":[{"name":"wp","href":"https:\/\/api.w.org\/{rel}","templated":true}]}}