{"id":50,"date":"2023-03-11T21:04:40","date_gmt":"2023-03-12T00:04:40","guid":{"rendered":"https:\/\/webmedia.org.br\/2023\/?page_id=50"},"modified":"2025-07-01T20:10:51","modified_gmt":"2025-07-01T23:10:51","slug":"minicursos-tutoriais","status":"publish","type":"page","link":"https:\/\/webmedia.org.br\/2025\/minicursos-tutoriais\/","title":{"rendered":"Minicursos e Tutoriais"},"content":{"rendered":"\n<div class=\"wp-block-cover pages-title\" style=\"min-height:225px;aspect-ratio:unset;\"><span aria-hidden=\"true\" class=\"wp-block-cover__background has-background-dim\"><\/span><img loading=\"lazy\" decoding=\"async\" width=\"1024\" height=\"432\" class=\"wp-block-cover__image-background wp-image-1083\" alt=\"\" src=\"https:\/\/webmedia.org.br\/2025\/wp-content\/uploads\/2025\/04\/1_Site-WEBmedia_2025-1-1024x432.jpg\" style=\"object-position:80% 32%\" data-object-fit=\"cover\" data-object-position=\"80% 32%\" srcset=\"https:\/\/webmedia.org.br\/2025\/wp-content\/uploads\/2025\/04\/1_Site-WEBmedia_2025-1-1024x432.jpg 1024w, https:\/\/webmedia.org.br\/2025\/wp-content\/uploads\/2025\/04\/1_Site-WEBmedia_2025-1-300x126.jpg 300w, https:\/\/webmedia.org.br\/2025\/wp-content\/uploads\/2025\/04\/1_Site-WEBmedia_2025-1-768x324.jpg 768w, https:\/\/webmedia.org.br\/2025\/wp-content\/uploads\/2025\/04\/1_Site-WEBmedia_2025-1-1536x647.jpg 1536w, https:\/\/webmedia.org.br\/2025\/wp-content\/uploads\/2025\/04\/1_Site-WEBmedia_2025-1-2048x863.jpg 2048w, https:\/\/webmedia.org.br\/2025\/wp-content\/uploads\/2025\/04\/1_Site-WEBmedia_2025-1-1000x421.jpg 1000w, https:\/\/webmedia.org.br\/2025\/wp-content\/uploads\/2025\/04\/1_Site-WEBmedia_2025-1-230x97.jpg 230w, https:\/\/webmedia.org.br\/2025\/wp-content\/uploads\/2025\/04\/1_Site-WEBmedia_2025-1-350x148.jpg 350w, https:\/\/webmedia.org.br\/2025\/wp-content\/uploads\/2025\/04\/1_Site-WEBmedia_2025-1-480x202.jpg 480w\" sizes=\"auto, (max-width: 1024px) 100vw, 1024px\" \/><div class=\"wp-block-cover__inner-container is-layout-flow wp-block-cover-is-layout-flow\">\n<p class=\"has-text-align-center main-title notranslate has-x-large-font-size\">Minicursos e Tutoriais<\/p>\n<\/div><\/div>\n\n\n\n<h3 class=\"wp-block-heading\">CHAMADA DE PROPOSTAS DE MINICURSOS E TUTORIAIS<\/h3>\n\n\n\n<p>Minicursos e tutoriais comp\u00f5em uma das principais trilhas t\u00e9cnicas do WebMedia 2025, que ocorrer\u00e1 no Rio de Janeiro, de 10 a 14 de novembro. Essas atividades visam oferecer capacita\u00e7\u00e3o especializada em t\u00f3picos de alta relev\u00e2ncia para a comunidade, frequentemente ausentes nas grades curriculares tradicionais, mas que despertam significativo interesse entre pesquisadores, profissionais e estudantes.<\/p>\n\n\n\n<p>Al\u00e9m dos temas tradicionais da trilha principal de pesquisa [<a href=\"https:\/\/webmedia.org.br\/2025\/trilha-principal\/\">https:\/\/webmedia.org.br\/2025\/trilha-principal\/<\/a>], s\u00e3o bem vindos temas de maior interesse de alunos de gradua\u00e7\u00e3o e profissionais do mercado, como (mas n\u00e3o est\u00e3o limitados): <\/p>\n\n\n\n<ul class=\"wp-block-list\">\n<li>IA generativa, LLMs, APIs e engenharia de prompt aplicadas a multim\u00eddia e Web;<\/li>\n\n\n\n<li>Sistemas de TV Digital de pr\u00f3xima gera\u00e7\u00e3o;<\/li>\n\n\n\n<li>Internet das Coisas Multim\u00eddia;<\/li>\n\n\n\n<li>Arquitetura de Micro-Servi\u00e7os e Micro-Frontends aplicadas a multim\u00eddia e Web;<\/li>\n\n\n\n<li>Desenvolvimento em Web3, Blockchain e Metaverso;<\/li>\n\n\n\n<li>Desenvolvimento Web Full-stack;<\/li>\n\n\n\n<li> UX para Web e Mobile; <\/li>\n\n\n\n<li>Design para Web; <\/li>\n\n\n\n<li>Seguran\u00e7a na Web; DevOps para Web;<\/li>\n\n\n\n<li>Microfontends, Microservi\u00e7os;<\/li>\n\n\n\n<li>Desenvolvimento Mobile (e.g., Kotlin, Flutter, React Native);<\/li>\n\n\n\n<li>Acessibilidade na Web;<\/li>\n\n\n\n<li>Intelig\u00eancia Artificial aplicada ao Desenvolvimento Mobile, Web e Multim\u00eddia.<\/li>\n<\/ul>\n\n\n\n<p>Profissionais, professores e p\u00f3s-graduandos de todas as regi\u00f5es s\u00e3o convidados a apresentar propostas de tutoriais (2h) e minicursos (4h ou 8h) abrangendo esses e outros temas de interesse da comunidade.&nbsp;<\/p>\n\n\n\n<p>As propostas submetidas ser\u00e3o avaliadas por dois ou mais membros do comit\u00ea de avalia\u00e7\u00e3o. Ser\u00e3o considerados na avalia\u00e7\u00e3o os seguintes crit\u00e9rios: relev\u00e2ncia e atualidade da proposta diante dos temas de interesse supracitados ou outros temas de interesse da comunidade, qualidade t\u00e9cnica da proposta e experi\u00eancia dos proponentes no tema proposto. As melhores propostas em temas distintos ser\u00e3o aceitas para apresenta\u00e7\u00e3o no WebMedia 2025 e convidadas para publica\u00e7\u00e3o como cap\u00edtulo de livro.<\/p>\n\n\n\n<h3 class=\"wp-block-heading\">INSTRU\u00c7\u00d5ES PARA AUTORES<\/h3>\n\n\n\n<p>Cada <strong>minicurso<\/strong> deve ser estruturado para ser apresentado durante o WebMedia 2025 em um total de <strong>quatro ou oito horas<\/strong>. Cada <strong>tutorial<\/strong> deve ser estruturado para ser apresentado durante o WebMedia 2025 em um total de <strong>duas horas<\/strong>.<\/p>\n\n\n\n<p>Interessados em ministrar um minicurso ou tutorial devem submeter proposta de <strong>at\u00e9 quatro (4) p\u00e1ginas<\/strong> (excluindo-se os CVs dos autores), contendo as informa\u00e7\u00f5es enumeradas a seguir:<\/p>\n\n\n\n<p><strong>Dados de Identifica\u00e7\u00e3o<\/strong>:<\/p>\n\n\n\n<ul class=\"wp-block-list\">\n<li>T\u00edtulo do minicurso\/tutorial;<\/li>\n\n\n\n<li>Autor(es): institui\u00e7\u00e3o(\u00e7\u00f5es), endere\u00e7o(s), telefone(s), e-mail(s);<\/li>\n\n\n\n<li>Indica\u00e7\u00e3o do(s) autor(es) que apresentar\u00e1(\u00e3o) o minicurso\/tutorial;<\/li>\n\n\n\n<li>Tipo: Minicurso ou Tutorial;<\/li>\n\n\n\n<li>Dura\u00e7\u00e3o: 2, 4 ou 8 horas.<\/li>\n<\/ul>\n\n\n\n<p><strong>Dados Gerais<\/strong>:<\/p>\n\n\n\n<ol class=\"wp-block-list\">\n<li>Objetivos do minicurso\/tutorial, com o tratamento dado ao tema, seja ele te\u00f3rico ou pr\u00e1tico;<\/li>\n\n\n\n<li>Perfil do p\u00fablico-alvo;<\/li>\n\n\n\n<li>Estrutura em t\u00f3picos prevista para o cap\u00edtulo de livro (minicurso) ou artigo (tutorial);<\/li>\n\n\n\n<li>Para cada t\u00f3pico previsto no item 3, informar um resumo do conte\u00fado a ser abordado e previs\u00e3o do n\u00famero de p\u00e1ginas;<\/li>\n\n\n\n<li>Estrutura necess\u00e1ria (e.g., laborat\u00f3rio ou alunos com seus pr\u00f3prios notebooks);<\/li>\n\n\n\n<li>Bibliografia principal utilizada na prepara\u00e7\u00e3o do curso\/tutorial (m\u00e1ximo de 1 p\u00e1gina);<\/li>\n\n\n\n<li>Curriculum Vitae resumido dos autores (m\u00e1ximo de 1 p\u00e1gina por autor) e link para o Lattes.<\/li>\n<\/ol>\n\n\n\n<p>\u00c9 importante observar que, para o <strong>minicurso<\/strong>, os ministrantes <strong>podem<\/strong> produzir um texto did\u00e1tico correspondente <strong>de 30 a 40 p\u00e1ginas<\/strong>, seguindo o modelo da SBC, que far\u00e1 parte do livro de minicursos do evento. Contudo, esse material \u00e9 <strong>opcional<\/strong>.<\/p>\n\n\n\n<h3 class=\"wp-block-heading\">SUBMISS\u00c3O DE TRABALHOS<\/h3>\n\n\n\n<p>O documento com a proposta, contendo os CVs, deve ser organizado em apenas um arquivo no formato pdf, preenchendo um documento seguindo o formato dispon\u00edvel em <a href=\"https:\/\/docs.google.com\/document\/d\/1FZXn_U-0TcczWIT4IkNLoYFRlkmLLcBVShEEO3SeqY0\/edit?usp=sharing\" target=\"_blank\" rel=\"noreferrer noopener\">Ficha de Submiss\u00e3o<\/a>.<br><br>Os candidatos dever\u00e3o submeter seu trabalho eletronicamente pelo Sistema JEMS 3 da SBC, selecionando a <a href=\"https:\/\/jems3.sbc.org.br\/events\/373\" target=\"_blank\" rel=\"noreferrer noopener\">Trilha de Minicursos e Tutoriais<\/a>.<\/p>\n\n\n\n<h3 class=\"wp-block-heading\">C\u00d3DIGO DE CONDUTA PARA AUTORES EM PUBLICA\u00c7\u00d5ES DA SBC<\/h3>\n\n\n\n<p>Ao submeterem trabalhos ao WebMedia 2025, os autores reconhecem que est\u00e3o em conformidade com o C\u00f3digo de Conduta para Autores em Publica\u00e7\u00f5es da SBC, o qual est\u00e1 dispon\u00edvel em: <a href=\"https:\/\/sol.sbc.org.br\/index.php\/indice\/conduta\" target=\"_blank\" rel=\"noreferrer noopener\">https:\/\/sol.sbc.org.br\/index.php\/indice\/conduta<\/a>.<\/p>\n\n\n\n<h3 class=\"wp-block-heading\">DATAS IMPORTANTES<\/h3>\n\n\n\n<p>Veja em&nbsp;<a href=\"https:\/\/webmedia.org.br\/2025\/datas-importantes\/\" target=\"_blank\" rel=\"noreferrer noopener\">Datas Importantes<\/a>&nbsp;os prazos de submiss\u00e3o para os Minicursos e Tutoriais.<\/p>\n\n\n\n<h3 class=\"wp-block-heading\">COORDENA\u00c7\u00c3O DE MINICURSOS E TUTORIAIS<\/h3>\n\n\n\n<p class=\"notranslate\">Windson Viana de Carvalho (UFC)<br>Rudinei Goularte (USP)<\/p>\n","protected":false},"excerpt":{"rendered":"<p>CHAMADA DE PROPOSTAS DE MINICURSOS E TUTORIAIS Minicursos e tutoriais comp\u00f5em uma das principais trilhas t\u00e9cnicas do WebMedia 2025, que ocorrer\u00e1 no [&hellip;]<\/p>\n","protected":false},"author":3,"featured_media":0,"parent":0,"menu_order":0,"comment_status":"closed","ping_status":"closed","template":"page-templates\/page_fullwidth.php","meta":{"footnotes":""},"class_list":["post-50","page","type-page","status-publish","hentry"],"_links":{"self":[{"href":"https:\/\/webmedia.org.br\/2025\/wp-json\/wp\/v2\/pages\/50","targetHints":{"allow":["GET"]}}],"collection":[{"href":"https:\/\/webmedia.org.br\/2025\/wp-json\/wp\/v2\/pages"}],"about":[{"href":"https:\/\/webmedia.org.br\/2025\/wp-json\/wp\/v2\/types\/page"}],"author":[{"embeddable":true,"href":"https:\/\/webmedia.org.br\/2025\/wp-json\/wp\/v2\/users\/3"}],"replies":[{"embeddable":true,"href":"https:\/\/webmedia.org.br\/2025\/wp-json\/wp\/v2\/comments?post=50"}],"version-history":[{"count":17,"href":"https:\/\/webmedia.org.br\/2025\/wp-json\/wp\/v2\/pages\/50\/revisions"}],"predecessor-version":[{"id":1515,"href":"https:\/\/webmedia.org.br\/2025\/wp-json\/wp\/v2\/pages\/50\/revisions\/1515"}],"wp:attachment":[{"href":"https:\/\/webmedia.org.br\/2025\/wp-json\/wp\/v2\/media?parent=50"}],"curies":[{"name":"wp","href":"https:\/\/api.w.org\/{rel}","templated":true}]}}