{"id":472,"date":"2023-05-30T13:23:04","date_gmt":"2023-05-30T16:23:04","guid":{"rendered":"https:\/\/webmedia.org.br\/2023\/?page_id=472"},"modified":"2026-04-07T16:01:48","modified_gmt":"2026-04-07T19:01:48","slug":"pagina-principal","status":"publish","type":"page","link":"https:\/\/webmedia.org.br\/2025\/","title":{"rendered":"Home"},"content":{"rendered":"\n\n\n<div class=\"wp-block-image\">\n<figure class=\"aligncenter size-medium\"><img loading=\"lazy\" decoding=\"async\" width=\"300\" height=\"147\" src=\"https:\/\/webmedia.org.br\/2025\/wp-content\/uploads\/2025\/04\/header_logo_site_Webmedia-1-300x147.png\" alt=\"\" class=\"wp-image-1076\" srcset=\"https:\/\/webmedia.org.br\/2025\/wp-content\/uploads\/2025\/04\/header_logo_site_Webmedia-1-300x147.png 300w, https:\/\/webmedia.org.br\/2025\/wp-content\/uploads\/2025\/04\/header_logo_site_Webmedia-1-230x113.png 230w, https:\/\/webmedia.org.br\/2025\/wp-content\/uploads\/2025\/04\/header_logo_site_Webmedia-1-350x172.png 350w, https:\/\/webmedia.org.br\/2025\/wp-content\/uploads\/2025\/04\/header_logo_site_Webmedia-1.png 400w\" sizes=\"auto, (max-width: 300px) 100vw, 300px\" \/><\/figure>\n<\/div>\n\n\n<p class=\"has-text-align-center\" style=\"font-size:18px\">Realizado anualmente pela Sociedade Brasileira de Computa\u00e7\u00e3o (SBC), o&nbsp;<strong>Simp\u00f3sio Brasileiro de Sistemas Multim\u00eddia e Web (WebMedia)&nbsp;<\/strong>\u00e9 o principal evento do tema no Brasil e uma excelente oportunidade de interc\u00e2mbios cient\u00edfico e t\u00e9cnico entre alunos, pesquisadores e profissionais das \u00e1reas de Multim\u00eddia, Hiperm\u00eddia e Web.&nbsp;<\/p>\n\n\n\n<p class=\"has-text-align-center\" style=\"font-size:18px\">Em 2025, especialmente, estaremos celebrando a 31\u00aa edi\u00e7\u00e3o do WebMedia, com organiza\u00e7\u00e3o da Pontif\u00edcia Universidade Cat\u00f3lica do Rio de Janeiro (PUC-Rio) e do Instituto Militar de Engenharia (IME).<\/p>\n\n\n\n<div class=\"wp-block-group wm-news-section\"><div class=\"wp-block-group__inner-container is-layout-constrained wp-block-group-is-layout-constrained\">\n<h2 class=\"wp-block-heading\">\u00daLTIMAS NOT\u00cdCIAS<\/h2>\n\n\n\n<hr class=\"wp-block-separator has-alpha-channel-opacity\"\/>\n\n\n\n<div class=\"wp-block-columns wm-news-grid is-layout-flex wp-container-core-columns-is-layout-9d6595d7 wp-block-columns-is-layout-flex\">\n<div class=\"wp-block-column wm-news-card is-layout-flow wp-block-column-is-layout-flow\">\n<p><\/p>\n\n\n\n<p><strong>Confira as fotos nos links a seguir:<\/strong><\/p>\n\n\n\n<ul class=\"wp-block-list\">\n<li>Link 1: <a href=\"https:\/\/drive.google.com\/drive\/folders\/15qarLlWBFFdJpVdknfUs9rgON3xcMWo7?usp=sharing\">https:\/\/drive.google.com\/drive\/folders\/15qarLlWBFFdJpVdknfUs9rgON3xcMWo7?usp=sharing<\/a><\/li>\n<\/ul>\n\n\n\n<ul class=\"wp-block-list\">\n<li>Link 2: <a href=\"https:\/\/drive.google.com\/drive\/folders\/1rIjgg3gEAM9-p8zRScWtrTxTPK4W8OTz?usp=sharing\">https:\/\/drive.google.com\/drive\/folders\/1rIjgg3gEAM9-p8zRScWtrTxTPK4W8OTz?usp=sharing<\/a><\/li>\n<\/ul>\n\n\n\n<ul class=\"wp-block-list\">\n<li>Link 3: <a href=\"https:\/\/drive.google.com\/drive\/folders\/1S6SToElBoF7XVi_PaUGT3b5GBdk85oRy?usp=sharing\">https:\/\/drive.google.com\/drive\/folders\/1S6SToElBoF7XVi_PaUGT3b5GBdk85oRy?usp=sharing<\/a><\/li>\n<\/ul>\n<\/div>\n<\/div>\n<\/div><\/div>\n","protected":false},"excerpt":{"rendered":"<p>Realizado anualmente pela Sociedade Brasileira de Computa\u00e7\u00e3o (SBC), o&nbsp;Simp\u00f3sio Brasileiro de Sistemas Multim\u00eddia e Web (WebMedia)&nbsp;\u00e9 o principal evento do tema no [&hellip;]<\/p>\n","protected":false},"author":3,"featured_media":0,"parent":0,"menu_order":0,"comment_status":"closed","ping_status":"closed","template":"page-templates\/page_fullwidth.php","meta":{"footnotes":""},"class_list":["post-472","page","type-page","status-publish","hentry"],"_links":{"self":[{"href":"https:\/\/webmedia.org.br\/2025\/wp-json\/wp\/v2\/pages\/472","targetHints":{"allow":["GET"]}}],"collection":[{"href":"https:\/\/webmedia.org.br\/2025\/wp-json\/wp\/v2\/pages"}],"about":[{"href":"https:\/\/webmedia.org.br\/2025\/wp-json\/wp\/v2\/types\/page"}],"author":[{"embeddable":true,"href":"https:\/\/webmedia.org.br\/2025\/wp-json\/wp\/v2\/users\/3"}],"replies":[{"embeddable":true,"href":"https:\/\/webmedia.org.br\/2025\/wp-json\/wp\/v2\/comments?post=472"}],"version-history":[{"count":86,"href":"https:\/\/webmedia.org.br\/2025\/wp-json\/wp\/v2\/pages\/472\/revisions"}],"predecessor-version":[{"id":2606,"href":"https:\/\/webmedia.org.br\/2025\/wp-json\/wp\/v2\/pages\/472\/revisions\/2606"}],"wp:attachment":[{"href":"https:\/\/webmedia.org.br\/2025\/wp-json\/wp\/v2\/media?parent=472"}],"curies":[{"name":"wp","href":"https:\/\/api.w.org\/{rel}","templated":true}]}}