{"id":46,"date":"2023-03-11T21:03:45","date_gmt":"2023-03-12T00:03:45","guid":{"rendered":"https:\/\/webmedia.org.br\/2023\/?page_id=46"},"modified":"2025-08-11T19:05:44","modified_gmt":"2025-08-11T22:05:44","slug":"wfa","status":"publish","type":"page","link":"https:\/\/webmedia.org.br\/2025\/wfa\/","title":{"rendered":"WFA | Workshop de Ferramentas e Aplica\u00e7\u00f5es"},"content":{"rendered":"\n<div class=\"wp-block-cover pages-title\" style=\"min-height:225px;aspect-ratio:unset;\"><span aria-hidden=\"true\" class=\"wp-block-cover__background has-background-dim\"><\/span><img loading=\"lazy\" decoding=\"async\" width=\"1024\" height=\"432\" class=\"wp-block-cover__image-background wp-image-1083\" alt=\"\" src=\"https:\/\/webmedia.org.br\/2025\/wp-content\/uploads\/2025\/04\/1_Site-WEBmedia_2025-1-1024x432.jpg\" style=\"object-position:80% 32%\" data-object-fit=\"cover\" data-object-position=\"80% 32%\" srcset=\"https:\/\/webmedia.org.br\/2025\/wp-content\/uploads\/2025\/04\/1_Site-WEBmedia_2025-1-1024x432.jpg 1024w, https:\/\/webmedia.org.br\/2025\/wp-content\/uploads\/2025\/04\/1_Site-WEBmedia_2025-1-300x126.jpg 300w, https:\/\/webmedia.org.br\/2025\/wp-content\/uploads\/2025\/04\/1_Site-WEBmedia_2025-1-768x324.jpg 768w, https:\/\/webmedia.org.br\/2025\/wp-content\/uploads\/2025\/04\/1_Site-WEBmedia_2025-1-1536x647.jpg 1536w, https:\/\/webmedia.org.br\/2025\/wp-content\/uploads\/2025\/04\/1_Site-WEBmedia_2025-1-2048x863.jpg 2048w, https:\/\/webmedia.org.br\/2025\/wp-content\/uploads\/2025\/04\/1_Site-WEBmedia_2025-1-1000x421.jpg 1000w, https:\/\/webmedia.org.br\/2025\/wp-content\/uploads\/2025\/04\/1_Site-WEBmedia_2025-1-230x97.jpg 230w, https:\/\/webmedia.org.br\/2025\/wp-content\/uploads\/2025\/04\/1_Site-WEBmedia_2025-1-350x148.jpg 350w, https:\/\/webmedia.org.br\/2025\/wp-content\/uploads\/2025\/04\/1_Site-WEBmedia_2025-1-480x202.jpg 480w\" sizes=\"auto, (max-width: 1024px) 100vw, 1024px\" \/><div class=\"wp-block-cover__inner-container is-layout-flow wp-block-cover-is-layout-flow\">\n<p class=\"has-text-align-center main-title notranslate has-x-large-font-size\">WFA | Workshop de Ferramentas e Aplica\u00e7\u00f5es<\/p>\n<\/div><\/div>\n\n\n\n<p class=\"has-text-align-left\">O Workshop de Ferramentas e Aplica\u00e7\u00f5es \u00e9 um f\u00f3rum importante, voltado \u00e0 participa\u00e7\u00e3o de alunos de cursos t\u00e9cnicos, gradua\u00e7\u00e3o, p\u00f3s-gradua\u00e7\u00e3o (lato e stricto sensu), bem como membros da academia e da ind\u00fastria, onde podem apresentar suas \u00faltimas ferramentas, prot\u00f3tipos, aplica\u00e7\u00f5es e demonstra\u00e7\u00f5es. Com um car\u00e1ter mais pr\u00e1tico, no WFA h\u00e1 uma \u00eanfase na demonstra\u00e7\u00e3o de aplica\u00e7\u00f5es e ferramentas, na experi\u00eancia de seu desenvolvimento, em quest\u00f5es de implanta\u00e7\u00e3o e uso, e tamb\u00e9m nas perspectivas criadas por elas, incluindo iniciativas com foco em empreendedorismo.<\/p>\n\n\n\n<p>Todos os trabalhos aprovados ficar\u00e3o dispon\u00edveis na <a href=\"https:\/\/sol.sbc.org.br\/index.php\/indice\">biblioteca digital SBC<\/a>, como parte integrante dos anais estendidos do WebMedia 2025. Durante o evento, as ferramentas\/aplica\u00e7\u00f5es receber\u00e3o <em>feedback<\/em> de uma banca de especialistas em inova\u00e7\u00e3o e tamb\u00e9m em empreendedorismo, al\u00e9m de terem espa\u00e7o para demonstra\u00e7\u00e3o p\u00fablica na \u00e1rea de conviv\u00eancia do evento. Os autores das melhores ferramentas\/aplica\u00e7\u00f5es receber\u00e3o certificados e ampla divulga\u00e7\u00e3o nos ve\u00edculos da SBC.<\/p>\n\n\n\n<p>Os t\u00f3picos abordados pelo workshop s\u00e3o os mesmos da trilha principal do evento. Tamb\u00e9m ser\u00e3o bem-vindas submiss\u00f5es de aplica\u00e7\u00f5es com propostas inovadoras de an\u00e1lise e\/ou metodologia sobre <em>datasets<\/em> e softwares de interesse do evento (ver <a href=\"https:\/\/webmedia.org.br\/2025\/datasets-softwares-de-interesse\/\" target=\"_blank\" rel=\"noreferrer noopener\">AQUI<\/a>) .<\/p>\n\n\n\n<h3 class=\"wp-block-heading\">P\u00daBLICO-ALVO<\/h3>\n\n\n\n<p>O WFA \u00e9 voltado para a participa\u00e7\u00e3o de alunos de cursos t\u00e9cnicos, gradua\u00e7\u00e3o e p\u00f3s-gradua\u00e7\u00e3o (lato sensu e stricto sensu), al\u00e9m de profissionais da ind\u00fastria e pesquisadores acad\u00eamicos.<\/p>\n\n\n\n<h3 class=\"wp-block-heading\">INSTRU\u00c7\u00d5ES PARA AUTORES<\/h3>\n\n\n\n<p>Trabalhos submetidos devem ser originais e n\u00e3o podem ter sido previamente publicados. Os autores devem submeter eletronicamente um artigo em ingl\u00eas ou portugu\u00eas, de at\u00e9 4 (QUATRO) p\u00e1ginas, incluindo todas as figuras e refer\u00eancias.<\/p>\n\n\n\n<p>O artigo apresentando a ferramenta\/aplica\u00e7\u00e3o deve conter uma descri\u00e7\u00e3o clara:<\/p>\n\n\n\n<ul class=\"wp-block-list\">\n<li>Das metas da aplica\u00e7\u00e3o\/ferramenta<\/li>\n\n\n\n<li>De sua arquitetura<\/li>\n\n\n\n<li>De suas principais funcionalidades<\/li>\n\n\n\n<li>Do tipo de licen\u00e7a<\/li>\n\n\n\n<li>Das perspectivas criadas por ela (ex. uso puramente acad\u00eamico, social, comercial, ou com potencial de desenvolvimento empreendedor)<\/li>\n<\/ul>\n\n\n\n<p>\u00c9 fortemente recomendado que os autores disponibilizem no artigo URLs para o site ou download de um v\u00eddeo de demonstra\u00e7\u00e3o de sua ferramenta\/aplica\u00e7\u00e3o.<\/p>\n\n\n\n<p>Os artigos devem ser escritos de forma a permitir \u201cdouble-blind review\u201d. Isso requer que as identifica\u00e7\u00f5es dos autores sejam substitu\u00eddas por \u201cremoved for double-blind review\u201d no in\u00edcio do artigo e em eventuais refer\u00eancias a seus trabalhos anteriores.<\/p>\n\n\n\n<p>A publica\u00e7\u00e3o final est\u00e1 condicionada \u00e0 inscri\u00e7\u00e3o no WebMedia 2025 de pelo menos um dos autores, que dever\u00e1 realizar a apresenta\u00e7\u00e3o e demonstra\u00e7\u00e3o do trabalho durante o evento. A comiss\u00e3o de organiza\u00e7\u00e3o do workshop trabalhar\u00e1 para promover a participa\u00e7\u00e3o presencial dos autores, buscando alguma ajuda de custos e\/ou op\u00e7\u00f5es de hospedagem.<\/p>\n\n\n\n<h3 class=\"wp-block-heading\">SUBMISS\u00c3O DE TRABALHOS<\/h3>\n\n\n\n<p>Os candidatos dever\u00e3o submeter seu trabalho eletronicamente pela Plataforma JEMS 3 da SBC, selecionando a <a href=\"https:\/\/jems3.sbc.org.br\/events\/364\" target=\"_blank\" rel=\"noreferrer noopener\">Trilha do WFA<\/a>.<\/p>\n\n\n\n<p>Todas as submiss\u00f5es para o WFA devem seguir os templates disponibilizados:<\/p>\n\n\n\n<ul class=\"wp-block-list\">\n<li>LaTeX: Template WebMedia <a href=\"https:\/\/www.overleaf.com\/latex\/templates\/webmedia-template\/ckjcbscxjjjh\">disponibilizado diretamente no Overleaf<\/a>.<\/li>\n\n\n\n<li>Word e LaTeX: Template WebMedia dispon\u00edvel <a href=\"https:\/\/drive.google.com\/file\/d\/1EMwjN7PkLEiwgIlCywla-5xsiiwLz1Wb\/view?usp=drive_link\" target=\"_blank\" rel=\"noreferrer noopener\">neste link<\/a>.<\/li>\n<\/ul>\n\n\n\n<h3 class=\"wp-block-heading\">C\u00d3DIGO DE CONDUTA PARA AUTORES EM PUBLICA\u00c7\u00d5ES DA SBC<\/h3>\n\n\n\n<p>Ao submeterem trabalhos ao WebMedia 2025, os autores reconhecem que est\u00e3o em conformidade com o C\u00f3digo de Conduta para Autores em Publica\u00e7\u00f5es da SBC, o qual est\u00e1 dispon\u00edvel em:&nbsp;<a href=\"https:\/\/sol.sbc.org.br\/index.php\/indice\/conduta\" target=\"_blank\" rel=\"noreferrer noopener\">https:\/\/sol.sbc.org.br\/index.php\/indice\/conduta<\/a><\/p>\n\n\n\n<h3 class=\"wp-block-heading\">PR\u00caMIO WEBMEDIA LF (LUIZ FERNANDO GOMES SOARES DE COMPUTA\u00c7\u00c3O)<\/h3>\n\n\n\n<p>Assim como no ano passado, os trabalhos aceitos em todas as trilhas do WebMedia os quais tenham impacto social, poder\u00e3o concorrer ao Pr\u00eamio WebMedia LF de Computa\u00e7\u00e3o. Os autores de artigos aceitos receber\u00e3o mais informa\u00e7\u00f5es sobre o pr\u00eamio oportunamente.<\/p>\n\n\n\n<h3 class=\"wp-block-heading\">DATAS IMPORTANTES<\/h3>\n\n\n\n<p>Veja em&nbsp;<a href=\"https:\/\/webmedia.org.br\/2025\/datas-importantes\/\" target=\"_blank\" rel=\"noreferrer noopener\">Datas Importantes<\/a>&nbsp;os prazos de submiss\u00e3o para o WFA | Workshop de Ferramentas e Aplica\u00e7\u00f5es.<\/p>\n\n\n\n<h3 class=\"wp-block-heading\">COORDENA\u00c7\u00c3O DO WFA<\/h3>\n\n\n\n<p class=\"notranslate\">Carlos Andr\u00e9 G. Ferraz (UFPE)<br>Carlos Henrique. G. Ferreira (UFOP)<\/p>\n","protected":false},"excerpt":{"rendered":"<p>O Workshop de Ferramentas e Aplica\u00e7\u00f5es \u00e9 um f\u00f3rum importante, voltado \u00e0 participa\u00e7\u00e3o de alunos de cursos t\u00e9cnicos, gradua\u00e7\u00e3o, p\u00f3s-gradua\u00e7\u00e3o (lato e [&hellip;]<\/p>\n","protected":false},"author":3,"featured_media":0,"parent":0,"menu_order":0,"comment_status":"closed","ping_status":"closed","template":"page-templates\/page_fullwidth.php","meta":{"footnotes":""},"class_list":["post-46","page","type-page","status-publish","hentry"],"_links":{"self":[{"href":"https:\/\/webmedia.org.br\/2025\/wp-json\/wp\/v2\/pages\/46","targetHints":{"allow":["GET"]}}],"collection":[{"href":"https:\/\/webmedia.org.br\/2025\/wp-json\/wp\/v2\/pages"}],"about":[{"href":"https:\/\/webmedia.org.br\/2025\/wp-json\/wp\/v2\/types\/page"}],"author":[{"embeddable":true,"href":"https:\/\/webmedia.org.br\/2025\/wp-json\/wp\/v2\/users\/3"}],"replies":[{"embeddable":true,"href":"https:\/\/webmedia.org.br\/2025\/wp-json\/wp\/v2\/comments?post=46"}],"version-history":[{"count":14,"href":"https:\/\/webmedia.org.br\/2025\/wp-json\/wp\/v2\/pages\/46\/revisions"}],"predecessor-version":[{"id":1621,"href":"https:\/\/webmedia.org.br\/2025\/wp-json\/wp\/v2\/pages\/46\/revisions\/1621"}],"wp:attachment":[{"href":"https:\/\/webmedia.org.br\/2025\/wp-json\/wp\/v2\/media?parent=46"}],"curies":[{"name":"wp","href":"https:\/\/api.w.org\/{rel}","templated":true}]}}