{"id":42,"date":"2023-03-11T21:02:28","date_gmt":"2023-03-12T00:02:28","guid":{"rendered":"https:\/\/webmedia.org.br\/2023\/?page_id=42"},"modified":"2025-09-30T07:07:14","modified_gmt":"2025-09-30T10:07:14","slug":"ctic","status":"publish","type":"page","link":"https:\/\/webmedia.org.br\/2025\/ctic\/","title":{"rendered":"CTIC | Concurso de Trabalhos de Inicia\u00e7\u00e3o Cient\u00edfica"},"content":{"rendered":"\n<div class=\"wp-block-cover pages-title\" style=\"min-height:225px;aspect-ratio:unset;\"><span aria-hidden=\"true\" class=\"wp-block-cover__background has-background-dim\"><\/span><img loading=\"lazy\" decoding=\"async\" width=\"1024\" height=\"432\" class=\"wp-block-cover__image-background wp-image-1083\" alt=\"\" src=\"https:\/\/webmedia.org.br\/2025\/wp-content\/uploads\/2025\/04\/1_Site-WEBmedia_2025-1-1024x432.jpg\" style=\"object-position:80% 32%\" data-object-fit=\"cover\" data-object-position=\"80% 32%\" srcset=\"https:\/\/webmedia.org.br\/2025\/wp-content\/uploads\/2025\/04\/1_Site-WEBmedia_2025-1-1024x432.jpg 1024w, https:\/\/webmedia.org.br\/2025\/wp-content\/uploads\/2025\/04\/1_Site-WEBmedia_2025-1-300x126.jpg 300w, https:\/\/webmedia.org.br\/2025\/wp-content\/uploads\/2025\/04\/1_Site-WEBmedia_2025-1-768x324.jpg 768w, https:\/\/webmedia.org.br\/2025\/wp-content\/uploads\/2025\/04\/1_Site-WEBmedia_2025-1-1536x647.jpg 1536w, https:\/\/webmedia.org.br\/2025\/wp-content\/uploads\/2025\/04\/1_Site-WEBmedia_2025-1-2048x863.jpg 2048w, https:\/\/webmedia.org.br\/2025\/wp-content\/uploads\/2025\/04\/1_Site-WEBmedia_2025-1-1000x421.jpg 1000w, https:\/\/webmedia.org.br\/2025\/wp-content\/uploads\/2025\/04\/1_Site-WEBmedia_2025-1-230x97.jpg 230w, https:\/\/webmedia.org.br\/2025\/wp-content\/uploads\/2025\/04\/1_Site-WEBmedia_2025-1-350x148.jpg 350w, https:\/\/webmedia.org.br\/2025\/wp-content\/uploads\/2025\/04\/1_Site-WEBmedia_2025-1-480x202.jpg 480w\" sizes=\"auto, (max-width: 1024px) 100vw, 1024px\" \/><div class=\"wp-block-cover__inner-container is-layout-flow wp-block-cover-is-layout-flow\">\n<p class=\"has-text-align-center main-title notranslate has-x-large-font-size\"><strong>CTIC | Concurso de Trabalhos de Inicia\u00e7\u00e3o Cient\u00edfica<\/strong><\/p>\n<\/div><\/div>\n\n\n\n<p>O <strong>Concurso de Trabalhos de Inicia\u00e7\u00e3o Cient\u00edfica (CTIC)<\/strong> do Simp\u00f3sio Brasileiro de Sistemas Multim\u00eddia e Web (WebMedia) chega \u00e0 sua 5\u00aa (quinta) edi\u00e7\u00e3o em 2025. O objetivo do CTIC \u00e9 incentivar alunos e alunas de todos os cursos de gradua\u00e7\u00e3o a produzirem textos cient\u00edficos originais sobre seus trabalhos acerca de temas relacionados \u00e0s \u00e1reas de Sistemas Multim\u00eddia e Web. Os trabalhos selecionados s\u00e3o publicados como parte integrante dos anais estendidos do WebMedia na <a href=\"https:\/\/sol.sbc.org.br\/index.php\/indice\">biblioteca digital da SBC<\/a> e podem ser premiados durante o evento.<\/p>\n\n\n\n<h3 class=\"wp-block-heading\">T\u00d3PICOS DE INTERESSE<\/h3>\n\n\n\n<p>T\u00f3picos de interesse do CTIC incluem, entre outros:<\/p>\n\n\n\n<ul class=\"wp-block-list\">\n<li>Acessibilidade<\/li>\n\n\n\n<li>Adapta\u00e7\u00e3o e Personaliza\u00e7\u00e3o de Conte\u00fado<\/li>\n\n\n\n<li>Ambientes Inteligentes<\/li>\n\n\n\n<li>Aplica\u00e7\u00f5es Imersivas<\/li>\n\n\n\n<li>Aplica\u00e7\u00f5es Multidispositivos<\/li>\n\n\n\n<li>Autoria e Anota\u00e7\u00e3o<\/li>\n\n\n\n<li>Caracteriza\u00e7\u00e3o, An\u00e1lise, Pesquisa e Recupera\u00e7\u00e3o de Conte\u00fado<\/li>\n\n\n\n<li>Caracteriza\u00e7\u00e3o, An\u00e1lise e Modelagem do Comportamento de Usu\u00e1rios de Sistemas Multim\u00eddia e Web<\/li>\n\n\n\n<li>Codifica\u00e7\u00e3o e Processamento de M\u00eddia<\/li>\n\n\n\n<li>Com\u00e9rcio Eletr\u00f4nico, Economia Digital e Monetiza\u00e7\u00e3o<\/li>\n\n\n\n<li>Computa\u00e7\u00e3o Afetiva<\/li>\n\n\n\n<li>Computa\u00e7\u00e3o M\u00f3vel e Vest\u00edvel<\/li>\n\n\n\n<li>Computa\u00e7\u00e3o Ub\u00edqua e Pervasiva<\/li>\n\n\n\n<li>Confian\u00e7a, Justi\u00e7a, An\u00e1lise de Vieses e Aspectos \u00c9ticos<\/li>\n\n\n\n<li>Consci\u00eancia de Contexto<\/li>\n\n\n\n<li>Crowdsourcing e Crowdsensing<\/li>\n\n\n\n<li>Dados Vinculados e Anota\u00e7\u00f5es Sem\u00e2nticas<\/li>\n\n\n\n<li>Desinforma\u00e7\u00e3o, Discurso de \u00d3dio e Toxicidade Online<\/li>\n\n\n\n<li>Distribui\u00e7\u00e3o, Streaming e Compartilhamento Multim\u00eddia<\/li>\n\n\n\n<li>Engenharia de Documentos, Modelos e Linguagens<\/li>\n\n\n\n<li>Engenharia da Web<\/li>\n\n\n\n<li>Experi\u00eancia do Usu\u00e1rio e QoE<\/li>\n\n\n\n<li>Explicabilidade e Interpretabilidade de Modelos<\/li>\n\n\n\n<li>IA, Aprendizado de M\u00e1quina e Aprendizado Profundo<\/li>\n\n\n\n<li>Intera\u00e7\u00e3o Multiusu\u00e1rio<\/li>\n\n\n\n<li>Intera\u00e7\u00e3o Multimodal<\/li>\n\n\n\n<li>Internet das Coisas (IoT)<\/li>\n\n\n\n<li>Middleware e infraestrutura Distribu\u00edda<\/li>\n\n\n\n<li>Minera\u00e7\u00e3o de Dados de Sistemas Multim\u00eddia e Web<\/li>\n\n\n\n<li>Ontologias, Metadados e Web Sem\u00e2ntica<\/li>\n\n\n\n<li>Processamento de Linguagem Natural<\/li>\n\n\n\n<li>Radicaliza\u00e7\u00e3o Online<\/li>\n\n\n\n<li>Reconhecimento de Atividade Humana, Reconhecimento de Gestos e Linguagem de Sinais<\/li>\n\n\n\n<li>Recursos de Aprendizagem<\/li>\n\n\n\n<li>Redes Sociais e M\u00eddias Sociais<\/li>\n\n\n\n<li>Sa\u00fade Digital e Tecnologias Assistivas<\/li>\n\n\n\n<li>Seguran\u00e7a e Privacidade<\/li>\n\n\n\n<li>Sincroniza\u00e7\u00e3o e Apresenta\u00e7\u00e3o Multim\u00eddia<\/li>\n\n\n\n<li>Sistemas e Aplica\u00e7\u00f5es Multissensoriais<\/li>\n\n\n\n<li>Sistemas de Recomenda\u00e7\u00e3o<\/li>\n\n\n\n<li>Teste e Valida\u00e7\u00e3o de Aplica\u00e7\u00f5es<\/li>\n\n\n\n<li>TV Digital e IPTV<\/li>\n<\/ul>\n\n\n\n<h3 class=\"wp-block-heading\">CRIT\u00c9RIOS PARA PARTICIPA\u00c7\u00c3O<\/h3>\n\n\n\n<p>Podem participar do CTIC 2025 estudantes atualmente matriculados ou que tenham sido diplomados ap\u00f3s <strong>30 de julho de 2024 <\/strong>em Institui\u00e7\u00f5es de Ensino Superior (IES) brasileiras. A situa\u00e7\u00e3o de aluno(a) de gradua\u00e7\u00e3o ou rec\u00e9m-graduado deve ser comprovada com documenta\u00e7\u00e3o apropriada, a qual dever\u00e1 ser enviada por meio da plataforma de submiss\u00e3o de trabalhos.<\/p>\n\n\n\n<p>No caso de trabalhos vinculados a projetos mais amplos (como grupos de pesquisa, disserta\u00e7\u00f5es ou teses), \u00e9 <strong>MANDAT\u00d3RIO<\/strong> que o artigo deixe <strong>EXPL\u00cdCITO<\/strong>:<\/p>\n\n\n\n<ul class=\"wp-block-list\">\n<li>O escopo espec\u00edfico do trabalho submetido;<\/li>\n\n\n\n<li>A rela\u00e7\u00e3o com as demais atividades do projeto;<\/li>\n\n\n\n<li>A <strong>CONTRIBUI\u00c7\u00c3O EFETIVA E DETALHADA <\/strong>do(a) aluno(a) de gradua\u00e7\u00e3o ou do grupo de alunos(as).<\/li>\n<\/ul>\n\n\n\n<p>Trabalhos que n\u00e3o discriminarem de forma clara e objetiva as a\u00e7\u00f5es e o papel do(s) estudante(s) de inicia\u00e7\u00e3o cient\u00edfica ser\u00e3o desconsiderados. A comiss\u00e3o avaliadora priorizar\u00e1 submiss\u00f5es que demonstrem autoria efetiva e participa\u00e7\u00e3o ativa dos graduandos.<\/p>\n\n\n\n<h3 class=\"wp-block-heading\">SELE\u00c7\u00c3O E PREMIA\u00c7\u00c3O<\/h3>\n\n\n\n<p>Cada artigo ser\u00e1 revisado por, pelo menos, dois especialistas. No m\u00ednimo, 5 (cinco) artigos ser\u00e3o selecionados para apresenta\u00e7\u00e3o no CTIC 2025. Para fins de premia\u00e7\u00e3o tamb\u00e9m ser\u00e1 avaliada a qualidade da apresenta\u00e7\u00e3o oral da(o)s aluna(o)s de inicia\u00e7\u00e3o cient\u00edfica. Portanto, trabalhos n\u00e3o apresentados pelos aluno(a)s no CTIC 2025 n\u00e3o concorrer\u00e3o ao pr\u00eamio. Vale salientar que os 3 (tr\u00eas) primeiros colocados (primeiro, segundo e terceiro lugares) receber\u00e3o certificado pela coloca\u00e7\u00e3o e os outros 2 (dois) trabalhos (quarto e quinto lugares) receber\u00e3o certificado de men\u00e7\u00e3o honrosa.<\/p>\n\n\n\n<p>Para ter direito \u00e0 premia\u00e7\u00e3o \u00e9 obrigat\u00f3rio que o(a) aluno(a) respons\u00e1vel pelo trabalho realize a apresenta\u00e7\u00e3o durante o evento.<\/p>\n\n\n\n<p>O quadro abaixo detalha os aspectos a serem avaliados e pontuados pela banca em rela\u00e7\u00e3o ao artigo escrito e \u00e0 apresenta\u00e7\u00e3o oral.<\/p>\n\n\n\n<div class=\"wp-block-group\"><div class=\"wp-block-group__inner-container is-layout-constrained wp-block-group-is-layout-constrained\">\n<figure class=\"wp-block-table\"><table><thead><tr><th class=\"has-text-align-left\" data-align=\"left\"><strong>Item<\/strong><\/th><th class=\"has-text-align-left\" data-align=\"left\"><strong>Crit\u00e9rio<\/strong><\/th><th class=\"has-text-align-left\" data-align=\"left\"><strong>NOTA (De 0 at\u00e9 20)<\/strong><\/th><\/tr><\/thead><tbody><tr><td class=\"has-text-align-left\" data-align=\"left\">1<\/td><td class=\"has-text-align-left\" data-align=\"left\"><strong>Artigo escrito<\/strong><br>Qualidade do texto elaborado; objetivos e quest\u00f5es de pesquisa claros e bem definidos; ader\u00eancia aos t\u00f3picos abordados no WebMedia; etapas da metodologia bem definidas; uso de termos t\u00e9cnicos, afinidade com problemas relevantes da sociedade, viabilidade de aplica\u00e7\u00e3o da t\u00e9cnica e\/ou resultados.<\/td><td class=\"has-text-align-left\" data-align=\"left\"><\/td><\/tr><tr><td class=\"has-text-align-left\" data-align=\"left\">2<\/td><td class=\"has-text-align-left\" data-align=\"left\"><strong>Apresenta\u00e7\u00e3o e desenvolvimento da apresenta\u00e7\u00e3o<\/strong><br>Exatid\u00e3o, profundidade, quantidade e qualidade, sequ\u00eancia l\u00f3gica; propriedade nas exemplifica\u00e7\u00f5es; preocupa\u00e7\u00e3o em relacionar o conte\u00fado com pr\u00e9-requisitos, outros conhecimentos e com as atividades profissionais; distribui\u00e7\u00e3o sequencial do tempo; observ\u00e2ncia do tempo determinado.<\/td><td class=\"has-text-align-left\" data-align=\"left\"><\/td><\/tr><tr><td class=\"has-text-align-left\" data-align=\"left\">3<\/td><td class=\"has-text-align-left\" data-align=\"left\"><strong>Uso de recursos audiovisuais<\/strong><br>Distribui\u00e7\u00e3o do assunto; organiza\u00e7\u00e3o; legibilidade; clareza; oportunidade, adequa\u00e7\u00e3o e qualidade dos recursos.<\/td><td class=\"has-text-align-left\" data-align=\"left\"><\/td><\/tr><tr><td class=\"has-text-align-left\" data-align=\"left\">4<\/td><td class=\"has-text-align-left\" data-align=\"left\"><strong>Discuss\u00e3o<\/strong><br>Comunica\u00e7\u00e3o do apresentador com a plateia e a banca;<br>esclarecimento de d\u00favidas e clareza nas explica\u00e7\u00f5es.<\/td><td class=\"has-text-align-left\" data-align=\"left\"><\/td><\/tr><tr><td class=\"has-text-align-left\" data-align=\"left\">5<\/td><td class=\"has-text-align-left\" data-align=\"left\"><strong>Desempenho do apresentador<br><\/strong>Postura; espontaneidade, movimenta\u00e7\u00e3o; entusiasmo; autocontrole; dic\u00e7\u00e3o; pron\u00fancia; entona\u00e7\u00e3o; ritmo; clareza da exposi\u00e7\u00e3o e das explica\u00e7\u00f5es; uso de recursos motivadores.<\/td><td class=\"has-text-align-left\" data-align=\"left\"><\/td><\/tr><tr><td class=\"has-text-align-left\" data-align=\"left\"><\/td><td class=\"has-text-align-left\" data-align=\"left\"><strong>Total<\/strong><\/td><td class=\"has-text-align-left\" data-align=\"left\"><\/td><\/tr><\/tbody><\/table><\/figure>\n<\/div><\/div>\n\n\n\n<p>Os organizadores do evento se reservam ao direito de n\u00e3o incluir nos anais aqueles trabalhos que, durante o evento, n\u00e3o forem apresentados por um de seus autores ou por algum representante indicado.<\/p>\n\n\n\n<h4 class=\"wp-block-heading\"><strong>NOVIDADE!<\/strong> <\/h4>\n\n\n\n<p>Os melhores trabalhos ser\u00e3o convidados a enviar uma vers\u00e3o estendida do trabalho para publica\u00e7\u00e3o em uma edi\u00e7\u00e3o especial da <strong>Revista Eletr\u00f4nica de Inicia\u00e7\u00e3o Cient\u00edfica em Computa\u00e7\u00e3o (REIC)<\/strong>, ISSN&nbsp;3085-8461, e indexados na biblioteca digital SBC Open Lib (SOL).<\/p>\n\n\n\n<h3 class=\"wp-block-heading\">SUBMISS\u00c3O DE TRABALHOS<\/h3>\n\n\n\n<p>Artigos devem ser escritos em portugu\u00eas ou ingl\u00eas na forma de resumo expandido e dever\u00e3o estar limitados a no m\u00e1ximo <strong>4 (quatro) p\u00e1ginas<\/strong>, incluindo figuras, refer\u00eancias e anexos. A formata\u00e7\u00e3o do texto deve seguir o <em>template<\/em> disponibilizado abaixo e ser enviado em formato PDF. O texto deve incluir, obrigatoriamente, o t\u00edtulo do trabalho, nomes do autor, orientador e coorientador(es) com as respectivas afilia\u00e7\u00f5es, resumo (ou <em>abstract)<\/em>, caracteriza\u00e7\u00e3o do problema e motiva\u00e7\u00e3o, objetivos e contribui\u00e7\u00f5es, trabalhos relacionados e resultados obtidos.<\/p>\n\n\n\n<p>Os candidatos dever\u00e3o submeter seu trabalho eletronicamente pelo Sistema JEMS 3 da SBC, selecionando a <a href=\"https:\/\/jems3.sbc.org.br\/ctic2025\" target=\"_blank\" rel=\"noreferrer noopener\">Trilha do CTIC<\/a>.<\/p>\n\n\n\n<p>Todas as submiss\u00f5es para o CTIC devem seguir os templates disponibilizados:<\/p>\n\n\n\n<ul class=\"wp-block-list\">\n<li>LaTeX: Template WebMedia disponibilizado diretamente no <a href=\"https:\/\/www.overleaf.com\/latex\/templates\/webmedia-template\/ckjcbscxjjjh\">Overleaf<\/a>.<\/li>\n\n\n\n<li>Word: Template WebMedia dispon\u00edvel <a href=\"https:\/\/drive.google.com\/file\/d\/1Zg_fxqL9-TRoPOBGbXnZC6PHGuwcdqmr\/view?usp=drive_link\" target=\"_blank\" rel=\"noreferrer noopener\">neste link<\/a>.<\/li>\n<\/ul>\n\n\n\n<h3 class=\"wp-block-heading\">C\u00d3DIGO DE CONDUTA PARA AUTORES EM PUBLICA\u00c7\u00d5ES DA SBC<\/h3>\n\n\n\n<p>Ao submeterem trabalhos ao WebMedia 2025, os autores reconhecem que est\u00e3o em conformidade com o C\u00f3digo de Conduta para Autores em Publica\u00e7\u00f5es da SBC, o qual est\u00e1 dispon\u00edvel em:&nbsp;<a href=\"https:\/\/sol.sbc.org.br\/index.php\/indice\/conduta\" target=\"_blank\" rel=\"noreferrer noopener\">https:\/\/sol.sbc.org.br\/index.php\/indice\/conduta<\/a><\/p>\n\n\n\n<h3 class=\"wp-block-heading\">PR\u00caMIO WEBMEDIA LF (LUIZ FERNANDO GOMES SOARES DE COMPUTA\u00c7\u00c3O)<\/h3>\n\n\n\n<p>Assim como no ano passado, os trabalhos aceitos em todas as trilhas do WebMedia os quais tenham impacto social, poder\u00e3o concorrer ao Pr\u00eamio WebMedia LF de Computa\u00e7\u00e3o. Os autores de artigos aceitos receber\u00e3o mais informa\u00e7\u00f5es sobre o pr\u00eamio oportunamente.<\/p>\n\n\n\n<h3 class=\"wp-block-heading\">DATAS IMPORTANTES<\/h3>\n\n\n\n<p>Veja em <a href=\"https:\/\/webmedia.org.br\/2025\/datas-importantes\/\">Datas Importantes<\/a> os prazos de submiss\u00e3o para o CTIC \u2013 Concurso de Trabalhos de Inicia\u00e7\u00e3o Cient\u00edfica (IC).<\/p>\n\n\n\n<h3 class=\"wp-block-heading\">COORDENA\u00c7\u00c3O DO CTIC<\/h3>\n\n\n\n<p class=\"notranslate\">Humberto Marques (PUC Minas)<br>Daniel de Sousa Moraes (PUC-Rio)<\/p>\n","protected":false},"excerpt":{"rendered":"<p>O Concurso de Trabalhos de Inicia\u00e7\u00e3o Cient\u00edfica (CTIC) do Simp\u00f3sio Brasileiro de Sistemas Multim\u00eddia e Web (WebMedia) chega \u00e0 sua 5\u00aa (quinta) [&hellip;]<\/p>\n","protected":false},"author":3,"featured_media":0,"parent":0,"menu_order":0,"comment_status":"closed","ping_status":"closed","template":"page-templates\/page_fullwidth.php","meta":{"footnotes":""},"class_list":["post-42","page","type-page","status-publish","hentry"],"_links":{"self":[{"href":"https:\/\/webmedia.org.br\/2025\/wp-json\/wp\/v2\/pages\/42","targetHints":{"allow":["GET"]}}],"collection":[{"href":"https:\/\/webmedia.org.br\/2025\/wp-json\/wp\/v2\/pages"}],"about":[{"href":"https:\/\/webmedia.org.br\/2025\/wp-json\/wp\/v2\/types\/page"}],"author":[{"embeddable":true,"href":"https:\/\/webmedia.org.br\/2025\/wp-json\/wp\/v2\/users\/3"}],"replies":[{"embeddable":true,"href":"https:\/\/webmedia.org.br\/2025\/wp-json\/wp\/v2\/comments?post=42"}],"version-history":[{"count":31,"href":"https:\/\/webmedia.org.br\/2025\/wp-json\/wp\/v2\/pages\/42\/revisions"}],"predecessor-version":[{"id":1797,"href":"https:\/\/webmedia.org.br\/2025\/wp-json\/wp\/v2\/pages\/42\/revisions\/1797"}],"wp:attachment":[{"href":"https:\/\/webmedia.org.br\/2025\/wp-json\/wp\/v2\/media?parent=42"}],"curies":[{"name":"wp","href":"https:\/\/api.w.org\/{rel}","templated":true}]}}