{"id":40,"date":"2023-03-11T21:01:34","date_gmt":"2023-03-12T00:01:34","guid":{"rendered":"https:\/\/webmedia.org.br\/2023\/?page_id=40"},"modified":"2025-08-11T19:03:00","modified_gmt":"2025-08-11T22:03:00","slug":"ctd","status":"publish","type":"page","link":"https:\/\/webmedia.org.br\/2025\/ctd\/","title":{"rendered":"CTD | Concurso de Teses e Disserta\u00e7\u00f5es"},"content":{"rendered":"\n<div class=\"wp-block-cover pages-title\" style=\"min-height:225px;aspect-ratio:unset;\"><span aria-hidden=\"true\" class=\"wp-block-cover__background has-background-dim\"><\/span><img loading=\"lazy\" decoding=\"async\" width=\"1024\" height=\"432\" class=\"wp-block-cover__image-background wp-image-1083\" alt=\"\" src=\"https:\/\/webmedia.org.br\/2025\/wp-content\/uploads\/2025\/04\/1_Site-WEBmedia_2025-1-1024x432.jpg\" style=\"object-position:80% 32%\" data-object-fit=\"cover\" data-object-position=\"80% 32%\" srcset=\"https:\/\/webmedia.org.br\/2025\/wp-content\/uploads\/2025\/04\/1_Site-WEBmedia_2025-1-1024x432.jpg 1024w, https:\/\/webmedia.org.br\/2025\/wp-content\/uploads\/2025\/04\/1_Site-WEBmedia_2025-1-300x126.jpg 300w, https:\/\/webmedia.org.br\/2025\/wp-content\/uploads\/2025\/04\/1_Site-WEBmedia_2025-1-768x324.jpg 768w, https:\/\/webmedia.org.br\/2025\/wp-content\/uploads\/2025\/04\/1_Site-WEBmedia_2025-1-1536x647.jpg 1536w, https:\/\/webmedia.org.br\/2025\/wp-content\/uploads\/2025\/04\/1_Site-WEBmedia_2025-1-2048x863.jpg 2048w, https:\/\/webmedia.org.br\/2025\/wp-content\/uploads\/2025\/04\/1_Site-WEBmedia_2025-1-1000x421.jpg 1000w, https:\/\/webmedia.org.br\/2025\/wp-content\/uploads\/2025\/04\/1_Site-WEBmedia_2025-1-230x97.jpg 230w, https:\/\/webmedia.org.br\/2025\/wp-content\/uploads\/2025\/04\/1_Site-WEBmedia_2025-1-350x148.jpg 350w, https:\/\/webmedia.org.br\/2025\/wp-content\/uploads\/2025\/04\/1_Site-WEBmedia_2025-1-480x202.jpg 480w\" sizes=\"auto, (max-width: 1024px) 100vw, 1024px\" \/><div class=\"wp-block-cover__inner-container is-layout-flow wp-block-cover-is-layout-flow\">\n<p class=\"has-text-align-center main-title notranslate has-x-large-font-size\"><strong>CTD | Concurso de Teses e Disserta\u00e7\u00f5es<\/strong><\/p>\n<\/div><\/div>\n\n\n\n<p>O Concurso de Teses e Disserta\u00e7\u00f5es (CTD) do Simp\u00f3sio Brasileiro de Sistemas Multim\u00eddia e Web (WebMedia 2025) tem como objetivo destacar e divulgar a pesquisa em temas relacionados \u00e0s \u00e1reas de Sistemas Multim\u00eddia e Web na p\u00f3s-gradua\u00e7\u00e3o <em>stricto sensu<\/em>, premiando as melhores Teses e Disserta\u00e7\u00f5es defendidas e aprovadas no Brasil em um per\u00edodo de refer\u00eancia.&nbsp;<\/p>\n\n\n\n<p>A cada edi\u00e7\u00e3o do WebMedia, s\u00e3o selecionadas para publica\u00e7\u00e3o de resumo estendido e apresenta\u00e7\u00e3o durante o Simp\u00f3sio as melhores teses e disserta\u00e7\u00f5es com contribui\u00e7\u00e3o significativa e destacada para a \u00e1rea cient\u00edfica, assim como relevante impacto para a sociedade e para as empresas.<\/p>\n\n\n\n<h3 class=\"wp-block-heading\">CRIT\u00c9RIOS PARA PARTICIPA\u00c7\u00c3O<\/h3>\n\n\n\n<p>Podem enviar trabalhos, para este concurso, doutores e mestres que tenham desenvolvido sua pesquisa com temas relacionados \u00e0s \u00e1reas de Sistemas Multim\u00eddia e Web, que defenderam suas teses ou disserta\u00e7\u00f5es em Programas de P\u00f3s-gradua\u00e7\u00e3o Stricto Sensu de Institui\u00e7\u00f5es de Ensino Superior (IES) brasileiras no <strong>per\u00edodo de 1 de janeiro de 2024 at\u00e9 a data de submiss\u00e3o do CTD<\/strong> e que n\u00e3o tenham sido selecionados em edi\u00e7\u00e3o anterior do concurso.<\/p>\n\n\n\n<h3 class=\"wp-block-heading\">INSTRU\u00c7\u00d5ES PARA AUTORES<\/h3>\n\n\n\n<p>Para participar do concurso, os candidatos dever\u00e3o enviar um resumo estendido que descreva, obrigatoriamente: o interesse do problema tratado na tese ou disserta\u00e7\u00e3o para as \u00e1reas de Sistemas Multim\u00eddia e Web, a metodologia aplicada para a solu\u00e7\u00e3o do problema e as contribui\u00e7\u00f5es do trabalho. Como refer\u00eancia, sugere-se que os candidatos considerem os t\u00f3picos de interesse vigentes da <a href=\"https:\/\/webmedia.org.br\/2025\/trilha-principal\/\">Trilha Principal<\/a> do WebMedia.<\/p>\n\n\n\n<p>O texto do artigo deve conter no m\u00e1ximo 2 (duas) p\u00e1ginas (incluindo figuras, refer\u00eancias e anexos),&nbsp; ser escrito em portugu\u00eas ou em ingl\u00eas e ter como autores o candidato e seu(s) respectivos (co)orientador(es). O texto deve ser formatado de acordo com o padr\u00e3o adotado pelo WebMedia e ser enviado em formato PDF.<\/p>\n\n\n\n<p>Os candidatos devem enviar:<\/p>\n\n\n\n<ol class=\"wp-block-list\">\n<li>Resumo estendido da tese ou disserta\u00e7\u00e3o, respeitando o limite m\u00e1ximo de 2 (duas) p\u00e1ginas;<\/li>\n\n\n\n<li>Documento descrevendo os subprodutos do trabalho (tais como, artigos cient\u00edficos, patentes, bem como quaisquer outros elementos que permitam qualificar o trabalho). O texto tamb\u00e9m pode ser escrito em portugu\u00eas ou em ingl\u00eas e deve ser formatado de acordo com o padr\u00e3o adotado pelo WebMedia e ser enviado em formato PDF;<\/li>\n\n\n\n<li>V\u00eddeo de apresenta\u00e7\u00e3o do trabalho, com, no m\u00e1ximo, 20 minutos. Deve ser enviado um link para acesso ao v\u00eddeo postado no YouTube;<\/li>\n\n\n\n<li>Texto completo da tese ou disserta\u00e7\u00e3o, o qual servir\u00e1 somente como fonte de consulta para os avaliadores sobre os resultados do trabalho;<\/li>\n\n\n\n<li>C\u00f3pia digitalizada do diploma (ou documento que comprove que a tese ou disserta\u00e7\u00e3o foi defendida e aprovada).<\/li>\n<\/ol>\n\n\n\n<h3 class=\"wp-block-heading\">SELE\u00c7\u00c3O, PARTICIPA\u00c7\u00c3O E PREMIA\u00c7\u00c3O<\/h3>\n\n\n\n<p>Todos os trabalhos submetidos passar\u00e3o por uma avalia\u00e7\u00e3o a ser realizada por um comit\u00ea de pesquisadores com reconhecida atua\u00e7\u00e3o na \u00e1rea e experi\u00eancia em orienta\u00e7\u00e3o de teses e disserta\u00e7\u00f5es. O comit\u00ea selecionar\u00e1 as melhores disserta\u00e7\u00f5es de mestrado e teses de doutorado para apresenta\u00e7\u00e3o PRESENCIAL no WebMedia 2025. Todos os trabalhos selecionados ser\u00e3o publicados como resumos estendidos nos Anais do WebMedia 2025. Al\u00e9m disso, os v\u00eddeos dos trabalhos selecionados ser\u00e3o divulgados no canal da Comiss\u00e3o Especial de Sistemas Multim\u00eddia e Web (CE-WebMedia) no YouTube. Os organizadores do evento se reservam ao direito de n\u00e3o incluir nos anais aqueles trabalhos que, durante o evento, n\u00e3o forem apresentados por um de seus autores ou por algum representante indicado.<\/p>\n\n\n\n<p>Para fins de premia\u00e7\u00e3o, o comit\u00ea de avalia\u00e7\u00e3o levar\u00e1 em conta o trabalho desenvolvido na tese ou disserta\u00e7\u00e3o, incluindo os potenciais impactos sociais, cient\u00edficos e tecnol\u00f3gicos para a \u00e1rea. Nesse sentido, \u00e9 importante mencionar que a organiza\u00e7\u00e3o do evento tamb\u00e9m se reserva ao direito de n\u00e3o considerar como concorrente ao pr\u00eamio trabalhos que n\u00e3o tenham sido apresentados pelos doutores e mestres desenvolvedores da pesquisa.<\/p>\n\n\n\n<h3 class=\"wp-block-heading\">SUBMISS\u00c3O DE TRABALHOS<\/h3>\n\n\n\n<p>Cada submiss\u00e3o dever\u00e1 conter os documentos mencionados na se\u00e7\u00e3o <em>Instru\u00e7\u00f5es para os Autores<\/em>. Esses documentos dever\u00e3o ser submetidos eletronicamente pela Plataforma JEMS da SBC, selecionando a <a href=\"https:\/\/jems3.sbc.org.br\/events\/365\" target=\"_blank\" rel=\"noreferrer noopener\">Trilha do CTD<\/a>.&nbsp;<\/p>\n\n\n\n<p>Todas as submiss\u00f5es para o CTD devem seguir os templates disponibilizados:<\/p>\n\n\n\n<p>\u2022 LaTeX: Template WebMedia disponibilizado diretamente no <a href=\"https:\/\/www.overleaf.com\/latex\/templates\/webmedia-template\/ckjcbscxjjjh\">Overleaf<\/a>.<br>\u2022 Word: Template WebMedia dispon\u00edvel <a href=\"https:\/\/drive.google.com\/file\/d\/18jV9mF5KRlxYEwtiN1W050mM0vHvsHgK\/view?usp=drive_link\" target=\"_blank\" rel=\"noreferrer noopener\">neste link<\/a>.<\/p>\n\n\n\n<h3 class=\"wp-block-heading\">C\u00d3DIGO DE CONDUTA PARA AUTORES EM PUBLICA\u00c7\u00d5ES DA SBC<\/h3>\n\n\n\n<p>Ao submeterem trabalhos ao WebMedia 2025, os autores reconhecem que est\u00e3o em conformidade com o C\u00f3digo de Conduta para Autores em Publica\u00e7\u00f5es da SBC, o qual est\u00e1 dispon\u00edvel em:&nbsp;<a href=\"https:\/\/sol.sbc.org.br\/index.php\/indice\/conduta\" target=\"_blank\" rel=\"noreferrer noopener\">https:\/\/sol.sbc.org.br\/index.php\/indice\/conduta<\/a><\/p>\n\n\n\n<h3 class=\"wp-block-heading\">PR\u00caMIO WEBMEDIA LF (LUIZ FERNANDO GOMES SOARES DE COMPUTA\u00c7\u00c3O)<\/h3>\n\n\n\n<p>Assim como no ano passado, os trabalhos aceitos em todas as trilhas do WebMedia os quais tenham impacto social, poder\u00e3o concorrer ao Pr\u00eamio WebMedia LF de Computa\u00e7\u00e3o. Os autores de artigos aceitos receber\u00e3o mais informa\u00e7\u00f5es sobre o pr\u00eamio oportunamente.<\/p>\n\n\n\n<h3 class=\"wp-block-heading\">DATAS IMPORTANTES<\/h3>\n\n\n\n<p>Veja em <a href=\"https:\/\/webmedia.org.br\/2025\/datas-importantes\/\">Datas Importantes<\/a> os prazos de submiss\u00e3o para o CTD \u2013 Concurso de Teses e Disserta\u00e7\u00f5es.<\/p>\n\n\n\n<h3 class=\"wp-block-heading\">COORDENA\u00c7\u00c3O DO CTD<\/h3>\n\n\n\n<p class=\"notranslate\">Julio Cesar Soares dos Reis (UFV)<br>Marcelo Garcia Manzato (USP)<\/p>\n","protected":false},"excerpt":{"rendered":"<p>O Concurso de Teses e Disserta\u00e7\u00f5es (CTD) do Simp\u00f3sio Brasileiro de Sistemas Multim\u00eddia e Web (WebMedia 2025) tem como objetivo destacar e [&hellip;]<\/p>\n","protected":false},"author":3,"featured_media":0,"parent":0,"menu_order":0,"comment_status":"closed","ping_status":"closed","template":"page-templates\/page_fullwidth.php","meta":{"footnotes":""},"class_list":["post-40","page","type-page","status-publish","hentry"],"_links":{"self":[{"href":"https:\/\/webmedia.org.br\/2025\/wp-json\/wp\/v2\/pages\/40","targetHints":{"allow":["GET"]}}],"collection":[{"href":"https:\/\/webmedia.org.br\/2025\/wp-json\/wp\/v2\/pages"}],"about":[{"href":"https:\/\/webmedia.org.br\/2025\/wp-json\/wp\/v2\/types\/page"}],"author":[{"embeddable":true,"href":"https:\/\/webmedia.org.br\/2025\/wp-json\/wp\/v2\/users\/3"}],"replies":[{"embeddable":true,"href":"https:\/\/webmedia.org.br\/2025\/wp-json\/wp\/v2\/comments?post=40"}],"version-history":[{"count":14,"href":"https:\/\/webmedia.org.br\/2025\/wp-json\/wp\/v2\/pages\/40\/revisions"}],"predecessor-version":[{"id":1619,"href":"https:\/\/webmedia.org.br\/2025\/wp-json\/wp\/v2\/pages\/40\/revisions\/1619"}],"wp:attachment":[{"href":"https:\/\/webmedia.org.br\/2025\/wp-json\/wp\/v2\/media?parent=40"}],"curies":[{"name":"wp","href":"https:\/\/api.w.org\/{rel}","templated":true}]}}