{"id":38,"date":"2023-03-11T21:00:55","date_gmt":"2023-03-12T00:00:55","guid":{"rendered":"https:\/\/webmedia.org.br\/2023\/?page_id=38"},"modified":"2025-09-30T17:20:46","modified_gmt":"2025-09-30T20:20:46","slug":"trilha-principal","status":"publish","type":"page","link":"https:\/\/webmedia.org.br\/2025\/trilha-principal\/","title":{"rendered":"Trilha Principal"},"content":{"rendered":"\n<div class=\"wp-block-cover pages-title\" style=\"min-height:225px;aspect-ratio:unset;\"><span aria-hidden=\"true\" class=\"wp-block-cover__background has-background-dim\"><\/span><img loading=\"lazy\" decoding=\"async\" width=\"1024\" height=\"432\" class=\"wp-block-cover__image-background wp-image-1083\" alt=\"\" src=\"https:\/\/webmedia.org.br\/2025\/wp-content\/uploads\/2025\/04\/1_Site-WEBmedia_2025-1-1024x432.jpg\" style=\"object-position:80% 32%\" data-object-fit=\"cover\" data-object-position=\"80% 32%\" srcset=\"https:\/\/webmedia.org.br\/2025\/wp-content\/uploads\/2025\/04\/1_Site-WEBmedia_2025-1-1024x432.jpg 1024w, https:\/\/webmedia.org.br\/2025\/wp-content\/uploads\/2025\/04\/1_Site-WEBmedia_2025-1-300x126.jpg 300w, https:\/\/webmedia.org.br\/2025\/wp-content\/uploads\/2025\/04\/1_Site-WEBmedia_2025-1-768x324.jpg 768w, https:\/\/webmedia.org.br\/2025\/wp-content\/uploads\/2025\/04\/1_Site-WEBmedia_2025-1-1536x647.jpg 1536w, https:\/\/webmedia.org.br\/2025\/wp-content\/uploads\/2025\/04\/1_Site-WEBmedia_2025-1-2048x863.jpg 2048w, https:\/\/webmedia.org.br\/2025\/wp-content\/uploads\/2025\/04\/1_Site-WEBmedia_2025-1-1000x421.jpg 1000w, https:\/\/webmedia.org.br\/2025\/wp-content\/uploads\/2025\/04\/1_Site-WEBmedia_2025-1-230x97.jpg 230w, https:\/\/webmedia.org.br\/2025\/wp-content\/uploads\/2025\/04\/1_Site-WEBmedia_2025-1-350x148.jpg 350w, https:\/\/webmedia.org.br\/2025\/wp-content\/uploads\/2025\/04\/1_Site-WEBmedia_2025-1-480x202.jpg 480w\" sizes=\"auto, (max-width: 1024px) 100vw, 1024px\" \/><div class=\"wp-block-cover__inner-container is-layout-flow wp-block-cover-is-layout-flow\">\n<p class=\"has-text-align-center main-title has-x-large-font-size\">Trilha Principal<\/p>\n<\/div><\/div>\n\n\n\n<p>O Simp\u00f3sio Brasileiro de Sistemas Multim\u00eddia e Web (WebMedia), promovido anualmente pela Sociedade Brasileira de Computa\u00e7\u00e3o (SBC), \u00e9 o principal evento das \u00e1reas de Multim\u00eddia e Web realizado no Brasil e uma excelente oportunidade de interc\u00e2mbios t\u00e9cnico e cient\u00edfico entre alunos, pesquisadores e profissionais envolvidos nessas \u00e1reas.<\/p>\n\n\n\n<p>A 31a. edi\u00e7\u00e3o do WebMedia ser\u00e1 realizada na cidade do Rio de Janeiro, entre os dias 10 e 14 de Novembro de 2025, sob organiza\u00e7\u00e3o da Pontif\u00edcia Universidade Cat\u00f3lica do Rio de Janeiro (PUC-Rio) e do Instituto Militar de Engenharia (IME).<\/p>\n\n\n\n<p>Convidamos a comunidade a compartilhar suas experi\u00eancias e seus resultados de pesquisa, por meio da submiss\u00e3o de artigos para a Trilha Principal do evento, descrevendo solu\u00e7\u00f5es que avancem o estado-da-arte nas \u00e1reas de Multim\u00eddia, Hiperm\u00eddia e Web. Os artigos submetidos ser\u00e3o avaliados em termos de originalidade, qualidade t\u00e9cnica, relev\u00e2ncia, apresenta\u00e7\u00e3o (organiza\u00e7\u00e3o, estilo e clareza) e adequa\u00e7\u00e3o das refer\u00eancias a trabalhos no estado-da-arte dos temas abordados.<\/p>\n\n\n\n<p>Cada artigo submetido ser\u00e1 revisado por, no m\u00ednimo, tr\u00eas membros do Comit\u00ea de Programa e especialistas convidados. A apresenta\u00e7\u00e3o de cada trabalho aceito ser\u00e1 feita presencialmente durante o WebMedia 2025.<\/p>\n\n\n\n<h3 class=\"wp-block-heading\">INSTRU\u00c7\u00d5ES PARA PARTICIPA\u00c7\u00c3O<\/h3>\n\n\n\n<p>Os autores podem submeter <em>artigos completos<\/em> tradicionais, ou <em>artigos de revis\u00e3o<\/em>, ou <em>artigos curtos<\/em>, com limites distintos entre p\u00e1ginas do texto principal e p\u00e1ginas contendo apenas refer\u00eancias bibliogr\u00e1ficas.<\/p>\n\n\n\n<ul class=\"wp-block-list\">\n<li><em>Artigos completos<\/em> tradicionais devem relatar uma pesquisa substancial, fundamentada por resultados completos. Artigos desta categoria est\u00e3o limitados a OITO p\u00e1ginas de texto e mais DUAS p\u00e1ginas de refer\u00eancias.<\/li>\n<\/ul>\n\n\n\n<ul class=\"wp-block-list\">\n<li>NOVIDADE<strong>:<\/strong> <em>Artigos de revis\u00e3o<\/em> devem relatar resultados de revis\u00e3o utilizando abordagens sistematizadas e reprodut\u00edveis, como Revis\u00e3o ou Mapeamento Sistem\u00e1tico. Os textos de revis\u00e3o devem ser did\u00e1ticos e acess\u00edveis, e ajudar na identifica\u00e7\u00e3o de fundamentos, tend\u00eancias e perspectivas do tema. As submiss\u00f5es devem incluir o m\u00e9todo adotado, as ferramentas utilizadas, as estrat\u00e9gias de busca e de sele\u00e7\u00e3o de estudos, al\u00e9m de s\u00edntese os resultados e incluir avalia\u00e7\u00e3o de vi\u00e9s e, quando aplic\u00e1vel, confiabilidade dos resultados. Artigos desta categoria est\u00e3o limitados a DOZE p\u00e1ginas de texto de mais TR\u00caS p\u00e1ginas de refer\u00eancias.<\/li>\n<\/ul>\n\n\n\n<ul class=\"wp-block-list\">\n<li><em>Artigos curtos<\/em> devem descrever resultados parciais de pesquisas em andamento. Artigos desta categoria est\u00e3o limitados a QUATRO p\u00e1ginas de texto de mais UMA p\u00e1gina de refer\u00eancias.&nbsp;<\/li>\n<\/ul>\n\n\n\n<p>Todos os artigos devem apresentar sua contribui\u00e7\u00e3o principal nas \u00e1reas de Multim\u00eddia, Hiperm\u00eddia e Web, e podem estar relacionados, dentre outros, aos seguintes t\u00f3picos de interesse:<\/p>\n\n\n\n<ul class=\"wp-block-list\">\n<li>Revis\u00e3o Sistem\u00e1tica, Mapeamento Sistem\u00e1tico, Meta-an\u00e1lise, Revis\u00e3o R\u00e1pida e Revis\u00e3o de Escopo<\/li>\n\n\n\n<li>Acessibilidade<\/li>\n\n\n\n<li>Adapta\u00e7\u00e3o e Personaliza\u00e7\u00e3o de Conte\u00fado<\/li>\n\n\n\n<li>Ambientes Inteligentes<\/li>\n\n\n\n<li>Aplica\u00e7\u00f5es Imersivas<\/li>\n\n\n\n<li>Aplica\u00e7\u00f5es Multidispositivos<\/li>\n\n\n\n<li>Autoria e Anota\u00e7\u00e3o<\/li>\n\n\n\n<li>Caracteriza\u00e7\u00e3o, An\u00e1lise, Pesquisa e Recupera\u00e7\u00e3o de Conte\u00fado<\/li>\n\n\n\n<li>Caracteriza\u00e7\u00e3o, An\u00e1lise e Modelagem do Comportamento de Usu\u00e1rios de Sistemas Multim\u00eddia e Web<\/li>\n\n\n\n<li>Codifica\u00e7\u00e3o e Processamento de M\u00eddia<\/li>\n\n\n\n<li>Com\u00e9rcio Eletr\u00f4nico, Economia Digital e Monetiza\u00e7\u00e3o<\/li>\n\n\n\n<li>Computa\u00e7\u00e3o Afetiva<\/li>\n\n\n\n<li>Computa\u00e7\u00e3o M\u00f3vel e Vest\u00edvel<\/li>\n\n\n\n<li>Computa\u00e7\u00e3o Ub\u00edqua e Pervasiva<\/li>\n\n\n\n<li>Confian\u00e7a, Justi\u00e7a, An\u00e1lise de Vieses e Aspectos \u00c9ticos<\/li>\n\n\n\n<li>Consci\u00eancia de Contexto<\/li>\n\n\n\n<li>Crowdsourcing e Crowdsensing<\/li>\n\n\n\n<li>Dados Vinculados e Anota\u00e7\u00f5es Sem\u00e2nticas<\/li>\n\n\n\n<li>Desinforma\u00e7\u00e3o, Discurso de \u00d3dio e Toxicidade Online<\/li>\n\n\n\n<li>Distribui\u00e7\u00e3o, Streaming e Compartilhamento Multim\u00eddia<\/li>\n\n\n\n<li>Engenharia de Documentos, Modelos e Linguagens<\/li>\n\n\n\n<li>Engenharia da Web<\/li>\n\n\n\n<li>Experi\u00eancia do Usu\u00e1rio e QoE<\/li>\n\n\n\n<li>Explicabilidade e Interpretabilidade de Modelos<\/li>\n\n\n\n<li>IA, Aprendizado de M\u00e1quina e Aprendizado Profundo<\/li>\n\n\n\n<li>Intera\u00e7\u00e3o Multiusu\u00e1rio<\/li>\n\n\n\n<li>Intera\u00e7\u00e3o Multimodal<\/li>\n\n\n\n<li>Internet das Coisas (IoT)<\/li>\n\n\n\n<li>Middleware e infraestrutura Distribu\u00edda<\/li>\n\n\n\n<li>Minera\u00e7\u00e3o de Dados de Sistemas Multim\u00eddia e Web<\/li>\n\n\n\n<li>Ontologias, Metadados e Web Sem\u00e2ntica<\/li>\n\n\n\n<li>Processamento de Linguagem Natural<\/li>\n\n\n\n<li>Radicaliza\u00e7\u00e3o Online<\/li>\n\n\n\n<li>Reconhecimento de Atividade Humana, Reconhecimento de Gestos e Linguagem de Sinais<\/li>\n\n\n\n<li>Recursos de Aprendizagem<\/li>\n\n\n\n<li>Redes Sociais e M\u00eddias Sociais<\/li>\n\n\n\n<li>Sa\u00fade Digital e Tecnologias Assistivas<\/li>\n\n\n\n<li>Seguran\u00e7a e Privacidade<\/li>\n\n\n\n<li>Sincroniza\u00e7\u00e3o e Apresenta\u00e7\u00e3o Multim\u00eddia<\/li>\n\n\n\n<li>Sistemas e Aplica\u00e7\u00f5es Multissensoriais<\/li>\n\n\n\n<li>Sistemas de Recomenda\u00e7\u00e3o<\/li>\n\n\n\n<li>Teste e Valida\u00e7\u00e3o de Aplica\u00e7\u00f5es<\/li>\n\n\n\n<li>TV Digital e IPTV<\/li>\n<\/ul>\n\n\n\n<p>Os artigos podem ser escritos em portugu\u00eas ou ingl\u00eas, sendo que todos os artigos devem ter o abstract em ingl\u00eas (resumo em portugu\u00eas n\u00e3o \u00e9 obrigat\u00f3rio). Deve-se utilizar as regras de \u201cdouble-blind review\u201d. Isso requer que as identifica\u00e7\u00f5es dos autores sejam substitu\u00eddas por \u201cremoved for double-blind review\u201d no in\u00edcio do artigo e em eventuais refer\u00eancias a seus trabalhos anteriores.<\/p>\n\n\n\n<p>Recomenda-se aos autores que analisem as publica\u00e7\u00f5es anteriores do WebMedia para verificar se o seu tema se encaixa nas linhas de interesse do simp\u00f3sio. Al\u00e9m disso, analisem a pertin\u00eancia de incluir refer\u00eancias a trabalhos relacionados divulgados em edi\u00e7\u00f5es anteriores do WebMedia, visando auxiliar os revisores na avalia\u00e7\u00e3o da contribui\u00e7\u00e3o, em particular, no escopo do WebMedia.<\/p>\n\n\n\n<h3 class=\"wp-block-heading\">NOVIDADE! SUBMISS\u00c3O DOS TRABALHOS<\/h3>\n\n\n\n<p>Os trabalhos devem estar no formato PDF, seguindo o template padr\u00e3o do WebMedia, que est\u00e1 dispon\u00edvel <a href=\"https:\/\/drive.google.com\/file\/d\/1-nHkEYpvn-yksmpEna6mHirA-fMp3-KA\/view\" data-type=\"link\" data-id=\"https:\/\/drive.google.com\/file\/d\/1-nHkEYpvn-yksmpEna6mHirA-fMp3-KA\/view\" target=\"_blank\" rel=\"noreferrer noopener\">neste link<\/a> e tamb\u00e9m dispon\u00edvel para uso no <a href=\"https:\/\/www.overleaf.com\/latex\/templates\/webmedia-template\/ckjcbscxjjjh\" data-type=\"link\" data-id=\"https:\/\/www.overleaf.com\/latex\/templates\/webmedia-template\/ckjcbscxjjjh\" target=\"_blank\" rel=\"noreferrer noopener\">Overleaf<\/a>. Todos os artigos devem ser submetidos eletronicamente pelo Sistema JEMS 3 da SBC, selecionando a <a href=\"https:\/\/jems3.sbc.org.br\/events\/352\" target=\"_blank\" rel=\"noreferrer noopener\">Trilha Correspondente do evento<\/a>.<\/p>\n\n\n\n<h3 class=\"wp-block-heading\">C\u00d3DIGO DE CONDUTA PARA AUTORES EM PUBLICA\u00c7\u00d5ES DA SBC<\/h3>\n\n\n\n<p>Ao submeterem trabalhos ao WebMedia 2025, os autores reconhecem que est\u00e3o em conformidade com o C\u00f3digo de Conduta para Autores em Publica\u00e7\u00f5es da SBC, o qual est\u00e1 dispon\u00edvel em: <a href=\"https:\/\/sol.sbc.org.br\/index.php\/indice\/conduta\" target=\"_blank\" rel=\"noreferrer noopener\">https:\/\/sol.sbc.org.br\/index.php\/indice\/conduta<\/a><\/p>\n\n\n\n<h3 class=\"wp-block-heading\">PUBLICA\u00c7\u00c3O DOS TRABALHOS<\/h3>\n\n\n\n<p>Os artigos completos e curtos aceitos ser\u00e3o publicados na SOL (SBC Open Lib), a biblioteca digital da SBC, na s\u00e9rie Anais do WebMedia, dispon\u00edvel em <a href=\"https:\/\/sol.sbc.org.br\/index.php\/webmedia\/index\" target=\"_blank\" rel=\"noreferrer noopener\">https:\/\/sol.sbc.org.br\/index.php\/webmedia\/index<\/a>. Todos os artigos ser\u00e3o indexados com DOI. Somente ser\u00e3o publicados pela SBC aqueles artigos cujos autores cumpram os prazos estabelecidos para envio da vers\u00e3o final. Al\u00e9m disso, esta publica\u00e7\u00e3o est\u00e1 condicionada \u00e0 inscri\u00e7\u00e3o de pelo menos um dos autores no evento.<\/p>\n\n\n\n<h3 class=\"wp-block-heading\">PR\u00caMIO WEBMEDIA LF (LUIZ FERNANDO GOMES SOARES DE COMPUTA\u00c7\u00c3O)<\/h3>\n\n\n\n<p>Assim como no ano passado, os trabalhos aceitos em todas as trilhas do WebMedia os quais tenham impacto social, poder\u00e3o concorrer ao Pr\u00eamio WebMedia LF de Computa\u00e7\u00e3o. Os autores de artigos aceitos receber\u00e3o mais informa\u00e7\u00f5es sobre o pr\u00eamio oportunamente.<\/p>\n\n\n\n<h3 class=\"wp-block-heading\">DATAS IMPORTANTES<\/h3>\n\n\n\n<p>Veja em <a href=\"https:\/\/webmedia.org.br\/2025\/datas-importantes\/\" data-type=\"page\" data-id=\"20\">Datas Importantes<\/a> os prazos de submiss\u00e3o para a Trilha Principal.<\/p>\n\n\n\n<h3 class=\"wp-block-heading\">COORDENA\u00c7\u00c3O DO COMIT\u00ca DE PROGRAMA<\/h3>\n\n\n\n<p>\n  <span class=\"notranslate\">Carlos de Salles Soares Neto (UFMA)<\/span><br>\n  <span class=\"notranslate\">Alessandra Alaniz Macedo (USP)<\/span><br>\n<\/p>\n","protected":false},"excerpt":{"rendered":"<p>O Simp\u00f3sio Brasileiro de Sistemas Multim\u00eddia e Web (WebMedia), promovido anualmente pela Sociedade Brasileira de Computa\u00e7\u00e3o (SBC), \u00e9 o principal evento das [&hellip;]<\/p>\n","protected":false},"author":3,"featured_media":0,"parent":0,"menu_order":0,"comment_status":"closed","ping_status":"closed","template":"page-templates\/page_fullwidth.php","meta":{"footnotes":""},"class_list":["post-38","page","type-page","status-publish","hentry"],"_links":{"self":[{"href":"https:\/\/webmedia.org.br\/2025\/wp-json\/wp\/v2\/pages\/38","targetHints":{"allow":["GET"]}}],"collection":[{"href":"https:\/\/webmedia.org.br\/2025\/wp-json\/wp\/v2\/pages"}],"about":[{"href":"https:\/\/webmedia.org.br\/2025\/wp-json\/wp\/v2\/types\/page"}],"author":[{"embeddable":true,"href":"https:\/\/webmedia.org.br\/2025\/wp-json\/wp\/v2\/users\/3"}],"replies":[{"embeddable":true,"href":"https:\/\/webmedia.org.br\/2025\/wp-json\/wp\/v2\/comments?post=38"}],"version-history":[{"count":38,"href":"https:\/\/webmedia.org.br\/2025\/wp-json\/wp\/v2\/pages\/38\/revisions"}],"predecessor-version":[{"id":1819,"href":"https:\/\/webmedia.org.br\/2025\/wp-json\/wp\/v2\/pages\/38\/revisions\/1819"}],"wp:attachment":[{"href":"https:\/\/webmedia.org.br\/2025\/wp-json\/wp\/v2\/media?parent=38"}],"curies":[{"name":"wp","href":"https:\/\/api.w.org\/{rel}","templated":true}]}}