{"id":28,"date":"2023-03-11T20:58:19","date_gmt":"2023-03-11T23:58:19","guid":{"rendered":"https:\/\/webmedia.org.br\/2023\/?page_id=28"},"modified":"2025-07-07T15:12:31","modified_gmt":"2025-07-07T18:12:31","slug":"sobre-sbc","status":"publish","type":"page","link":"https:\/\/webmedia.org.br\/2025\/sobre-sbc\/","title":{"rendered":"Sobre a SBC"},"content":{"rendered":"\n<div class=\"wp-block-cover pages-title\" style=\"min-height:225px;aspect-ratio:unset;\"><span aria-hidden=\"true\" class=\"wp-block-cover__background has-background-dim\"><\/span><img loading=\"lazy\" decoding=\"async\" width=\"1024\" height=\"432\" class=\"wp-block-cover__image-background wp-image-1083\" alt=\"\" src=\"https:\/\/webmedia.org.br\/2025\/wp-content\/uploads\/2025\/04\/1_Site-WEBmedia_2025-1-1024x432.jpg\" style=\"object-position:80% 32%\" data-object-fit=\"cover\" data-object-position=\"80% 32%\" srcset=\"https:\/\/webmedia.org.br\/2025\/wp-content\/uploads\/2025\/04\/1_Site-WEBmedia_2025-1-1024x432.jpg 1024w, https:\/\/webmedia.org.br\/2025\/wp-content\/uploads\/2025\/04\/1_Site-WEBmedia_2025-1-300x126.jpg 300w, https:\/\/webmedia.org.br\/2025\/wp-content\/uploads\/2025\/04\/1_Site-WEBmedia_2025-1-768x324.jpg 768w, https:\/\/webmedia.org.br\/2025\/wp-content\/uploads\/2025\/04\/1_Site-WEBmedia_2025-1-1536x647.jpg 1536w, https:\/\/webmedia.org.br\/2025\/wp-content\/uploads\/2025\/04\/1_Site-WEBmedia_2025-1-2048x863.jpg 2048w, https:\/\/webmedia.org.br\/2025\/wp-content\/uploads\/2025\/04\/1_Site-WEBmedia_2025-1-1000x421.jpg 1000w, https:\/\/webmedia.org.br\/2025\/wp-content\/uploads\/2025\/04\/1_Site-WEBmedia_2025-1-230x97.jpg 230w, https:\/\/webmedia.org.br\/2025\/wp-content\/uploads\/2025\/04\/1_Site-WEBmedia_2025-1-350x148.jpg 350w, https:\/\/webmedia.org.br\/2025\/wp-content\/uploads\/2025\/04\/1_Site-WEBmedia_2025-1-480x202.jpg 480w\" sizes=\"auto, (max-width: 1024px) 100vw, 1024px\" \/><div class=\"wp-block-cover__inner-container is-layout-flow wp-block-cover-is-layout-flow\">\n<p class=\"has-text-align-center main-title has-x-large-font-size\">Sobre a SBC<\/p>\n<\/div><\/div>\n\n\n\n<p>A <strong>Sociedade Brasileira de Computa\u00e7\u00e3o &#8211; SBC <\/strong>\u00e9 uma Sociedade Cient\u00edfica sem fins lucrativos, fundada em julho de 1978, que re\u00fane estudantes, professores, profissionais, pesquisadores e entusiastas da \u00e1rea da Computa\u00e7\u00e3o e Inform\u00e1tica de todo o pa\u00eds.<\/p>\n\n\n\n<p>A SBC tem como fun\u00e7\u00e3o fomentar o acesso \u00e0 informa\u00e7\u00e3o e cultura por meio da inform\u00e1tica, promover a inclus\u00e3o digital, incentivar a pesquisa e o ensino em computa\u00e7\u00e3o no Brasil, e contribuir para a forma\u00e7\u00e3o do profissional da computa\u00e7\u00e3o com responsabilidade social.<\/p>\n\n\n\n<p>Para organiza\u00e7\u00e3o e divulga\u00e7\u00e3o de atividades, a\u00e7\u00f5es e eventos cient\u00edficos, t\u00e9cnicos, educacionais e pol\u00edticos, a SBC mant\u00e9m uma estrutura de tr\u00eas tipos de Grupos Tem\u00e1ticos (GT), que s\u00e3o as Grandes \u00c1reas (GA), as Comiss\u00f5es Especiais (CE) e os Grupos de Interesses (GI). Estes grupos re\u00fanem associados com interesses comuns em sub\u00e1reas da computa\u00e7\u00e3o.<\/p>\n\n\n\n<p>Aqui voc\u00ea est\u00e1 acessando o site de uma das <strong>Comiss\u00f5es Especiais (CE) da SBC<\/strong>, que representa um grupo de associados da SBC que compartilham dos interesses e valores em determinada \u00e1rea da Computa\u00e7\u00e3o. Associados vigentes podem se inscrever nas <a rel=\"noreferrer noopener\" href=\"https:\/\/www.sbc.org.br\/403-comissoes-especiais\" target=\"_blank\">listas de e-mail das Comiss\u00f5es Especiais (CE)<\/a> da \u00e1rea que deseja acompanhar. Se voc\u00ea ainda n\u00e3o \u00e9 um associado ou deseja renovar sua associa\u00e7\u00e3o \u00e0 nossa comunidade<a rel=\"noreferrer noopener\" href=\"https:\/\/centraldesistemas.sbc.org.br\/mom\" target=\"_blank\"> clique aqui <\/a>e venha fazer parte da maior e mais importante sociedade cient\u00edfica na \u00e1rea de computa\u00e7\u00e3o da Am\u00e9rica Latina!<\/p>\n","protected":false},"excerpt":{"rendered":"<p>A Sociedade Brasileira de Computa\u00e7\u00e3o &#8211; SBC \u00e9 uma Sociedade Cient\u00edfica sem fins lucrativos, fundada em julho de 1978, que re\u00fane estudantes, [&hellip;]<\/p>\n","protected":false},"author":3,"featured_media":0,"parent":0,"menu_order":0,"comment_status":"closed","ping_status":"closed","template":"page-templates\/page_fullwidth.php","meta":{"footnotes":""},"class_list":["post-28","page","type-page","status-publish","hentry"],"_links":{"self":[{"href":"https:\/\/webmedia.org.br\/2025\/wp-json\/wp\/v2\/pages\/28","targetHints":{"allow":["GET"]}}],"collection":[{"href":"https:\/\/webmedia.org.br\/2025\/wp-json\/wp\/v2\/pages"}],"about":[{"href":"https:\/\/webmedia.org.br\/2025\/wp-json\/wp\/v2\/types\/page"}],"author":[{"embeddable":true,"href":"https:\/\/webmedia.org.br\/2025\/wp-json\/wp\/v2\/users\/3"}],"replies":[{"embeddable":true,"href":"https:\/\/webmedia.org.br\/2025\/wp-json\/wp\/v2\/comments?post=28"}],"version-history":[{"count":9,"href":"https:\/\/webmedia.org.br\/2025\/wp-json\/wp\/v2\/pages\/28\/revisions"}],"predecessor-version":[{"id":1546,"href":"https:\/\/webmedia.org.br\/2025\/wp-json\/wp\/v2\/pages\/28\/revisions\/1546"}],"wp:attachment":[{"href":"https:\/\/webmedia.org.br\/2025\/wp-json\/wp\/v2\/media?parent=28"}],"curies":[{"name":"wp","href":"https:\/\/api.w.org\/{rel}","templated":true}]}}