{"id":2525,"date":"2025-11-24T18:01:40","date_gmt":"2025-11-24T21:01:40","guid":{"rendered":"https:\/\/webmedia.org.br\/2025\/?page_id=2525"},"modified":"2025-11-28T19:36:42","modified_gmt":"2025-11-28T22:36:42","slug":"premiacoes","status":"publish","type":"page","link":"https:\/\/webmedia.org.br\/2025\/premiacoes\/","title":{"rendered":"Premia\u00e7\u00f5es"},"content":{"rendered":"\n<div class=\"wp-block-cover pages-title\" style=\"min-height:225px;aspect-ratio:unset;\"><span aria-hidden=\"true\" class=\"wp-block-cover__background has-background-dim\"><\/span><img loading=\"lazy\" decoding=\"async\" width=\"1024\" height=\"432\" class=\"wp-block-cover__image-background wp-image-1083\" alt=\"\" src=\"https:\/\/webmedia.org.br\/2025\/wp-content\/uploads\/2025\/04\/1_Site-WEBmedia_2025-1-1024x432.jpg\" style=\"object-position:80% 32%\" data-object-fit=\"cover\" data-object-position=\"80% 32%\" srcset=\"https:\/\/webmedia.org.br\/2025\/wp-content\/uploads\/2025\/04\/1_Site-WEBmedia_2025-1-1024x432.jpg 1024w, https:\/\/webmedia.org.br\/2025\/wp-content\/uploads\/2025\/04\/1_Site-WEBmedia_2025-1-300x126.jpg 300w, https:\/\/webmedia.org.br\/2025\/wp-content\/uploads\/2025\/04\/1_Site-WEBmedia_2025-1-768x324.jpg 768w, https:\/\/webmedia.org.br\/2025\/wp-content\/uploads\/2025\/04\/1_Site-WEBmedia_2025-1-1536x647.jpg 1536w, https:\/\/webmedia.org.br\/2025\/wp-content\/uploads\/2025\/04\/1_Site-WEBmedia_2025-1-2048x863.jpg 2048w, https:\/\/webmedia.org.br\/2025\/wp-content\/uploads\/2025\/04\/1_Site-WEBmedia_2025-1-1000x421.jpg 1000w, https:\/\/webmedia.org.br\/2025\/wp-content\/uploads\/2025\/04\/1_Site-WEBmedia_2025-1-230x97.jpg 230w, https:\/\/webmedia.org.br\/2025\/wp-content\/uploads\/2025\/04\/1_Site-WEBmedia_2025-1-350x148.jpg 350w, https:\/\/webmedia.org.br\/2025\/wp-content\/uploads\/2025\/04\/1_Site-WEBmedia_2025-1-480x202.jpg 480w\" sizes=\"auto, (max-width: 1024px) 100vw, 1024px\" \/><div class=\"wp-block-cover__inner-container is-layout-flow wp-block-cover-is-layout-flow\">\n<p class=\"has-text-align-center main-title has-x-large-font-size\">Premia\u00e7\u00f5es WebMedia 2025<\/p>\n<\/div><\/div>\n\n\n\n<div class=\"wp-block-columns is-layout-flex wp-container-core-columns-is-layout-9d6595d7 wp-block-columns-is-layout-flex\">\n<div class=\"wp-block-column is-layout-flow wp-block-column-is-layout-flow\">\n<p><a href=\"#completos\" data-type=\"internal\" data-id=\"#completos\">Trilha Principal &#8211; Artigos Completos<\/a><\/p>\n\n\n\n<p><a href=\"#curtos\">Trilha Principal &#8211; Artigos Curtos<\/a><\/p>\n\n\n\n<p><a href=\"#premiolf\">Pr\u00eamio WebMedia LF 2025<\/a><\/p>\n\n\n\n<p><a href=\"#dissertacoes\">CTD &#8211; Disserta\u00e7\u00f5es<\/a><\/p>\n<\/div>\n\n\n\n<div class=\"wp-block-column is-layout-flow wp-block-column-is-layout-flow\">\n<p><a href=\"#teses\">CTD &#8211; Teses<\/a><\/p>\n\n\n\n<p><a href=\"#ctic\">CTIC | Concurso de Trabalhos de Inicia\u00e7\u00e3o Cient\u00edfica<\/a><\/p>\n\n\n\n<p><a href=\"#wfa\">WFA | Workshop de Ferramentas e Aplica\u00e7\u00f5es<\/a><\/p>\n\n\n\n<p><a href=\"#w4e\">W4E | WebMedia for Everyone<\/a><\/p>\n<\/div>\n<\/div>\n\n\n\n<h2 class=\"wp-block-heading\" id=\"completos\"><mark style=\"background-color:rgba(0, 0, 0, 0);color:#003399\" class=\"has-inline-color\">Trilha Principal &#8211; Artigos Completos<\/mark><\/h2>\n\n\n\n<p class=\"tag-best\">MELHOR ARTIGO<\/p>\n\n\n\n<h4 class=\"wp-block-heading\"><strong>Entre o Acesso e a Prote\u00e7\u00e3o \u2013 Um Estudo sobre Verifica\u00e7\u00e3o de Idade e Seguran\u00e7a Infantil em Plataformas Digitais<\/strong><\/h4>\n\n\n\n<p class=\"notranslate\">Andr\u00e9 Andrade (UFRPE), George Augusto Valen\u00e7a Santos (UFRPE)<\/p>\n\n\n\n<p class=\"tag-mencao\">MEN\u00c7\u00c3O HONROSA<\/p>\n\n\n\n<h4 class=\"wp-block-heading\"><strong>A Misoginia no YouTube Brasileiro: Um Estudo de Caso sobre o Conte\u00fado Produzido pela Comunidade Red Pill<\/strong><\/h4>\n\n\n\n<p class=\"notranslate\">Victor Martins (UFMG), L\u00edvia Caroline Rodrigues Pereira (UFMG), Sophia Eduarda Vieira Serafim (DCC\/UFMG), Amanda Fernandes Alves (UFMG), Carlos Henrique Gomes Ferreira (UFOP), Jussara Almeida (UFMG)<\/p>\n\n\n\n<h2 class=\"wp-block-heading\" id=\"curtos\"><mark style=\"background-color:rgba(0, 0, 0, 0);color:#003399\" class=\"has-inline-color\">Trilha Principal &#8211; Artigos Curtos<\/mark><\/h2>\n\n\n\n<p class=\"tag-best\">MELHOR ARTIGO<\/p>\n\n\n\n<h4 class=\"wp-block-heading\"><strong>A Lightweight I3D-Based Approach for Real-Time Brazilian Sign Language Recognition<\/strong><\/h4>\n\n\n\n<p class=\"notranslate\">Victor Costa (UFPEL), Leandro Tavares (UFPEL), Ruhan Concei\u00e7\u00e3o (Federal University of Pelotas), Luciano Volcan Agostini (UFPEL), Brenda Salenave Santana (UFPEL), Tatiana Bolivar Lebedeff (UFPEL), Guilherme Corr\u00eaa (Federal University of Pelotas)<\/p>\n\n\n\n<p class=\"tag-mencao\">MEN\u00c7\u00c3O HONROSA<\/p>\n\n\n\n<h4 class=\"wp-block-heading best\"><strong>Fast VVC Angular Intra-Prediction for 360\u00b0 Videos Based on Decision Trees<\/strong><\/h4>\n\n\n\n<p class=\"notranslate\">Ramiro Viana (Federal University of Pelotas), Iago Storch (Federal University of Pelotas), Rog\u00e9rio Rosado (UFPEL), Marcelo Schiavon Porto (Federal University of Pelotas), Guilherme Corr\u00eaa (Federal University of Pelotas), Luciano Volcan Agostini (UFPEL)&nbsp;<\/p>\n\n\n\n<h2 class=\"wp-block-heading\" id=\"premiolf\"><mark style=\"background-color:rgba(0, 0, 0, 0);color:#003399\" class=\"has-inline-color\">Pr\u00eamio WebMedia LF 2025<\/mark><\/h2>\n\n\n\n<p class=\"tag-best\">MELHOR ARTIGO<\/p>\n\n\n\n<h4 class=\"wp-block-heading\"><strong>Dermalyze: uma aplica\u00e7\u00e3o para aux\u00edlio \u00e0 triagem de les\u00f5es de pele baseado em aprendizado profundo<\/strong><\/h4>\n\n\n\n<p class=\"notranslate\">Eduarda Magesk (UFES), Luis Souza Jr., Patricia Frasson, Andr\u00e9 Pacheco (UFES)<\/p>\n\n\n\n<p class=\"tag-mencao\">MEN\u00c7\u00c3O HONROSA<\/p>\n\n\n\n<h4 class=\"wp-block-heading\"><strong>Automatic 3D animation generation for Sign Language: A case study of Sign Language Machine Translation<\/strong><\/h4>\n\n\n\n<p class=\"notranslate\">Luisa Martins Lemos de Souza (UFPB), St\u00eanio Ferreira (UFPB), Manuella Aschoff (UFPB), Daniel Faustino Lacerda Souza (UFPB), Tiago Maritan (UFPB)<\/p>\n\n\n\n<p class=\"tag-mencao\">MEN\u00c7\u00c3O HONROSA<\/p>\n\n\n\n<h4 class=\"wp-block-heading\"><strong>Curso de Intelig\u00eancia Artificial para Idosos &#8211; Inclus\u00e3o Digital e Bem-Estar em Sa\u00fade<\/strong><\/h4>\n\n\n\n<p class=\"notranslate\">Caroline Lira (ICMC\/USP), Kamila Rodrigues (ICMC\/USP)<\/p>\n\n\n\n<h2 class=\"wp-block-heading\" id=\"dissertacoes\"><mark style=\"background-color:rgba(0, 0, 0, 0);color:#003399\" class=\"has-inline-color\"><mark style=\"background-color:rgba(0, 0, 0, 0);color:#003399\" class=\"has-inline-color\">CTD | Concurso de Teses e Disserta\u00e7\u00f5es<\/mark> &#8211; Disserta\u00e7\u00f5es<\/mark><\/h2>\n\n\n\n<p class=\"tag-best\">MELHOR DISSERTA\u00c7\u00c3O<\/p>\n\n\n\n<h4 class=\"wp-block-heading\"><strong>Um Estudo sobre Espalhamento de Desinforma\u00e7\u00e3o em Comunidades Antivacina no Telegram<\/strong><\/h4>\n\n\n\n<p>Athus Cavalini (IFES), Giovanni Comarela (UFES)<\/p>\n\n\n\n<p class=\"tag-mencao\">MEN\u00c7\u00c3O HONROSA<\/p>\n\n\n\n<h4 class=\"wp-block-heading\"><strong>Aprendizado de M\u00e1quina Aplicado \u00e0 Redu\u00e7\u00e3o do Custo Computacional do Test Zone Search e da Estima\u00e7\u00e3o de Movimento Affine do Codificador VVC<\/strong><\/h4>\n\n\n\n<p>Ramiro Viana (UFPEL), Luciano Volcan Agostini (UFPEL)<\/p>\n\n\n\n<p class=\"tag-mencao\">MEN\u00c7\u00c3O HONROSA<\/p>\n\n\n\n<h4 class=\"wp-block-heading\"><strong>Redu\u00e7\u00e3o de Custo Computacional da Codifica\u00e7\u00e3o de Nuvens de Pontos Din\u00e2mica<\/strong><\/h4>\n\n\n\n<p>Gustavo Rehbein (UFPEL), Marcelo Schiavon Porto (UFPEL), Guilherme Corr\u00eaa (UFPEL), Cristiano Flores dos Santos (UFPEL)<\/p>\n\n\n\n<p class=\"tag-mencao\">MEN\u00c7\u00c3O HONROSA<\/p>\n\n\n\n<h4 class=\"wp-block-heading\"><strong>Uma arquitetura de sensoriamento social para suporte \u00e0 comunica\u00e7\u00e3o n\u00e3o planejada no contexto de viol\u00eancia urbana no projeto CidadeSocial<\/strong><\/h4>\n\n\n\n<p>Eliel Roger da Silva (UFRJ), Tiago Cruz de Fran\u00e7a (UFRRJ), Jonice Oliveira (UFRJ)<\/p>\n\n\n\n<h2 class=\"wp-block-heading\" id=\"teses\"><mark style=\"background-color:rgba(0, 0, 0, 0);color:#003399\" class=\"has-inline-color\">CTD | Concurso de Teses e Disserta\u00e7\u00f5es &#8211; Teses<\/mark><\/h2>\n\n\n\n<p class=\"tag-best\">MELHOR TESE<\/p>\n\n\n\n<h4 class=\"wp-block-heading\"><strong>A Comprehensive Exploitation of Instance Selection Methods for Automatic Text Classification: Doing More with Less<\/strong><\/h4>\n\n\n\n<p>Washington Cunha (UFMG), Leonardo Rocha (UFSJ), Marcos Andr\u00e9 Gon\u00e7alves (UFMG)<\/p>\n\n\n\n<p class=\"tag-mencao\">MEN\u00c7\u00c3O HONROSA<\/p>\n\n\n\n<h4 class=\"wp-block-heading\"><strong>A Computational Framework for Auditing Targeted Advertising<\/strong><\/h4>\n\n\n\n<p>M\u00e1rcio Aparecido Inacio da silva (UFMS), Fabricio Benevenuto (UFMG)<\/p>\n\n\n\n<p class=\"tag-mencao\">MEN\u00c7\u00c3O HONROSA<\/p>\n\n\n\n<h4 class=\"wp-block-heading\"><strong>Autoria Semiautom\u00e1tica de Efeitos Sensoriais em V\u00eddeos 360\u25e6<\/strong><\/h4>\n\n\n\n<p>Raphael S. Abreu (UFF), Joel Andr\u00e9 Ferreira dos Santos (CEFET\/RJ), Debora C. Muchaluat-Saade (UFF)<\/p>\n\n\n\n<p class=\"tag-mencao\">MEN\u00c7\u00c3O HONROSA<\/p>\n\n\n\n<h4 class=\"wp-block-heading\"><strong>Enhancing Knowledge Graphs with Large Language Models: Contributions to E-commerce Question Answering Systems<\/strong><\/h4>\n\n\n\n<p>Andre Gomes Regino (UNICAMP), Julio Cesar Dos Reis (UNICAMP)<\/p>\n\n\n\n<h2 class=\"wp-block-heading\" id=\"ctic\"><mark style=\"background-color:rgba(0, 0, 0, 0);color:#003399\" class=\"has-inline-color\">CTIC | Concurso de Trabalhos de Inicia\u00e7\u00e3o Cient\u00edfica<\/mark><\/h2>\n\n\n\n<p class=\"tag-best\">MELHOR ARTIGO<\/p>\n\n\n\n<h4 class=\"wp-block-heading\"><strong>Modelos de Linguagem na An\u00e1lise da Promo\u00e7\u00e3o de Jogos de Azar Online: Estudo de Caso do Jogo do Tigrinho no YouTube<\/strong><\/h4>\n\n\n\n<p>Jessica Costa (UFOP), Leonardo Rocha (UFSJ), Carlos Henrique Gomes Ferreira (UFOP)<\/p>\n\n\n\n<p class=\"tag-mencao\">MEN\u00c7\u00c3O HONROSA<\/p>\n\n\n\n<h4 class=\"wp-block-heading\"><strong>An\u00e1lise Aprimorada das Percep\u00e7\u00f5es dos Usu\u00e1rios por Meio de Abordagens de Processamento de Linguagem Natural<\/strong><\/h4>\n\n\n\n<p>Ana Cl\u00e1udia Machado (UFSJ), Gabriel Prenassi (UFSJ), Elisa Tuler (UFSJ), Leonardo Rocha (UFSJ)<\/p>\n\n\n\n<p class=\"tag-mencao\">MEN\u00c7\u00c3O HONROSA<\/p>\n\n\n\n<h4 class=\"wp-block-heading\"><strong>Desenvolvimento de Software para Videolaringosc\u00f3pio Assistivo de Baixo Custo Aplicado ao Treinamento e Ensino de Laringoscopia<\/strong><\/h4>\n\n\n\n<p>Thiago Guimar\u00e3es Rebello Mendon\u00e7a de Alc\u00e2ntara (PESC\/UFRJ), Bruno Pedra\u00e7a de Souza (COPPE\/UFRJ), Guilherme Horta Travassos (COPPE\/UFRJ)<\/p>\n\n\n\n<p class=\"tag-mencao\">MEN\u00c7\u00c3O HONROSA<\/p>\n\n\n\n<h4 class=\"wp-block-heading\"><strong>Revers\u00e3o anagl\u00edfica baseada em m\u00e9todo r\u00e1pido<\/strong><\/h4>\n\n\n\n<p>Felipe Carneiro Machado (USP\/ICMC), Rudinei Goularte (USP)<\/p>\n\n\n\n<h2 class=\"wp-block-heading\" id=\"wfa\"><mark style=\"background-color:rgba(0, 0, 0, 0);color:#003399\" class=\"has-inline-color\">WFA | Workshop de Ferramentas e Aplica\u00e7\u00f5es<\/mark><\/h2>\n\n\n\n<p class=\"tag-best\">MELHOR ARTIGO<\/p>\n\n\n\n<h4 class=\"wp-block-heading\"><strong>Yuma: Gera\u00e7\u00e3o de Workflows Multiagentes a partir de Linguagem Natural.<\/strong>&nbsp;<\/h4>\n\n\n\n<p>Andr\u00e9 Neves (UFCG), Daniel Mantovani (UFCG), Ca\u00edque Campelo (UFCG), Gabriel Souza (UFCG), D\u00e9bora Souza (UFCG), Beatriz Furtado (UFCG), Leandro Balby (UFCG), Eliane Ara\u00fajo (UFCG)<\/p>\n\n\n\n<p class=\"tag-mencao\">MEN\u00c7\u00c3O HONROSA<\/p>\n\n\n\n<h4 class=\"wp-block-heading\"><strong>Florescer entre Sons e Sil\u00eancios: Ferramenta de Apoio \u00e0 Classifica\u00e7\u00e3o de Vocaliza\u00e7\u00f5es N\u00e3o Verbais com Intelig\u00eancia Artificial.<\/strong>&nbsp;<\/h4>\n\n\n\n<p>Fernanda Floriano Silva (USP), Alessandra Alaniz Macedo (USP)<\/p>\n\n\n\n<p class=\"tag-mencao\">MEN\u00c7\u00c3O HONROSA<\/p>\n\n\n\n<h4 class=\"wp-block-heading\"><strong>TelepresenceVR: Ferramenta para Telemedicina Imersiva e Interativa.<\/strong>&nbsp;<\/h4>\n\n\n\n<p>Joviro Rocha Neto (UFG), Thiago Moura (UFG), Is\u00e1cio Galeano, Eliomar Ara\u00fajo Lima (UFG), Fabio M. Costa (UFG)<\/p>\n\n\n\n<h2 class=\"wp-block-heading\" id=\"w4e\"><mark style=\"background-color:rgba(0, 0, 0, 0);color:#003399\" class=\"has-inline-color\">W4E | WebMedia for Everyone<\/mark><\/h2>\n\n\n\n<p class=\"tag-best\">MELHOR ARTIGO<\/p>\n\n\n\n<h4 class=\"wp-block-heading\"><strong>Transformando a Presen\u00e7a Feminina em Computa\u00e7\u00e3o a partir de Oficinas de Programa\u00e7\u00e3o em Python<\/strong><\/h4>\n\n\n\n<p>Fernanda dos Santos Coutinho (UFJF), Ana Carolina Junqueira e Silva (UFJF), Hanna Velten (UFJF), Raphaela Oliveira (UFJF), Lara da S Dias (UFJF), Alessandreia Marta de Oliveira (UFJF), Pedro Henrique Dias Valle (USP)<\/p>\n\n\n\n<p class=\"tag-mencao\">MEN\u00c7\u00c3O HONROSA<\/p>\n\n\n\n<h4 class=\"wp-block-heading\"><strong>Dev.Learn \u2013 Relato de experi\u00eancia de um curso de extens\u00e3o para ensinar a desenvolver sites<\/strong><\/h4>\n\n\n\n<p>Miguel Tomazini (ICMC\/USP), Let\u00edcia J\u00f6nck (ICMC\/USP), Gabriel dos Santos (ICMC\/USP), Pedro Paffaro (ICMC\/USP), Sarita Mazzini Bruschi (ICMC\/USP)<\/p>\n\n\n\n<p class=\"tag-mencao\">MEN\u00c7\u00c3O HONROSA<\/p>\n\n\n\n<h4 class=\"wp-block-heading\"><strong>Ganesh: um grupo de extens\u00e3o para ensino de Seguran\u00e7a da Informa\u00e7\u00e3o do ICMC\/USP<\/strong><\/h4>\n\n\n\n<p>Felipe Mendes Salles (ICMC\/USP), Emelly Marinho (ICMC\/USP), Renan Parpinelli Scarpin (ICMC\/USP), Gabriel de Melo Cruz (ICMC\/USP), Kalinka Regina Lucas Jaquie Castelo Branco (ICMC\/USP)<\/p>\n","protected":false},"excerpt":{"rendered":"<p>Trilha Principal &#8211; Artigos Completos Trilha Principal &#8211; Artigos Curtos Pr\u00eamio WebMedia LF 2025 CTD &#8211; Disserta\u00e7\u00f5es CTD &#8211; Teses CTIC | [&hellip;]<\/p>\n","protected":false},"author":3,"featured_media":0,"parent":0,"menu_order":0,"comment_status":"closed","ping_status":"closed","template":"","meta":{"footnotes":""},"class_list":["post-2525","page","type-page","status-publish","hentry"],"_links":{"self":[{"href":"https:\/\/webmedia.org.br\/2025\/wp-json\/wp\/v2\/pages\/2525","targetHints":{"allow":["GET"]}}],"collection":[{"href":"https:\/\/webmedia.org.br\/2025\/wp-json\/wp\/v2\/pages"}],"about":[{"href":"https:\/\/webmedia.org.br\/2025\/wp-json\/wp\/v2\/types\/page"}],"author":[{"embeddable":true,"href":"https:\/\/webmedia.org.br\/2025\/wp-json\/wp\/v2\/users\/3"}],"replies":[{"embeddable":true,"href":"https:\/\/webmedia.org.br\/2025\/wp-json\/wp\/v2\/comments?post=2525"}],"version-history":[{"count":12,"href":"https:\/\/webmedia.org.br\/2025\/wp-json\/wp\/v2\/pages\/2525\/revisions"}],"predecessor-version":[{"id":2556,"href":"https:\/\/webmedia.org.br\/2025\/wp-json\/wp\/v2\/pages\/2525\/revisions\/2556"}],"wp:attachment":[{"href":"https:\/\/webmedia.org.br\/2025\/wp-json\/wp\/v2\/media?parent=2525"}],"curies":[{"name":"wp","href":"https:\/\/api.w.org\/{rel}","templated":true}]}}