{"id":24,"date":"2023-03-11T20:57:33","date_gmt":"2023-03-11T23:57:33","guid":{"rendered":"https:\/\/webmedia.org.br\/2023\/?page_id=24"},"modified":"2025-10-31T12:06:07","modified_gmt":"2025-10-31T15:06:07","slug":"local","status":"publish","type":"page","link":"https:\/\/webmedia.org.br\/2025\/local\/","title":{"rendered":"Local do Evento"},"content":{"rendered":"\n<div class=\"wp-block-cover pages-title\" style=\"min-height:225px;aspect-ratio:unset;\"><span aria-hidden=\"true\" class=\"wp-block-cover__background has-background-dim\"><\/span><img loading=\"lazy\" decoding=\"async\" width=\"1024\" height=\"432\" class=\"wp-block-cover__image-background wp-image-1083\" alt=\"\" src=\"https:\/\/webmedia.org.br\/2025\/wp-content\/uploads\/2025\/04\/1_Site-WEBmedia_2025-1-1024x432.jpg\" style=\"object-position:80% 32%\" data-object-fit=\"cover\" data-object-position=\"80% 32%\" srcset=\"https:\/\/webmedia.org.br\/2025\/wp-content\/uploads\/2025\/04\/1_Site-WEBmedia_2025-1-1024x432.jpg 1024w, https:\/\/webmedia.org.br\/2025\/wp-content\/uploads\/2025\/04\/1_Site-WEBmedia_2025-1-300x126.jpg 300w, https:\/\/webmedia.org.br\/2025\/wp-content\/uploads\/2025\/04\/1_Site-WEBmedia_2025-1-768x324.jpg 768w, https:\/\/webmedia.org.br\/2025\/wp-content\/uploads\/2025\/04\/1_Site-WEBmedia_2025-1-1536x647.jpg 1536w, https:\/\/webmedia.org.br\/2025\/wp-content\/uploads\/2025\/04\/1_Site-WEBmedia_2025-1-2048x863.jpg 2048w, https:\/\/webmedia.org.br\/2025\/wp-content\/uploads\/2025\/04\/1_Site-WEBmedia_2025-1-1000x421.jpg 1000w, https:\/\/webmedia.org.br\/2025\/wp-content\/uploads\/2025\/04\/1_Site-WEBmedia_2025-1-230x97.jpg 230w, https:\/\/webmedia.org.br\/2025\/wp-content\/uploads\/2025\/04\/1_Site-WEBmedia_2025-1-350x148.jpg 350w, https:\/\/webmedia.org.br\/2025\/wp-content\/uploads\/2025\/04\/1_Site-WEBmedia_2025-1-480x202.jpg 480w\" sizes=\"auto, (max-width: 1024px) 100vw, 1024px\" \/><div class=\"wp-block-cover__inner-container is-layout-flow wp-block-cover-is-layout-flow\">\n<p class=\"has-text-align-center main-title has-x-large-font-size\">Local do Evento<\/p>\n<\/div><\/div>\n\n\n\n<iframe src=\"https:\/\/www.google.com\/maps\/embed?pb=!1m18!1m12!1m3!1d3673.1979771048327!2d-43.23597692486075!3d-22.979746279203763!2m3!1f0!2f0!3f0!3m2!1i1024!2i768!4f13.1!3m3!1m2!1s0x9bd5ca02b99d7b%3A0xf49ca71057d61fe8!2sPontif%C3%ADcia%20Universidade%20Cat%C3%B3lica%20do%20Rio%20de%20Janeiro%20(PUC-Rio)!5e0!3m2!1spt-BR!2sbr!4v1759250921842!5m2!1spt-BR!2sbr\" width=\"100%\" height=\"400\" style=\"border:0;\" allowfullscreen=\"\" loading=\"lazy\" referrerpolicy=\"no-referrer-when-downgrade\"><\/iframe>\n\n\n\n<h3 class=\"wp-block-heading\">Sobre o campus<\/h3>\n\n\n\n<div class=\"wp-block-columns are-vertically-aligned-center is-layout-flex wp-container-core-columns-is-layout-9d6595d7 wp-block-columns-is-layout-flex\">\n<div class=\"wp-block-column is-vertically-aligned-center is-layout-flow wp-block-column-is-layout-flow\">\n<p>A Pontif\u00edcia Universidade Cat\u00f3lica do Rio de Janeiro est\u00e1 situada \u00e0&nbsp;<strong>Rua Marqu\u00eas de S\u00e3o Vicente, 225<\/strong>, no Bairro da G\u00e1vea, na Zona Sul da cidade do Rio de Janeiro.<\/p>\n\n\n\n<p><strong>A PUC-RIO possui dois acessos principais:<\/strong><\/p>\n\n\n\n<p>&#8211; Rua Marqu\u00eas de S\u00e3o Vicente, 225 (com entrada exclusiva para pedestres)<br>&#8211; Rua Pe. Leonel Franca (com entrada para ve\u00edculos e pedestres)<\/p>\n<\/div>\n\n\n\n<div class=\"wp-block-column is-vertically-aligned-center is-layout-flow wp-block-column-is-layout-flow\">\n<figure class=\"wp-block-image size-full is-resized\"><img loading=\"lazy\" decoding=\"async\" width=\"978\" height=\"720\" src=\"https:\/\/webmedia.org.br\/2025\/wp-content\/uploads\/2025\/09\/img_campus_banner_index.jpg\" alt=\"\" class=\"wp-image-1870\" style=\"width:365px;height:auto\" srcset=\"https:\/\/webmedia.org.br\/2025\/wp-content\/uploads\/2025\/09\/img_campus_banner_index.jpg 978w, https:\/\/webmedia.org.br\/2025\/wp-content\/uploads\/2025\/09\/img_campus_banner_index-300x221.jpg 300w, https:\/\/webmedia.org.br\/2025\/wp-content\/uploads\/2025\/09\/img_campus_banner_index-768x565.jpg 768w, https:\/\/webmedia.org.br\/2025\/wp-content\/uploads\/2025\/09\/img_campus_banner_index-230x169.jpg 230w, https:\/\/webmedia.org.br\/2025\/wp-content\/uploads\/2025\/09\/img_campus_banner_index-350x258.jpg 350w, https:\/\/webmedia.org.br\/2025\/wp-content\/uploads\/2025\/09\/img_campus_banner_index-480x353.jpg 480w\" sizes=\"auto, (max-width: 978px) 100vw, 978px\" \/><\/figure>\n<\/div>\n<\/div>\n\n\n<div class=\"wp-block-image\">\n<figure class=\"aligncenter size-large is-resized\"><img loading=\"lazy\" decoding=\"async\" width=\"1024\" height=\"768\" src=\"https:\/\/webmedia.org.br\/2025\/wp-content\/uploads\/2025\/10\/mapa_webmedia-1024x768.png\" alt=\"\" class=\"wp-image-2467\" style=\"width:705px;height:auto\" srcset=\"https:\/\/webmedia.org.br\/2025\/wp-content\/uploads\/2025\/10\/mapa_webmedia-1024x768.png 1024w, https:\/\/webmedia.org.br\/2025\/wp-content\/uploads\/2025\/10\/mapa_webmedia-300x225.png 300w, https:\/\/webmedia.org.br\/2025\/wp-content\/uploads\/2025\/10\/mapa_webmedia-768x576.png 768w, https:\/\/webmedia.org.br\/2025\/wp-content\/uploads\/2025\/10\/mapa_webmedia-1000x750.png 1000w, https:\/\/webmedia.org.br\/2025\/wp-content\/uploads\/2025\/10\/mapa_webmedia-230x173.png 230w, https:\/\/webmedia.org.br\/2025\/wp-content\/uploads\/2025\/10\/mapa_webmedia-350x263.png 350w, https:\/\/webmedia.org.br\/2025\/wp-content\/uploads\/2025\/10\/mapa_webmedia-480x360.png 480w, https:\/\/webmedia.org.br\/2025\/wp-content\/uploads\/2025\/10\/mapa_webmedia.png 1520w\" sizes=\"auto, (max-width: 1024px) 100vw, 1024px\" \/><\/figure>\n<\/div>","protected":false},"excerpt":{"rendered":"<p>Sobre o campus A Pontif\u00edcia Universidade Cat\u00f3lica do Rio de Janeiro est\u00e1 situada \u00e0&nbsp;Rua Marqu\u00eas de S\u00e3o Vicente, 225, no Bairro da [&hellip;]<\/p>\n","protected":false},"author":3,"featured_media":0,"parent":0,"menu_order":0,"comment_status":"closed","ping_status":"closed","template":"page-templates\/page_fullwidth.php","meta":{"footnotes":""},"class_list":["post-24","page","type-page","status-publish","hentry"],"_links":{"self":[{"href":"https:\/\/webmedia.org.br\/2025\/wp-json\/wp\/v2\/pages\/24","targetHints":{"allow":["GET"]}}],"collection":[{"href":"https:\/\/webmedia.org.br\/2025\/wp-json\/wp\/v2\/pages"}],"about":[{"href":"https:\/\/webmedia.org.br\/2025\/wp-json\/wp\/v2\/types\/page"}],"author":[{"embeddable":true,"href":"https:\/\/webmedia.org.br\/2025\/wp-json\/wp\/v2\/users\/3"}],"replies":[{"embeddable":true,"href":"https:\/\/webmedia.org.br\/2025\/wp-json\/wp\/v2\/comments?post=24"}],"version-history":[{"count":31,"href":"https:\/\/webmedia.org.br\/2025\/wp-json\/wp\/v2\/pages\/24\/revisions"}],"predecessor-version":[{"id":2469,"href":"https:\/\/webmedia.org.br\/2025\/wp-json\/wp\/v2\/pages\/24\/revisions\/2469"}],"wp:attachment":[{"href":"https:\/\/webmedia.org.br\/2025\/wp-json\/wp\/v2\/media?parent=24"}],"curies":[{"name":"wp","href":"https:\/\/api.w.org\/{rel}","templated":true}]}}