{"id":2328,"date":"2025-10-17T14:24:27","date_gmt":"2025-10-17T17:24:27","guid":{"rendered":"https:\/\/webmedia.org.br\/2025\/?page_id=2328"},"modified":"2025-11-05T11:06:53","modified_gmt":"2025-11-05T14:06:53","slug":"ctd-programacao","status":"publish","type":"page","link":"https:\/\/webmedia.org.br\/2025\/ctd-programacao\/","title":{"rendered":"CTD | Concurso de Teses e Disserta\u00e7\u00f5es &#8211; Programa\u00e7\u00e3o"},"content":{"rendered":"\n<div class=\"wp-block-cover pages-title\" style=\"min-height:225px;aspect-ratio:unset;\"><span aria-hidden=\"true\" class=\"wp-block-cover__background has-background-dim\"><\/span><img loading=\"lazy\" decoding=\"async\" width=\"1024\" height=\"432\" class=\"wp-block-cover__image-background wp-image-1083\" alt=\"\" src=\"https:\/\/webmedia.org.br\/2025\/wp-content\/uploads\/2025\/04\/1_Site-WEBmedia_2025-1-1024x432.jpg\" style=\"object-position:80% 32%\" data-object-fit=\"cover\" data-object-position=\"80% 32%\" srcset=\"https:\/\/webmedia.org.br\/2025\/wp-content\/uploads\/2025\/04\/1_Site-WEBmedia_2025-1-1024x432.jpg 1024w, https:\/\/webmedia.org.br\/2025\/wp-content\/uploads\/2025\/04\/1_Site-WEBmedia_2025-1-300x126.jpg 300w, https:\/\/webmedia.org.br\/2025\/wp-content\/uploads\/2025\/04\/1_Site-WEBmedia_2025-1-768x324.jpg 768w, https:\/\/webmedia.org.br\/2025\/wp-content\/uploads\/2025\/04\/1_Site-WEBmedia_2025-1-1536x647.jpg 1536w, https:\/\/webmedia.org.br\/2025\/wp-content\/uploads\/2025\/04\/1_Site-WEBmedia_2025-1-2048x863.jpg 2048w, https:\/\/webmedia.org.br\/2025\/wp-content\/uploads\/2025\/04\/1_Site-WEBmedia_2025-1-1000x421.jpg 1000w, https:\/\/webmedia.org.br\/2025\/wp-content\/uploads\/2025\/04\/1_Site-WEBmedia_2025-1-230x97.jpg 230w, https:\/\/webmedia.org.br\/2025\/wp-content\/uploads\/2025\/04\/1_Site-WEBmedia_2025-1-350x148.jpg 350w, https:\/\/webmedia.org.br\/2025\/wp-content\/uploads\/2025\/04\/1_Site-WEBmedia_2025-1-480x202.jpg 480w\" sizes=\"auto, (max-width: 1024px) 100vw, 1024px\" \/><div class=\"wp-block-cover__inner-container is-layout-flow wp-block-cover-is-layout-flow\">\n<p class=\"has-text-align-center main-title notranslate has-x-large-font-size\"><strong>CTD | Concurso de Teses e Disserta\u00e7\u00f5es<\/strong> &#8211; Programa\u00e7\u00e3o<\/p>\n<\/div><\/div>\n\n\n\n<div class=\"wp-block-buttons is-content-justification-center is-layout-flex wp-container-core-buttons-is-layout-16018d1d wp-block-buttons-is-layout-flex\">\n<div class=\"wp-block-button\"><a class=\"wp-block-button__link has-white-color has-text-color has-link-color wp-element-button\" href=\"https:\/\/webmedia.org.br\/2025\/wp-content\/uploads\/2025\/11\/Programacao-Geral.pdf\" target=\"_blank\" rel=\"noreferrer noopener\">Baixe a programa\u00e7\u00e3o geral<\/a><\/div>\n<\/div>\n\n\n\n<h3 class=\"wp-block-heading\"><strong><mark style=\"background-color:rgba(0, 0, 0, 0);color:#003399\" class=\"has-inline-color\">CTD I:<\/mark><\/strong><\/h3>\n\n\n\n<h5 class=\"wp-block-heading\"><strong><mark style=\"background-color:rgba(0, 0, 0, 0);color:#003399\" class=\"has-inline-color\">Ter\u00e7a-feira (11\/11), das 08:30 \u00e0s 10:30 &#8211; Local: Mini Audit\u00f3rio RDC<\/mark><\/strong><\/h5>\n\n\n\n<h4 class=\"wp-block-heading\"><strong>Aprendizado de M\u00e1quina Aplicado \u00e0 Redu\u00e7\u00e3o do Custo Computacional do Test Zone Search e da Estima\u00e7\u00e3o de Movimento Affine do Codificador VVC<\/strong><\/h4>\n\n\n\n<p class=\"notranslate\">Ramiro Viana (UFPEL), Luciano Volcan Agostini (UFPEL)<\/p>\n\n\n\n<h4 class=\"wp-block-heading\"><strong>Planejamento autom\u00e1tico de tratamento odontol\u00f3gico<\/strong><\/h4>\n\n\n\n<p class=\"notranslate\">Alexander Scaranti (USP), Alessandra Alaniz Macedo (USP)<\/p>\n\n\n\n<h4 class=\"wp-block-heading\"><strong>Redu\u00e7\u00e3o de Custo Computacional da Codifica\u00e7\u00e3o de Nuvens de Pontos Din\u00e2mica<\/strong><\/h4>\n\n\n\n<p class=\"notranslate\">Gustavo Rehbein (UFPEL), Marcelo Schiavon Porto (UFPEL), Guilherme Corr\u00eaa (UFPEL), Cristiano Flores dos Santos (UFPEL)<\/p>\n\n\n\n<h4 class=\"wp-block-heading\"><strong>Um Estudo sobre Espalhamento de Desinforma\u00e7\u00e3o em Comunidades Antivacina no Telegram<\/strong><\/h4>\n\n\n\n<p class=\"notranslate\">Athus Cavalini (IFES), Giovanni Comarela (UFES)<\/p>\n\n\n\n<h4 class=\"wp-block-heading\"><strong>Uma arquitetura de sensoriamento social para suporte \u00e0 comunica\u00e7\u00e3o n\u00e3o planejada no contexto de viol\u00eancia urbana no projeto CidadeSocial<\/strong><\/h4>\n\n\n\n<p class=\"notranslate\">Eliel Roger da Silva (UFRJ), Tiago Cruz de Fran\u00e7a (UFRRJ), Jonice Oliveira (UFRJ)<\/p>\n\n\n\n<h3 class=\"wp-block-heading\"><strong><mark style=\"background-color:rgba(0, 0, 0, 0);color:#003399\" class=\"has-inline-color\">CTD II:<\/mark><\/strong><\/h3>\n\n\n\n<h5 class=\"wp-block-heading\"><strong><mark style=\"background-color:rgba(0, 0, 0, 0);color:#003399\" class=\"has-inline-color\">Ter\u00e7a-feira (11\/11), das 14:00 \u00e0s 16:00 &#8211; Local: Mini Audit\u00f3rio RDC<\/mark><\/strong><\/h5>\n\n\n\n<h4 class=\"wp-block-heading\"><strong>A Comprehensive Exploitation of Instance Selection Methods for Automatic Text Classification: Doing More with Less<\/strong><\/h4>\n\n\n\n<p>Washington Cunha (UFMG), Leonardo Rocha (UFSJ), Marcos Andr\u00e9 Gon\u00e7alves (UFMG)<\/p>\n\n\n\n<h4 class=\"wp-block-heading\"><strong>A Computational Framework for Auditing Targeted Advertising<\/strong><\/h4>\n\n\n\n<p class=\"notranslate\">M\u00e1rcio Aparecido Inacio da silva (UFMS), Fabricio Benevenuto (UFMG)<\/p>\n\n\n\n<h4 class=\"wp-block-heading\"><strong>An exploration of recommender systems explanation paradigms<\/strong><\/h4>\n\n\n\n<p class=\"notranslate\">Andr\u00e9 Zanon (University College Cork), Leonardo Rocha (UFSJ), Marcelo G. Manzato (USP)<\/p>\n\n\n\n<h4 class=\"wp-block-heading\"><strong>Enhancing Knowledge Graphs with Large Language Models: Contributions to E-commerce Question Answering Systems<\/strong><\/h4>\n\n\n\n<p class=\"notranslate\">Andre Gomes Regino (UNICAMP), Julio Cesar Dos Reis (Instituto de Computa\u00e7\u00e3o da Universidade Estadual de Campinas)<\/p>\n\n\n\n<h4 class=\"wp-block-heading\"><strong>Semi-automatic Authoring of Sensory Effects in 360\u25e6 Videos<\/strong><\/h4>\n\n\n\n<p class=\"notranslate\">Raphael S. Abreu (UFF), Joel Andr\u00e9 Ferreira dos Santos (CEFET\/RJ), Debora C. Muchaluat-Saade (UFF)<\/p>\n\n\n\n<h4 class=\"wp-block-heading\"><strong>Socially Responsible and Explainable Automated Fact-Checking and Hate Speech Detection<\/strong><\/h4>\n\n\n\n<p class=\"notranslate\">Francielle Vargas (USP), Thiago Pardo (USP\/ICMC), Fabricio Benevenuto (UFMG)<\/p>\n","protected":false},"excerpt":{"rendered":"<p>CTD I: Ter\u00e7a-feira (11\/11), das 08:30 \u00e0s 10:30 &#8211; Local: Mini Audit\u00f3rio RDC Aprendizado de M\u00e1quina Aplicado \u00e0 Redu\u00e7\u00e3o do Custo Computacional [&hellip;]<\/p>\n","protected":false},"author":3,"featured_media":0,"parent":0,"menu_order":0,"comment_status":"closed","ping_status":"closed","template":"","meta":{"footnotes":""},"class_list":["post-2328","page","type-page","status-publish","hentry"],"_links":{"self":[{"href":"https:\/\/webmedia.org.br\/2025\/wp-json\/wp\/v2\/pages\/2328","targetHints":{"allow":["GET"]}}],"collection":[{"href":"https:\/\/webmedia.org.br\/2025\/wp-json\/wp\/v2\/pages"}],"about":[{"href":"https:\/\/webmedia.org.br\/2025\/wp-json\/wp\/v2\/types\/page"}],"author":[{"embeddable":true,"href":"https:\/\/webmedia.org.br\/2025\/wp-json\/wp\/v2\/users\/3"}],"replies":[{"embeddable":true,"href":"https:\/\/webmedia.org.br\/2025\/wp-json\/wp\/v2\/comments?post=2328"}],"version-history":[{"count":3,"href":"https:\/\/webmedia.org.br\/2025\/wp-json\/wp\/v2\/pages\/2328\/revisions"}],"predecessor-version":[{"id":2477,"href":"https:\/\/webmedia.org.br\/2025\/wp-json\/wp\/v2\/pages\/2328\/revisions\/2477"}],"wp:attachment":[{"href":"https:\/\/webmedia.org.br\/2025\/wp-json\/wp\/v2\/media?parent=2328"}],"curies":[{"name":"wp","href":"https:\/\/api.w.org\/{rel}","templated":true}]}}