{"id":2238,"date":"2025-10-14T11:44:35","date_gmt":"2025-10-14T14:44:35","guid":{"rendered":"https:\/\/webmedia.org.br\/2025\/?page_id=2238"},"modified":"2025-11-05T11:08:55","modified_gmt":"2025-11-05T14:08:55","slug":"w4e-programacao","status":"publish","type":"page","link":"https:\/\/webmedia.org.br\/2025\/w4e-programacao\/","title":{"rendered":"W4E | WebMedia for Everyone &#8211; Programa\u00e7\u00e3o"},"content":{"rendered":"\n<div class=\"wp-block-cover pages-title\" style=\"min-height:225px;aspect-ratio:unset;\"><span aria-hidden=\"true\" class=\"wp-block-cover__background has-background-dim\"><\/span><img loading=\"lazy\" decoding=\"async\" width=\"1024\" height=\"432\" class=\"wp-block-cover__image-background wp-image-1083\" alt=\"\" src=\"https:\/\/webmedia.org.br\/2025\/wp-content\/uploads\/2025\/04\/1_Site-WEBmedia_2025-1-1024x432.jpg\" style=\"object-position:80% 32%\" data-object-fit=\"cover\" data-object-position=\"80% 32%\" srcset=\"https:\/\/webmedia.org.br\/2025\/wp-content\/uploads\/2025\/04\/1_Site-WEBmedia_2025-1-1024x432.jpg 1024w, https:\/\/webmedia.org.br\/2025\/wp-content\/uploads\/2025\/04\/1_Site-WEBmedia_2025-1-300x126.jpg 300w, https:\/\/webmedia.org.br\/2025\/wp-content\/uploads\/2025\/04\/1_Site-WEBmedia_2025-1-768x324.jpg 768w, https:\/\/webmedia.org.br\/2025\/wp-content\/uploads\/2025\/04\/1_Site-WEBmedia_2025-1-1536x647.jpg 1536w, https:\/\/webmedia.org.br\/2025\/wp-content\/uploads\/2025\/04\/1_Site-WEBmedia_2025-1-2048x863.jpg 2048w, https:\/\/webmedia.org.br\/2025\/wp-content\/uploads\/2025\/04\/1_Site-WEBmedia_2025-1-1000x421.jpg 1000w, https:\/\/webmedia.org.br\/2025\/wp-content\/uploads\/2025\/04\/1_Site-WEBmedia_2025-1-230x97.jpg 230w, https:\/\/webmedia.org.br\/2025\/wp-content\/uploads\/2025\/04\/1_Site-WEBmedia_2025-1-350x148.jpg 350w, https:\/\/webmedia.org.br\/2025\/wp-content\/uploads\/2025\/04\/1_Site-WEBmedia_2025-1-480x202.jpg 480w\" sizes=\"auto, (max-width: 1024px) 100vw, 1024px\" \/><div class=\"wp-block-cover__inner-container is-layout-flow wp-block-cover-is-layout-flow\">\n<p class=\"has-text-align-center main-title notranslate has-x-large-font-size\">W4E | WebMedia for Everyone &#8211; Programa\u00e7\u00e3o<\/p>\n<\/div><\/div>\n\n\n\n<div class=\"wp-block-buttons is-content-justification-center is-layout-flex wp-container-core-buttons-is-layout-16018d1d wp-block-buttons-is-layout-flex\">\n<div class=\"wp-block-button\"><a class=\"wp-block-button__link has-white-color has-text-color has-link-color wp-element-button\" href=\"https:\/\/webmedia.org.br\/2025\/wp-content\/uploads\/2025\/11\/Programacao-Geral.pdf\" target=\"_blank\" rel=\"noreferrer noopener\">Baixe a programa\u00e7\u00e3o geral<\/a><\/div>\n<\/div>\n\n\n\n<h3 class=\"wp-block-heading\"><strong><mark style=\"background-color:rgba(0, 0, 0, 0);color:#003399\" class=\"has-inline-color\">W4E I:<\/mark><\/strong><\/h3>\n\n\n\n<h5 class=\"wp-block-heading\"><strong><mark style=\"background-color:rgba(0, 0, 0, 0);color:#003399\" class=\"has-inline-color\">Quarta-feira (11\/11), das 08:30 \u00e0s 10:30 &#8211; Local: Ed. Leme Sala 548<\/mark><\/strong><\/h5>\n\n\n\n<h4 class=\"wp-block-heading\"><strong>Abertura<\/strong><\/h4>\n\n\n\n<h4 class=\"wp-block-heading\"><strong>Como a tecnologia pode ajudar os idosos a se comunicarem sobre temas sens\u00edveis?<\/strong><\/h4>\n\n\n\n<p class=\"notranslate\">Vinicius Galv\u00e3o (ICMC\/USP), Denise Casatti (ICMC\/USP), Kamila Rodrigues (ICMC\/USP)<\/p>\n\n\n\n<h4 class=\"wp-block-heading\"><strong>Curso de Intelig\u00eancia Artificial para Idosos: Inclus\u00e3o Digital e Bem-Estar em Sa\u00fade<\/strong><\/h4>\n\n\n\n<p class=\"notranslate\">Caroline Lira (ICMC\/USP), Kamila Rodrigues (ICMC\/USP)<\/p>\n\n\n\n<h4 class=\"wp-block-heading\"><strong>Dev.Learn &#8211; Relato de experi\u00eancia de um curso de extens\u00e3o para ensinar a desenvolver sites<\/strong><\/h4>\n\n\n\n<p class=\"notranslate\">Miguel Tomazini (ICMC\/USP), Let\u00edcia J\u00f6nck (ICMC\/USP), Gabriel dos Santos (ICMC\/USP), Pedro Paffaro (ICMC\/USP), Sarita Mazzini Bruschi (ICMC\/USP)<\/p>\n\n\n\n<h4 class=\"wp-block-heading\"><strong>Ganesh: um grupo de extens\u00e3o para ensino de Seguran\u00e7a da Informa\u00e7\u00e3o do ICMC\/USP<\/strong><\/h4>\n\n\n\n<p class=\"notranslate\">Felipe Mendes Salles (ICMC\/USP), Emelly Marinho (ICMC\/USP), Renan Parpinelli Scarpin (ICMC\/USP), Gabriel de Melo Cruz (ICMC\/USP), Kalinka Regina Lucas Jaquie Castelo Branco (ICMC\/USP)<\/p>\n\n\n\n<h4 class=\"wp-block-heading\"><strong>Inform\u00e1tica para Terceira Idade: Socializa\u00e7\u00e3o e Inclus\u00e3o Digital do P\u00fablico Idoso<\/strong><\/h4>\n\n\n\n<p class=\"notranslate\">Vit\u00f3ria Dutra de Carvalho, Luis Reis (ICMC\/USP), Maria Fernanda Lima da Silva (ICMC\/USP), Caio Lucas Indalecio (ICMC\/USP), Kamila Rodrigues (ICMC\/USP), Lucas Pascotti Valem (ICMC\/USP)<\/p>\n\n\n\n<h4 class=\"wp-block-heading\"><strong>Promoting Gender Inclusion in Computing: An Experience Report on a National Web Development School for Girls<\/strong><\/h4>\n\n\n\n<p class=\"notranslate\">Brena Ribeiro (ICMC\/USP), Tha\u00eds Lauriano (ICMC\/USP), Lina Garc\u00e9s (ICMC\/USP)<\/p>\n\n\n\n<h4 class=\"wp-block-heading\"><strong>Transformando a Presen\u00e7a Feminina em Computa\u00e7\u00e3o a partir de Oficinas de Programa\u00e7\u00e3o em Python<\/strong><\/h4>\n\n\n\n<p class=\"notranslate\">Fernanda dos Santos Coutinho (UFJF), Ana Carolina Junqueira e Silva (UFJF), Hanna Velten (UFJF), Raphaela Oliveira (UFJF), Lara da S Dias (UFJF), Alessandreia Marta de Oliveira (UFJF), Pedro Henrique Dias Valle (USP)<\/p>\n\n\n\n<h4 class=\"wp-block-heading\"><strong>Encerramento da primeira parte do W4E<\/strong><\/h4>\n\n\n\n<h2 class=\"wp-block-heading\"><strong><mark style=\"background-color:rgba(0, 0, 0, 0);color:#003399\" class=\"has-inline-color\">W4E II:<\/mark><\/strong><\/h2>\n\n\n\n<h5 class=\"wp-block-heading\"><strong><mark style=\"background-color:rgba(0, 0, 0, 0);color:#003399\" class=\"has-inline-color\">Quarta-feira (11\/11), das 14:00 \u00e0s 16:00 &#8211; Local: <strong><mark style=\"background-color:rgba(0, 0, 0, 0);color:#003399\" class=\"has-inline-color\">Ed. Leme Sala 548<\/mark><\/strong><\/mark><\/strong><\/h5>\n\n\n\n<h3 class=\"wp-block-heading\"><strong><mark style=\"background-color:rgba(0, 0, 0, 0);color:#003399\" class=\"has-inline-color\">Roda de Conversa &#8211; das 14:00 \u00e0s 14:40<\/mark><\/strong><\/h3>\n\n\n\n<h4 class=\"wp-block-heading\"><strong>Tema: <\/strong>Os vieses da IA generativa e como as minorias t\u00eam sido representadas<\/h4>\n\n\n\n<p><strong>Convidados:<\/strong> Profa. Dra. Mariza Ferro (UFF) e Dr. Vagner Santana (Ceweb.br | NIC.br)<\/p>\n\n\n\n<p><strong>Mediadoras:<\/strong> Kamila Rodrigues (USP), Bruna Cunha (USP) e Leo Ribeiro (USP)<\/p>\n\n\n\n<figure class=\"wp-block-image size-full is-resized\"><img loading=\"lazy\" decoding=\"async\" width=\"232\" height=\"309\" src=\"https:\/\/webmedia.org.br\/2025\/wp-content\/uploads\/2025\/10\/marizaferro.png\" alt=\"A professora Mariza tem pele branca, cabelos loiros na altura dos ombros e \u00f3culos de aro grosso marrom tartaruga, est\u00e1 olhando diretamente para a c\u00e2mera. Ela veste uma blusa cor-de-rosa p\u00eassego de manga curta e est\u00e1 em um ambiente interno. A ilumina\u00e7\u00e3o \u00e9 suave e o fundo desfocado revela uma parede de tijolos \u00e0 vista e algumas prateleiras ou objetos no canto superior direito.\" class=\"wp-image-2258\" style=\"width:206px;height:auto\" srcset=\"https:\/\/webmedia.org.br\/2025\/wp-content\/uploads\/2025\/10\/marizaferro.png 232w, https:\/\/webmedia.org.br\/2025\/wp-content\/uploads\/2025\/10\/marizaferro-225x300.png 225w, https:\/\/webmedia.org.br\/2025\/wp-content\/uploads\/2025\/10\/marizaferro-230x306.png 230w\" sizes=\"auto, (max-width: 232px) 100vw, 232px\" \/><figcaption class=\"wp-element-caption\">Profa. Dra. Mariza Ferro (UFF)<\/figcaption><\/figure>\n\n\n\n<figure class=\"wp-block-image size-full is-resized\"><img loading=\"lazy\" decoding=\"async\" width=\"503\" height=\"503\" src=\"https:\/\/webmedia.org.br\/2025\/wp-content\/uploads\/2025\/10\/vagner.jpg\" alt=\"Vagner tem pele branca, cabelos escuros e curtos penteados para cima na frente, e \u00f3culos de aro preto, est\u00e1 olhando diretamente para a c\u00e2mera e sorrindo. Ele veste um casaco preto. O fundo \u00e9 um cen\u00e1rio externo, com um lago refletindo a vegeta\u00e7\u00e3o circundante, que inclui \u00e1rvores e arbustos com folhagem rala.\" class=\"wp-image-2261\" style=\"width:244px;height:auto\" srcset=\"https:\/\/webmedia.org.br\/2025\/wp-content\/uploads\/2025\/10\/vagner.jpg 503w, https:\/\/webmedia.org.br\/2025\/wp-content\/uploads\/2025\/10\/vagner-300x300.jpg 300w, https:\/\/webmedia.org.br\/2025\/wp-content\/uploads\/2025\/10\/vagner-150x150.jpg 150w, https:\/\/webmedia.org.br\/2025\/wp-content\/uploads\/2025\/10\/vagner-230x230.jpg 230w, https:\/\/webmedia.org.br\/2025\/wp-content\/uploads\/2025\/10\/vagner-350x350.jpg 350w, https:\/\/webmedia.org.br\/2025\/wp-content\/uploads\/2025\/10\/vagner-480x480.jpg 480w\" sizes=\"auto, (max-width: 503px) 100vw, 503px\" \/><figcaption class=\"wp-element-caption\">Dr. Vagner Santana (Ceweb.br | NIC.br)<\/figcaption><\/figure>\n\n\n\n<h3 class=\"wp-block-heading\"><strong><mark style=\"background-color:rgba(0, 0, 0, 0);color:#003399\" class=\"has-inline-color\">Atividade Colaborativa &#8211; das 14:40 \u00e0s 16:00<\/mark><\/strong> <\/h3>\n\n\n\n<h4 class=\"wp-block-heading\"><strong>Atividade colaborativa &#8211; M\u00e1gico espelho meu: espelhos distorcidos da IA Generativa<\/strong><\/h4>\n\n\n\n<p>Quando interagimos com tecnologias impulsionadas pela Intelig\u00eancia Artificial, sejam filtros em redes sociais, aplicativos de fotos ou imagens criadas por IA generativa, estamos encarando vers\u00f5es de n\u00f3s mesmos que foram processadas e recriadas por algoritmos de aprendizado de m\u00e1quina. Todavia, as interpreta\u00e7\u00f5es mediadas pela IA podem falhar em capturar ou deturpam a sua identidade, origem, auto imagem e experi\u00eancias de vida.&nbsp;<\/p>\n\n\n\n<p>Os modelos emergentes de IA generativa agem como um espelho distorcido, revelando de forma expl\u00edcita como os sistemas algor\u00edtmicos nos &#8220;leem&#8221;. Ao verem imagens geradas, as pessoas fazem uma compara\u00e7\u00e3o direta entre a sua autopercep\u00e7\u00e3o e a percep\u00e7\u00e3o que esses sistemas, baseados em dados e vieses sociais, t\u00eam delas e de suas comunidades.<\/p>\n\n\n\n<p>Com este foco, esta atividade do W4E re\u00fane especialistas e as pessoas participantes, visando expor e debater as deturpa\u00e7\u00f5es sint\u00e9ticas geradas pela IA generativa.&nbsp;<\/p>\n\n\n\n<p>Venha participar conosco e descobrir qual a imagem do seu espelho! Ajude a refletir e construir uma IA inclusiva, transparente e livre de vieses.<\/p>\n","protected":false},"excerpt":{"rendered":"<p>W4E I: Quarta-feira (11\/11), das 08:30 \u00e0s 10:30 &#8211; Local: Ed. Leme Sala 548 Abertura Como a tecnologia pode ajudar os idosos [&hellip;]<\/p>\n","protected":false},"author":3,"featured_media":0,"parent":0,"menu_order":0,"comment_status":"closed","ping_status":"closed","template":"","meta":{"footnotes":""},"class_list":["post-2238","page","type-page","status-publish","hentry"],"_links":{"self":[{"href":"https:\/\/webmedia.org.br\/2025\/wp-json\/wp\/v2\/pages\/2238","targetHints":{"allow":["GET"]}}],"collection":[{"href":"https:\/\/webmedia.org.br\/2025\/wp-json\/wp\/v2\/pages"}],"about":[{"href":"https:\/\/webmedia.org.br\/2025\/wp-json\/wp\/v2\/types\/page"}],"author":[{"embeddable":true,"href":"https:\/\/webmedia.org.br\/2025\/wp-json\/wp\/v2\/users\/3"}],"replies":[{"embeddable":true,"href":"https:\/\/webmedia.org.br\/2025\/wp-json\/wp\/v2\/comments?post=2238"}],"version-history":[{"count":10,"href":"https:\/\/webmedia.org.br\/2025\/wp-json\/wp\/v2\/pages\/2238\/revisions"}],"predecessor-version":[{"id":2480,"href":"https:\/\/webmedia.org.br\/2025\/wp-json\/wp\/v2\/pages\/2238\/revisions\/2480"}],"wp:attachment":[{"href":"https:\/\/webmedia.org.br\/2025\/wp-json\/wp\/v2\/media?parent=2238"}],"curies":[{"name":"wp","href":"https:\/\/api.w.org\/{rel}","templated":true}]}}