{"id":22,"date":"2023-03-11T20:57:04","date_gmt":"2023-03-11T23:57:04","guid":{"rendered":"https:\/\/webmedia.org.br\/2023\/?page_id=22"},"modified":"2025-10-04T11:27:23","modified_gmt":"2025-10-04T14:27:23","slug":"comite-organizador","status":"publish","type":"page","link":"https:\/\/webmedia.org.br\/2025\/comite-organizador\/","title":{"rendered":"Comit\u00ea Organizador"},"content":{"rendered":"\n<div class=\"wp-block-cover pages-title\" style=\"min-height:225px;aspect-ratio:unset;\"><span aria-hidden=\"true\" class=\"wp-block-cover__background has-background-dim\"><\/span><img loading=\"lazy\" decoding=\"async\" width=\"1024\" height=\"432\" class=\"wp-block-cover__image-background wp-image-1083\" alt=\"\" src=\"https:\/\/webmedia.org.br\/2025\/wp-content\/uploads\/2025\/04\/1_Site-WEBmedia_2025-1-1024x432.jpg\" style=\"object-position:80% 32%\" data-object-fit=\"cover\" data-object-position=\"80% 32%\" srcset=\"https:\/\/webmedia.org.br\/2025\/wp-content\/uploads\/2025\/04\/1_Site-WEBmedia_2025-1-1024x432.jpg 1024w, https:\/\/webmedia.org.br\/2025\/wp-content\/uploads\/2025\/04\/1_Site-WEBmedia_2025-1-300x126.jpg 300w, https:\/\/webmedia.org.br\/2025\/wp-content\/uploads\/2025\/04\/1_Site-WEBmedia_2025-1-768x324.jpg 768w, https:\/\/webmedia.org.br\/2025\/wp-content\/uploads\/2025\/04\/1_Site-WEBmedia_2025-1-1536x647.jpg 1536w, https:\/\/webmedia.org.br\/2025\/wp-content\/uploads\/2025\/04\/1_Site-WEBmedia_2025-1-2048x863.jpg 2048w, https:\/\/webmedia.org.br\/2025\/wp-content\/uploads\/2025\/04\/1_Site-WEBmedia_2025-1-1000x421.jpg 1000w, https:\/\/webmedia.org.br\/2025\/wp-content\/uploads\/2025\/04\/1_Site-WEBmedia_2025-1-230x97.jpg 230w, https:\/\/webmedia.org.br\/2025\/wp-content\/uploads\/2025\/04\/1_Site-WEBmedia_2025-1-350x148.jpg 350w, https:\/\/webmedia.org.br\/2025\/wp-content\/uploads\/2025\/04\/1_Site-WEBmedia_2025-1-480x202.jpg 480w\" sizes=\"auto, (max-width: 1024px) 100vw, 1024px\" \/><div class=\"wp-block-cover__inner-container is-layout-flow wp-block-cover-is-layout-flow\">\n<p class=\"has-text-align-center main-title has-x-large-font-size\">Comit\u00ea Organizador<\/p>\n<\/div><\/div>\n\n\n\n<h3 class=\"wp-block-heading\">Organiza\u00e7\u00e3o Geral<\/h3>\n\n\n\n<p class=\"no-gap\">Sergio Colcher (PUC-Rio)<\/p>\n\n\n\n<p class=\"no-gap\">Julio Cesar Duarte (IME)<\/p>\n\n\n\n<p class=\"no-gap\">\u00c1lvaro da Veiga (PUC-Rio)<\/p>\n\n\n\n<h3 class=\"wp-block-heading\">Coordena\u00e7\u00e3o do Comit\u00ea de Programa<\/h3>\n\n\n\n<p class=\"no-gap\">Carlos de Salles Soares Neto (UFMA)<\/p>\n\n\n\n<p class=\"no-gap\">Alessandra Alaniz Macedo (FFCLRP\/USP)<\/p>\n\n\n\n<h3 class=\"wp-block-heading\">Concurso de Teses e Disserta\u00e7\u00f5es (CTD)<\/h3>\n\n\n\n<p class=\"no-gap\">Julio Cesar S. Reis (UFV)<\/p>\n\n\n\n<p class=\"no-gap\">Marcelo Manzato (USP)<\/p>\n\n\n\n<h3 class=\"wp-block-heading\">Concurso de Trabalhos de Inicia\u00e7\u00e3o Cient\u00edfica (CTIC)<\/h3>\n\n\n\n<p class=\"no-gap\">Humberto Marques (PUC Minas)<\/p>\n\n\n\n<p class=\"no-gap\">Daniel de Sousa Moraes (PUC-Rio)<\/p>\n\n\n\n<h3 class=\"wp-block-heading\">Coordena\u00e7\u00e3o de Minicursos e Tutoriais<\/h3>\n\n\n\n<p class=\"no-gap notranslate\">Windson Viana de Carvalho (UFC)<\/p>\n\n\n\n<p class=\"no-gap\">Rudinei Goularte (USP)<\/p>\n\n\n\n<h3 class=\"wp-block-heading\">Workshop de Ferramentas e Aplica\u00e7\u00f5es (WFA)<\/h3>\n\n\n\n<p class=\"no-gap\">Carlos Andr\u00e9 G. Ferraz (UFPE)<\/p>\n\n\n\n<p class=\"no-gap\">Carlos Henrique G. Ferreira (UFOP)<\/p>\n\n\n\n<h3 class=\"wp-block-heading\">Workshop Futuro da TV Digital Interativa (WTVDI)<\/h3>\n\n\n\n<p class=\"no-gap\">Joel F. dos Santos (CEFET\/RJ)<\/p>\n\n\n\n<p>Alan Livio Vasconcelos Guedes (Univ. of Reading, UK)<\/p>\n\n\n\n<h3 class=\"wp-block-heading\">WebMedia for Everyone (W4E)<\/h3>\n\n\n\n<p class=\"no-gap\">Kamila Rios da Hora Rodrigues (USP)<\/p>\n\n\n\n<p class=\"no-gap\">Leo Sampaio Ferraz Ribeiro (USP)<\/p>\n\n\n\n<p class=\"no-gap\">Bruna Carolina Rodrigues da Cunha (USP)<\/p>\n\n\n\n<h3 class=\"wp-block-heading\">Workshop Brasileiro de Sistemas Web3 (BrWeb3)<\/h3>\n\n\n\n<p class=\"no-gap\">Antonio Jos\u00e9 Grandson Busson (BTG Pactual)<\/p>\n\n\n\n<p class=\"no-gap\">Sergio Colcher (PUC-Rio)<\/p>\n\n\n\n<p class=\"no-gap\">Julio Cesar Duarte (IME)<\/p>\n\n\n\n<h3 class=\"wp-block-heading\">Pr\u00eamio LF<\/h3>\n\n\n\n<p class=\"no-gap\">Alan Livio Vasconcelos Guedes (Univ. of Reading, UK)<br>Daniel de Sousa Moraes (PUC-Rio)<\/p>\n\n\n\n<h3 class=\"wp-block-heading\">Coordena\u00e7\u00e3o de Patroc\u00ednios e Contatos Institucionais<\/h3>\n\n\n\n<p class=\"no-gap\">Adriano C\u00e9sar Machado Pereira (UFMG)<\/p>\n\n\n\n<p class=\"no-gap\">Leonardo Chaves Dutra da Rocha (UFSJ)<\/p>\n\n\n\n<h3 class=\"wp-block-heading\">Coordena\u00e7\u00e3o de Palestras e Pain\u00e9is<\/h3>\n\n\n\n<p class=\"no-gap\">Jonice de Oliveira Sampaio (UFRJ)<\/p>\n\n\n\n<p class=\"no-gap\">Jussara Marques de Almeida (UFMG)<\/p>\n\n\n\n<p class=\"no-gap\">Alan Livio Vasconcelos Guedes (Univ. of Reading, UK)<\/p>\n\n\n\n<h3 class=\"wp-block-heading\">Coordena\u00e7\u00e3o de Publica\u00e7\u00e3o<\/h3>\n\n\n\n<p class=\"no-gap\">Roberto Willrich (UFSC)<\/p>\n\n\n\n<p class=\"no-gap\">Eduardo Barr\u00e9re (UFJF)<\/p>\n","protected":false},"excerpt":{"rendered":"<p>Organiza\u00e7\u00e3o Geral Sergio Colcher (PUC-Rio) Julio Cesar Duarte (IME) \u00c1lvaro da Veiga (PUC-Rio) Coordena\u00e7\u00e3o do Comit\u00ea de Programa Carlos de Salles Soares [&hellip;]<\/p>\n","protected":false},"author":3,"featured_media":0,"parent":0,"menu_order":0,"comment_status":"closed","ping_status":"closed","template":"page-templates\/page_fullwidth.php","meta":{"footnotes":""},"class_list":["post-22","page","type-page","status-publish","hentry"],"_links":{"self":[{"href":"https:\/\/webmedia.org.br\/2025\/wp-json\/wp\/v2\/pages\/22","targetHints":{"allow":["GET"]}}],"collection":[{"href":"https:\/\/webmedia.org.br\/2025\/wp-json\/wp\/v2\/pages"}],"about":[{"href":"https:\/\/webmedia.org.br\/2025\/wp-json\/wp\/v2\/types\/page"}],"author":[{"embeddable":true,"href":"https:\/\/webmedia.org.br\/2025\/wp-json\/wp\/v2\/users\/3"}],"replies":[{"embeddable":true,"href":"https:\/\/webmedia.org.br\/2025\/wp-json\/wp\/v2\/comments?post=22"}],"version-history":[{"count":44,"href":"https:\/\/webmedia.org.br\/2025\/wp-json\/wp\/v2\/pages\/22\/revisions"}],"predecessor-version":[{"id":2007,"href":"https:\/\/webmedia.org.br\/2025\/wp-json\/wp\/v2\/pages\/22\/revisions\/2007"}],"wp:attachment":[{"href":"https:\/\/webmedia.org.br\/2025\/wp-json\/wp\/v2\/media?parent=22"}],"curies":[{"name":"wp","href":"https:\/\/api.w.org\/{rel}","templated":true}]}}