{"id":2147,"date":"2025-10-05T22:54:00","date_gmt":"2025-10-06T01:54:00","guid":{"rendered":"https:\/\/webmedia.org.br\/2025\/?page_id=2147"},"modified":"2025-11-05T11:05:52","modified_gmt":"2025-11-05T14:05:52","slug":"minicursos-e-tutoriais-programacao","status":"publish","type":"page","link":"https:\/\/webmedia.org.br\/2025\/minicursos-e-tutoriais-programacao\/","title":{"rendered":"Minicursos e Tutoriais &#8211; Programa\u00e7\u00e3o"},"content":{"rendered":"\n<div class=\"wp-block-cover pages-title\" style=\"min-height:225px;aspect-ratio:unset;\"><span aria-hidden=\"true\" class=\"wp-block-cover__background has-background-dim\"><\/span><img loading=\"lazy\" decoding=\"async\" width=\"1024\" height=\"432\" class=\"wp-block-cover__image-background wp-image-1083\" alt=\"\" src=\"https:\/\/webmedia.org.br\/2025\/wp-content\/uploads\/2025\/04\/1_Site-WEBmedia_2025-1-1024x432.jpg\" data-object-fit=\"cover\" srcset=\"https:\/\/webmedia.org.br\/2025\/wp-content\/uploads\/2025\/04\/1_Site-WEBmedia_2025-1-1024x432.jpg 1024w, https:\/\/webmedia.org.br\/2025\/wp-content\/uploads\/2025\/04\/1_Site-WEBmedia_2025-1-300x126.jpg 300w, https:\/\/webmedia.org.br\/2025\/wp-content\/uploads\/2025\/04\/1_Site-WEBmedia_2025-1-768x324.jpg 768w, https:\/\/webmedia.org.br\/2025\/wp-content\/uploads\/2025\/04\/1_Site-WEBmedia_2025-1-1536x647.jpg 1536w, https:\/\/webmedia.org.br\/2025\/wp-content\/uploads\/2025\/04\/1_Site-WEBmedia_2025-1-2048x863.jpg 2048w, https:\/\/webmedia.org.br\/2025\/wp-content\/uploads\/2025\/04\/1_Site-WEBmedia_2025-1-1000x421.jpg 1000w, https:\/\/webmedia.org.br\/2025\/wp-content\/uploads\/2025\/04\/1_Site-WEBmedia_2025-1-230x97.jpg 230w, https:\/\/webmedia.org.br\/2025\/wp-content\/uploads\/2025\/04\/1_Site-WEBmedia_2025-1-350x148.jpg 350w, https:\/\/webmedia.org.br\/2025\/wp-content\/uploads\/2025\/04\/1_Site-WEBmedia_2025-1-480x202.jpg 480w\" sizes=\"auto, (max-width: 1024px) 100vw, 1024px\" \/><div class=\"wp-block-cover__inner-container is-layout-flow wp-block-cover-is-layout-flow\">\n<p class=\"has-text-align-center main-title has-x-large-font-size\">Minicursos e Tutoriais &#8211; Programa\u00e7\u00e3o<\/p>\n<\/div><\/div>\n\n\n\n<div class=\"wp-block-buttons is-content-justification-center is-layout-flex wp-container-core-buttons-is-layout-16018d1d wp-block-buttons-is-layout-flex\">\n<div class=\"wp-block-button\"><a class=\"wp-block-button__link has-white-color has-text-color has-link-color wp-element-button\" href=\"https:\/\/webmedia.org.br\/2025\/wp-content\/uploads\/2025\/11\/Programacao-Geral.pdf\" target=\"_blank\" rel=\"noreferrer noopener\">Baixe a programa\u00e7\u00e3o geral<\/a><\/div>\n<\/div>\n\n\n\n<h2 class=\"wp-block-heading\"><strong><mark style=\"background-color:rgba(0, 0, 0, 0);color:#003399\" class=\"has-inline-color\">Tutoriais:<\/mark><\/strong><\/h2>\n\n\n\n<h5 class=\"wp-block-heading\"><strong><mark style=\"background-color:rgba(0, 0, 0, 0);color:#003399\" class=\"has-inline-color\">Segunda-feira (10\/11) &#8211; 08:30 \u00e0s 10:30 &#8211; Local: Audit\u00f3rio RDC<\/mark><\/strong> <\/h5>\n\n\n\n<h4 class=\"wp-block-heading\"><strong>Tutorial 1: Pesquisa com Seres Humanos em Computa\u00e7\u00e3o: Aspectos \u00c9ticos e Pr\u00e1ticas com Projetos de Pesquisa<\/strong><\/h4>\n\n\n\n<p class=\"notranslate\">Maria da Gra\u00e7a Campos Pimentel (USP), Kamila Rodrigues (USP)<\/p>\n\n\n\n<h5 class=\"wp-block-heading\"><strong><mark style=\"background-color:rgba(0, 0, 0, 0);color:#003399\" class=\"has-inline-color\">Segunda-feira (10\/11) &#8211; 11:00 \u00e0s 12:30 &#8211; Local: Audit\u00f3rio RDC<\/mark><\/strong> <\/h5>\n\n\n\n<h4 class=\"wp-block-heading\"><strong>Tutorial 2: Practical GenAI Text-to-Image &amp; Text-to-Video with ComfyUI<\/strong><\/h4>\n\n\n\n<p class=\"notranslate\">Alan Guedes (University of Reading)<\/p>\n\n\n\n<h5 class=\"wp-block-heading\"><strong><mark style=\"background-color:rgba(0, 0, 0, 0);color:#003399\" class=\"has-inline-color\">Segunda-feira (10\/11) &#8211; 14:00 \u00e0s 16:00 &#8211; Local: Audit\u00f3rio Pe. Jos\u00e9 de Anchieta<\/mark><\/strong><\/h5>\n\n\n\n<h4 class=\"wp-block-heading\"><strong>Tutorial Ceweb.br: Acessibilidade digital: o que a ABNT NBR 17225:2025 traz para projetos web no contexto brasileiro<\/strong><\/h4>\n\n\n\n<p class=\"notranslate\">Amanda Marques (Ceweb.br | NIC.br), Jeniffer Deus (Ceweb.br | NIC.br)<\/p>\n\n\n\n<h2 class=\"wp-block-heading\"><strong><mark style=\"background-color:rgba(0, 0, 0, 0);color:#003399\" class=\"has-inline-color\">Minicursos:<\/mark><\/strong><\/h2>\n\n\n\n<h5 class=\"wp-block-heading\"><strong><mark style=\"background-color:rgba(0, 0, 0, 0);color:#003399\" class=\"has-inline-color\">Segunda-feira (10\/11) &#8211; 08:30 \u00e0s 12:30 &#8211; Local:<\/mark><\/strong> <strong><mark style=\"background-color:rgba(0, 0, 0, 0);color:#003399\" class=\"has-inline-color\">Audit\u00f3rio Pe. Jos\u00e9 de Anchieta<\/mark><\/strong><\/h5>\n\n\n\n<h4 class=\"wp-block-heading\"><strong>MC 1: Grandes Modelos de Linguagem Multimodais (MLLMs): Da Teoria \u00e0 Pr\u00e1tica<\/strong><\/h4>\n\n\n\n<p class=\"notranslate\">Thiago Henrique Silva (UTFPR), Rodrigo Minetto (UNICAMP), Myriam R. B. S. Delgado (UTFPR), Jemal Jilo (CPGEI \/ UTFPR), Marina Borges, Neemias Buc\u00e9li da Silva (UFMS), Frances Santos (UNICAMP), Paulo Avila, John Harrison<\/p>\n\n\n\n<h5 class=\"wp-block-heading\"><strong><mark style=\"background-color:rgba(0, 0, 0, 0);color:#003399\" class=\"has-inline-color\">Segunda-feira (10\/11) &#8211; 08:30 \u00e0s 12:30 &#8211; Local: Mini Audit\u00f3rio RDC<\/mark><\/strong><\/h5>\n\n\n\n<h4 class=\"wp-block-heading\"><strong>MC 2: UX Research Envolvendo Pessoas Com Defici\u00eancia: Um Caminho Para Uma Webm\u00eddia Inclusiva<\/strong><\/h4>\n\n\n\n<p class=\"notranslate\">Daniela Tavares (UFRJ\/UFF), Sara Elene Lobato dos Remedios (UNIRIO), Priscyla Barbosa (UNIRIO), Marcelo Bustamante Chilingue (Instituto Benjamin Constant), Mariana Faria (UFRJ), Marcelo Martins da Silva (UFC), Andr\u00e9 Pimenta Freire (UFLA)<\/p>\n\n\n\n<h5 class=\"wp-block-heading\"><strong><mark style=\"background-color:rgba(0, 0, 0, 0);color:#003399\" class=\"has-inline-color\">Segunda-feira (10\/11) &#8211; 08:30 \u00e0s 12:30 &#8211; Local: Ed. Leme Sala 548<\/mark><\/strong><\/h5>\n\n\n\n<h4 class=\"wp-block-heading\"><strong>MC 3: Agentic AI na Pr\u00e1tica<\/strong><\/h4>\n\n\n\n<p class=\"notranslate\">Leandro Balby Marinho (UFCG), Andr\u00e9 Carvalho (UFAM), Eliane Ara\u00fajo (UFCG)<\/p>\n\n\n\n<h5 class=\"wp-block-heading\"><strong><mark style=\"background-color:rgba(0, 0, 0, 0);color:#003399\" class=\"has-inline-color\">Segunda-feira (10\/11) &#8211; 14:00 \u00e0s 18:00 &#8211; Local: Mini Audit\u00f3rio RDC<\/mark><\/strong><\/h5>\n\n\n\n<h4 class=\"wp-block-heading\"><strong>MC 4: Desenvolvimento de Aplica\u00e7\u00f5es Interativas para TV 3.0<\/strong><\/h4>\n\n\n\n<p class=\"notranslate\">Paulo Lima (PUC-Rio), Pedro Valentim (UFF), Rodrigo Sodr\u00e9 (UFF), Pedro Castro (CEFET\/RJ), Daniel de Sousa Moraes (PUC-Rio), S\u00e9rgio Colcher (PUC-Rio), Joel Andr\u00e9 Ferreira dos Santos (CEFET\/RJ), Debora C. Muchaluat-Saade (UFF)<\/p>\n\n\n\n<h5 class=\"wp-block-heading\"><strong><mark style=\"background-color:rgba(0, 0, 0, 0);color:#003399\" class=\"has-inline-color\">Segunda-feira (10\/11) &#8211; 14:00 \u00e0s 18:00 &#8211; Local: Audit\u00f3rio RDC<\/mark><\/strong><\/h5>\n\n\n\n<h4 class=\"wp-block-heading\"><strong>MC AWS: Compreens\u00e3o de v\u00eddeo e fluxos de trabalho de m\u00eddia inteligentes com IA generativa na AWS<\/strong><\/h4>\n\n\n\n<p class=\"notranslate\">Tiago Sim\u00e3o (Amazon Web Services)<\/p>\n","protected":false},"excerpt":{"rendered":"<p>Tutoriais: Segunda-feira (10\/11) &#8211; 08:30 \u00e0s 10:30 &#8211; Local: Audit\u00f3rio RDC Tutorial 1: Pesquisa com Seres Humanos em Computa\u00e7\u00e3o: Aspectos \u00c9ticos e [&hellip;]<\/p>\n","protected":false},"author":3,"featured_media":0,"parent":0,"menu_order":0,"comment_status":"closed","ping_status":"closed","template":"","meta":{"footnotes":""},"class_list":["post-2147","page","type-page","status-publish","hentry"],"_links":{"self":[{"href":"https:\/\/webmedia.org.br\/2025\/wp-json\/wp\/v2\/pages\/2147","targetHints":{"allow":["GET"]}}],"collection":[{"href":"https:\/\/webmedia.org.br\/2025\/wp-json\/wp\/v2\/pages"}],"about":[{"href":"https:\/\/webmedia.org.br\/2025\/wp-json\/wp\/v2\/types\/page"}],"author":[{"embeddable":true,"href":"https:\/\/webmedia.org.br\/2025\/wp-json\/wp\/v2\/users\/3"}],"replies":[{"embeddable":true,"href":"https:\/\/webmedia.org.br\/2025\/wp-json\/wp\/v2\/comments?post=2147"}],"version-history":[{"count":13,"href":"https:\/\/webmedia.org.br\/2025\/wp-json\/wp\/v2\/pages\/2147\/revisions"}],"predecessor-version":[{"id":2475,"href":"https:\/\/webmedia.org.br\/2025\/wp-json\/wp\/v2\/pages\/2147\/revisions\/2475"}],"wp:attachment":[{"href":"https:\/\/webmedia.org.br\/2025\/wp-json\/wp\/v2\/media?parent=2147"}],"curies":[{"name":"wp","href":"https:\/\/api.w.org\/{rel}","templated":true}]}}