{"id":2130,"date":"2025-10-05T22:22:06","date_gmt":"2025-10-06T01:22:06","guid":{"rendered":"https:\/\/webmedia.org.br\/2025\/?page_id=2130"},"modified":"2025-11-06T14:48:26","modified_gmt":"2025-11-06T17:48:26","slug":"brweb3-programacao","status":"publish","type":"page","link":"https:\/\/webmedia.org.br\/2025\/brweb3-programacao\/","title":{"rendered":"BrWeb3 | 1\u00ba Workshop Brasileiro de Sistemas Web3 &#8211; Programa\u00e7\u00e3o"},"content":{"rendered":"\n<div class=\"wp-block-cover pages-title\" style=\"min-height:225px;aspect-ratio:unset;\"><span aria-hidden=\"true\" class=\"wp-block-cover__background has-background-dim\"><\/span><img loading=\"lazy\" decoding=\"async\" width=\"1024\" height=\"432\" class=\"wp-block-cover__image-background wp-image-1083\" alt=\"\" src=\"https:\/\/webmedia.org.br\/2025\/wp-content\/uploads\/2025\/04\/1_Site-WEBmedia_2025-1-1024x432.jpg\" data-object-fit=\"cover\" srcset=\"https:\/\/webmedia.org.br\/2025\/wp-content\/uploads\/2025\/04\/1_Site-WEBmedia_2025-1-1024x432.jpg 1024w, https:\/\/webmedia.org.br\/2025\/wp-content\/uploads\/2025\/04\/1_Site-WEBmedia_2025-1-300x126.jpg 300w, https:\/\/webmedia.org.br\/2025\/wp-content\/uploads\/2025\/04\/1_Site-WEBmedia_2025-1-768x324.jpg 768w, https:\/\/webmedia.org.br\/2025\/wp-content\/uploads\/2025\/04\/1_Site-WEBmedia_2025-1-1536x647.jpg 1536w, https:\/\/webmedia.org.br\/2025\/wp-content\/uploads\/2025\/04\/1_Site-WEBmedia_2025-1-2048x863.jpg 2048w, https:\/\/webmedia.org.br\/2025\/wp-content\/uploads\/2025\/04\/1_Site-WEBmedia_2025-1-1000x421.jpg 1000w, https:\/\/webmedia.org.br\/2025\/wp-content\/uploads\/2025\/04\/1_Site-WEBmedia_2025-1-230x97.jpg 230w, https:\/\/webmedia.org.br\/2025\/wp-content\/uploads\/2025\/04\/1_Site-WEBmedia_2025-1-350x148.jpg 350w, https:\/\/webmedia.org.br\/2025\/wp-content\/uploads\/2025\/04\/1_Site-WEBmedia_2025-1-480x202.jpg 480w\" sizes=\"auto, (max-width: 1024px) 100vw, 1024px\" \/><div class=\"wp-block-cover__inner-container is-layout-flow wp-block-cover-is-layout-flow\">\n<p class=\"has-text-align-center main-title has-x-large-font-size\">BrWeb3 | 1\u00ba Workshop Brasileiro de Sistemas Web3 &#8211; Programa\u00e7\u00e3o<\/p>\n<\/div><\/div>\n\n\n\n<div class=\"wp-block-buttons is-content-justification-center is-layout-flex wp-container-core-buttons-is-layout-16018d1d wp-block-buttons-is-layout-flex\">\n<div class=\"wp-block-button\"><a class=\"wp-block-button__link has-white-color has-text-color has-link-color wp-element-button\" href=\"https:\/\/webmedia.org.br\/2025\/wp-content\/uploads\/2025\/11\/Programacao-Geral.pdf\" target=\"_blank\" rel=\"noreferrer noopener\">Baixe a programa\u00e7\u00e3o geral<\/a><\/div>\n<\/div>\n\n\n\n<h3 class=\"wp-block-heading\"><strong><mark style=\"background-color:rgba(0, 0, 0, 0);color:#003399\" class=\"has-inline-color\">BrWeb3 I:<\/mark><\/strong><\/h3>\n\n\n\n<h5 class=\"wp-block-heading\"><strong><strong><mark style=\"background-color:rgba(0, 0, 0, 0);color:#003399\" class=\"has-inline-color\">Ter\u00e7a-feira (11\/11), das 08:30 \u00e0s 10:30 \u2013 Local:<\/mark><\/strong><\/strong> <strong><mark style=\"background-color:rgba(0, 0, 0, 0);color:#003399\" class=\"has-inline-color\">Audit\u00f3rio Pe. Jos\u00e9 de Anchieta<\/mark><\/strong><\/h5>\n\n\n\n<h3 class=\"wp-block-heading\"><strong><mark style=\"background-color:rgba(0, 0, 0, 0);color:#003399\" class=\"has-inline-color\">Sess\u00e3o 1: Web3 Applications &amp; Societal Impact<\/mark><\/strong><\/h3>\n\n\n\n<h4 class=\"wp-block-heading\"><strong>A Proposal for Automated Tax Collection on Swaps in Self-Custody Wallets in Brazil<\/strong><\/h4>\n\n\n\n<p class=\"notranslate\">Arthur Marques (CEFET\/RJ), Diogo Silveira Mendon\u00e7a (CEFET-RJ), Luiz Eduardo Terra de Faria (Banco do Brasil)<\/p>\n\n\n\n<h4 class=\"wp-block-heading\"><strong>AlimenTI: A dApp to Support Food Donation<\/strong><\/h4>\n\n\n\n<p class=\"notranslate\">Lidia Dias de Souza (UEA), Fabio Santos da Silva (UEA)<\/p>\n\n\n\n<h4 class=\"wp-block-heading\"><strong>Decifrando o Mercado de NFTs: A Influ\u00eancia das Conex\u00f5es de Rede e Transa\u00e7\u00f5es no Valor de Ativos<\/strong><\/h4>\n\n\n\n<p class=\"notranslate\">Nara Raquel Dias Andrade (UFPI), Oscar Carvalho (UFPI), Carlos Henrique Gomes Ferreira (UFOP), Glauber Dias Gon\u00e7alves (UFPI)<\/p>\n\n\n\n<h4 class=\"wp-block-heading\"><strong>Mensageria Descentralizada como Infraestrutura P\u00fablica<\/strong><\/h4>\n\n\n\n<p class=\"notranslate\">Fabr\u00edcio Barbosa Viegas (UFPEL), Murilo Salem (UFPEL), Tatiana Tavares (UFPEL)<\/p>\n\n\n\n<h4 class=\"wp-block-heading\"><strong>Transformando a Sociedade com a Web 3.0 \u2013 Um Relato de Projeto Inovador de P&amp;D para Transfer\u00eancia do Cuidado do Paciente e Confian\u00e7a Digital<\/strong><\/h4>\n\n\n\n<p class=\"notranslate\">Eliomar Ara\u00fajo Lima (UFG), Valdemar Vicente Graciano Neto (UFG), Jacson Rodrigues Barbosa (UFG), Sand Luz Correa (UFG), Matheus L\u00e1zaro (UFG), Fabio Moreira Costa (UFG)<\/p>\n\n\n\n<h3 class=\"wp-block-heading\"><strong><mark style=\"background-color:rgba(0, 0, 0, 0);color:#003399\" class=\"has-inline-color\">BrWeb3 II:<\/mark><\/strong><\/h3>\n\n\n\n<h5 class=\"wp-block-heading\"><strong><mark style=\"background-color:rgba(0, 0, 0, 0);color:#003399\" class=\"has-inline-color\">Ter\u00e7a-feira (11\/11), das 14:00 \u00e0s 16:00 &#8211; Local: Audit\u00f3rio Pe. Jos\u00e9 de Anchieta<\/mark><\/strong><\/h5>\n\n\n\n<h3 class=\"wp-block-heading\"><strong><mark style=\"background-color:rgba(0, 0, 0, 0);color:#003399\" class=\"has-inline-color\">Sess\u00e3o 2: Blockchain Technology &amp; Web3 Security<\/mark><\/strong><\/h3>\n\n\n\n<h4 class=\"wp-block-heading\"><strong>Evaluating Zero-shot Reasoning with Agentic LLMs for Smart Contract Vulnerability Detection<\/strong><\/h4>\n\n\n\n<p class=\"notranslate\">Eduardo Sardenberg (PUC-Rio), Antonio Jos\u00e9 Grandson Busson (BTG Pactual), S\u00e9rgio Colcher (PUC-Rio)<\/p>\n\n\n\n<h4 class=\"wp-block-heading\"><strong>Repairing DeFi Vulnerabilities: Benchmarking LLMs with Executable Solidity Exploits<\/strong><\/h4>\n\n\n\n<p class=\"notranslate\">Lucas Bastos Germano (IME), Julio Cesar Duarte (IME)<\/p>\n\n\n\n<h4 class=\"wp-block-heading\"><strong>Uma infraestrutura de experimenta\u00e7\u00e3o para pesquisa e desenvolvimento em Blockchains e Web3<\/strong><\/h4>\n\n\n\n<p class=\"notranslate\">Luiz Eduardo Folly de Campos (RNP), Reinaldo Gomes (RNP)<\/p>\n","protected":false},"excerpt":{"rendered":"<p>BrWeb3 I: Ter\u00e7a-feira (11\/11), das 08:30 \u00e0s 10:30 \u2013 Local: Audit\u00f3rio Pe. Jos\u00e9 de Anchieta Sess\u00e3o 1: Web3 Applications &amp; Societal Impact [&hellip;]<\/p>\n","protected":false},"author":3,"featured_media":0,"parent":0,"menu_order":0,"comment_status":"closed","ping_status":"closed","template":"","meta":{"footnotes":""},"class_list":["post-2130","page","type-page","status-publish","hentry"],"_links":{"self":[{"href":"https:\/\/webmedia.org.br\/2025\/wp-json\/wp\/v2\/pages\/2130","targetHints":{"allow":["GET"]}}],"collection":[{"href":"https:\/\/webmedia.org.br\/2025\/wp-json\/wp\/v2\/pages"}],"about":[{"href":"https:\/\/webmedia.org.br\/2025\/wp-json\/wp\/v2\/types\/page"}],"author":[{"embeddable":true,"href":"https:\/\/webmedia.org.br\/2025\/wp-json\/wp\/v2\/users\/3"}],"replies":[{"embeddable":true,"href":"https:\/\/webmedia.org.br\/2025\/wp-json\/wp\/v2\/comments?post=2130"}],"version-history":[{"count":7,"href":"https:\/\/webmedia.org.br\/2025\/wp-json\/wp\/v2\/pages\/2130\/revisions"}],"predecessor-version":[{"id":2484,"href":"https:\/\/webmedia.org.br\/2025\/wp-json\/wp\/v2\/pages\/2130\/revisions\/2484"}],"wp:attachment":[{"href":"https:\/\/webmedia.org.br\/2025\/wp-json\/wp\/v2\/media?parent=2130"}],"curies":[{"name":"wp","href":"https:\/\/api.w.org\/{rel}","templated":true}]}}