{"id":20,"date":"2023-03-11T20:56:34","date_gmt":"2023-03-11T23:56:34","guid":{"rendered":"https:\/\/webmedia.org.br\/2023\/?page_id=20"},"modified":"2025-10-02T20:08:33","modified_gmt":"2025-10-02T23:08:33","slug":"datas-importantes","status":"publish","type":"page","link":"https:\/\/webmedia.org.br\/2025\/datas-importantes\/","title":{"rendered":"Datas Importantes"},"content":{"rendered":"\n<div class=\"wp-block-cover pages-title\" style=\"min-height:225px;aspect-ratio:unset;\"><span aria-hidden=\"true\" class=\"wp-block-cover__background has-background-dim\"><\/span><img loading=\"lazy\" decoding=\"async\" width=\"1024\" height=\"432\" class=\"wp-block-cover__image-background wp-image-1083\" alt=\"\" src=\"https:\/\/webmedia.org.br\/2025\/wp-content\/uploads\/2025\/04\/1_Site-WEBmedia_2025-1-1024x432.jpg\" style=\"object-position:80% 32%\" data-object-fit=\"cover\" data-object-position=\"80% 32%\" srcset=\"https:\/\/webmedia.org.br\/2025\/wp-content\/uploads\/2025\/04\/1_Site-WEBmedia_2025-1-1024x432.jpg 1024w, https:\/\/webmedia.org.br\/2025\/wp-content\/uploads\/2025\/04\/1_Site-WEBmedia_2025-1-300x126.jpg 300w, https:\/\/webmedia.org.br\/2025\/wp-content\/uploads\/2025\/04\/1_Site-WEBmedia_2025-1-768x324.jpg 768w, https:\/\/webmedia.org.br\/2025\/wp-content\/uploads\/2025\/04\/1_Site-WEBmedia_2025-1-1536x647.jpg 1536w, https:\/\/webmedia.org.br\/2025\/wp-content\/uploads\/2025\/04\/1_Site-WEBmedia_2025-1-2048x863.jpg 2048w, https:\/\/webmedia.org.br\/2025\/wp-content\/uploads\/2025\/04\/1_Site-WEBmedia_2025-1-1000x421.jpg 1000w, https:\/\/webmedia.org.br\/2025\/wp-content\/uploads\/2025\/04\/1_Site-WEBmedia_2025-1-230x97.jpg 230w, https:\/\/webmedia.org.br\/2025\/wp-content\/uploads\/2025\/04\/1_Site-WEBmedia_2025-1-350x148.jpg 350w, https:\/\/webmedia.org.br\/2025\/wp-content\/uploads\/2025\/04\/1_Site-WEBmedia_2025-1-480x202.jpg 480w\" sizes=\"auto, (max-width: 1024px) 100vw, 1024px\" \/><div class=\"wp-block-cover__inner-container is-layout-flow wp-block-cover-is-layout-flow\">\n<p class=\"has-text-align-center main-title has-x-large-font-size\">Datas Importantes<\/p>\n<\/div><\/div>\n\n\n\n<h3 class=\"wp-block-heading\">Trilha Principal<\/h3>\n\n\n\n<ul class=\"wp-block-list\">\n<li><strong>Data limite<\/strong> <strong>de submiss\u00e3o de artigos:<\/strong> <strong><mark style=\"background-color:rgba(0, 0, 0, 0)\" class=\"has-inline-color has-vivid-red-color\">11 de agosto de 2025<\/mark> (PRAZO FIRME!)<\/strong> (era 21 de julho de 2025)<\/li>\n\n\n\n<li><strong>Notifica\u00e7\u00e3o aos autores:<\/strong> <mark style=\"background-color:rgba(0, 0, 0, 0)\" class=\"has-inline-color has-vivid-red-color\"><strong>03 de outubro de 2025<\/strong><\/mark><\/li>\n\n\n\n<li><strong>Vers\u00e3o final: <\/strong><mark style=\"background-color:rgba(0, 0, 0, 0)\" class=\"has-inline-color has-vivid-red-color\"><strong>10<\/strong><\/mark><mark style=\"background-color:rgba(0, 0, 0, 0)\" class=\"has-inline-color has-vivid-red-color\"><strong> de outubro de 2025<\/strong><\/mark><\/li>\n<\/ul>\n\n\n\n<div class=\"wp-block-buttons is-layout-flex wp-block-buttons-is-layout-flex\">\n<div class=\"wp-block-button has-custom-font-size is-style-fill has-small-font-size\"><a class=\"wp-block-button__link has-white-color has-text-color has-background has-link-color wp-element-button\" href=\"https:\/\/webmedia.org.br\/2025\/trilha-principal\/\" style=\"background-color:#01359a\" target=\"_blank\" rel=\"noreferrer noopener\">Veja detalhes da chamada aqui<\/a><\/div>\n<\/div>\n\n\n\n<h3 class=\"wp-block-heading notranslate\">Minicursos e Tutoriais<\/h3>\n\n\n\n<ul class=\"wp-block-list\">\n<li><strong>Data limite<\/strong> <strong>de submiss\u00e3o de propostas: <mark style=\"background-color:rgba(0, 0, 0, 0)\" class=\"has-inline-color has-vivid-red-color\">19 de agosto de 2025<\/mark> (PRAZO FIRME!)<\/strong> (era 31 de julho de 2025)<\/li>\n\n\n\n<li><strong>Notifica\u00e7\u00e3o aos autores:<\/strong> <strong><mark style=\"background-color:rgba(0, 0, 0, 0)\" class=\"has-inline-color has-vivid-red-color\">15 de setembro de 2025<\/mark><\/strong><\/li>\n\n\n\n<li><strong>Vers\u00e3o digital do material did\u00e1tico a ser apresentado: <\/strong>27 de outubro de 2025<\/li>\n\n\n\n<li><strong>Vers\u00e3o final do cap\u00edtulo de livro p\/ Minicurso (opcional)<\/strong>: 05 de dezembro de 2025<\/li>\n<\/ul>\n\n\n\n<div class=\"wp-block-buttons is-layout-flex wp-block-buttons-is-layout-flex\">\n<div class=\"wp-block-button has-custom-font-size is-style-fill has-small-font-size\"><a class=\"wp-block-button__link has-white-color has-text-color has-background has-link-color wp-element-button\" href=\"https:\/\/webmedia.org.br\/2025\/minicursos-tutoriais\/\" style=\"background-color:#01359a\" target=\"_blank\" rel=\"noreferrer noopener\">Veja detalhes da chamada aqui<\/a><\/div>\n\n\n\n<div class=\"wp-block-button has-custom-font-size is-style-fill has-small-font-size\"><a class=\"wp-block-button__link has-white-color has-text-color has-background has-link-color wp-element-button\" href=\"https:\/\/webmedia.org.br\/2025\/minicursos-e-tutoriais-aceitos\/\" style=\"background-color:#01359a\" target=\"_blank\" rel=\"noreferrer noopener\">veja os resultados aqui<\/a><\/div>\n<\/div>\n\n\n\n<h3 class=\"wp-block-heading notranslate\">BrWeb3 | 1\u00ba Workshop Brasileiro de Sistemas Web3<\/h3>\n\n\n\n<ul class=\"wp-block-list\">\n<li><strong>Data limite<\/strong> <strong>de submiss\u00e3o de artigos:<\/strong> <strong><mark style=\"background-color:rgba(0, 0, 0, 0)\" class=\"has-inline-color has-vivid-red-color\">19 de agosto de 2025<\/mark> (PRAZO FIRME!)<\/strong> (era 10 de agosto de 2025)<\/li>\n\n\n\n<li><strong>Notifica\u00e7\u00e3o aos autores:<\/strong> 19 de setembro de 2025<\/li>\n\n\n\n<li><strong>Vers\u00e3o final: <\/strong>26 de setembro de 2025<\/li>\n<\/ul>\n\n\n\n<div class=\"wp-block-buttons is-layout-flex wp-block-buttons-is-layout-flex\">\n<div class=\"wp-block-button has-custom-font-size is-style-fill has-small-font-size\"><a class=\"wp-block-button__link has-white-color has-text-color has-background has-link-color wp-element-button\" href=\"https:\/\/webmedia.org.br\/2025\/brweb3\/\" style=\"background-color:#01359a\" target=\"_blank\" rel=\"noreferrer noopener\">Veja detalhes da chamada aqui<\/a><\/div>\n\n\n\n<div class=\"wp-block-button has-custom-font-size is-style-fill has-small-font-size\"><a class=\"wp-block-button__link has-white-color has-text-color has-background has-link-color wp-element-button\" href=\"https:\/\/webmedia.org.br\/2025\/brweb3-aceitos\/\" style=\"background-color:#01359a\" target=\"_blank\" rel=\"noreferrer noopener\">VEja os resultados aqui<\/a><\/div>\n<\/div>\n\n\n\n<h3 class=\"wp-block-heading notranslate\">CTD | Concurso de Teses e Disserta\u00e7\u00f5es<\/h3>\n\n\n\n<ul class=\"wp-block-list\">\n<li><strong>Data limite<\/strong> <strong>de submiss\u00e3o de artigos:<\/strong> <strong><mark style=\"background-color:rgba(0, 0, 0, 0)\" class=\"has-inline-color has-vivid-red-color\">19 de agosto de 2025<\/mark> (PRAZO FIRME!) <\/strong>(era 10 de agosto de 2025)<\/li>\n\n\n\n<li><strong>Notifica\u00e7\u00e3o aos autores:<\/strong> <strong><mark style=\"background-color:rgba(0, 0, 0, 0)\" class=\"has-inline-color has-vivid-red-color\">24 de setembro de 2025<\/mark><\/strong> <\/li>\n\n\n\n<li><strong>Vers\u00e3o final: <mark style=\"background-color:rgba(0, 0, 0, 0)\" class=\"has-inline-color has-vivid-red-color\">01 de outubro de 2025<\/mark><\/strong><\/li>\n<\/ul>\n\n\n\n<div class=\"wp-block-buttons is-layout-flex wp-block-buttons-is-layout-flex\">\n<div class=\"wp-block-button has-custom-font-size is-style-fill has-small-font-size\"><a class=\"wp-block-button__link has-white-color has-text-color has-background has-link-color wp-element-button\" href=\"https:\/\/webmedia.org.br\/2025\/ctd\/\" style=\"background-color:#01359a\" target=\"_blank\" rel=\"noreferrer noopener\">Veja detalhes da chamada aqui<\/a><\/div>\n\n\n\n<div class=\"wp-block-button has-custom-font-size is-style-fill has-small-font-size\"><a class=\"wp-block-button__link has-white-color has-text-color has-background has-link-color wp-element-button\" href=\"https:\/\/webmedia.org.br\/2025\/ctd-aceitos\/\" style=\"background-color:#01359a\" target=\"_blank\" rel=\"noreferrer noopener\">veja os resultados aqui<\/a><\/div>\n<\/div>\n\n\n\n<h3 class=\"wp-block-heading notranslate\">CTIC | Concurso de Trabalhos de Inicia\u00e7\u00e3o Cient\u00edfica<\/h3>\n\n\n\n<ul class=\"wp-block-list\">\n<li><strong>Data limite<\/strong> <strong>de submiss\u00e3o de artigos:<\/strong> <strong><mark style=\"background-color:rgba(0, 0, 0, 0)\" class=\"has-inline-color has-vivid-red-color\">19 de agosto de 2025<\/mark> (PRAZO FIRME!)<\/strong> (era 10 de agosto de 2025)<\/li>\n\n\n\n<li><strong>Notifica\u00e7\u00e3o aos autores:<\/strong> <strong><mark style=\"background-color:rgba(0, 0, 0, 0)\" class=\"has-inline-color has-vivid-red-color\">22 de setembro de 2025<\/mark><\/strong> <\/li>\n\n\n\n<li><strong>Vers\u00e3o final: <mark style=\"background-color:rgba(0, 0, 0, 0)\" class=\"has-inline-color has-vivid-red-color\">29 de setembro de 2025<\/mark><\/strong><\/li>\n<\/ul>\n\n\n\n<div class=\"wp-block-buttons is-layout-flex wp-block-buttons-is-layout-flex\">\n<div class=\"wp-block-button has-custom-font-size is-style-fill has-small-font-size\"><a class=\"wp-block-button__link has-white-color has-text-color has-background has-link-color wp-element-button\" href=\"https:\/\/webmedia.org.br\/2025\/ctic\/\" style=\"background-color:#01359a\" target=\"_blank\" rel=\"noreferrer noopener\">Veja detalhes da chamada aqui<\/a><\/div>\n\n\n\n<div class=\"wp-block-button has-custom-font-size is-style-fill has-small-font-size\"><a class=\"wp-block-button__link has-white-color has-text-color has-background has-link-color wp-element-button\" href=\"https:\/\/webmedia.org.br\/2025\/ctic-aceitos\/\" style=\"background-color:#01359a\" target=\"_blank\" rel=\"noreferrer noopener\">veja os resultados aqui<\/a><\/div>\n<\/div>\n\n\n\n<h3 class=\"wp-block-heading notranslate\">WFA | Workshop de Ferramentas e Aplica\u00e7\u00f5es<\/h3>\n\n\n\n<ul class=\"wp-block-list\">\n<li><strong>Data limite<\/strong> <strong>de submiss\u00e3o de artigos:<\/strong> <strong><mark style=\"background-color:rgba(0, 0, 0, 0)\" class=\"has-inline-color has-vivid-red-color\">19 de agosto de 2025<\/mark> (PRAZO FIRME!)<\/strong> (era 10 de agosto de 2025)<\/li>\n\n\n\n<li><strong>Notifica\u00e7\u00e3o aos autores:<\/strong> <strong><mark style=\"background-color:rgba(0, 0, 0, 0)\" class=\"has-inline-color has-vivid-red-color\">24 de setembro de 2025<\/mark><\/strong> <\/li>\n\n\n\n<li><strong>Vers\u00e3o final: <mark style=\"background-color:rgba(0, 0, 0, 0)\" class=\"has-inline-color has-vivid-red-color\">03 de outubro de 2025<\/mark><\/strong><\/li>\n<\/ul>\n\n\n\n<div class=\"wp-block-buttons is-layout-flex wp-block-buttons-is-layout-flex\">\n<div class=\"wp-block-button has-custom-font-size is-style-fill has-small-font-size\"><a class=\"wp-block-button__link has-white-color has-text-color has-background has-link-color wp-element-button\" href=\"https:\/\/webmedia.org.br\/2025\/wfa\/\" style=\"background-color:#01359a\" target=\"_blank\" rel=\"noreferrer noopener\">Veja detalhes da chamada aqui<\/a><\/div>\n\n\n\n<div class=\"wp-block-button has-custom-font-size is-style-fill has-small-font-size\"><a class=\"wp-block-button__link has-white-color has-text-color has-background has-link-color wp-element-button\" href=\"https:\/\/webmedia.org.br\/2025\/wfa-aceitos\/\" style=\"background-color:#01359a\" target=\"_blank\" rel=\"noreferrer noopener\">veja os resultados aqui<\/a><\/div>\n<\/div>\n\n\n\n<h3 class=\"wp-block-heading notranslate\">WTVDI | Workshop Futuro da TV Digital Interativa<\/h3>\n\n\n\n<ul class=\"wp-block-list\">\n<li><strong>Data limite<\/strong> <strong>de submiss\u00e3o de artigos: <mark style=\"background-color:rgba(0, 0, 0, 0)\" class=\"has-inline-color has-vivid-red-color\">29 de agosto de 2025<\/mark> (PRAZO FIRME!) <\/strong>(era 10 de agosto de 2025)<\/li>\n\n\n\n<li><strong>Notifica\u00e7\u00e3o aos autores:<\/strong> 19 de setembro de 2025<\/li>\n\n\n\n<li><strong>Vers\u00e3o final: <\/strong>26 de setembro de 2025<\/li>\n<\/ul>\n\n\n\n<div class=\"wp-block-buttons is-layout-flex wp-block-buttons-is-layout-flex\">\n<div class=\"wp-block-button has-custom-font-size is-style-fill has-small-font-size\"><a class=\"wp-block-button__link has-white-color has-text-color has-background has-link-color wp-element-button\" href=\"https:\/\/webmedia.org.br\/2025\/wtvdi\/\" style=\"background-color:#01359a\" target=\"_blank\" rel=\"noreferrer noopener\">Veja detalhes da chamada aqui<\/a><\/div>\n\n\n\n<div class=\"wp-block-button has-custom-font-size is-style-fill has-small-font-size\"><a class=\"wp-block-button__link has-white-color has-text-color has-background has-link-color wp-element-button\" href=\"https:\/\/webmedia.org.br\/2025\/wtvdi-aceitos\/\" style=\"background-color:#01359a\" target=\"_blank\" rel=\"noreferrer noopener\">Veja os resultados AQUI<\/a><\/div>\n<\/div>\n\n\n\n<h3 class=\"wp-block-heading notranslate\">W4E | WebMedia for Everyone<\/h3>\n\n\n\n<ul class=\"wp-block-list\">\n<li><strong>Data limite<\/strong> <strong>de submiss\u00e3o de artigos:<\/strong> <mark style=\"background-color:rgba(0, 0, 0, 0)\" class=\"has-inline-color has-vivid-red-color\"><strong>19 de agosto de 2025<\/strong><\/mark><strong> (PRAZO FIRME!)<\/strong> (era 11 de agosto de 2025)<\/li>\n\n\n\n<li><strong>Divulga\u00e7\u00e3o dos aprovados na Fase 1:<\/strong> 26 de agosto de 2025<\/li>\n\n\n\n<li><strong>Notifica\u00e7\u00e3o aos autores:<\/strong> 19 de setembro de 2025<\/li>\n\n\n\n<li><strong>Vers\u00e3o final: <\/strong>26 de setembro de 2025<\/li>\n<\/ul>\n\n\n\n<div class=\"wp-block-buttons is-layout-flex wp-block-buttons-is-layout-flex\">\n<div class=\"wp-block-button has-custom-font-size is-style-fill has-small-font-size\"><a class=\"wp-block-button__link has-white-color has-text-color has-background has-link-color wp-element-button\" href=\"https:\/\/webmedia.org.br\/2025\/w4e-webmedia-for-everyone\/\" style=\"background-color:#01359a\" target=\"_blank\" rel=\"noreferrer noopener\">Veja detalhes da chamada aqui<\/a><\/div>\n\n\n\n<div class=\"wp-block-button has-custom-font-size is-style-fill has-small-font-size\"><a class=\"wp-block-button__link has-white-color has-text-color has-background has-link-color wp-element-button\" href=\"https:\/\/webmedia.org.br\/2025\/w4e-aceitos\/\" style=\"background-color:#01359a\" target=\"_blank\" rel=\"noreferrer noopener\">Veja os resultados AQUI<\/a><\/div>\n<\/div>\n","protected":false},"excerpt":{"rendered":"<p>Trilha Principal Minicursos e Tutoriais BrWeb3 | 1\u00ba Workshop Brasileiro de Sistemas Web3 CTD | Concurso de Teses e Disserta\u00e7\u00f5es CTIC | [&hellip;]<\/p>\n","protected":false},"author":3,"featured_media":0,"parent":0,"menu_order":0,"comment_status":"closed","ping_status":"closed","template":"page-templates\/page_fullwidth.php","meta":{"footnotes":""},"class_list":["post-20","page","type-page","status-publish","hentry"],"_links":{"self":[{"href":"https:\/\/webmedia.org.br\/2025\/wp-json\/wp\/v2\/pages\/20","targetHints":{"allow":["GET"]}}],"collection":[{"href":"https:\/\/webmedia.org.br\/2025\/wp-json\/wp\/v2\/pages"}],"about":[{"href":"https:\/\/webmedia.org.br\/2025\/wp-json\/wp\/v2\/types\/page"}],"author":[{"embeddable":true,"href":"https:\/\/webmedia.org.br\/2025\/wp-json\/wp\/v2\/users\/3"}],"replies":[{"embeddable":true,"href":"https:\/\/webmedia.org.br\/2025\/wp-json\/wp\/v2\/comments?post=20"}],"version-history":[{"count":66,"href":"https:\/\/webmedia.org.br\/2025\/wp-json\/wp\/v2\/pages\/20\/revisions"}],"predecessor-version":[{"id":1929,"href":"https:\/\/webmedia.org.br\/2025\/wp-json\/wp\/v2\/pages\/20\/revisions\/1929"}],"wp:attachment":[{"href":"https:\/\/webmedia.org.br\/2025\/wp-json\/wp\/v2\/media?parent=20"}],"curies":[{"name":"wp","href":"https:\/\/api.w.org\/{rel}","templated":true}]}}