{"id":1924,"date":"2025-10-02T20:03:38","date_gmt":"2025-10-02T23:03:38","guid":{"rendered":"https:\/\/webmedia.org.br\/2025\/?page_id=1924"},"modified":"2025-10-02T20:03:39","modified_gmt":"2025-10-02T23:03:39","slug":"w4e-aceitos","status":"publish","type":"page","link":"https:\/\/webmedia.org.br\/2025\/w4e-aceitos\/","title":{"rendered":"W4E | WebMedia for Everyone &#8211; Artigos Aceitos"},"content":{"rendered":"\n<div class=\"wp-block-cover pages-title\" style=\"min-height:225px;aspect-ratio:unset;\"><span aria-hidden=\"true\" class=\"wp-block-cover__background has-background-dim\"><\/span><img loading=\"lazy\" decoding=\"async\" width=\"1024\" height=\"432\" class=\"wp-block-cover__image-background wp-image-1083\" alt=\"\" src=\"https:\/\/webmedia.org.br\/2025\/wp-content\/uploads\/2025\/04\/1_Site-WEBmedia_2025-1-1024x432.jpg\" style=\"object-position:80% 32%\" data-object-fit=\"cover\" data-object-position=\"80% 32%\" srcset=\"https:\/\/webmedia.org.br\/2025\/wp-content\/uploads\/2025\/04\/1_Site-WEBmedia_2025-1-1024x432.jpg 1024w, https:\/\/webmedia.org.br\/2025\/wp-content\/uploads\/2025\/04\/1_Site-WEBmedia_2025-1-300x126.jpg 300w, https:\/\/webmedia.org.br\/2025\/wp-content\/uploads\/2025\/04\/1_Site-WEBmedia_2025-1-768x324.jpg 768w, https:\/\/webmedia.org.br\/2025\/wp-content\/uploads\/2025\/04\/1_Site-WEBmedia_2025-1-1536x647.jpg 1536w, https:\/\/webmedia.org.br\/2025\/wp-content\/uploads\/2025\/04\/1_Site-WEBmedia_2025-1-2048x863.jpg 2048w, https:\/\/webmedia.org.br\/2025\/wp-content\/uploads\/2025\/04\/1_Site-WEBmedia_2025-1-1000x421.jpg 1000w, https:\/\/webmedia.org.br\/2025\/wp-content\/uploads\/2025\/04\/1_Site-WEBmedia_2025-1-230x97.jpg 230w, https:\/\/webmedia.org.br\/2025\/wp-content\/uploads\/2025\/04\/1_Site-WEBmedia_2025-1-350x148.jpg 350w, https:\/\/webmedia.org.br\/2025\/wp-content\/uploads\/2025\/04\/1_Site-WEBmedia_2025-1-480x202.jpg 480w\" sizes=\"auto, (max-width: 1024px) 100vw, 1024px\" \/><div class=\"wp-block-cover__inner-container is-layout-flow wp-block-cover-is-layout-flow\">\n<p class=\"has-text-align-center main-title notranslate has-x-large-font-size\">W4E | WebMedia for Everyone &#8211; Artigos Aceitos<\/p>\n<\/div><\/div>\n\n\n\n<h4 class=\"wp-block-heading\">Como a tecnologia pode ajudar os idosos a se comunicarem sobre temas sens\u00edveis? <\/h4>\n\n\n\n<p class=\"notranslate\">Vinicius Galv\u00e3o (ICMC\/USP), Denise Casatti (ICMC\/USP), Kamila Rodrigues (ICMC\/USP)<\/p>\n\n\n\n<h4 class=\"wp-block-heading\">Curso de Intelig\u00eancia Artificial para Idosos: Inclus\u00e3o Digital e Bem-Estar em Sa\u00fade<\/h4>\n\n\n\n<p class=\"notranslate\">Caroline Lira (ICMC\/USP), Kamila Rodrigues (ICMC\/USP)<\/p>\n\n\n\n<h4 class=\"wp-block-heading\">Dev.Learn &#8211; Relato de experi\u00eancia de um curso de extens\u00e3o para ensinar a desenvolver sites<\/h4>\n\n\n\n<p class=\"notranslate\">Miguel Tomazini (ICMC\/USP), Let\u00edcia J\u00f6nck (ICMC\/USP), Gabriel dos Santos (ICMC\/USP), Pedro Paffaro (ICMC\/USP), Sarita Mazzini Bruschi (ICMC\/USP)<\/p>\n\n\n\n<h4 class=\"wp-block-heading\">Ganesh: um grupo de extens\u00e3o para ensino de Seguran\u00e7a da Informa\u00e7\u00e3o do ICMC\/USP<\/h4>\n\n\n\n<p class=\"notranslate\">Felipe Mendes Salles (ICMC\/USP), Emelly Marinho (ICMC\/USP), Renan Parpinelli Scarpin (ICMC\/USP), Gabriel de Melo Cruz (ICMC\/USP), Kalinka Regina Lucas Jaquie Castelo Branco (ICMC\/USP)<\/p>\n\n\n\n<h4 class=\"wp-block-heading\">Inform\u00e1tica para Terceira Idade: Socializa\u00e7\u00e3o e Inclus\u00e3o Digital do P\u00fablico Idoso<\/h4>\n\n\n\n<p class=\"notranslate\">Vit\u00f3ria Dutra de Carvalho, Luis Reis (ICMC\/USP), Maria Fernanda Lima da Silva (ICMC\/USP), Caio Lucas Indalecio (ICMC\/USP), Kamila Rodrigues (ICMC\/USP), Lucas Pascotti Valem (ICMC\/USP)<\/p>\n\n\n\n<h4 class=\"wp-block-heading\">Promoting Gender Inclusion in Computing: An Experience Report on a National Web Development School for Girls<\/h4>\n\n\n\n<p class=\"notranslate\">Brena Ribeiro (ICMC\/USP), Tha\u00eds Lauriano (ICMC\/USP), Lina Garc\u00e9s (ICMC\/USP)<\/p>\n\n\n\n<h4 class=\"wp-block-heading\">Transformando a Presen\u00e7a Feminina em Computa\u00e7\u00e3o a partir de Oficinas de Programa\u00e7\u00e3o em Python<\/h4>\n\n\n\n<p class=\"notranslate\">Fernanda dos Santos Coutinho (UFJF), Ana Carolina Junqueira e Silva (UFJF), Hanna Velten (UFJF), Raphaela Oliveira (Universidade Federal Juiz de Fora), Lara da S Dias (UFJF), Alessandreia Marta de Oliveira (UFJF), Pedro Henrique Dias Valle (USP)<\/p>\n","protected":false},"excerpt":{"rendered":"<p>Como a tecnologia pode ajudar os idosos a se comunicarem sobre temas sens\u00edveis? Vinicius Galv\u00e3o (ICMC\/USP), Denise Casatti (ICMC\/USP), Kamila Rodrigues (ICMC\/USP) [&hellip;]<\/p>\n","protected":false},"author":3,"featured_media":0,"parent":0,"menu_order":0,"comment_status":"closed","ping_status":"closed","template":"","meta":{"footnotes":""},"class_list":["post-1924","page","type-page","status-publish","hentry"],"_links":{"self":[{"href":"https:\/\/webmedia.org.br\/2025\/wp-json\/wp\/v2\/pages\/1924","targetHints":{"allow":["GET"]}}],"collection":[{"href":"https:\/\/webmedia.org.br\/2025\/wp-json\/wp\/v2\/pages"}],"about":[{"href":"https:\/\/webmedia.org.br\/2025\/wp-json\/wp\/v2\/types\/page"}],"author":[{"embeddable":true,"href":"https:\/\/webmedia.org.br\/2025\/wp-json\/wp\/v2\/users\/3"}],"replies":[{"embeddable":true,"href":"https:\/\/webmedia.org.br\/2025\/wp-json\/wp\/v2\/comments?post=1924"}],"version-history":[{"count":1,"href":"https:\/\/webmedia.org.br\/2025\/wp-json\/wp\/v2\/pages\/1924\/revisions"}],"predecessor-version":[{"id":1925,"href":"https:\/\/webmedia.org.br\/2025\/wp-json\/wp\/v2\/pages\/1924\/revisions\/1925"}],"wp:attachment":[{"href":"https:\/\/webmedia.org.br\/2025\/wp-json\/wp\/v2\/media?parent=1924"}],"curies":[{"name":"wp","href":"https:\/\/api.w.org\/{rel}","templated":true}]}}