{"id":1730,"date":"2025-09-24T20:04:56","date_gmt":"2025-09-24T23:04:56","guid":{"rendered":"https:\/\/webmedia.org.br\/2025\/?page_id=1730"},"modified":"2025-10-07T12:37:44","modified_gmt":"2025-10-07T15:37:44","slug":"ctd-aceitos","status":"publish","type":"page","link":"https:\/\/webmedia.org.br\/2025\/ctd-aceitos\/","title":{"rendered":"CTD | Concurso de Teses e Disserta\u00e7\u00f5es &#8211; Aceitos"},"content":{"rendered":"\n<div class=\"wp-block-cover pages-title\" style=\"min-height:225px;aspect-ratio:unset;\"><span aria-hidden=\"true\" class=\"wp-block-cover__background has-background-dim\"><\/span><img loading=\"lazy\" decoding=\"async\" width=\"1024\" height=\"432\" class=\"wp-block-cover__image-background wp-image-1083\" alt=\"\" src=\"https:\/\/webmedia.org.br\/2025\/wp-content\/uploads\/2025\/04\/1_Site-WEBmedia_2025-1-1024x432.jpg\" style=\"object-position:80% 32%\" data-object-fit=\"cover\" data-object-position=\"80% 32%\" srcset=\"https:\/\/webmedia.org.br\/2025\/wp-content\/uploads\/2025\/04\/1_Site-WEBmedia_2025-1-1024x432.jpg 1024w, https:\/\/webmedia.org.br\/2025\/wp-content\/uploads\/2025\/04\/1_Site-WEBmedia_2025-1-300x126.jpg 300w, https:\/\/webmedia.org.br\/2025\/wp-content\/uploads\/2025\/04\/1_Site-WEBmedia_2025-1-768x324.jpg 768w, https:\/\/webmedia.org.br\/2025\/wp-content\/uploads\/2025\/04\/1_Site-WEBmedia_2025-1-1536x647.jpg 1536w, https:\/\/webmedia.org.br\/2025\/wp-content\/uploads\/2025\/04\/1_Site-WEBmedia_2025-1-2048x863.jpg 2048w, https:\/\/webmedia.org.br\/2025\/wp-content\/uploads\/2025\/04\/1_Site-WEBmedia_2025-1-1000x421.jpg 1000w, https:\/\/webmedia.org.br\/2025\/wp-content\/uploads\/2025\/04\/1_Site-WEBmedia_2025-1-230x97.jpg 230w, https:\/\/webmedia.org.br\/2025\/wp-content\/uploads\/2025\/04\/1_Site-WEBmedia_2025-1-350x148.jpg 350w, https:\/\/webmedia.org.br\/2025\/wp-content\/uploads\/2025\/04\/1_Site-WEBmedia_2025-1-480x202.jpg 480w\" sizes=\"auto, (max-width: 1024px) 100vw, 1024px\" \/><div class=\"wp-block-cover__inner-container is-layout-flow wp-block-cover-is-layout-flow\">\n<p class=\"has-text-align-center main-title notranslate has-x-large-font-size\"><strong>CTD | Concurso de Teses e Disserta\u00e7\u00f5es<\/strong> &#8211; Aceitos<\/p>\n<\/div><\/div>\n\n\n\n<h3 class=\"wp-block-heading\">DISSERTA\u00c7\u00d5ES<\/h3>\n\n\n\n<h4 class=\"wp-block-heading\">Aprendizado de M\u00e1quina Aplicado \u00e0 Redu\u00e7\u00e3o do Custo Computacional do Test Zone Search e da Estima\u00e7\u00e3o de Movimento Affine do Codificador VVC<\/h4>\n\n\n\n<p class=\"notranslate\">Ramiro Viana (Federal University of Pelotas), Luciano Volcan Agostini (UFPEL)<\/p>\n\n\n\n<h4 class=\"wp-block-heading\">Planejamento autom\u00e1tico de tratamento odontol\u00f3gico<\/h4>\n\n\n\n<p>Alexander Scaranti (USP), Alessandra Alaniz Macedo (USP)<\/p>\n\n\n\n<h4 class=\"wp-block-heading notranslate\">Redu\u00e7\u00e3o de Custo Computacional da Codifica\u00e7\u00e3o de Nuvens de Pontos Din\u00e2mica<\/h4>\n\n\n\n<p class=\"notranslate\">Gustavo Rehbein (UFPEL), Marcelo Schiavon Porto (Federal University of Pelotas), Guilherme Corr\u00eaa (Federal University of Pelotas), Cristiano Flores dos Santos (Federal University of Pelotas)<\/p>\n\n\n\n<h4 class=\"wp-block-heading\">Um Estudo sobre Espalhamento de Desinforma\u00e7\u00e3o em Comunidades Antivacina no Telegram<\/h4>\n\n\n\n<p class=\"notranslate\">Athus Cavalini (IFES), Giovanni Comarela (UFES)<\/p>\n\n\n\n<h4 class=\"wp-block-heading\">Uma arquitetura de sensoriamento social para suporte \u00e0 comunica\u00e7\u00e3o n\u00e3o planejada no contexto de viol\u00eancia urbana no projeto CidadeSocial<\/h4>\n\n\n\n<p class=\"notranslate\">Eliel Roger da Silva (UFRJ), Tiago Cruz de Fran\u00e7a (UFRRJ), Jonice Oliveira (UFRJ)<\/p>\n\n\n\n<p><\/p>\n\n\n\n<h3 class=\"wp-block-heading\">TESES<\/h3>\n\n\n\n<h4 class=\"wp-block-heading\">A Comprehensive Exploitation of Instance Selection Methods for Automatic Text Classification: Doing More with Less<\/h4>\n\n\n\n<p class=\"notranslate\">Washington Cunha (Federal University of Minas Gerais), Leonardo Rocha (Universidade Federal de S\u00e3o Jo\u00e3o del rei), Marcos Andr\u00e9 Gon\u00e7alves (UFMG)<\/p>\n\n\n\n<h4 class=\"wp-block-heading\">A Computational Framework for Auditing Targeted Advertising<\/h4>\n\n\n\n<p class=\"notranslate\">M\u00e1rcio Aparecido Inacio da silva (UFMS), Fabricio Benevenuto (UFMG)<\/p>\n\n\n\n<h4 class=\"wp-block-heading\">An exploration of recommender systems explanation paradigms<\/h4>\n\n\n\n<p class=\"notranslate\">Andr\u00e9 Zanon (University College Cork), Leonardo Rocha (Universidade Federal de S\u00e3o Jo\u00e3o del rei), Marcelo G. Manzato (University of S\u00e3o Paulo)<\/p>\n\n\n\n<h4 class=\"wp-block-heading\">Enhancing Knowledge Graphs with Large Language Models: Contributions to E-commerce Question Answering Systems<\/h4>\n\n\n\n<p class=\"notranslate\">Andre Gomes Regino (UNICAMP), Julio Cesar Dos Reis (Instituto de Computa\u00e7\u00e3o da Universidade Estadual de Campinas)<\/p>\n\n\n\n<h4 class=\"wp-block-heading\">Semi-automatic Authoring of Sensory Effects in 360\u25e6 Videos<\/h4>\n\n\n\n<p class=\"notranslate\">Raphael S. Abreu (UFF), Joel Andr\u00e9 Ferreira dos Santos (CEFET\/RJ), Debora C. Muchaluat-Saade (UFF)<\/p>\n\n\n\n<h4 class=\"wp-block-heading\">Socially Responsible and Explainable Automated Fact-Checking and Hate Speech Detection<\/h4>\n\n\n\n<p class=\"notranslate\">Francielle Vargas (USP), Thiago Pardo (USP\/ICMC), Fabricio Benevenuto (UFMG)<\/p>\n","protected":false},"excerpt":{"rendered":"<p>DISSERTA\u00c7\u00d5ES Aprendizado de M\u00e1quina Aplicado \u00e0 Redu\u00e7\u00e3o do Custo Computacional do Test Zone Search e da Estima\u00e7\u00e3o de Movimento Affine do Codificador [&hellip;]<\/p>\n","protected":false},"author":3,"featured_media":0,"parent":0,"menu_order":0,"comment_status":"closed","ping_status":"closed","template":"","meta":{"footnotes":""},"class_list":["post-1730","page","type-page","status-publish","hentry"],"_links":{"self":[{"href":"https:\/\/webmedia.org.br\/2025\/wp-json\/wp\/v2\/pages\/1730","targetHints":{"allow":["GET"]}}],"collection":[{"href":"https:\/\/webmedia.org.br\/2025\/wp-json\/wp\/v2\/pages"}],"about":[{"href":"https:\/\/webmedia.org.br\/2025\/wp-json\/wp\/v2\/types\/page"}],"author":[{"embeddable":true,"href":"https:\/\/webmedia.org.br\/2025\/wp-json\/wp\/v2\/users\/3"}],"replies":[{"embeddable":true,"href":"https:\/\/webmedia.org.br\/2025\/wp-json\/wp\/v2\/comments?post=1730"}],"version-history":[{"count":2,"href":"https:\/\/webmedia.org.br\/2025\/wp-json\/wp\/v2\/pages\/1730\/revisions"}],"predecessor-version":[{"id":2186,"href":"https:\/\/webmedia.org.br\/2025\/wp-json\/wp\/v2\/pages\/1730\/revisions\/2186"}],"wp:attachment":[{"href":"https:\/\/webmedia.org.br\/2025\/wp-json\/wp\/v2\/media?parent=1730"}],"curies":[{"name":"wp","href":"https:\/\/api.w.org\/{rel}","templated":true}]}}