{"id":1729,"date":"2025-09-24T20:51:45","date_gmt":"2025-09-24T23:51:45","guid":{"rendered":"https:\/\/webmedia.org.br\/2025\/?page_id=1729"},"modified":"2025-10-07T11:56:06","modified_gmt":"2025-10-07T14:56:06","slug":"wfa-aceitos","status":"publish","type":"page","link":"https:\/\/webmedia.org.br\/2025\/wfa-aceitos\/","title":{"rendered":"WFA | Workshop de Ferramentas e Aplica\u00e7\u00f5es &#8211; Artigos Aceitos"},"content":{"rendered":"\n<div class=\"wp-block-cover pages-title\" style=\"min-height:225px;aspect-ratio:unset;\"><span aria-hidden=\"true\" class=\"wp-block-cover__background has-background-dim\"><\/span><img loading=\"lazy\" decoding=\"async\" width=\"1024\" height=\"432\" class=\"wp-block-cover__image-background wp-image-1083\" alt=\"\" src=\"https:\/\/webmedia.org.br\/2025\/wp-content\/uploads\/2025\/04\/1_Site-WEBmedia_2025-1-1024x432.jpg\" style=\"object-position:80% 32%\" data-object-fit=\"cover\" data-object-position=\"80% 32%\" srcset=\"https:\/\/webmedia.org.br\/2025\/wp-content\/uploads\/2025\/04\/1_Site-WEBmedia_2025-1-1024x432.jpg 1024w, https:\/\/webmedia.org.br\/2025\/wp-content\/uploads\/2025\/04\/1_Site-WEBmedia_2025-1-300x126.jpg 300w, https:\/\/webmedia.org.br\/2025\/wp-content\/uploads\/2025\/04\/1_Site-WEBmedia_2025-1-768x324.jpg 768w, https:\/\/webmedia.org.br\/2025\/wp-content\/uploads\/2025\/04\/1_Site-WEBmedia_2025-1-1536x647.jpg 1536w, https:\/\/webmedia.org.br\/2025\/wp-content\/uploads\/2025\/04\/1_Site-WEBmedia_2025-1-2048x863.jpg 2048w, https:\/\/webmedia.org.br\/2025\/wp-content\/uploads\/2025\/04\/1_Site-WEBmedia_2025-1-1000x421.jpg 1000w, https:\/\/webmedia.org.br\/2025\/wp-content\/uploads\/2025\/04\/1_Site-WEBmedia_2025-1-230x97.jpg 230w, https:\/\/webmedia.org.br\/2025\/wp-content\/uploads\/2025\/04\/1_Site-WEBmedia_2025-1-350x148.jpg 350w, https:\/\/webmedia.org.br\/2025\/wp-content\/uploads\/2025\/04\/1_Site-WEBmedia_2025-1-480x202.jpg 480w\" sizes=\"auto, (max-width: 1024px) 100vw, 1024px\" \/><div class=\"wp-block-cover__inner-container is-layout-flow wp-block-cover-is-layout-flow\">\n<p class=\"has-text-align-center main-title notranslate has-x-large-font-size\">WFA | Workshop de Ferramentas e Aplica\u00e7\u00f5es &#8211; Artigos Aceitos<\/p>\n<\/div><\/div>\n\n\n\n<h4 class=\"wp-block-heading\">A WhatsApp-Based Application for Automatic Data Collection and Crime Monitoring in Belo Horizonte<\/h4>\n\n\n\n<p class=\"notranslate\">Gustavo Fonseca (UFOP), Guilherme Silva Patr\u00edcio, Carlos Henrique Gomes Ferreira (Universidade Federal de Ouro Preto, Departamento de Computa\u00e7\u00e3o e Sistemas (DECSI)), Alexandre Magno Sousa (Universidade Federal de Ouro Preto, Departamento de Computa\u00e7\u00e3o e Sistemas (DECSI))<\/p>\n\n\n\n<h4 class=\"wp-block-heading\">Bula F\u00e1cil: aplica\u00e7\u00e3o de bul\u00e1rio inteligente<\/h4>\n\n\n\n<p class=\"notranslate\">Pedro Moreira (IFAC), Jos\u00e9 Orlando Albuquerque (IFAC), Fl\u00e1vio Miranda de Farias (IFAC)<\/p>\n\n\n\n<h4 class=\"wp-block-heading\">ColabSomGeo: Ferramenta de monitoramento de polui\u00e7\u00e3o sonora subsidiada por modelo de aprendizagem<\/h4>\n\n\n\n<p class=\"notranslate\">Sannyer Cardoso Carvalho Nery (Ifam), Fani Tamires de Souza Batista (Ifam), Sergio Augusto Coelho Bezerra (Ifam)<\/p>\n\n\n\n<h4 class=\"wp-block-heading\">DengueMG: Um Dashboard Interativo para o Monitoramento de Dengue em Minas Gerais<\/h4>\n\n\n\n<p class=\"notranslate\">Jean Dias (UFOP), Fernanda Sumika H. Souza (UFOP), Carlos Henrique Gomes Ferreira (Universidade Federal de Ouro Preto, Departamento de Computa\u00e7\u00e3o e Sistemas (DECSI)), Vander L. S. Freitas (UFOP)<\/p>\n\n\n\n<h4 class=\"wp-block-heading\">Desenvolvimento de um Dashboard para Monitoramento de Demandas da Ouvidoria do TCE-PE<\/h4>\n\n\n\n<p class=\"notranslate\">Michele Gomes Feitosa (UFRPE), Maria Gizele Alves do Nascimento (UFRPE), Rafael Jos\u00e9 Moura da Silva (UFRPE), George Augusto Valen\u00e7a Santos (UFRPE), Gl\u00f3ria Fraga, Ermeson Andrade (UFRPE)<\/p>\n\n\n\n<h4 class=\"wp-block-heading\">EurecaChat: A Multi-Agent LLM-Based Chatbot for Supporting Students, Faculty, and University Administration<\/h4>\n\n\n\n<p class=\"notranslate\">David Pereira (UFCG), Matheus Silva (UFCG), Leandro Balby Marinho (Federal University of Campina Grande), Eliane Cristina Ara\u00fajo (UFCG), Beatriz Meneses, Levi J\u00fanior (UFCG), Jos\u00e9 Robson da Silva Araujo Junior (UFCG), Kemilli Nicole dos Santos Lima (UFCG)<\/p>\n\n\n\n<h4 class=\"wp-block-heading\">Florescer entre Sons e Sil\u00eancios: Ferramenta de Apoio \u00e0 Classifica\u00e7\u00e3o de Vocaliza\u00e7\u00f5es N\u00e3o Verbais com Intelig\u00eancia Artificial<\/h4>\n\n\n\n<p class=\"notranslate\">Fernanda Floriano Silva (Universidade de S\u00e3o Paulo\/ICMC), Alessandra Alaniz Macedo (USP)<\/p>\n\n\n\n<h4 class=\"wp-block-heading\">FoodConnect: um software de gest\u00e3o log\u00edstica para auxiliar no combate \u00e0 fome e redu\u00e7\u00e3o de desperd\u00edcios<\/h4>\n\n\n\n<p class=\"notranslate\">Maykon Ferreira (USP\/ICMC), Maria Mislene Rosado de Sousa Veras (IFPI), Rafael Anchi\u00eata (IFMA Campus Caxias)<\/p>\n\n\n\n<h4 class=\"wp-block-heading\">G-FinOps: towards the instantiation of the A-FinOps framework supporting automation of decision-making for multi-cloud application deployment<\/h4>\n\n\n\n<p class=\"notranslate\">Bruno Lopes (UFSCAR), Auri Marcelo Rizzo Vincenzi (UFSCAR)<\/p>\n\n\n\n<h4 class=\"wp-block-heading\">HeroKeys: Um ambiente virtual gamificado para tocar e aprender piano<\/h4>\n\n\n\n<p class=\"notranslate\">Deivison Rodrigues Jord\u00e3o (UFPB), Joaquim Breno Brito Cavalcante (UFPB), Humberto Navarro de Carvalho (MusicAI), Yvson Nunes (MusicAI), Thais Gaud\u00eancio (UFPB), Yuri Malheiros (UFPB)<\/p>\n\n\n\n<h4 class=\"wp-block-heading\">Integrating Computer Vision into CACTO: A System for Fraud Prevention and Secure Transport Monitoring<\/h4>\n\n\n\n<p class=\"notranslate\">Kaiky Maia (UFPB), Ludmila Gomes, Allan Vasconcelos (UFPB), Tha\u00eds Gaud\u00eancio do R\u00eago (UFPB), Yuri Malheiros (UFPB), Telmo Menezes Silva Filho, Marcelo Iury de Sousa Oliveira<\/p>\n\n\n\n<h4 class=\"wp-block-heading\">MicroMatch: A Content-Based Macroscopic Microbial Image Retrieval Module<\/h4>\n\n\n\n<p class=\"notranslate\">Antonio Parmezan (USP), Angela Patricia Mestas Mu\u00f1ante (USP), Diego Minatel (USP), Solange Rezende (USP\/ICMC)<\/p>\n\n\n\n<h4 class=\"wp-block-heading\">Plataforma APS Digital<\/h4>\n\n\n\n<p class=\"notranslate\">Giordano Souza (ANA), Victor Macul (ANA), Ol\u00edvio Souza (ANA), Ant\u00f4nio Pereira, Joice Pallone (ANA), Mariana Dumb\u00e1 (ANA), Bruno Souza, Gregorio Rodrigues, Luiz Cardoso<\/p>\n\n\n\n<h4 class=\"wp-block-heading\">py360tool: Um framework para manipula\u00e7\u00e3o de v\u00eddeo 360\u00b0 com ladrilhos.<\/h4>\n\n\n\n<p class=\"notranslate\">Henrique Domingues Garcia (University of Brasilia), Marcelo Menezes Carvalho (Texas State University)<\/p>\n\n\n\n<h4 class=\"wp-block-heading\">Reapp: Uma Ferramenta Cocriada com Institui\u00e7\u00f5es Sociais para o Fortalecimento do Terceiro Setor<\/h4>\n\n\n\n<p class=\"notranslate\">Gabriel Belo (UFMA), Andre Gabriel Costa (Universidade Federal do Maranh\u00e3o UFMA), Gabriel Rabelo (UFMA)<\/p>\n\n\n\n<h4 class=\"wp-block-heading\">TelepresenceVR: Ferramenta para Telemedicina Imersiva e Interativa<\/h4>\n\n\n\n<p class=\"notranslate\">Joviro Rocha Neto (UFG), Thiago Moura (UFG), Is\u00e1cio Galeano, Eliomar Ara\u00fajo Lima (Federal University of Goias), Fabio M. Costa (UFG)<\/p>\n\n\n\n<h4 class=\"wp-block-heading\">Um agente conversacional para suporte emocional a pessoas com estados ansiosos<\/h4>\n\n\n\n<p class=\"notranslate\">Pamela Carvalho da Silva (UFCSPA), Pedro Almeida (UFG), Jair Martins Santiago Neto (UFG), Guilherme Fraz\u00e3o, Jo\u00e3o Victor Ferreira Borges (UFG), Jo\u00e3o Marcos Ara\u00fajo Maia (UFG), Karlla Loane Santos Lima (UFG), Fernando de Assis Mota (UFG), Lidia Rakel Alcantara do Vale (UFG), Renato de Freitas Bulc\u00e3o Neto (UFG)<\/p>\n\n\n\n<h4 class=\"wp-block-heading\">Uma Ferramenta para Organiza\u00e7\u00e3o Sem\u00e2ntica de Informa\u00e7\u00f5es de Helpdesk por meio de Modelagem de T\u00f3picos<\/h4>\n\n\n\n<p class=\"notranslate\">Daniel Carvalho (UFSJ), Ant\u00f4nio Pereira (UFSJ), Elisa Tuler (Universidade Federal de S\u00e3o Jo\u00e3o del rei), Diego Roberto Colombo Dias (UFES), Washington Cunha (Universidade Federal de Minas Gerais UFMG), Leonardo Rocha (Universidade Federal de S\u00e3o Jo\u00e3o del rei)<\/p>\n\n\n\n<h4 class=\"wp-block-heading\">Uma Ferramenta Web Baseada em LLMs para Respostas a Perguntas Simples sobre Bases de Conhecimento Heterog\u00eaneas<\/h4>\n\n\n\n<p class=\"notranslate\">Jo\u00e3o Pedro Porto Campos (IBM), Marcelo Machado (UFJF), Guilherme Lima (IBM Research), Viviane Torres da Silva (IBM Research)<\/p>\n\n\n\n<h4 class=\"wp-block-heading\">VulnScan Suite: Uma Ferramenta Integrada para An\u00e1lise Automatizada de Vulnerabilidades em Redes Locais<\/h4>\n\n\n\n<p class=\"notranslate\">Carlos Gabriel de Oliveira Fraz\u00e3o (UFOP)<\/p>\n\n\n\n<h4 class=\"wp-block-heading\">Yuma: Gera\u00e7\u00e3o de Workflows Multiagentes a partir de Linguagem Natural<\/h4>\n\n\n\n<p class=\"notranslate\">D\u00e9bora Souza (Federal University of Campina Grande), Ca\u00edque Campelo (UFCG), Andr\u00e9 Neves (UFCG), Leandro Balby Marinho (Federal University of Campina Grande), Eliane Ara\u00fajo (UFCG)<\/p>\n","protected":false},"excerpt":{"rendered":"<p>A WhatsApp-Based Application for Automatic Data Collection and Crime Monitoring in Belo Horizonte Gustavo Fonseca (UFOP), Guilherme Silva Patr\u00edcio, Carlos Henrique Gomes [&hellip;]<\/p>\n","protected":false},"author":3,"featured_media":0,"parent":0,"menu_order":0,"comment_status":"closed","ping_status":"closed","template":"","meta":{"footnotes":""},"class_list":["post-1729","page","type-page","status-publish","hentry"],"_links":{"self":[{"href":"https:\/\/webmedia.org.br\/2025\/wp-json\/wp\/v2\/pages\/1729","targetHints":{"allow":["GET"]}}],"collection":[{"href":"https:\/\/webmedia.org.br\/2025\/wp-json\/wp\/v2\/pages"}],"about":[{"href":"https:\/\/webmedia.org.br\/2025\/wp-json\/wp\/v2\/types\/page"}],"author":[{"embeddable":true,"href":"https:\/\/webmedia.org.br\/2025\/wp-json\/wp\/v2\/users\/3"}],"replies":[{"embeddable":true,"href":"https:\/\/webmedia.org.br\/2025\/wp-json\/wp\/v2\/comments?post=1729"}],"version-history":[{"count":3,"href":"https:\/\/webmedia.org.br\/2025\/wp-json\/wp\/v2\/pages\/1729\/revisions"}],"predecessor-version":[{"id":2185,"href":"https:\/\/webmedia.org.br\/2025\/wp-json\/wp\/v2\/pages\/1729\/revisions\/2185"}],"wp:attachment":[{"href":"https:\/\/webmedia.org.br\/2025\/wp-json\/wp\/v2\/media?parent=1729"}],"curies":[{"name":"wp","href":"https:\/\/api.w.org\/{rel}","templated":true}]}}