{"id":1724,"date":"2025-09-24T19:20:49","date_gmt":"2025-09-24T22:20:49","guid":{"rendered":"https:\/\/webmedia.org.br\/2025\/?page_id=1724"},"modified":"2025-09-24T19:20:50","modified_gmt":"2025-09-24T22:20:50","slug":"ctic-aceitos","status":"publish","type":"page","link":"https:\/\/webmedia.org.br\/2025\/ctic-aceitos\/","title":{"rendered":"CTIC | Concurso de Trabalhos de Inicia\u00e7\u00e3o Cient\u00edfica &#8211; Artigos Aceitos"},"content":{"rendered":"\n<div class=\"wp-block-cover pages-title\" style=\"min-height:225px;aspect-ratio:unset;\"><span aria-hidden=\"true\" class=\"wp-block-cover__background has-background-dim\"><\/span><img loading=\"lazy\" decoding=\"async\" width=\"1024\" height=\"432\" class=\"wp-block-cover__image-background wp-image-1083\" alt=\"\" src=\"https:\/\/webmedia.org.br\/2025\/wp-content\/uploads\/2025\/04\/1_Site-WEBmedia_2025-1-1024x432.jpg\" style=\"object-position:80% 32%\" data-object-fit=\"cover\" data-object-position=\"80% 32%\" srcset=\"https:\/\/webmedia.org.br\/2025\/wp-content\/uploads\/2025\/04\/1_Site-WEBmedia_2025-1-1024x432.jpg 1024w, https:\/\/webmedia.org.br\/2025\/wp-content\/uploads\/2025\/04\/1_Site-WEBmedia_2025-1-300x126.jpg 300w, https:\/\/webmedia.org.br\/2025\/wp-content\/uploads\/2025\/04\/1_Site-WEBmedia_2025-1-768x324.jpg 768w, https:\/\/webmedia.org.br\/2025\/wp-content\/uploads\/2025\/04\/1_Site-WEBmedia_2025-1-1536x647.jpg 1536w, https:\/\/webmedia.org.br\/2025\/wp-content\/uploads\/2025\/04\/1_Site-WEBmedia_2025-1-2048x863.jpg 2048w, https:\/\/webmedia.org.br\/2025\/wp-content\/uploads\/2025\/04\/1_Site-WEBmedia_2025-1-1000x421.jpg 1000w, https:\/\/webmedia.org.br\/2025\/wp-content\/uploads\/2025\/04\/1_Site-WEBmedia_2025-1-230x97.jpg 230w, https:\/\/webmedia.org.br\/2025\/wp-content\/uploads\/2025\/04\/1_Site-WEBmedia_2025-1-350x148.jpg 350w, https:\/\/webmedia.org.br\/2025\/wp-content\/uploads\/2025\/04\/1_Site-WEBmedia_2025-1-480x202.jpg 480w\" sizes=\"auto, (max-width: 1024px) 100vw, 1024px\" \/><div class=\"wp-block-cover__inner-container is-layout-flow wp-block-cover-is-layout-flow\">\n<p class=\"has-text-align-center main-title notranslate has-x-large-font-size\"><strong>CTIC | Concurso de Trabalhos de Inicia\u00e7\u00e3o Cient\u00edfica<\/strong> &#8211; Artigos Aceitos<\/p>\n<\/div><\/div>\n\n\n\n<h4 class=\"wp-block-heading\">An\u00e1lise Aprimorada das Percep\u00e7\u00f5es dos Usu\u00e1rios por Meio de Abordagens de Processamento de Linguagem Natural<\/h4>\n\n\n\n<p class=\"notranslate\">Ana Cl\u00e1udia Machado (UFSJ), Gabriel Prenassi (Universidade Federal de S\u00e3o Jo\u00e3o del-Rei), Elisa Tuler (Universidade Federal de S\u00e3o Jo\u00e3o del rei), Leonardo Rocha (Universidade Federal de S\u00e3o Jo\u00e3o del rei)<\/p>\n\n\n\n<h4 class=\"wp-block-heading\">Aprimorando a Efici\u00eancia e a Equidade de uma Abordagem Perspectivista Para Detec\u00e7\u00e3o de Ironia<\/h4>\n\n\n\n<p class=\"notranslate\">Samuel Jesus (UFMG), Guilherme Dal Bianco (UFFS), Wanderlei Junior (UFMG), Valerio Basile, Marcos Gon\u00e7alves (UFMG)<\/p>\n\n\n\n<h4 class=\"wp-block-heading\">Assessing the Potential of Large Language Models (LLMs) for the Automatic Generation of Solutions for Programming Exercises<\/h4>\n\n\n\n<p class=\"notranslate\">Andr\u00e9 Alc\u00e2ntara (UFV), Mateus Pinto Silva (UFV), Hugo Oliveira (UFPB), Julio C. S. Reis (UFV)<\/p>\n\n\n\n<h4 class=\"wp-block-heading\">Avalia\u00e7\u00e3o de Usabilidade do SofiaFala: Melhorando a Tecnologia Assistiva para Terapias de Fala<\/h4>\n\n\n\n<p class=\"notranslate\">Victor Hugo da Silva Lembor (Faculdade de Medicina de Ribeir\u00e3o Preto da Universidade de S\u00e3o Paulo), Alessandra Alaniz Macedo (Faculdade de Filosofia, Ciencias e Letras de Ribeirao Preto USP)<\/p>\n\n\n\n<h4 class=\"wp-block-heading\">Building and Analyzing an Open Repository of Programming Exercises in Portuguese<\/h4>\n\n\n\n<p class=\"notranslate\">Vinicius Kuster Lodi (UFV), Jo\u00e3o Pedro Medrado Sena (USP\/ICMC), Julio C. S. Reis (UFV)<\/p>\n\n\n\n<h4 class=\"wp-block-heading\">Desenvolvimento de Software para Videolaringosc\u00f3pio Assistivo de Baixo Custo Aplicado ao Treinamento e Ensino de Laringoscopia<\/h4>\n\n\n\n<p class=\"notranslate\">Thiago Guimar\u00e3es Rebello Mendon\u00e7a de Alc\u00e2ntara (PESC\/UFRJ), Bruno Pedra\u00e7a de Souza (COPPE\/UFRJ), Guilherme Horta Travassos (COPPE\/UFRJ)<\/p>\n\n\n\n<h4 class=\"wp-block-heading\">Diagn\u00f3stico Hier\u00e1rquico em Cardiologia Utilizando um Modelo de Mistura de Especialistas e Conhecimento Pr\u00e9vio de Cardiologistas<\/h4>\n\n\n\n<p class=\"notranslate\">Diogo Tuler Chaves (UFMG), Pedro Robles Dutenhefner (UFMG), Gisele Pappa (UFMG), Ant\u00f4nio L. P. Ribeiro (UFMG), Gabriela Paix\u00e3o (UFMG), Wagner Meira Jr. (UFMG)<\/p>\n\n\n\n<h4 class=\"wp-block-heading\">From Voices to Data: Tools for Creating a Multitask Atypical Speech Corpus through Citizen Science<\/h4>\n\n\n\n<p class=\"notranslate\">Caio Oliveira Di Gioia (Faculdade de Filosofia, Ciencias e Letras de Ribeirao Preto USP), Victor Hugo da Silva Lembor (Faculdade de Medicina de Ribeir\u00e3o Preto da Universidade de S\u00e3o Paulo), Samira Fares (Faculdade de Medicina de Ribeir\u00e3o Preto da Universidade de S\u00e3o Paulo), Alessandra Alaniz Macedo (Faculdade de Filosofia, Ciencias e Letras de Ribeirao Preto USP)<\/p>\n\n\n\n<h4 class=\"wp-block-heading\">Modelos de Linguagem na An\u00e1lise da Promo\u00e7\u00e3o de Jogos de Azar Online: Estudo de Caso do Jogo do Tigrinho no YouTube<\/h4>\n\n\n\n<p class=\"notranslate\">Jessica Costa (UFOP), Leonardo Rocha (Universidade Federal de S\u00e3o Jo\u00e3o del Rei), Carlos Henrique Gomes Ferreira (Universidade Federal de Ouro Preto)<\/p>\n\n\n\n<h4 class=\"wp-block-heading\">OACE: Multi-criteria Assessment of Assertiveness and Cost for Deep Learning Models<\/h4>\n\n\n\n<p class=\"notranslate\">Lyanh Lopes Pinto (UFPA), Marcos C\u00e9sar da Rocha Seruffo (UFPA)<\/p>\n\n\n\n<h4 class=\"wp-block-heading\">Operationalizing Knowledge Gain: Implementing and Testing the DKG Metric in Search Environments<\/h4>\n\n\n\n<p class=\"notranslate\">Rafael Tavares (UNIRIO), Sean W. M. Siqueira (UNIRIO), Marcelo Tibau (UNIRIO)<\/p>\n\n\n\n<h4 class=\"wp-block-heading\">Revers\u00e3o anagl\u00edfica baseada em m\u00e9todo r\u00e1pido<\/h4>\n\n\n\n<p class=\"notranslate\">Felipe Carneiro Machado (USP\/ICMC), Rudinei Goularte (USP)<\/p>\n\n\n\n<h4 class=\"wp-block-heading\">Solu\u00e7\u00f5es Tecnol\u00f3gicas para a Mobilidade de Pessoas com Defici\u00eancia Visual: Realidade Virtual e Navega\u00e7\u00e3o Interna com Wi-Fi<\/h4>\n\n\n\n<p class=\"notranslate\">Davi Macedo da Fonseca (CEFET\/RJ), Ana Clara da Costa Souza (CEFET\/RJ), Glauco Fiorott Amorim (CEFET\/RJ), Joel Andr\u00e9 Ferreira dos Santos (CEFET\/RJ)<\/p>\n","protected":false},"excerpt":{"rendered":"<p>An\u00e1lise Aprimorada das Percep\u00e7\u00f5es dos Usu\u00e1rios por Meio de Abordagens de Processamento de Linguagem Natural Ana Cl\u00e1udia Machado (UFSJ), Gabriel Prenassi (Universidade [&hellip;]<\/p>\n","protected":false},"author":3,"featured_media":0,"parent":0,"menu_order":0,"comment_status":"closed","ping_status":"closed","template":"","meta":{"footnotes":""},"class_list":["post-1724","page","type-page","status-publish","hentry"],"_links":{"self":[{"href":"https:\/\/webmedia.org.br\/2025\/wp-json\/wp\/v2\/pages\/1724","targetHints":{"allow":["GET"]}}],"collection":[{"href":"https:\/\/webmedia.org.br\/2025\/wp-json\/wp\/v2\/pages"}],"about":[{"href":"https:\/\/webmedia.org.br\/2025\/wp-json\/wp\/v2\/types\/page"}],"author":[{"embeddable":true,"href":"https:\/\/webmedia.org.br\/2025\/wp-json\/wp\/v2\/users\/3"}],"replies":[{"embeddable":true,"href":"https:\/\/webmedia.org.br\/2025\/wp-json\/wp\/v2\/comments?post=1724"}],"version-history":[{"count":1,"href":"https:\/\/webmedia.org.br\/2025\/wp-json\/wp\/v2\/pages\/1724\/revisions"}],"predecessor-version":[{"id":1726,"href":"https:\/\/webmedia.org.br\/2025\/wp-json\/wp\/v2\/pages\/1724\/revisions\/1726"}],"wp:attachment":[{"href":"https:\/\/webmedia.org.br\/2025\/wp-json\/wp\/v2\/media?parent=1724"}],"curies":[{"name":"wp","href":"https:\/\/api.w.org\/{rel}","templated":true}]}}