{"id":1706,"date":"2025-09-19T19:56:34","date_gmt":"2025-09-19T22:56:34","guid":{"rendered":"https:\/\/webmedia.org.br\/2025\/?page_id=1706"},"modified":"2025-09-24T20:03:38","modified_gmt":"2025-09-24T23:03:38","slug":"brweb3-aceitos","status":"publish","type":"page","link":"https:\/\/webmedia.org.br\/2025\/brweb3-aceitos\/","title":{"rendered":"BrWeb3 | 1\u00ba Workshop Brasileiro de Sistemas Web3 &#8211; Artigos Aceitos"},"content":{"rendered":"\n<div class=\"wp-block-cover pages-title\" style=\"min-height:225px;aspect-ratio:unset;\"><span aria-hidden=\"true\" class=\"wp-block-cover__background has-background-dim\"><\/span><img loading=\"lazy\" decoding=\"async\" width=\"1024\" height=\"432\" class=\"wp-block-cover__image-background wp-image-1083\" alt=\"\" src=\"https:\/\/webmedia.org.br\/2025\/wp-content\/uploads\/2025\/04\/1_Site-WEBmedia_2025-1-1024x432.jpg\" style=\"object-position:80% 32%\" data-object-fit=\"cover\" data-object-position=\"80% 32%\" srcset=\"https:\/\/webmedia.org.br\/2025\/wp-content\/uploads\/2025\/04\/1_Site-WEBmedia_2025-1-1024x432.jpg 1024w, https:\/\/webmedia.org.br\/2025\/wp-content\/uploads\/2025\/04\/1_Site-WEBmedia_2025-1-300x126.jpg 300w, https:\/\/webmedia.org.br\/2025\/wp-content\/uploads\/2025\/04\/1_Site-WEBmedia_2025-1-768x324.jpg 768w, https:\/\/webmedia.org.br\/2025\/wp-content\/uploads\/2025\/04\/1_Site-WEBmedia_2025-1-1536x647.jpg 1536w, https:\/\/webmedia.org.br\/2025\/wp-content\/uploads\/2025\/04\/1_Site-WEBmedia_2025-1-2048x863.jpg 2048w, https:\/\/webmedia.org.br\/2025\/wp-content\/uploads\/2025\/04\/1_Site-WEBmedia_2025-1-1000x421.jpg 1000w, https:\/\/webmedia.org.br\/2025\/wp-content\/uploads\/2025\/04\/1_Site-WEBmedia_2025-1-230x97.jpg 230w, https:\/\/webmedia.org.br\/2025\/wp-content\/uploads\/2025\/04\/1_Site-WEBmedia_2025-1-350x148.jpg 350w, https:\/\/webmedia.org.br\/2025\/wp-content\/uploads\/2025\/04\/1_Site-WEBmedia_2025-1-480x202.jpg 480w\" sizes=\"auto, (max-width: 1024px) 100vw, 1024px\" \/><div class=\"wp-block-cover__inner-container is-layout-flow wp-block-cover-is-layout-flow\">\n<p class=\"has-text-align-center main-title notranslate has-x-large-font-size\">BrWeb3 | 1\u00ba Workshop Brasileiro de Sistemas Web3 &#8211; Artigos Aceitos<\/p>\n<\/div><\/div>\n\n\n\n<h4 class=\"wp-block-heading\">A Proposal for Automated Tax Collection on Swaps in Self-Custody Wallets in Brazil<\/h4>\n\n\n\n<p class=\"notranslate\">Arthur Marques (CEFET\/RJ), Diogo Silveira Mendon\u00e7a (CEFET-RJ), Luiz Eduardo Terra de Faria (Banco do Brasil)<\/p>\n\n\n\n<h4 class=\"wp-block-heading\">AlimenTI: A dApp to Support Food Donation<\/h4>\n\n\n\n<p class=\"notranslate\">Lidia Dias de Souza (UEA), Fabio Santos da Silva (UEA)<\/p>\n\n\n\n<h4 class=\"wp-block-heading\">Decifrando o Mercado de NFTs: A Influ\u00eancia das Conex\u00f5es de Rede e Transa\u00e7\u00f5es no Valor de Ativos<\/h4>\n\n\n\n<p class=\"notranslate\">Nara Raquel Dias Andrade (UFPI), Oscar Carvalho (UFPI), Carlos Henrique Gomes Ferreira (UFOP), Glauber Dias Gon\u00e7alves (UFPI)<\/p>\n\n\n\n<h4 class=\"wp-block-heading\">Evaluating Zero-shot Reasoning with Agentic LLMs for Smart Contract Vulnerability Detection<\/h4>\n\n\n\n<p class=\"notranslate\">Eduardo Sardenberg (PUC-Rio), Antonio Jos\u00e9 Grandson Busson (BTG Pactual), S\u00e9rgio Colcher (PUC-Rio)<\/p>\n\n\n\n<h4 class=\"wp-block-heading\">Mensageria Descentralizada como Infraestrutura P\u00fablica<\/h4>\n\n\n\n<p class=\"notranslate\">Fabr\u00edcio Barbosa Viegas (UFPEL), Murilo Salem (UFPEL), Tatiana Tavares (UFPEL)<\/p>\n\n\n\n<h4 class=\"wp-block-heading\">Repairing DeFi Vulnerabilities: Benchmarking LLMs with Executable Solidity Exploits<\/h4>\n\n\n\n<p class=\"notranslate\">Lucas Bastos Germano (IME), Julio Cesar Duarte (IME)<\/p>\n\n\n\n<h4 class=\"wp-block-heading\">Transformando a Sociedade com a Web 3.0 &#8211; Um Relato de Projeto Inovador de P&amp;D para Transfer\u00eancia do Cuidado do Paciente e Confian\u00e7a Digital<\/h4>\n\n\n\n<p class=\"notranslate\">Eliomar Ara\u00fajo Lima (UFG), Valdemar Vicente Graciano Neto (UFG), Jacson Rodrigues Barbosa (UFG), Sand Luz Correa (UFG), Matheus L\u00e1zaro (UFG), Fabio Moreira Costa (UFG)<\/p>\n\n\n\n<h4 class=\"wp-block-heading\">Uma infraestrutura de experimenta\u00e7\u00e3o para pesquisa e desenvolvimento em Blockchains e Web3<\/h4>\n\n\n\n<p class=\"notranslate\">Luiz Eduardo Folly de Campos (RNP), Reinaldo Gomes (RNP)<\/p>\n","protected":false},"excerpt":{"rendered":"<p>A Proposal for Automated Tax Collection on Swaps in Self-Custody Wallets in Brazil Arthur Marques (CEFET\/RJ), Diogo Silveira Mendon\u00e7a (CEFET-RJ), Luiz Eduardo [&hellip;]<\/p>\n","protected":false},"author":3,"featured_media":0,"parent":0,"menu_order":0,"comment_status":"closed","ping_status":"closed","template":"","meta":{"footnotes":""},"class_list":["post-1706","page","type-page","status-publish","hentry"],"_links":{"self":[{"href":"https:\/\/webmedia.org.br\/2025\/wp-json\/wp\/v2\/pages\/1706","targetHints":{"allow":["GET"]}}],"collection":[{"href":"https:\/\/webmedia.org.br\/2025\/wp-json\/wp\/v2\/pages"}],"about":[{"href":"https:\/\/webmedia.org.br\/2025\/wp-json\/wp\/v2\/types\/page"}],"author":[{"embeddable":true,"href":"https:\/\/webmedia.org.br\/2025\/wp-json\/wp\/v2\/users\/3"}],"replies":[{"embeddable":true,"href":"https:\/\/webmedia.org.br\/2025\/wp-json\/wp\/v2\/comments?post=1706"}],"version-history":[{"count":4,"href":"https:\/\/webmedia.org.br\/2025\/wp-json\/wp\/v2\/pages\/1706\/revisions"}],"predecessor-version":[{"id":1714,"href":"https:\/\/webmedia.org.br\/2025\/wp-json\/wp\/v2\/pages\/1706\/revisions\/1714"}],"wp:attachment":[{"href":"https:\/\/webmedia.org.br\/2025\/wp-json\/wp\/v2\/media?parent=1706"}],"curies":[{"name":"wp","href":"https:\/\/api.w.org\/{rel}","templated":true}]}}