{"id":169,"date":"2023-03-12T09:21:26","date_gmt":"2023-03-12T12:21:26","guid":{"rendered":"https:\/\/webmedia.org.br\/2023\/?page_id=169"},"modified":"2025-10-08T19:00:53","modified_gmt":"2025-10-08T22:00:53","slug":"edicoes-anteriores","status":"publish","type":"page","link":"https:\/\/webmedia.org.br\/2025\/edicoes-anteriores\/","title":{"rendered":"Edi\u00e7\u00f5es Anteriores"},"content":{"rendered":"\n<h2 class=\"wp-block-heading\">Hit\u00f3rico do Evento<\/h2>\n\n\n\n<p>A&nbsp;<a rel=\"noreferrer noopener\" href=\"http:\/\/www.sbc.org.br\/\" target=\"_blank\">Sociedade Brasileira de Computa\u00e7\u00e3o (SBC)<\/a>&nbsp;promove anualmente diversos simp\u00f3sios nacionais abrangendo as diferentes \u00e1reas da Computa\u00e7\u00e3o. Desde a sua primeira edi\u00e7\u00e3o em 1995, o WebMedia transformou-se no mais importante f\u00f3rum de debates para pesquisadores e profissionais das \u00e1reas de Multim\u00eddia e Hiperm\u00eddia no Brasil.<\/p>\n\n\n\n<h2 class=\"wp-block-heading\">Edi\u00e7\u00f5es anteriores<\/h2>\n\n\n\n<p>Acesse abaixo as edi\u00e7\u00f5es anteriores do evento!<\/p>\n\n\n\n<figure class=\"wp-block-table alignwide is-style-regular has-medium-font-size\"><table><tbody><tr><td class=\"has-text-align-center\" data-align=\"center\"><a href=\"https:\/\/webmedia.org.br\/2024\/\" data-type=\"link\" data-id=\"https:\/\/webmedia.org.br\/2024\/\" target=\"_blank\" rel=\"noreferrer noopener\">2024<\/a><br><a href=\"https:\/\/webmedia.org.br\/2023\/\" data-type=\"link\" data-id=\"https:\/\/webmedia.org.br\/2023\/\" target=\"_blank\" rel=\"noreferrer noopener\">2023<\/a><br><a href=\"https:\/\/webmedia.org.br\/2022\" target=\"_blank\" rel=\"noreferrer noopener\">2022<\/a><br><a href=\"https:\/\/webmedia.org.br\/2021\" target=\"_blank\" rel=\"noreferrer noopener\">2021<\/a><br><a href=\"https:\/\/webmedia.org.br\/2020\" target=\"_blank\" rel=\"noreferrer noopener\">2020<\/a><\/td><td class=\"has-text-align-center\" data-align=\"center\"><a href=\"https:\/\/webmedia.org.br\/2019\" target=\"_blank\" rel=\"noreferrer noopener\">2019<\/a><br><a href=\"https:\/\/webmedia.org.br\/2018\" target=\"_blank\" rel=\"noreferrer noopener\">2018<\/a><br><a href=\"https:\/\/webmedia.org.br\/2018\/en\/2017\/\" target=\"_blank\" rel=\"noreferrer noopener\">2017<\/a><br><a href=\"https:\/\/webmedia.org.br\/2016\" target=\"_blank\" rel=\"noreferrer noopener\">2016<\/a><br><a href=\"http:\/\/comissoes.sbc.org.br\/ce-webmedia\/webmedia2015\/index-2.html\" target=\"_blank\" rel=\"noreferrer noopener\">2015<\/a><\/td><td class=\"has-text-align-center\" data-align=\"center\"><a href=\"https:\/\/webmedia.org.br\/2014\" target=\"_blank\" rel=\"noreferrer noopener\">2014<\/a><br><a href=\"https:\/\/webmedia.org.br\/2013\" target=\"_blank\" rel=\"noreferrer noopener\">2013<\/a><br><a href=\"https:\/\/webmedia.org.br\/2012\" target=\"_blank\" rel=\"noreferrer noopener\">2012<\/a><br><a rel=\"noreferrer noopener\" href=\"https:\/\/webmedia.org.br\/2011\" target=\"_blank\">2011<\/a><br><a rel=\"noreferrer noopener\" href=\"https:\/\/webmedia.org.br\/2010\" target=\"_blank\">2010<\/a><\/td><td class=\"has-text-align-center\" data-align=\"center\"><a href=\"https:\/\/webmedia.org.br\/2009\" target=\"_blank\" rel=\"noreferrer noopener\">2009<\/a><br><a href=\"https:\/\/webmedia.org.br\/2008\" target=\"_blank\" rel=\"noreferrer noopener\">2008<\/a><br><a href=\"https:\/\/webmedia.org.br\/2007\" target=\"_blank\" rel=\"noreferrer noopener\">2007<\/a><br><a href=\"https:\/\/webmedia.org.br\/2006\" target=\"_blank\" rel=\"noreferrer noopener\">2006<\/a><br><a href=\"https:\/\/webmedia.org.br\/2005\" target=\"_blank\" rel=\"noreferrer noopener\">2005<\/a><\/td><td class=\"has-text-align-center\" data-align=\"center\"><a href=\"https:\/\/webmedia.org.br\/2004\" target=\"_blank\" rel=\"noreferrer noopener\">2004<\/a><br><a href=\"https:\/\/webmedia.org.br\/2003\" target=\"_blank\" rel=\"noreferrer noopener\">2003<\/a><br><a href=\"https:\/\/webmedia.org.br\/2002\" target=\"_blank\" rel=\"noreferrer noopener\">2002<\/a><br><a href=\"https:\/\/webmedia.org.br\/2001\" target=\"_blank\" rel=\"noreferrer noopener\">2001<\/a><\/td><td class=\"has-text-align-center\" data-align=\"center\"><a href=\"https:\/\/webmedia.org.br\/1998\" target=\"_blank\" rel=\"noreferrer noopener\">1998<\/a><br><a href=\"https:\/\/webmedia.org.br\/1997\" target=\"_blank\" rel=\"noreferrer noopener\">1997<\/a><br><a href=\"https:\/\/webmedia.org.br\/1995\" target=\"_blank\" rel=\"noreferrer noopener\">1995<\/a><\/td><\/tr><\/tbody><\/table><\/figure>\n","protected":false},"excerpt":{"rendered":"<p>Hit\u00f3rico do Evento A&nbsp;Sociedade Brasileira de Computa\u00e7\u00e3o (SBC)&nbsp;promove anualmente diversos simp\u00f3sios nacionais abrangendo as diferentes \u00e1reas da Computa\u00e7\u00e3o. Desde a sua primeira [&hellip;]<\/p>\n","protected":false},"author":3,"featured_media":0,"parent":0,"menu_order":0,"comment_status":"closed","ping_status":"closed","template":"page-templates\/page_fullwidth.php","meta":{"footnotes":""},"class_list":["post-169","page","type-page","status-publish","hentry"],"_links":{"self":[{"href":"https:\/\/webmedia.org.br\/2025\/wp-json\/wp\/v2\/pages\/169","targetHints":{"allow":["GET"]}}],"collection":[{"href":"https:\/\/webmedia.org.br\/2025\/wp-json\/wp\/v2\/pages"}],"about":[{"href":"https:\/\/webmedia.org.br\/2025\/wp-json\/wp\/v2\/types\/page"}],"author":[{"embeddable":true,"href":"https:\/\/webmedia.org.br\/2025\/wp-json\/wp\/v2\/users\/3"}],"replies":[{"embeddable":true,"href":"https:\/\/webmedia.org.br\/2025\/wp-json\/wp\/v2\/comments?post=169"}],"version-history":[{"count":6,"href":"https:\/\/webmedia.org.br\/2025\/wp-json\/wp\/v2\/pages\/169\/revisions"}],"predecessor-version":[{"id":2189,"href":"https:\/\/webmedia.org.br\/2025\/wp-json\/wp\/v2\/pages\/169\/revisions\/2189"}],"wp:attachment":[{"href":"https:\/\/webmedia.org.br\/2025\/wp-json\/wp\/v2\/media?parent=169"}],"curies":[{"name":"wp","href":"https:\/\/api.w.org\/{rel}","templated":true}]}}