{"id":1687,"date":"2025-09-19T14:41:06","date_gmt":"2025-09-19T17:41:06","guid":{"rendered":"https:\/\/webmedia.org.br\/2025\/?page_id=1687"},"modified":"2025-09-24T20:04:38","modified_gmt":"2025-09-24T23:04:38","slug":"wtvdi-aceitos","status":"publish","type":"page","link":"https:\/\/webmedia.org.br\/2025\/wtvdi-aceitos\/","title":{"rendered":"WTVDI | Workshop Futuro da TV Digital Interativa &#8211; Artigos Aceitos"},"content":{"rendered":"\n<div class=\"wp-block-cover pages-title\" style=\"min-height:225px;aspect-ratio:unset;\"><span aria-hidden=\"true\" class=\"wp-block-cover__background has-background-dim\"><\/span><img loading=\"lazy\" decoding=\"async\" width=\"1024\" height=\"432\" class=\"wp-block-cover__image-background wp-image-1083\" alt=\"\" src=\"https:\/\/webmedia.org.br\/2025\/wp-content\/uploads\/2025\/04\/1_Site-WEBmedia_2025-1-1024x432.jpg\" style=\"object-position:80% 32%\" data-object-fit=\"cover\" data-object-position=\"80% 32%\" srcset=\"https:\/\/webmedia.org.br\/2025\/wp-content\/uploads\/2025\/04\/1_Site-WEBmedia_2025-1-1024x432.jpg 1024w, https:\/\/webmedia.org.br\/2025\/wp-content\/uploads\/2025\/04\/1_Site-WEBmedia_2025-1-300x126.jpg 300w, https:\/\/webmedia.org.br\/2025\/wp-content\/uploads\/2025\/04\/1_Site-WEBmedia_2025-1-768x324.jpg 768w, https:\/\/webmedia.org.br\/2025\/wp-content\/uploads\/2025\/04\/1_Site-WEBmedia_2025-1-1536x647.jpg 1536w, https:\/\/webmedia.org.br\/2025\/wp-content\/uploads\/2025\/04\/1_Site-WEBmedia_2025-1-2048x863.jpg 2048w, https:\/\/webmedia.org.br\/2025\/wp-content\/uploads\/2025\/04\/1_Site-WEBmedia_2025-1-1000x421.jpg 1000w, https:\/\/webmedia.org.br\/2025\/wp-content\/uploads\/2025\/04\/1_Site-WEBmedia_2025-1-230x97.jpg 230w, https:\/\/webmedia.org.br\/2025\/wp-content\/uploads\/2025\/04\/1_Site-WEBmedia_2025-1-350x148.jpg 350w, https:\/\/webmedia.org.br\/2025\/wp-content\/uploads\/2025\/04\/1_Site-WEBmedia_2025-1-480x202.jpg 480w\" sizes=\"auto, (max-width: 1024px) 100vw, 1024px\" \/><div class=\"wp-block-cover__inner-container is-layout-flow wp-block-cover-is-layout-flow\">\n<p class=\"has-text-align-center main-title notranslate has-x-large-font-size\">WTVDI | Workshop Futuro da TV Digital Interativa &#8211; Artigos Aceitos<\/p>\n<\/div><\/div>\n\n\n\n<h4 class=\"wp-block-heading\">AppEduTV3.0: Aplicativo Educacional para a TV 3.0<\/h4>\n\n\n\n<p class=\"notranslate\">Eduardo Barr\u00e9re (UFJF), Li-Chang Shuen Cristina Silva Sousa (UFMA), Debora C. Muchaluat-Saade (UFF), Marcelo F. Moreno (UFJF), Carlos de Salles Soares Neto (UFMA), Joel Andr\u00e9 Ferreira dos Santos (CEFET\/RJ), Marina Ivanov P. Josu\u00e9 (UFF), R\u00f4mulo Augusto Vieira Costa (UFF), Iago Victor Silva Costa (UFMA), Jo\u00e3o V\u00edctor Cruz Gon\u00e7alves (UFMA), Sarah Regina Bezerra Sousa (UFMA).<\/p>\n\n\n\n<p class=\"tag-minicurso\">Sess\u00e3o A: Imers\u00e3o e Interatividade na TV 3.0<\/p>\n\n\n\n<h4 class=\"wp-block-heading\">Integra\u00e7\u00e3o de Dados JSON em Aplica\u00e7\u00f5es Ginga-NCL para Alerta de Pessoas Desaparecidas<\/h4>\n\n\n\n<p class=\"notranslate\">Alice Lima Soares (IFAC), Marcos Vin\u00edcios Mesquita de Moraes (IFAC), Fl\u00e1vio Miranda de Farias (IFAC).<\/p>\n\n\n\n<p class=\"tag-minicurso\">Sess\u00e3o A: Imers\u00e3o e Interatividade na TV 3.0<\/p>\n\n\n\n<h4 class=\"wp-block-heading\">TV 3.0: Efeitos Sensoriais em Aplica\u00e7\u00f5es Ginga-HTML5<\/h4>\n\n\n\n<p class=\"notranslate\">Rodrigo Sodr\u00e9 (UFF), Joel Andr\u00e9 Ferreira dos Santos (CEFET\/RJ), Debora C. Muchaluat-Saade (UFF).<\/p>\n\n\n\n<p class=\"tag-minicurso\">Sess\u00e3o A: Imers\u00e3o e Interatividade na TV 3.0<\/p>\n\n\n\n<h4 class=\"wp-block-heading\">Impacto da L\u00edngua Brasileira de Sinais (Libras) na Programa\u00e7\u00e3o da TV aberta brasileira<\/h4>\n\n\n\n<p class=\"notranslate\">Maria Couras (Sidia Instituto de Ci\u00eancia e Tecnologia), Ciceliane Avente (Sidia Instituto de Ci\u00eancia e Tecnologia), Ajay Ramchandani (Sidia Instituto de Ci\u00eancia e Tecnologia), Rodrigo Rodrigues (Sidia Instituto de Ci\u00eancia e Tecnologia), Eric Ferraz (Sidia Instituto de Ci\u00eancia e Tecnologia), Rodrigo de Oliveira (Sidia Instituto de Ci\u00eancia e Tecnologia).<\/p>\n\n\n\n<p class=\"tag-tutorial\">Sess\u00e3o B: Experi\u00eancia do Telespectador na TV 3.0<\/p>\n\n\n\n<h4 class=\"wp-block-heading\">Estrat\u00e9gias para inser\u00e7\u00e3o das televis\u00f5es universit\u00e1rias no ecossistema da TV 3.0: da Web ao DTV+<\/h4>\n\n\n\n<p class=\"notranslate\">Miguel Bruno Alves Chaves (UFMA), Luciana Rodrigues Rocha (UFMA), Li-Chang Shuen Cristina Silva Sousa (UFMA), Marcelo Ferreira Moreno (UFJF).<\/p>\n\n\n\n<p class=\"tag-tutorial\">Sess\u00e3o B: Experi\u00eancia do Telespectador na TV 3.0<\/p>\n\n\n\n<h4 class=\"wp-block-heading\">A plataforma \u201cRede P\u00fablica\u201d e o futuro da TV interativa no Brasil: uma proposta para o Governo Federal na era da TV 3.0<\/h4>\n\n\n\n<p class=\"notranslate\">B\u00e1rbara Hellen Padilha da Silva (UFPB), Wesley Alves (UFPB), Maristela Riquelme (UFPB), Clarissa Evelin (UFPB), Gabriel Silva Aguiar (UFPB), Herick Jos\u00e9 (UFPB), Valdecir Becker (UFPB).<\/p>\n\n\n\n<p class=\"tag-tutorial\">Sess\u00e3o B: Experi\u00eancia do Telespectador na TV 3.0<\/p>\n\n\n\n<h4 class=\"wp-block-heading\">Modelo Conceitual de Servi\u00e7o de Recomenda\u00e7\u00f5es para TV 3.0<\/h4>\n\n\n\n<p class=\"notranslate\">Arthur Poggy (PUC-Rio), Paulo Lima (PUC Rio), Daniel de Sousa Moraes (PUCRIO), S\u00e9rgio Colcher (PUC-Rio).<\/p>\n\n\n\n<p class=\"tag-sessao-c\">Sess\u00e3o C: Servi\u00e7os na TV 3.0<\/p>\n\n\n\n<h4 class=\"wp-block-heading\">AI Applications in TV Industry Workflow<\/h4>\n\n\n\n<p>Alan Guedes (University of Reading).<\/p>\n\n\n\n<p class=\"tag-sessao-c\">Sess\u00e3o C: Servi\u00e7os na TV 3.0<\/p>\n\n\n\n<h4 class=\"wp-block-heading\">Uma Arquitetura para Experimenta\u00e7\u00e3o de Novos Servi\u00e7os na Plataforma Orientada a Aplica\u00e7\u00f5es da TV 3.0<\/h4>\n\n\n\n<p class=\"notranslate\">Joel Andr\u00e9 Ferreira dos Santos (CEFET\/RJ), Rodrigo Sodr\u00e9 (UFF), Luis Claudio Ribeiro Junior (CEFET\/RJ), Glauco Fiorott Amorim (CEFET\/RJ), Debora C. Muchaluat-Saade (UFF).<\/p>\n\n\n\n<p class=\"tag-sessao-d\">Sess\u00e3o D: Implementa\u00e7\u00e3o e Certifica\u00e7\u00e3o<\/p>\n\n\n\n<h4 class=\"wp-block-heading\">TV 3.0: Um Estudo sobre Core DTV+ na Nuvem<\/h4>\n\n\n\n<p class=\"notranslate\">Henrique Ribeiro (UFF), Debora Christina Muchaluat Saade (UFF).<\/p>\n\n\n\n<p class=\"tag-sessao-d\">Sess\u00e3o D: Implementa\u00e7\u00e3o e Certifica\u00e7\u00e3o<\/p>\n\n\n\n<h4 class=\"wp-block-heading\">Toward a Certification Framework for TV 3.0: Building Trust in the Ecosystem<\/h4>\n\n\n\n<p class=\"notranslate\">Marcelo Ferreira Moreno (UFJF).<\/p>\n\n\n\n<p class=\"tag-sessao-d\">Sess\u00e3o D: Implementa\u00e7\u00e3o e Certifica\u00e7\u00e3o<\/p>\n","protected":false},"excerpt":{"rendered":"<p>AppEduTV3.0: Aplicativo Educacional para a TV 3.0 Eduardo Barr\u00e9re (UFJF), Li-Chang Shuen Cristina Silva Sousa (UFMA), Debora C. Muchaluat-Saade (UFF), Marcelo F. [&hellip;]<\/p>\n","protected":false},"author":3,"featured_media":0,"parent":0,"menu_order":0,"comment_status":"closed","ping_status":"closed","template":"","meta":{"footnotes":""},"class_list":["post-1687","page","type-page","status-publish","hentry"],"_links":{"self":[{"href":"https:\/\/webmedia.org.br\/2025\/wp-json\/wp\/v2\/pages\/1687","targetHints":{"allow":["GET"]}}],"collection":[{"href":"https:\/\/webmedia.org.br\/2025\/wp-json\/wp\/v2\/pages"}],"about":[{"href":"https:\/\/webmedia.org.br\/2025\/wp-json\/wp\/v2\/types\/page"}],"author":[{"embeddable":true,"href":"https:\/\/webmedia.org.br\/2025\/wp-json\/wp\/v2\/users\/3"}],"replies":[{"embeddable":true,"href":"https:\/\/webmedia.org.br\/2025\/wp-json\/wp\/v2\/comments?post=1687"}],"version-history":[{"count":10,"href":"https:\/\/webmedia.org.br\/2025\/wp-json\/wp\/v2\/pages\/1687\/revisions"}],"predecessor-version":[{"id":1731,"href":"https:\/\/webmedia.org.br\/2025\/wp-json\/wp\/v2\/pages\/1687\/revisions\/1731"}],"wp:attachment":[{"href":"https:\/\/webmedia.org.br\/2025\/wp-json\/wp\/v2\/media?parent=1687"}],"curies":[{"name":"wp","href":"https:\/\/api.w.org\/{rel}","templated":true}]}}