{"id":1366,"date":"2025-05-09T20:13:35","date_gmt":"2025-05-09T23:13:35","guid":{"rendered":"https:\/\/webmedia.org.br\/2025\/?page_id=1366"},"modified":"2025-05-09T20:30:35","modified_gmt":"2025-05-09T23:30:35","slug":"datasets-softwares-de-interesse","status":"publish","type":"page","link":"https:\/\/webmedia.org.br\/2025\/datasets-softwares-de-interesse\/","title":{"rendered":"Datasets &amp; Softwares de Interesse"},"content":{"rendered":"\n<div class=\"wp-block-cover pages-title\" style=\"min-height:225px;aspect-ratio:unset;\"><span aria-hidden=\"true\" class=\"wp-block-cover__background has-background-dim\"><\/span><img loading=\"lazy\" decoding=\"async\" width=\"1024\" height=\"432\" class=\"wp-block-cover__image-background wp-image-1083\" alt=\"\" src=\"https:\/\/webmedia.org.br\/2025\/wp-content\/uploads\/2025\/04\/1_Site-WEBmedia_2025-1-1024x432.jpg\" style=\"object-position:80% 32%\" data-object-fit=\"cover\" data-object-position=\"80% 32%\" srcset=\"https:\/\/webmedia.org.br\/2025\/wp-content\/uploads\/2025\/04\/1_Site-WEBmedia_2025-1-1024x432.jpg 1024w, https:\/\/webmedia.org.br\/2025\/wp-content\/uploads\/2025\/04\/1_Site-WEBmedia_2025-1-300x126.jpg 300w, https:\/\/webmedia.org.br\/2025\/wp-content\/uploads\/2025\/04\/1_Site-WEBmedia_2025-1-768x324.jpg 768w, https:\/\/webmedia.org.br\/2025\/wp-content\/uploads\/2025\/04\/1_Site-WEBmedia_2025-1-1536x647.jpg 1536w, https:\/\/webmedia.org.br\/2025\/wp-content\/uploads\/2025\/04\/1_Site-WEBmedia_2025-1-2048x863.jpg 2048w, https:\/\/webmedia.org.br\/2025\/wp-content\/uploads\/2025\/04\/1_Site-WEBmedia_2025-1-1000x421.jpg 1000w, https:\/\/webmedia.org.br\/2025\/wp-content\/uploads\/2025\/04\/1_Site-WEBmedia_2025-1-230x97.jpg 230w, https:\/\/webmedia.org.br\/2025\/wp-content\/uploads\/2025\/04\/1_Site-WEBmedia_2025-1-350x148.jpg 350w, https:\/\/webmedia.org.br\/2025\/wp-content\/uploads\/2025\/04\/1_Site-WEBmedia_2025-1-480x202.jpg 480w\" sizes=\"auto, (max-width: 1024px) 100vw, 1024px\" \/><div class=\"wp-block-cover__inner-container is-layout-flow wp-block-cover-is-layout-flow\">\n<p class=\"has-text-align-center main-title has-x-large-font-size\">Datasets &amp; Softwares de Interesse<\/p>\n<\/div><\/div>\n\n\n\n<p>A comunidade do WebMedia acredita que a reprodutibilidade \u00e9 essencial \u00e0 qualidade da pesquisa. Segue uma lista de Datasets &amp; Softwares de interesse da comunidade. Eles podem ser objeto para novas publica\u00e7\u00f5es que buscam estend\u00ea-los ou aplicar t\u00e9cnicas relacionadas ao WebMedia, como a visualiza\u00e7\u00e3o e recomenda\u00e7\u00e3o.<\/p>\n\n\n\n<h4 class=\"wp-block-heading\">An\u00e1lise de \u00e1udio<\/h4>\n\n\n\n<ul class=\"wp-block-list\">\n<li><a href=\"https:\/\/github.com\/4mulaDataset\/4mula\">https:\/\/github.com\/4mulaDataset\/4mula<\/a><\/li>\n<\/ul>\n\n\n\n<h4 class=\"wp-block-heading\">An\u00e1lise de v\u00eddeo&nbsp;<\/h4>\n\n\n\n<ul class=\"wp-block-list\">\n<li><a href=\"https:\/\/ieee-dataport.org\/documents\/110k-sensitive-video-dataset\">https:\/\/ieee-dataport.org\/documents\/110k-sensitive-video-dataset<\/a><\/li>\n\n\n\n<li><a href=\"https:\/\/research.google.com\/youtube8m\/\">https:\/\/research.google.com\/youtube8m\/<\/a><\/li>\n\n\n\n<li><a href=\"https:\/\/serre-lab.clps.brown.edu\/resource\/breakfast-actions-dataset\/\">https:\/\/serre-lab.clps.brown.edu\/resource\/breakfast-actions-dataset\/<\/a><\/li>\n\n\n\n<li><a href=\"https:\/\/ieeexplore.ieee.org\/document\/7952261\">https:\/\/ieeexplore.ieee.org\/document\/7952261<\/a><\/li>\n<\/ul>\n\n\n\n<h4 class=\"wp-block-heading\">Computa\u00e7\u00e3o m\u00f3vel<\/h4>\n\n\n\n<ul class=\"wp-block-list\">\n<li><a href=\"https:\/\/f-droid.org\/pt_BR\/\">https:\/\/f-droid.org\/pt_BR\/<\/a><\/li>\n\n\n\n<li><a href=\"https:\/\/androzoo.uni.lu\/\">https:\/\/androzoo.uni.lu\/&nbsp;<\/a><\/li>\n<\/ul>\n\n\n\n<h4 class=\"wp-block-heading\">E-commerce<\/h4>\n\n\n\n<ul class=\"wp-block-list\">\n<li><a href=\"https:\/\/www.kaggle.com\/mlg-ulb\/creditcardfraud\">https:\/\/www.kaggle.com\/mlg-ulb\/creditcardfraud<\/a><\/li>\n<\/ul>\n\n\n\n<h4 class=\"wp-block-heading\">Log\u00edstica de entrega urbanas<\/h4>\n\n\n\n<ul class=\"wp-block-list\">\n<li><a href=\"https:\/\/github.com\/loggi\/loggibud\">https:\/\/github.com\/loggi\/loggibud&nbsp;<\/a><\/li>\n<\/ul>\n\n\n\n<h4 class=\"wp-block-heading\">Linguagem Natural<\/h4>\n\n\n\n<ul class=\"wp-block-list\">\n<li><a href=\"http:\/\/wikidata.dbpedia.org\/data-set-32\">http:\/\/wikidata.dbpedia.org\/data-set-32<\/a><\/li>\n<\/ul>\n\n\n\n<h4 class=\"wp-block-heading\">Vis\u00e3o Computacional<\/h4>\n\n\n\n<ul class=\"wp-block-list\">\n<li><a href=\"https:\/\/cocodataset.org\/\">https:\/\/cocodataset.org<\/a><\/li>\n\n\n\n<li><a href=\"https:\/\/www.image-net.org\/\">https:\/\/www.image-net.org<\/a><\/li>\n<\/ul>\n\n\n\n<h4 class=\"wp-block-heading\">Fake News<\/h4>\n\n\n\n<ul class=\"wp-block-list\">\n<li><a href=\"https:\/\/github.com\/jghm-f\/FACTCK.BR\">https:\/\/github.com\/jghm-f\/FACTCK.BR<\/a><\/li>\n<\/ul>\n\n\n\n<h4 class=\"wp-block-heading\">Sistemas de recomenda\u00e7\u00e3o&nbsp;<\/h4>\n\n\n\n<ul class=\"wp-block-list\">\n<li><a href=\"https:\/\/github.com\/caserec\/Datasets-for-Recommender-Systems\">https:\/\/github.com\/caserec\/Datasets-for-Recommender-Systems&nbsp;<\/a><\/li>\n<\/ul>\n\n\n\n<h4 class=\"wp-block-heading\">Efeitos sensoriais<\/h4>\n\n\n\n<ul class=\"wp-block-list\">\n<li><a href=\"https:\/\/github.com\/estevaosaleme\/PlaySEM_SERenderer\">https:\/\/github.com\/estevaosaleme\/PlaySEM_SERenderer<\/a><\/li>\n<\/ul>\n\n\n\n<h4 class=\"wp-block-heading\">Streaming de v\u00eddeo&nbsp;<\/h4>\n\n\n\n<ul class=\"wp-block-list\">\n<li><a href=\"https:\/\/github.com\/Dash-Industry-Forum\/dash.js\">https:\/\/github.com\/Dash-Industry-Forum\/dash.js<\/a><\/li>\n\n\n\n<li>Player HLS:&nbsp;<a href=\"https:\/\/github.com\/video-dev\/hls.js\">https:\/\/github.com\/video-dev\/hls.js<\/a><\/li>\n\n\n\n<li><a href=\"https:\/\/github.com\/globocom\/m3u8\">https:\/\/github.com\/globocom\/m3u8<\/a><\/li>\n\n\n\n<li><a href=\"https:\/\/dash.itec.aau.at\/dash-dataset\/\">https:\/\/dash.itec.aau.at\/dash-dataset\/<\/a><\/li>\n<\/ul>\n\n\n\n<h4 class=\"wp-block-heading\">Web<\/h4>\n\n\n\n<ul class=\"wp-block-list\">\n<li><a href=\"https:\/\/github.com\/globocom\/megadraft\">https:\/\/github.com\/globocom\/megadraft<\/a><\/li>\n\n\n\n<li><a href=\"https:\/\/bitbucket.org\/HBrum\/tweetsentbr\/\">https:\/\/bitbucket.org\/HBrum\/tweetsentbr\/<\/a><\/li>\n\n\n\n<li><a href=\"https:\/\/github.com\/arialab\/tash-pt\">https:\/\/github.com\/arialab\/tash-pt<\/a><\/li>\n\n\n\n<li><a href=\"https:\/\/github.com\/Friends-of-Tracking-Data-FoTD\/mapping-match-events-in-Python\">https:\/\/github.com\/Friends-of-Tracking-Data-FoTD\/mapping-match-events-in-Python<\/a><\/li>\n<\/ul>\n\n\n\n<h4 class=\"wp-block-heading\">Outros datasets relacionados ao Brasil<\/h4>\n\n\n\n<ul class=\"wp-block-list\">\n<li><a href=\"https:\/\/www.kaggle.com\/datasets?search=Brazil\">https:\/\/www.kaggle.com\/datasets?search=Brazil<\/a><\/li>\n\n\n\n<li><a href=\"https:\/\/dados.gov.br\/\">https:\/\/dados.gov.br<\/a><\/li>\n\n\n\n<li><a href=\"https:\/\/datasus.saude.gov.br\/\">https:\/\/datasus.saude.gov.br<\/a><\/li>\n<\/ul>\n","protected":false},"excerpt":{"rendered":"<p>A comunidade do WebMedia acredita que a reprodutibilidade \u00e9 essencial \u00e0 qualidade da pesquisa. Segue uma lista de Datasets &amp; Softwares de [&hellip;]<\/p>\n","protected":false},"author":3,"featured_media":0,"parent":0,"menu_order":0,"comment_status":"closed","ping_status":"closed","template":"","meta":{"footnotes":""},"class_list":["post-1366","page","type-page","status-publish","hentry"],"_links":{"self":[{"href":"https:\/\/webmedia.org.br\/2025\/wp-json\/wp\/v2\/pages\/1366","targetHints":{"allow":["GET"]}}],"collection":[{"href":"https:\/\/webmedia.org.br\/2025\/wp-json\/wp\/v2\/pages"}],"about":[{"href":"https:\/\/webmedia.org.br\/2025\/wp-json\/wp\/v2\/types\/page"}],"author":[{"embeddable":true,"href":"https:\/\/webmedia.org.br\/2025\/wp-json\/wp\/v2\/users\/3"}],"replies":[{"embeddable":true,"href":"https:\/\/webmedia.org.br\/2025\/wp-json\/wp\/v2\/comments?post=1366"}],"version-history":[{"count":2,"href":"https:\/\/webmedia.org.br\/2025\/wp-json\/wp\/v2\/pages\/1366\/revisions"}],"predecessor-version":[{"id":1371,"href":"https:\/\/webmedia.org.br\/2025\/wp-json\/wp\/v2\/pages\/1366\/revisions\/1371"}],"wp:attachment":[{"href":"https:\/\/webmedia.org.br\/2025\/wp-json\/wp\/v2\/media?parent=1366"}],"curies":[{"name":"wp","href":"https:\/\/api.w.org\/{rel}","templated":true}]}}