{"id":1303,"date":"2025-04-30T16:31:24","date_gmt":"2025-04-30T19:31:24","guid":{"rendered":"https:\/\/webmedia.org.br\/2025\/?page_id=1303"},"modified":"2025-10-14T15:11:52","modified_gmt":"2025-10-14T18:11:52","slug":"w4e-webmedia-for-everyone","status":"publish","type":"page","link":"https:\/\/webmedia.org.br\/2025\/w4e-webmedia-for-everyone\/","title":{"rendered":"W4E | WebMedia for Everyone"},"content":{"rendered":"\n<div class=\"wp-block-cover pages-title\" style=\"min-height:225px;aspect-ratio:unset;\"><span aria-hidden=\"true\" class=\"wp-block-cover__background has-background-dim\"><\/span><img loading=\"lazy\" decoding=\"async\" width=\"1024\" height=\"432\" class=\"wp-block-cover__image-background wp-image-1083\" alt=\"\" src=\"https:\/\/webmedia.org.br\/2025\/wp-content\/uploads\/2025\/04\/1_Site-WEBmedia_2025-1-1024x432.jpg\" style=\"object-position:80% 32%\" data-object-fit=\"cover\" data-object-position=\"80% 32%\" srcset=\"https:\/\/webmedia.org.br\/2025\/wp-content\/uploads\/2025\/04\/1_Site-WEBmedia_2025-1-1024x432.jpg 1024w, https:\/\/webmedia.org.br\/2025\/wp-content\/uploads\/2025\/04\/1_Site-WEBmedia_2025-1-300x126.jpg 300w, https:\/\/webmedia.org.br\/2025\/wp-content\/uploads\/2025\/04\/1_Site-WEBmedia_2025-1-768x324.jpg 768w, https:\/\/webmedia.org.br\/2025\/wp-content\/uploads\/2025\/04\/1_Site-WEBmedia_2025-1-1536x647.jpg 1536w, https:\/\/webmedia.org.br\/2025\/wp-content\/uploads\/2025\/04\/1_Site-WEBmedia_2025-1-2048x863.jpg 2048w, https:\/\/webmedia.org.br\/2025\/wp-content\/uploads\/2025\/04\/1_Site-WEBmedia_2025-1-1000x421.jpg 1000w, https:\/\/webmedia.org.br\/2025\/wp-content\/uploads\/2025\/04\/1_Site-WEBmedia_2025-1-230x97.jpg 230w, https:\/\/webmedia.org.br\/2025\/wp-content\/uploads\/2025\/04\/1_Site-WEBmedia_2025-1-350x148.jpg 350w, https:\/\/webmedia.org.br\/2025\/wp-content\/uploads\/2025\/04\/1_Site-WEBmedia_2025-1-480x202.jpg 480w\" sizes=\"auto, (max-width: 1024px) 100vw, 1024px\" \/><div class=\"wp-block-cover__inner-container is-layout-flow wp-block-cover-is-layout-flow\">\n<p class=\"has-text-align-center main-title notranslate has-x-large-font-size\">W4E | WebMedia for Everyone<\/p>\n<\/div><\/div>\n\n\n\n<p>O <em>WebMedia for Everyone<\/em> (W4E) \u00e9 um espa\u00e7o de discuss\u00e3o sobre como a comunidade do WebMedia pode incorporar a diversidade em diversas perspectivas, incluindo pesquisas e projetos de extens\u00e3o.<\/p>\n\n\n\n<p>O ACM SIGMM<em> <\/em>(<em>ACM Special Interest Group on Multimedia<\/em>) <a href=\"http:\/\/sigmm.org\/\" target=\"_blank\" rel=\"noreferrer noopener\">[1]<\/a> instituiu o papel de <em>Director of Diversity and Outreach<\/em>, com o objetivo de impulsionar e desenvolver ativamente as a\u00e7\u00f5es de apoio \u00e0 diversidade, bem como os esfor\u00e7os de divulga\u00e7\u00e3o de informa\u00e7\u00f5es e servi\u00e7os [<a href=\"https:\/\/dl.acm.org\/doi\/fullHtml\/10.1145\/3524460.3524461\" target=\"_blank\" rel=\"noreferrer noopener\">2<\/a>]. Com o<em> <\/em>W4E, o Webmedia d\u00e1 in\u00edcio a uma iniciativa nacional de apoio a essas a\u00e7\u00f5es.&nbsp;<\/p>\n\n\n\n<p>Em 2022, ocorreu a primeira edi\u00e7\u00e3o [<a href=\"https:\/\/webmedia.org.br\/2022\/webmedia4everyone-2\/\" target=\"_blank\" rel=\"noreferrer noopener\">3<\/a>] do W4E, em formato de painel, em que pesquisadores e membros da ind\u00fastria discutiram sobre diversidade e acessibilidade.<\/p>\n\n\n\n<p>Em 2023 foi dada continuidade a essa discuss\u00e3o, tamb\u00e9m como painel [<a href=\"https:\/\/webmedia.org.br\/2023\/programacao-painel-w4e\/\" target=\"_blank\" rel=\"noreferrer noopener\">4<\/a>], refletindo sobre acessibilidade de solu\u00e7\u00f5es multim\u00eddia interativas, sobretudo no aspecto de linguagem simples e inclusiva.<\/p>\n\n\n\n<p>Em 2024 o W4E passou a ser uma trilha do Webmedia e trouxe uma nova proposta [<a href=\"https:\/\/webmedia.org.br\/2024\/chamada-de-trabalhos\/w4e-webmedia-for-everyone\/\" target=\"_blank\" rel=\"noreferrer noopener\">5<\/a>], com chamada para trabalhos que deveriam relatar atividades de extens\u00e3o realizadas pela comunidade do Webmedia, com impactos para a sociedade.&nbsp;Em 2025 o W4E segue como trilha do evento e mant\u00e9m o espa\u00e7o para que extensionistas possam relatar suas atividades realizadas com a sociedade. Assim, convidamos a todos da comunidade que atuam como extensionistas a submeterem artigos completos para a Trilha do W4E. Espera-se que os artigos nesta trilha descrevam cuidadosamente experi\u00eancias em a\u00e7\u00f5es de extens\u00e3o com a sociedade. <strong>Cuidados com as quest\u00f5es \u00e9ticas devem ser explicitamente citados no texto e \u00e9 indicado n\u00e3o usar imagem de crian\u00e7as, adolescentes ou pessoas em situa\u00e7\u00e3o de vulnerabilidade.<\/strong><\/p>\n\n\n\n<h3 class=\"wp-block-heading\">\u200b\u200bINSTRU\u00c7\u00d5ES PARA PARTICIPA\u00c7\u00c3O<\/h3>\n\n\n\n<p>Em seus relatos, as pessoas autoras devem caracterizar o contexto, as partes envolvidas e a relev\u00e2ncia da experi\u00eancia de extens\u00e3o relatada; al\u00e9m de oportunizar reflex\u00f5es sobre a experi\u00eancia a partir de fundamenta\u00e7\u00e3o te\u00f3rico-metodol\u00f3gica. Espera-se que os relatos submetidos a esta trilha sejam originais e que n\u00e3o tenham sido publicados ou submetidos a outros f\u00f3runs, ou ve\u00edculos.<\/p>\n\n\n\n<p><strong>Destacamos que etapas de avalia\u00e7\u00e3o com usu\u00e1rios de projetos de pesquisa n\u00e3o devem ser confundidas com extens\u00e3o.<\/strong><\/p>\n\n\n\n<p>Os trabalhos devem ainda apontar conson\u00e2ncia <strong>com ao menos uma<\/strong> das 17 metas globais da <a href=\"https:\/\/sdgs.un.org\/goals\">agenda 2030 da ONU para o Desenvolvimento Sustent\u00e1vel<\/a>, a saber: <em>Erradica\u00e7\u00e3o da Pobreza, Fome Zero e Agricultura Sustent\u00e1vel, Sa\u00fade e Bem Estar, Educa\u00e7\u00e3o de Qualidade, Igualdade de G\u00eanero, \u00c1gua Pot\u00e1vel e Saneamento, Energia Limpa e Acess\u00edvel, Trabalho Decente e Crescimento Econ\u00f4mico, Ind\u00fastria, Inova\u00e7\u00e3o e Infraestrutura, Redu\u00e7\u00e3o das Desigualdades, Cidades e Comunidades Sustent\u00e1veis, Consumo e Produ\u00e7\u00e3o Sustent\u00e1veis, A\u00e7\u00e3o Contra a Mudan\u00e7a Global do Clima, Vida na \u00c1gua, Vida Terrestre, Paz, Justi\u00e7a, e Institui\u00e7\u00f5es Eficazes, Parcerias e Meios de Implementa\u00e7\u00e3o<\/em>.&nbsp; <strong>Este \u00e9 um item que ser\u00e1 avaliado pelos revisores e \u00e9 obrigat\u00f3rio.<\/strong><\/p>\n\n\n\n<p><strong>Os trabalhos devem tamb\u00e9m estar alinhados com t\u00f3picos de interesse do Webmedia, envolvendo desenvolvimento ou uso de tecnologia relacionada \u00e0 Multim\u00eddia, Hiperm\u00eddia e Web.<\/strong><\/p>\n\n\n\n<p>Os artigos podem ser escritos em Portugu\u00eas ou Ingl\u00eas, sendo que todos os artigos devem ter o resumo em ingl\u00eas (resumo em Portugu\u00eas n\u00e3o \u00e9 obrigat\u00f3rio). Deve-se utilizar as regras de <strong>revis\u00e3o duplamente an\u00f4nima<\/strong>. Isso requer que as identifica\u00e7\u00f5es das pessoas autoras sejam substitu\u00eddas por \u201c<em>removed for anonymous review<\/em>\u201d ou &#8220;removido para revis\u00e3o an\u00f4nima&#8221; no in\u00edcio do artigo e em eventuais refer\u00eancias a seus trabalhos anteriores. <strong>Trabalhos n\u00e3o anonimizados ser\u00e3o rejeitados na primeira fase.<\/strong><\/p>\n\n\n\n<h3 class=\"wp-block-heading\">SUBMISS\u00c3O DE TRABALHOS<\/h3>\n\n\n\n<p>Os trabalhos devem estar no formato PDF, seguindo o template padr\u00e3o do WebMedia, que est\u00e1 dispon\u00edvel <a href=\"https:\/\/drive.google.com\/file\/d\/1-nHkEYpvn-yksmpEna6mHirA-fMp3-KA\/view\">neste link<\/a> e tamb\u00e9m dispon\u00edvel para uso no <a href=\"https:\/\/www.overleaf.com\/latex\/templates\/webmedia-template\/ckjcbscxjjjh\">Overleaf<\/a>. <strong>Os artigos devem ter no m\u00ednimo QUATRO e no m\u00e1ximo SEIS p\u00e1ginas, e at\u00e9 mais DUAS p\u00e1ginas contendo apenas a lista de refer\u00eancias usadas no texto<\/strong>.&nbsp;<\/p>\n\n\n\n<p><strong>Ao serem usadas ferramentas de tradu\u00e7\u00e3o, corre\u00e7\u00e3o ortogr\u00e1fica e\/ou gera\u00e7\u00e3o de conte\u00fado, os autores devem citar no texto, na se\u00e7\u00e3o de Agradecimentos.<\/strong><\/p>\n\n\n\n<p>Os artigos dever\u00e3o ser submetidos por meio do Sistema JEMS 3 da SBC, selecionando a <a href=\"https:\/\/jems3.sbc.org.br\/events\/360\" target=\"_blank\" rel=\"noreferrer noopener\">Trilha do W4E<\/a>.<\/p>\n\n\n\n<h3 class=\"wp-block-heading\">PROCESSO DE REVIS\u00c3O<\/h3>\n\n\n\n<p>Os artigos submetidos passar\u00e3o por uma primeira fase (FASE 1) em que ser\u00e1 feita uma an\u00e1lise, por parte da coordena\u00e7\u00e3o da trilha, de escopo e interesse do trabalho para a comunidade do WebMedia, bem como da adequa\u00e7\u00e3o do trabalho a uma atividade de extens\u00e3o e ao termo de conduta da SBC, descrito abaixo. Al\u00e9m de tal an\u00e1lise, as submiss\u00f5es poder\u00e3o ser rejeitadas caso n\u00e3o estejam em conformidade com <strong>todas<\/strong> as instru\u00e7\u00f5es de submiss\u00e3o do W4E 2025 descritas acima e\/ou tiverem sido enviadas, ou publicadas em qualquer outro ve\u00edculo.&nbsp;<\/p>\n\n\n\n<p>Todos os trabalhos aceitos na Fase 1 ser\u00e3o revisados por pelo menos tr\u00eas membros do comit\u00ea do programa. Se a submiss\u00e3o for aceita, as pessoas autoras devem considerar os coment\u00e1rios das revis\u00f5es para preparar a vers\u00e3o final do artigo.&nbsp;<\/p>\n\n\n\n<h3 class=\"wp-block-heading\">C\u00d3DIGO DE CONDUTA PARA PESSOAS AUTORAS EM PUBLICA\u00c7\u00d5ES DA SBC<\/h3>\n\n\n\n<p>Ao submeterem trabalhos ao WebMedia 2025, as pessoas autoras reconhecem que est\u00e3o em conformidade com o C\u00f3digo de Conduta para Autores em Publica\u00e7\u00f5es da SBC, o qual est\u00e1 dispon\u00edvel em: <a href=\"https:\/\/sol.sbc.org.br\/index.php\/indice\/conduta\">https:\/\/sol.sbc.org.br\/index.php\/indice\/conduta<\/a>.<\/p>\n\n\n\n<h3 class=\"wp-block-heading\">PR\u00caMIO WEBMEDIA LF (LUIZ FERNANDO GOMES SOARES DE COMPUTA\u00c7\u00c3O)<\/h3>\n\n\n\n<p>Assim como no ano passado, os trabalhos aceitos em todas as trilhas do WebMedia os quais tenham impacto social, poder\u00e3o concorrer ao Pr\u00eamio WebMedia LF de Computa\u00e7\u00e3o. Os autores de artigos aceitos receber\u00e3o mais informa\u00e7\u00f5es sobre o pr\u00eamio oportunamente.<\/p>\n\n\n\n<h3 class=\"wp-block-heading\">DATAS IMPORTANTES<\/h3>\n\n\n\n<p>Veja em&nbsp;<a href=\"https:\/\/webmedia.org.br\/2025\/datas-importantes\/\" target=\"_blank\" rel=\"noreferrer noopener\">Datas Importantes<\/a>&nbsp;os prazos de submiss\u00e3o para o W4E | WebMedia for Everyone.<\/p>\n\n\n\n<h3 class=\"wp-block-heading\">PUBLICA\u00c7\u00c3O DOS TRABALHOS<\/h3>\n\n\n\n<p>Os artigos aceitos ser\u00e3o publicados na SOL (SBC Open Lib), a biblioteca digital da SBC, na s\u00e9rie Anais Estendidos do WebMedia, dispon\u00edvel em <a href=\"https:\/\/sol.sbc.org.br\/index.php\/webmedia_estendido\">https:\/\/sol.sbc.org.br\/index.php\/webmedia_estendido<\/a>. Todos os artigos ser\u00e3o indexados com DOI. Somente ser\u00e3o publicados pela SBC aqueles artigos cujas pessoas autoras cumpram os prazos estabelecidos para envio da vers\u00e3o final. Al\u00e9m disso, a publica\u00e7\u00e3o est\u00e1 condicionada \u00e0 inscri\u00e7\u00e3o no evento de pelo menos uma das pessoas autoras, em qualquer categoria, e \u00e0 apresenta\u00e7\u00e3o do trabalho <strong>presencialmente<\/strong> no Webmedia 2025. <strong>A n\u00e3o inscri\u00e7\u00e3o e o n\u00e3o comparecimento para apresenta\u00e7\u00e3o presencial implicar\u00e1 na retirada do trabalho dos anais estendidos do evento.<\/strong><\/p>\n\n\n\n<h3 class=\"wp-block-heading\">COORDENA\u00c7\u00c3O DO W4E<\/h3>\n\n\n\n<div class=\"wp-block-columns is-layout-flex wp-container-core-columns-is-layout-9d6595d7 wp-block-columns-is-layout-flex\">\n<div class=\"wp-block-column is-layout-flow wp-block-column-is-layout-flow\" style=\"flex-basis:33.33%\"><div class=\"wp-block-image\">\n<figure class=\"aligncenter size-large is-resized\"><img loading=\"lazy\" decoding=\"async\" width=\"804\" height=\"1024\" src=\"https:\/\/webmedia.org.br\/2025\/wp-content\/uploads\/2025\/04\/bruna-804x1024.jpg\" alt=\"Imagem da professora Bruna sorrindo. Bruna tem pele branca, cabelos na altura do ombro ruivo. Est\u00e1 vestindo uma blusa de frio na cor bege. Ao fundo da imagem um fundo que se parece ao cen\u00e1rio de um jogo, com cores branca, vermelha, verde e marrom.\" class=\"wp-image-1310\" style=\"width:232px;height:auto\" srcset=\"https:\/\/webmedia.org.br\/2025\/wp-content\/uploads\/2025\/04\/bruna-804x1024.jpg 804w, https:\/\/webmedia.org.br\/2025\/wp-content\/uploads\/2025\/04\/bruna-236x300.jpg 236w, https:\/\/webmedia.org.br\/2025\/wp-content\/uploads\/2025\/04\/bruna-768x978.jpg 768w, https:\/\/webmedia.org.br\/2025\/wp-content\/uploads\/2025\/04\/bruna-1206x1536.jpg 1206w, https:\/\/webmedia.org.br\/2025\/wp-content\/uploads\/2025\/04\/bruna-1000x1274.jpg 1000w, https:\/\/webmedia.org.br\/2025\/wp-content\/uploads\/2025\/04\/bruna-230x293.jpg 230w, https:\/\/webmedia.org.br\/2025\/wp-content\/uploads\/2025\/04\/bruna-350x446.jpg 350w, https:\/\/webmedia.org.br\/2025\/wp-content\/uploads\/2025\/04\/bruna-480x611.jpg 480w, https:\/\/webmedia.org.br\/2025\/wp-content\/uploads\/2025\/04\/bruna.jpg 1316w\" sizes=\"auto, (max-width: 804px) 100vw, 804px\" \/><\/figure>\n<\/div><\/div>\n\n\n\n<div class=\"wp-block-column is-layout-flow wp-block-column-is-layout-flow\" style=\"flex-basis:66.66%\">\n<p><a href=\"http:\/\/lattes.cnpq.br\/5631261956953546\">Bruna Cunha<\/a> &#8211; ICMC\/USP<\/p>\n\n\n\n<p>Professora no Instituto de Ci\u00eancias Matem\u00e1ticas e de Computa\u00e7\u00e3o da Universidade de S\u00e3o Paulo (ICMC-USP). Foi Professora do Instituto Federal de Educa\u00e7\u00e3o, Ci\u00eancia e Tecnologia de S\u00e3o Paulo (IFSP) de 2017 a 2023. \u00c9 membro do Grupo de Pesquisa Interm\u00eddia e possui experi\u00eancia em disciplinas ligadas \u00e0s \u00e1reas de Experi\u00eancia do Usu\u00e1rio (UX) e Desenvolvimento Web. Atua, principalmente, nas \u00e1reas de Tecnologia Assistiva, Inclus\u00e3o e Computa\u00e7\u00e3o Aplicada \u00e0 Sa\u00fade e \u00e0 Educa\u00e7\u00e3o com interesse particular em Necessidades Complexas de Comunica\u00e7\u00e3o (NCC), Transtorno do Espectro Autista e tecnologias para pessoas idosas.<\/p>\n<\/div>\n<\/div>\n\n\n\n<div class=\"wp-block-columns is-layout-flex wp-container-core-columns-is-layout-9d6595d7 wp-block-columns-is-layout-flex\">\n<div class=\"wp-block-column is-layout-flow wp-block-column-is-layout-flow\" style=\"flex-basis:33.33%\"><div class=\"wp-block-image\">\n<figure class=\"aligncenter size-full is-resized\"><img loading=\"lazy\" decoding=\"async\" width=\"183\" height=\"275\" src=\"https:\/\/webmedia.org.br\/2025\/wp-content\/uploads\/2025\/10\/kamilla.jpg\" alt=\"Kamila \u00e9 uma mulher de pele clara, cabelos castanhos escuros e longos caindo sobre os ombros. Ela est\u00e1 olhando diretamente para a c\u00e2mera, com uma maquiagem nos olhos em tons de rosa e marrom e batom rosa nos l\u00e1bios. Veste uma roupa azul (apenas o colarinho e parte do ombro s\u00e3o vis\u00edveis), um colar fino com pequenas folhas pontiagudas e um brinco dourado em forma de flor na orelha direita vis\u00edvel. O fundo \u00e9 cinza escuro, com um padr\u00e3o celta entrela\u00e7ado, semitransparente, sobreposto \u00e0 imagem, uma marca d'\u00e1gua do ICMC.\" class=\"wp-image-2255\" style=\"width:210px;height:auto\"\/><\/figure>\n<\/div><\/div>\n\n\n\n<div class=\"wp-block-column is-layout-flow wp-block-column-is-layout-flow\" style=\"flex-basis:66.66%\">\n<p><a href=\"http:\/\/lattes.cnpq.br\/9035684997439778\">Kamila Rodrigues<\/a> &#8211; ICMC\/USP<\/p>\n\n\n\n<p>Professora no Instituto de Ci\u00eancias Matem\u00e1ticas e de Computa\u00e7\u00e3o da Universidade de S\u00e3o Paulo (ICMC\/USP). Possui experi\u00eancia no desenvolvimento e avalia\u00e7\u00e3o de interfaces de usu\u00e1rios respeitando requisitos relacionados \u00e0 usabilidade e acessibilidade. Conduz pesquisas com documentos interativos para coleta especializada de experi\u00eancias do cotidiano de indiv\u00edduos, pesquisas com aplica\u00e7\u00f5es digitais terap\u00eauticas para diferentes patologias, <em>End-User Development,<\/em> coletas de dados e interven\u00e7\u00f5es a dist\u00e2ncia usando infraestrutura tecnol\u00f3gica, letramento digital para a terceira idade, jogos digitais s\u00e9rios, <em>fake news<\/em>, coletas de respostas emocionais por meio de sensores f\u00edsicos e l\u00f3gicos. \u00c9 defensora da acessibilidade em solu\u00e7\u00f5es computacionais e docente extensionista por princ\u00edpio.<\/p>\n<\/div>\n<\/div>\n\n\n\n<div class=\"wp-block-columns is-layout-flex wp-container-core-columns-is-layout-9d6595d7 wp-block-columns-is-layout-flex\">\n<div class=\"wp-block-column is-layout-flow wp-block-column-is-layout-flow\" style=\"flex-basis:33.33%\"><div class=\"wp-block-image\">\n<figure class=\"aligncenter size-full is-resized\"><img loading=\"lazy\" decoding=\"async\" width=\"427\" height=\"640\" src=\"https:\/\/webmedia.org.br\/2025\/wp-content\/uploads\/2025\/04\/leo.jpg\" alt=\"Imagem da professora Leo sorrindo. A Leo tem pele branca, cabelos longos cacheados. Veste uma camisa na cor marsala e segura uma caneca bege. A imagem de fundo tem imagens de arbustos verdes.\" class=\"wp-image-1312\" style=\"width:223px;height:auto\" srcset=\"https:\/\/webmedia.org.br\/2025\/wp-content\/uploads\/2025\/04\/leo.jpg 427w, https:\/\/webmedia.org.br\/2025\/wp-content\/uploads\/2025\/04\/leo-200x300.jpg 200w, https:\/\/webmedia.org.br\/2025\/wp-content\/uploads\/2025\/04\/leo-230x345.jpg 230w, https:\/\/webmedia.org.br\/2025\/wp-content\/uploads\/2025\/04\/leo-350x525.jpg 350w\" sizes=\"auto, (max-width: 427px) 100vw, 427px\" \/><\/figure>\n<\/div><\/div>\n\n\n\n<div class=\"wp-block-column is-layout-flow wp-block-column-is-layout-flow\" style=\"flex-basis:66.66%\">\n<p><a href=\"http:\/\/lattes.cnpq.br\/2020671537395945\">Leo Ribeiro<\/a> &#8211; ICMC\/USP<\/p>\n\n\n\n<p>Professora no Instituto de Ci\u00eancias Matem\u00e1ticas e de Computa\u00e7\u00e3o (ICMC-USP). Durante sua gradua\u00e7\u00e3o e Doutorado, atuou principalmente sobre os temas de Aprendizado de Representa\u00e7\u00f5es <em>Cross-Domain<\/em> e Recupera\u00e7\u00e3o de Imagens Baseada em Conte\u00fados; em seu doutorado se especializou no uso das Arquiteturas do tipo Transformers para resolver problemas como Recupera\u00e7\u00e3o, Gera\u00e7\u00e3o e Representa\u00e7\u00e3o de Imagens e Desenhos. Atualmente estuda m\u00e9todos de Aprendizado por Poucos Exemplos (<em>Few-shot Learning<\/em>) e Generaliza\u00e7\u00e3o de Dom\u00ednio para a tarefa de Reconhecimento de Materiais de Abuso Infantil, compondo o projeto Araceli: <em>Artificial Intelligence in <\/em>the <em>Fight Against Child Sexual<\/em> em uma parceria USP-UNICAMP-UFMG; al\u00e9m disso atua tamb\u00e9m em projetos que tratam das aplica\u00e7\u00f5es de monitoramento de publicidade infantil, detec\u00e7\u00e3o de desinforma\u00e7\u00e3o e intelig\u00eancia artificial para tecnologias assistivas.<\/p>\n<\/div>\n<\/div>\n\n\n\n<p><strong>O W4E ser\u00e1 realizado presencialmente no Webmedia 2025, que acontecer\u00e1 entre os dias 10 e 14 de novembro de 2025, no Rio de Janeiro\/RJ.<\/strong><\/p>\n\n\n\n<p>Nota: As imagens das coordenadoras s\u00e3o de seus curr\u00edculos lattes, com autoriza\u00e7\u00e3o de uso, e cont\u00e9m descri\u00e7\u00e3o para leitores de tela.<\/p>\n","protected":false},"excerpt":{"rendered":"<p>O WebMedia for Everyone (W4E) \u00e9 um espa\u00e7o de discuss\u00e3o sobre como a comunidade do WebMedia pode incorporar a diversidade em diversas [&hellip;]<\/p>\n","protected":false},"author":3,"featured_media":0,"parent":0,"menu_order":0,"comment_status":"closed","ping_status":"closed","template":"","meta":{"footnotes":""},"class_list":["post-1303","page","type-page","status-publish","hentry"],"_links":{"self":[{"href":"https:\/\/webmedia.org.br\/2025\/wp-json\/wp\/v2\/pages\/1303","targetHints":{"allow":["GET"]}}],"collection":[{"href":"https:\/\/webmedia.org.br\/2025\/wp-json\/wp\/v2\/pages"}],"about":[{"href":"https:\/\/webmedia.org.br\/2025\/wp-json\/wp\/v2\/types\/page"}],"author":[{"embeddable":true,"href":"https:\/\/webmedia.org.br\/2025\/wp-json\/wp\/v2\/users\/3"}],"replies":[{"embeddable":true,"href":"https:\/\/webmedia.org.br\/2025\/wp-json\/wp\/v2\/comments?post=1303"}],"version-history":[{"count":22,"href":"https:\/\/webmedia.org.br\/2025\/wp-json\/wp\/v2\/pages\/1303\/revisions"}],"predecessor-version":[{"id":2256,"href":"https:\/\/webmedia.org.br\/2025\/wp-json\/wp\/v2\/pages\/1303\/revisions\/2256"}],"wp:attachment":[{"href":"https:\/\/webmedia.org.br\/2025\/wp-json\/wp\/v2\/media?parent=1303"}],"curies":[{"name":"wp","href":"https:\/\/api.w.org\/{rel}","templated":true}]}}