{"id":1227,"date":"2025-04-17T21:06:56","date_gmt":"2025-04-18T00:06:56","guid":{"rendered":"https:\/\/webmedia.org.br\/2025\/?page_id=1227"},"modified":"2025-08-11T18:59:59","modified_gmt":"2025-08-11T21:59:59","slug":"brweb3","status":"publish","type":"page","link":"https:\/\/webmedia.org.br\/2025\/brweb3\/","title":{"rendered":"BrWeb3 | 1\u00ba Workshop Brasileiro de Sistemas Web3"},"content":{"rendered":"\n<div class=\"wp-block-cover pages-title\" style=\"min-height:225px;aspect-ratio:unset;\"><span aria-hidden=\"true\" class=\"wp-block-cover__background has-background-dim\"><\/span><img loading=\"lazy\" decoding=\"async\" width=\"1024\" height=\"432\" class=\"wp-block-cover__image-background wp-image-1083\" alt=\"\" src=\"https:\/\/webmedia.org.br\/2025\/wp-content\/uploads\/2025\/04\/1_Site-WEBmedia_2025-1-1024x432.jpg\" style=\"object-position:80% 32%\" data-object-fit=\"cover\" data-object-position=\"80% 32%\" srcset=\"https:\/\/webmedia.org.br\/2025\/wp-content\/uploads\/2025\/04\/1_Site-WEBmedia_2025-1-1024x432.jpg 1024w, https:\/\/webmedia.org.br\/2025\/wp-content\/uploads\/2025\/04\/1_Site-WEBmedia_2025-1-300x126.jpg 300w, https:\/\/webmedia.org.br\/2025\/wp-content\/uploads\/2025\/04\/1_Site-WEBmedia_2025-1-768x324.jpg 768w, https:\/\/webmedia.org.br\/2025\/wp-content\/uploads\/2025\/04\/1_Site-WEBmedia_2025-1-1536x647.jpg 1536w, https:\/\/webmedia.org.br\/2025\/wp-content\/uploads\/2025\/04\/1_Site-WEBmedia_2025-1-2048x863.jpg 2048w, https:\/\/webmedia.org.br\/2025\/wp-content\/uploads\/2025\/04\/1_Site-WEBmedia_2025-1-1000x421.jpg 1000w, https:\/\/webmedia.org.br\/2025\/wp-content\/uploads\/2025\/04\/1_Site-WEBmedia_2025-1-230x97.jpg 230w, https:\/\/webmedia.org.br\/2025\/wp-content\/uploads\/2025\/04\/1_Site-WEBmedia_2025-1-350x148.jpg 350w, https:\/\/webmedia.org.br\/2025\/wp-content\/uploads\/2025\/04\/1_Site-WEBmedia_2025-1-480x202.jpg 480w\" sizes=\"auto, (max-width: 1024px) 100vw, 1024px\" \/><div class=\"wp-block-cover__inner-container is-layout-flow wp-block-cover-is-layout-flow\">\n<p class=\"has-text-align-center main-title notranslate has-x-large-font-size\">BrWeb3 | 1\u00ba Workshop Brasileiro de Sistemas Web3<\/p>\n<\/div><\/div>\n\n\n\n<p>Web3, a pr\u00f3xima evolu\u00e7\u00e3o da Internet, \u00e9 um novo paradigma focado na descentraliza\u00e7\u00e3o do controle e da propriedade de dados, aplica\u00e7\u00f5es e transa\u00e7\u00f5es online. Diferente das vers\u00f5es anteriores, a Web3 oferece aos usu\u00e1rios mais autonomia e seguran\u00e7a sobre suas informa\u00e7\u00f5es, promovendo maior privacidade e transpar\u00eancia nas intera\u00e7\u00f5es digitais. Essa mudan\u00e7a \u00e9 significativa para a sociedade, pois garante um ambiente online mais democr\u00e1tico e seguro.<\/p>\n\n\n\n<p>O<strong> 1\u00ba Workshop Brasileiro sobre Sistemas Web3 (BrWeb3)<\/strong> \u00e9 uma oportunidade para a academia e a ind\u00fastria brasileiras discutirem e explorarem as possibilidades dessa nova tecnologia. Para a academia, o BrWeb3 representa uma chance de liderar pesquisas de ponta e contribuir para o desenvolvimento de solu\u00e7\u00f5es e aplica\u00e7\u00f5es inovadoras baseadas em Web3. J\u00e1 para a ind\u00fastria, o workshop \u00e9 uma oportunidade de se atualizar e se adaptar \u00e0s tend\u00eancias emergentes, criando novos modelos de neg\u00f3cio, parcerias e oportunidades de crescimento.<\/p>\n\n\n\n<p>Entre as aplica\u00e7\u00f5es mais relevantes da Web3 est\u00e3o tecnologias como Blockchain, Tokeniza\u00e7\u00e3o e NFTs, que est\u00e3o revolucionando a gest\u00e3o de transa\u00e7\u00f5es digitais e a no\u00e7\u00e3o de propriedade. Aplica\u00e7\u00f5es descentralizadas (dApps) e organiza\u00e7\u00f5es aut\u00f4nomas descentralizadas (DAOs) viabilizam a cria\u00e7\u00e3o de sistemas aut\u00f4nomos e transparentes. Enquanto isso, solu\u00e7\u00f5es de armazenamento descentralizado e redes sociais descentralizadas oferecem mais seguran\u00e7a e privacidade aos usu\u00e1rios. Al\u00e9m disso, mecanismos de governan\u00e7a descentralizada e a infraestrutura e protocolos da Web3 s\u00e3o fundamentais para garantir uma opera\u00e7\u00e3o eficiente, escal\u00e1vel e segura da internet de pr\u00f3xima gera\u00e7\u00e3o.<\/p>\n\n\n\n<p>A sinergia entre intelig\u00eancia artificial (IA) e Web3 \u00e9 promissora. Aplica\u00e7\u00f5es da Web3 empoderadas por IA e Smart Contracts dirigidos por IA v\u00e3o proporcionar mais automa\u00e7\u00e3o e efici\u00eancia em transa\u00e7\u00f5es e processos online. Essas tecnologias s\u00e3o capazes de analisar grandes volumes de dados em tempo real, melhorar a governan\u00e7a de protocolos, detectar anomalias e personalizar experi\u00eancias dos usu\u00e1rios. Al\u00e9m disso, a integra\u00e7\u00e3o de tecnologias como o Metaverso e Digital Twins \u00e0 Web3 redefine a forma como interagimos em espa\u00e7os virtuais. Ao possibilitar a propriedade segura, a interoperabilidade e o controle descentralizado, a Web3 pode sustentar experi\u00eancias digitais mais ricas, personalizadas e interconectadas, promovendo novas din\u00e2micas sociais, econ\u00f4micas e profissionais no mundo virtual.<\/p>\n\n\n\n<h3 class=\"wp-block-heading\">T\u00d3PICOS DE INTERESSE<\/h3>\n\n\n\n<p>Os t\u00f3picos de interesse incluem, mas n\u00e3o se limitam a:<\/p>\n\n\n\n<ul class=\"has-medium-font-size wp-block-list\">\n<li style=\"font-size:15px\">Blockchain, Tokeniza\u00e7\u00e3o e Tokens N\u00e3o Fung\u00edveis (NFTs)<\/li>\n\n\n\n<li style=\"font-size:15px\">Design, desenvolvimento e escalabilidade de Aplica\u00e7\u00f5es Descentralizadas (dApps)<\/li>\n\n\n\n<li style=\"font-size:15px\">Modelos de governan\u00e7a e implementa\u00e7\u00e3o de Organiza\u00e7\u00f5es Aut\u00f4nomas Descentralizadas (DAOs)<\/li>\n\n\n\n<li style=\"font-size:15px\">Arquiteturas de armazenamento descentralizado e solu\u00e7\u00f5es de distribui\u00e7\u00e3o de conte\u00fado<\/li>\n\n\n\n<li style=\"font-size:15px\">Plataformas sociais descentralizadas e sistemas de comunica\u00e7\u00e3o com foco em privacidade<\/li>\n\n\n\n<li style=\"font-size:15px\">Mecanismos de governan\u00e7a descentralizada, sistemas de vota\u00e7\u00e3o e tomada de decis\u00e3o comunit\u00e1ria<\/li>\n\n\n\n<li style=\"font-size:15px\">Infraestrutura Web3, middleware e camadas de protocolo<\/li>\n\n\n\n<li style=\"font-size:15px\">Integra\u00e7\u00e3o de Intelig\u00eancia Artificial em ecossistemas Web3<\/li>\n\n\n\n<li style=\"font-size:15px\">Contratos inteligentes com IA e modelos preditivos em ambientes descentralizados<\/li>\n\n\n\n<li style=\"font-size:15px\">Aplica\u00e7\u00f5es Web3 em tecnologias imersivas: Metaverso, g\u00eameos digitais, jogos e experi\u00eancias em realidade virtual<\/li>\n\n\n\n<li style=\"font-size:15px\">Gest\u00e3o de identidade e identidade auto-soberana (SSI) em sistemas descentralizados<\/li>\n\n\n\n<li style=\"font-size:15px\">Seguran\u00e7a, confian\u00e7a e resili\u00eancia em sistemas Web3 (ex.: preven\u00e7\u00e3o de ataques, auditoria, vulnerabilidades de consenso)<\/li>\n\n\n\n<li style=\"font-size:15px\">Aspectos legais, \u00e9ticos e regulat\u00f3rios das plataformas Web3 e descentralizadas<\/li>\n\n\n\n<li style=\"font-size:15px\">Interoperabilidade entre blockchains e protocolos de comunica\u00e7\u00e3o cross-chain<\/li>\n\n\n\n<li style=\"font-size:15px\">Sustentabilidade e abordagens energeticamente eficientes na infraestrutura Web3<\/li>\n\n\n\n<li style=\"font-size:15px\">Impactos econ\u00f4micos e sociais da ado\u00e7\u00e3o do Web3 em mercados emergentes<\/li>\n<\/ul>\n\n\n\n<h3 class=\"wp-block-heading\">SUBMISS\u00c3O DE TRABALHOS<\/h3>\n\n\n\n<p>O BrWeb3 aceitar\u00e1 submiss\u00f5es de artigos curtos com extens\u00e3o entre 2 e 4 p\u00e1ginas, excluindo as refer\u00eancias. As contribui\u00e7\u00f5es devem incluir resultados de pesquisas originais, estudos de caso, artigos de posicionamento e demonstra\u00e7\u00f5es de ferramentas relacionadas a sistemas e aplica\u00e7\u00f5es Web3. Submiss\u00f5es que descrevam ferramentas de c\u00f3digo aberto, plataformas ou frameworks experimentais s\u00e3o especialmente encorajadas. <\/p>\n\n\n\n<p>Os candidatos dever\u00e3o submeter seu trabalho eletronicamente pelo Sistema JEMS 3 da SBC, selecionando a <a href=\"https:\/\/jems3.sbc.org.br\/events\/362\" target=\"_blank\" rel=\"noreferrer noopener\">Trilha do BrWeb3<\/a>.<\/p>\n\n\n\n<p>Todas as submiss\u00f5es para o BrWeb3 devem seguir os templates disponibilizados:<\/p>\n\n\n\n<ul class=\"wp-block-list\">\n<li>LaTeX: <a href=\"https:\/\/www.overleaf.com\/latex\/templates\/webmedia-template\/ckjcbscxjjjh\" target=\"_blank\" rel=\"noreferrer noopener\">disponibilizado diretamente no Overleaf.<\/a><\/li>\n\n\n\n<li>Word: dispon\u00edvel <a href=\"https:\/\/drive.google.com\/file\/d\/1IkfsrRQt7Wa3qOJqf_qQchgeuGG-EcDv\/view?usp=drive_link\" target=\"_blank\" rel=\"noreferrer noopener\">neste link<\/a>.<\/li>\n<\/ul>\n\n\n\n<h3 class=\"wp-block-heading\">C\u00d3DIGO DE CONDUTA PARA AUTORES EM PUBLICA\u00c7\u00d5ES DA SBC<\/h3>\n\n\n\n<p>Ao submeterem trabalhos ao WebMedia 2025, os autores reconhecem que est\u00e3o em conformidade com o C\u00f3digo de Conduta para Autores em Publica\u00e7\u00f5es da SBC, o qual est\u00e1 dispon\u00edvel em: <a href=\"https:\/\/sol.sbc.org.br\/index.php\/indice\/conduta\" target=\"_blank\" rel=\"noreferrer noopener\">https:\/\/sol.sbc.org.br\/index.php\/indice\/conduta<\/a><\/p>\n\n\n\n<h3 class=\"wp-block-heading\">PR\u00caMIO WEBMEDIA LF (LUIZ FERNANDO GOMES SOARES DE COMPUTA\u00c7\u00c3O)<\/h3>\n\n\n\n<p>Assim como no ano passado, os trabalhos aceitos em todas as trilhas do WebMedia os quais tenham impacto social, poder\u00e3o concorrer ao Pr\u00eamio WebMedia LF de Computa\u00e7\u00e3o. Os autores de artigos aceitos receber\u00e3o mais informa\u00e7\u00f5es sobre o pr\u00eamio oportunamente.<\/p>\n\n\n\n<h3 class=\"wp-block-heading\">DATAS IMPORTANTES<\/h3>\n\n\n\n<p>Veja em&nbsp;<a href=\"https:\/\/webmedia.org.br\/2025\/datas-importantes\/\" target=\"_blank\" rel=\"noreferrer noopener\">Datas Importantes<\/a>&nbsp;os prazos de submiss\u00e3o para o BrWeb3 &#8211; 1\u00ba Workshop Brasileiro de Sistemas Web3. <\/p>\n\n\n\n<h3 class=\"wp-block-heading\">COORDENA\u00c7\u00c3O DO BrWeb3<\/h3>\n\n\n\n<p class=\"notranslate\">Antonio Jos\u00e9 Grandson Busson (BTG Pactual)<br>Sergio Colcher (PUC-Rio)<br>Julio Cesar Duarte (IME)<\/p>\n\n\n\n<h3 class=\"wp-block-heading\">COMIT\u00ca CIENT\u00edFICO<\/h3>\n\n\n\n<p class=\"notranslate\">Anderson Fernandes Pereira dos Santos (IME)<br>Daniel de Sousa Moraes (PUC-Rio)<br>Diego Nunes Brand\u00e3o (CEFET-RJ)<br>Diogo Silveira Mendon\u00e7a (CEFET-RJ)<br>Giovanni Lucca Fran\u00e7a da Silva (BTG Pactual)<br>Jos\u00e9 Ahirton Batista Lopes Filho (Accenture)<\/p>\n","protected":false},"excerpt":{"rendered":"<p>Web3, a pr\u00f3xima evolu\u00e7\u00e3o da Internet, \u00e9 um novo paradigma focado na descentraliza\u00e7\u00e3o do controle e da propriedade de dados, aplica\u00e7\u00f5es e [&hellip;]<\/p>\n","protected":false},"author":3,"featured_media":0,"parent":0,"menu_order":0,"comment_status":"closed","ping_status":"closed","template":"","meta":{"footnotes":""},"class_list":["post-1227","page","type-page","status-publish","hentry"],"_links":{"self":[{"href":"https:\/\/webmedia.org.br\/2025\/wp-json\/wp\/v2\/pages\/1227","targetHints":{"allow":["GET"]}}],"collection":[{"href":"https:\/\/webmedia.org.br\/2025\/wp-json\/wp\/v2\/pages"}],"about":[{"href":"https:\/\/webmedia.org.br\/2025\/wp-json\/wp\/v2\/types\/page"}],"author":[{"embeddable":true,"href":"https:\/\/webmedia.org.br\/2025\/wp-json\/wp\/v2\/users\/3"}],"replies":[{"embeddable":true,"href":"https:\/\/webmedia.org.br\/2025\/wp-json\/wp\/v2\/comments?post=1227"}],"version-history":[{"count":44,"href":"https:\/\/webmedia.org.br\/2025\/wp-json\/wp\/v2\/pages\/1227\/revisions"}],"predecessor-version":[{"id":1618,"href":"https:\/\/webmedia.org.br\/2025\/wp-json\/wp\/v2\/pages\/1227\/revisions\/1618"}],"wp:attachment":[{"href":"https:\/\/webmedia.org.br\/2025\/wp-json\/wp\/v2\/media?parent=1227"}],"curies":[{"name":"wp","href":"https:\/\/api.w.org\/{rel}","templated":true}]}}