{"id":941,"date":"2024-05-10T18:57:36","date_gmt":"2024-05-10T21:57:36","guid":{"rendered":"https:\/\/webmedia.org.br\/2024\/?page_id=941"},"modified":"2024-10-04T18:13:52","modified_gmt":"2024-10-04T21:13:52","slug":"comite-organizador","status":"publish","type":"page","link":"https:\/\/webmedia.org.br\/2024\/comite-organizador\/","title":{"rendered":"Comit\u00ea Organizador"},"content":{"rendered":"\t\t<div data-elementor-type=\"wp-page\" data-elementor-id=\"941\" class=\"elementor elementor-941\" data-elementor-post-type=\"page\">\n\t\t\t\t\t\t\t\t\t<section class=\"elementor-section elementor-top-section elementor-element elementor-element-995d100 elementor-section-height-min-height elementor-section-boxed elementor-section-height-default elementor-section-items-middle\" data-id=\"995d100\" data-element_type=\"section\" data-settings=\"{&quot;background_background&quot;:&quot;classic&quot;}\" data-e-bg-lazyload=\".elementor-background-overlay\">\n\t\t\t\t\t\t\t<div class=\"elementor-background-overlay\"><\/div>\n\t\t\t\t\t\t\t<div class=\"elementor-container elementor-column-gap-default\">\n\t\t\t\t\t<div class=\"elementor-column elementor-col-100 elementor-top-column elementor-element elementor-element-1a8bacab\" data-id=\"1a8bacab\" data-element_type=\"column\">\n\t\t\t<div class=\"elementor-widget-wrap elementor-element-populated\">\n\t\t\t\t\t\t\t\t<div class=\"elementor-element elementor-element-9d8a180 elementor-widget elementor-widget-heading\" data-id=\"9d8a180\" data-element_type=\"widget\" data-widget_type=\"heading.default\">\n\t\t\t\t<div class=\"elementor-widget-container\">\n\t\t\t<style>\/*! elementor - v3.15.0 - 31-07-2023 *\/\n.elementor-heading-title{padding:0;margin:0;line-height:1}.elementor-widget-heading .elementor-heading-title[class*=elementor-size-]>a{color:inherit;font-size:inherit;line-height:inherit}.elementor-widget-heading .elementor-heading-title.elementor-size-small{font-size:15px}.elementor-widget-heading .elementor-heading-title.elementor-size-medium{font-size:19px}.elementor-widget-heading .elementor-heading-title.elementor-size-large{font-size:29px}.elementor-widget-heading .elementor-heading-title.elementor-size-xl{font-size:39px}.elementor-widget-heading .elementor-heading-title.elementor-size-xxl{font-size:59px}<\/style><h1 class=\"elementor-heading-title elementor-size-default\">Comit\u00ea Organizador<\/h1>\t\t<\/div>\n\t\t\t\t<\/div>\n\t\t\t\t\t<\/div>\n\t\t<\/div>\n\t\t\t\t\t\t\t<\/div>\n\t\t<\/section>\n\t\t\t\t<section class=\"elementor-section elementor-top-section elementor-element elementor-element-bf94b7a elementor-section-height-min-height elementor-section-boxed elementor-section-height-default elementor-section-items-middle\" data-id=\"bf94b7a\" data-element_type=\"section\">\n\t\t\t\t\t\t<div class=\"elementor-container elementor-column-gap-default\">\n\t\t\t\t\t<div class=\"elementor-column elementor-col-100 elementor-top-column elementor-element elementor-element-91a9634\" data-id=\"91a9634\" data-element_type=\"column\">\n\t\t\t<div class=\"elementor-widget-wrap elementor-element-populated\">\n\t\t\t\t\t\t\t\t<div class=\"elementor-element elementor-element-df941be elementor-widget elementor-widget-text-editor\" data-id=\"df941be\" data-element_type=\"widget\" data-widget_type=\"text-editor.default\">\n\t\t\t\t<div class=\"elementor-widget-container\">\n\t\t\t<style>\/*! elementor - v3.15.0 - 31-07-2023 *\/\n.elementor-widget-text-editor.elementor-drop-cap-view-stacked .elementor-drop-cap{background-color:#69727d;color:#fff}.elementor-widget-text-editor.elementor-drop-cap-view-framed .elementor-drop-cap{color:#69727d;border:3px solid;background-color:transparent}.elementor-widget-text-editor:not(.elementor-drop-cap-view-default) .elementor-drop-cap{margin-top:8px}.elementor-widget-text-editor:not(.elementor-drop-cap-view-default) .elementor-drop-cap-letter{width:1em;height:1em}.elementor-widget-text-editor .elementor-drop-cap{float:left;text-align:center;line-height:1;font-size:50px}.elementor-widget-text-editor .elementor-drop-cap-letter{display:inline-block}<\/style>\t\t\t\t<p><!-- wp:heading --><\/p>\n<h2><strong>Organiza\u00e7\u00e3o Geral<\/strong><\/h2>\n<p>Marcelo Ferreira Moreno (UFJF)<\/p>\n<p>Carlos Pernisa J\u00fanior (UFJF)<\/p>\n<h2><br \/><strong>Coordena\u00e7\u00e3o do Comit\u00ea de Programa<\/strong><\/h2>\n<p>D\u00e9bora C. Muchaluat Saade (UFF)<\/p>\n<p>Jorge Luis Victoria Barbosa (UNISINOS)<\/p>\n<h2><br \/><strong>Coordena\u00e7\u00e3o de Minicursos e Tutoriais<\/strong><\/h2>\n<p>Manoel C. Marques Neto (IFBA)<\/p>\n<p>Alessandra Alaniz Macedo (USP)<\/p>\n<p>Eduardo Pagani J\u00falio (UFJF)<\/p>\n<p>\u00a0<\/p>\n<h2><strong>Coordena\u00e7\u00e3o de Palestras e Pain\u00e9is<\/strong><\/h2>\n<p>Jussara Marques de Almeida (UFMG)<\/p>\n<p>Jonice de Oliveira Sampaio (UFRJ)<\/p>\n<h2><br \/><strong>Concurso de Teses e Disserta\u00e7\u00f5es (CTD)<\/strong><\/h2>\n<p>Thiago Henrique Silva (UTFPR)<\/p>\n<p>Celso Saibel Santos (UFES)<\/p>\n<h2><br \/><strong>Concurso de Trabalhos de Inicia\u00e7\u00e3o Cient\u00edfica (CTIC)<\/strong><\/h2>\n<p>Julio Cesar S. Reis (UFV)<\/p>\n<p>Carlos Henrique G. Ferreira (UFOP)<\/p>\n<h2><br \/><strong>Workshop de Ferramentas e Aplica\u00e7\u00f5es (WFA)<\/strong><\/h2>\n<p>Carlos Andr\u00e9 G. Ferraz (UFPE)<\/p>\n<p>S\u00e9rgio Colcher (PUC-Rio)<\/p>\n<h2><br \/><strong>Workshop de Futuro da TV Digital Interativa (WTVDI)<\/strong><\/h2>\n<p>Joel F. dos Santos (CEFET\/RJ)<\/p>\n<p>Carlos de S. Soares Neto (UFMA)<\/p>\n<h2><br \/><strong>WebMedia for Everyone (W4E)<\/strong><\/h2>\n<p>Kamila Rios da Hora Rodrigues (USP)<\/p>\n<p>Alessandreia Marta de Oliveira (UFJF)<\/p>\n<p>Lorenza Le\u00e3o Oliveira Moreno (UFJF)<\/p>\n<p>\u00a0<\/p>\n<h2><strong>Workshop de Revis\u00f5es Sistem\u00e1ticas de Literatura em Sistemas Multim\u00eddia e Web (WRSL+)<\/strong><\/h2>\n<p>Celso Saibel Santos (UFES)<\/p>\n<p>Maria da Gra\u00e7a Pimentel (USP)<\/p>\n<p>Windson Viana de Carvalho (UFC)<\/p>\n<h2><br \/><strong>Coordena\u00e7\u00e3o de Publica\u00e7\u00e3o<\/strong><\/h2>\n<p>Roberto Willrich (UFSC)<\/p>\n<p>Eduardo Barr\u00e9re (UFJF)<\/p>\n<h2><br \/><strong>Coordena\u00e7\u00e3o de Patroc\u00ednios e Contatos Institucionais<\/strong><\/h2>\n<p>Adriano C\u00e9sar Machado Pereira (UFMG)<\/p>\n<p>Leonardo Chaves Dutra da Rocha (UFSJ)<\/p>\n<h2><br \/><strong>Comiss\u00e3o de Apoio Local<\/strong><\/h2>\n<p>Alessandreia Marta de Oliveira (UFJF)<\/p>\n<p>Eduardo Barr\u00e9re (UFJF)<\/p>\n<p>Edelberto Franco Silva (UFJF)<\/p>\n<p>Eduardo Pagani Julio (UFJF)<\/p>\n<p>Li-Chang Shuen C. S. Sousa (UFMA)<\/p>\n<p>Lorenza Le\u00e3o Oliveira Moreno (UFJF)<\/p>\n<p>Luciano Jerez Chaves (UFJF)<\/p>\n<p>Romualdo M. de Resende Costa (UniAcademia)<\/p>\n<p>Stanley Teixeira (UFJF)<\/p>\n<p><!-- \/wp:table --><\/p>\t\t\t\t\t\t<\/div>\n\t\t\t\t<\/div>\n\t\t\t\t\t<\/div>\n\t\t<\/div>\n\t\t\t\t\t\t\t<\/div>\n\t\t<\/section>\n\t\t\t\t\t\t\t<\/div>\n\t\t","protected":false},"excerpt":{"rendered":"<p>Comit\u00ea Organizador Organiza\u00e7\u00e3o Geral Marcelo Ferreira Moreno (UFJF) Carlos Pernisa J\u00fanior (UFJF) Coordena\u00e7\u00e3o do Comit\u00ea de Programa D\u00e9bora C. Muchaluat Saade (UFF) Jorge Luis Victoria Barbosa (UNISINOS) Coordena\u00e7\u00e3o de Minicursos e Tutoriais Manoel C. Marques Neto (IFBA) Alessandra Alaniz Macedo (USP) Eduardo Pagani J\u00falio (UFJF) \u00a0 Coordena\u00e7\u00e3o de Palestras e Pain\u00e9is Jussara Marques de Almeida [&hellip;]<\/p>\n","protected":false},"author":1,"featured_media":0,"parent":0,"menu_order":0,"comment_status":"closed","ping_status":"closed","template":"elementor_header_footer","meta":{"footnotes":""},"class_list":["post-941","page","type-page","status-publish","hentry"],"_links":{"self":[{"href":"https:\/\/webmedia.org.br\/2024\/wp-json\/wp\/v2\/pages\/941","targetHints":{"allow":["GET"]}}],"collection":[{"href":"https:\/\/webmedia.org.br\/2024\/wp-json\/wp\/v2\/pages"}],"about":[{"href":"https:\/\/webmedia.org.br\/2024\/wp-json\/wp\/v2\/types\/page"}],"author":[{"embeddable":true,"href":"https:\/\/webmedia.org.br\/2024\/wp-json\/wp\/v2\/users\/1"}],"replies":[{"embeddable":true,"href":"https:\/\/webmedia.org.br\/2024\/wp-json\/wp\/v2\/comments?post=941"}],"version-history":[{"count":25,"href":"https:\/\/webmedia.org.br\/2024\/wp-json\/wp\/v2\/pages\/941\/revisions"}],"predecessor-version":[{"id":2115,"href":"https:\/\/webmedia.org.br\/2024\/wp-json\/wp\/v2\/pages\/941\/revisions\/2115"}],"wp:attachment":[{"href":"https:\/\/webmedia.org.br\/2024\/wp-json\/wp\/v2\/media?parent=941"}],"curies":[{"name":"wp","href":"https:\/\/api.w.org\/{rel}","templated":true}]}}