{"id":931,"date":"2024-05-10T18:11:40","date_gmt":"2024-05-10T21:11:40","guid":{"rendered":"https:\/\/webmedia.org.br\/2024\/?page_id=931"},"modified":"2024-07-25T14:54:05","modified_gmt":"2024-07-25T17:54:05","slug":"minicursos-e-tutoriais","status":"publish","type":"page","link":"https:\/\/webmedia.org.br\/2024\/chamada-de-trabalhos\/minicursos-e-tutoriais\/","title":{"rendered":"Minicursos e Tutoriais"},"content":{"rendered":"\t\t<div data-elementor-type=\"wp-page\" data-elementor-id=\"931\" class=\"elementor elementor-931\" data-elementor-post-type=\"page\">\n\t\t\t\t\t\t\t\t\t<section class=\"elementor-section elementor-top-section elementor-element elementor-element-995d100 elementor-section-height-min-height elementor-section-boxed elementor-section-height-default elementor-section-items-middle\" data-id=\"995d100\" data-element_type=\"section\" data-settings=\"{&quot;background_background&quot;:&quot;classic&quot;}\" data-e-bg-lazyload=\".elementor-background-overlay\">\n\t\t\t\t\t\t\t<div class=\"elementor-background-overlay\"><\/div>\n\t\t\t\t\t\t\t<div class=\"elementor-container elementor-column-gap-default\">\n\t\t\t\t\t<div class=\"elementor-column elementor-col-100 elementor-top-column elementor-element elementor-element-1a8bacab\" data-id=\"1a8bacab\" data-element_type=\"column\">\n\t\t\t<div class=\"elementor-widget-wrap elementor-element-populated\">\n\t\t\t\t\t\t\t\t<div class=\"elementor-element elementor-element-9d8a180 elementor-widget elementor-widget-heading\" data-id=\"9d8a180\" data-element_type=\"widget\" data-widget_type=\"heading.default\">\n\t\t\t\t<div class=\"elementor-widget-container\">\n\t\t\t<style>\/*! elementor - v3.15.0 - 31-07-2023 *\/\n.elementor-heading-title{padding:0;margin:0;line-height:1}.elementor-widget-heading .elementor-heading-title[class*=elementor-size-]>a{color:inherit;font-size:inherit;line-height:inherit}.elementor-widget-heading .elementor-heading-title.elementor-size-small{font-size:15px}.elementor-widget-heading .elementor-heading-title.elementor-size-medium{font-size:19px}.elementor-widget-heading .elementor-heading-title.elementor-size-large{font-size:29px}.elementor-widget-heading .elementor-heading-title.elementor-size-xl{font-size:39px}.elementor-widget-heading .elementor-heading-title.elementor-size-xxl{font-size:59px}<\/style><h1 class=\"elementor-heading-title elementor-size-default\">Minicursos e Tutoriais<\/h1>\t\t<\/div>\n\t\t\t\t<\/div>\n\t\t\t\t\t<\/div>\n\t\t<\/div>\n\t\t\t\t\t\t\t<\/div>\n\t\t<\/section>\n\t\t\t\t<section class=\"elementor-section elementor-top-section elementor-element elementor-element-bf94b7a elementor-section-height-min-height elementor-section-boxed elementor-section-height-default elementor-section-items-middle\" data-id=\"bf94b7a\" data-element_type=\"section\">\n\t\t\t\t\t\t<div class=\"elementor-container elementor-column-gap-default\">\n\t\t\t\t\t<div class=\"elementor-column elementor-col-100 elementor-top-column elementor-element elementor-element-91a9634\" data-id=\"91a9634\" data-element_type=\"column\">\n\t\t\t<div class=\"elementor-widget-wrap elementor-element-populated\">\n\t\t\t\t\t\t\t\t<div class=\"elementor-element elementor-element-df941be elementor-widget elementor-widget-text-editor\" data-id=\"df941be\" data-element_type=\"widget\" data-widget_type=\"text-editor.default\">\n\t\t\t\t<div class=\"elementor-widget-container\">\n\t\t\t<style>\/*! elementor - v3.15.0 - 31-07-2023 *\/\n.elementor-widget-text-editor.elementor-drop-cap-view-stacked .elementor-drop-cap{background-color:#69727d;color:#fff}.elementor-widget-text-editor.elementor-drop-cap-view-framed .elementor-drop-cap{color:#69727d;border:3px solid;background-color:transparent}.elementor-widget-text-editor:not(.elementor-drop-cap-view-default) .elementor-drop-cap{margin-top:8px}.elementor-widget-text-editor:not(.elementor-drop-cap-view-default) .elementor-drop-cap-letter{width:1em;height:1em}.elementor-widget-text-editor .elementor-drop-cap{float:left;text-align:center;line-height:1;font-size:50px}.elementor-widget-text-editor .elementor-drop-cap-letter{display:inline-block}<\/style>\t\t\t\t<p><!-- wp:heading --><\/p>\n<p><span style=\"font-weight: 400;\">Entre as principais atividades t\u00e9cnicas do WebMedia 2024, encontram-se os minicursos, que t\u00eam como objetivo a atualiza\u00e7\u00e3o em temas normalmente n\u00e3o cobertos nas grades curriculares ou que despertam grande interesse entre acad\u00eamicos e profissionais. S\u00e3o bem-vindas propostas em \u00e1reas recentes, ou ainda pouco exploradas e em temas com grande potencial para atrair o interesse de estudantes e profissionais, de forma a melhor qualific\u00e1-los para suas pesquisas e\/ou mercado de trabalho. Os minicursos ser\u00e3o apresentados durante o evento com dura\u00e7\u00e3o de 4h.<\/span><\/p>\n<p><span style=\"font-weight: 400;\">Al\u00e9m disso, na edi\u00e7\u00e3o de 2024, o WebMedia volta a incluir nesta chamada a submiss\u00e3o de tutoriais. Os tutoriais s\u00e3o uma excelente oportunidade para oferecer informa\u00e7\u00e3o em t\u00f3picos recentes ministrados por pesquisadores iniciantes ou experientes. Os tutoriais ser\u00e3o apresentados durante o evento com dura\u00e7\u00e3o de 2h.<\/span><\/p>\n<p><span style=\"font-weight: 400;\">Os tutoriais propostos podem ser introdut\u00f3rios ou avan\u00e7ados e devem abordar t\u00f3picos de interesse das comunidades de multim\u00eddia e web. As propostas ser\u00e3o avaliadas em sua relev\u00e2ncia para a confer\u00eancia, sua adequa\u00e7\u00e3o para apresenta\u00e7\u00e3o em formato de tutorial e as qualifica\u00e7\u00f5es dos instrutores. Buscamos um equil\u00edbrio de t\u00f3picos no programa t\u00e9cnico-cient\u00edfico e tamb\u00e9m consideramos o potencial de interesse dos participantes.\u00a0<\/span><\/p>\n<p><span style=\"font-weight: 400;\">Os t\u00f3picos de interesse para minicursos e tutoriais nesta edi\u00e7\u00e3o do WebMedia incluem (mas n\u00e3o est\u00e3o limitados):<\/span><\/p>\n<ul>\n<li style=\"font-weight: 400;\" aria-level=\"1\"><span style=\"font-weight: 400;\">IA generativa, LLMs, APIs e engenharia de prompt aplicadas a multim\u00eddia e Web<\/span><\/li>\n<li style=\"font-weight: 400;\" aria-level=\"1\"><span style=\"font-weight: 400;\">Sistemas de TV Digital de pr\u00f3xima gera\u00e7\u00e3o<\/span><\/li>\n<li style=\"font-weight: 400;\" aria-level=\"1\"><span style=\"font-weight: 400;\">Internet das Coisas Multim\u00eddia<\/span><\/li>\n<li style=\"font-weight: 400;\" aria-level=\"1\"><span style=\"font-weight: 400;\">Arquitetura de Micro-Servi\u00e7os e Micro-Frontends aplicadas a multim\u00eddia e Web<\/span><\/li>\n<li style=\"font-weight: 400;\" aria-level=\"1\"><span style=\"font-weight: 400;\">Desenvolvimento em Web3, Blockchain e Metaverso<\/span><\/li>\n<\/ul>\n<p>\u00a0<\/p>\n<p><span style=\"font-weight: 400;\">As propostas submetidas de minicursos e de tutoriais ser\u00e3o avaliadas por tr\u00eas ou mais membros do comit\u00ea de avalia\u00e7\u00e3o. Ser\u00e3o considerados na avalia\u00e7\u00e3o os seguintes crit\u00e9rios: relev\u00e2ncia e atualidade do tema para o evento, qualidade t\u00e9cnica da proposta e experi\u00eancia dos proponentes no tema proposto. As melhores propostas em temas distintos ser\u00e3o aceitas para apresenta\u00e7\u00e3o no evento e publica\u00e7\u00e3o como cap\u00edtulo de livro (minicursos) ou artigos curtos nos anais estendidos do WebMedia 2024 (tutoriais).<\/span><\/p>\n<p><span style=\"font-weight: 400;\">Para a apresenta\u00e7\u00e3o durante o evento, haver\u00e1 a possibilidade (pendente de confirma\u00e7\u00e3o) de financiamento de passagens a\u00e9reas nacionais e\/ou di\u00e1rias para um autor de cada minicurso\/tutorial aceito.<\/span><\/p>\n<p><span style=\"font-weight: 400;\">\u00a0\u00a0<\/span><\/p>\n<h2><b>Instru\u00e7\u00f5es para Autores<\/b><\/h2>\n<p><span style=\"font-weight: 400;\">Interessados em ministrar um minicurso ou tutorial devem submeter proposta de 6 a 8 p\u00e1ginas (excluindo-se os CVs dos autores), contendo as informa\u00e7\u00f5es enumeradas a seguir:<\/span><\/p>\n<ul>\n<li style=\"font-weight: 400;\" aria-level=\"1\"><span style=\"font-weight: 400;\">Dados de Identifica\u00e7\u00e3o<\/span>\n<ul>\n<li style=\"font-weight: 400;\" aria-level=\"2\"><span style=\"font-weight: 400;\">T\u00edtulo do minicurso\/tutorial<\/span><\/li>\n<li style=\"font-weight: 400;\" aria-level=\"2\"><span style=\"font-weight: 400;\">Autor(es): institui\u00e7\u00e3o(\u00e7\u00f5es), endere\u00e7o(s), telefone(s), e-mail(s)<\/span><\/li>\n<li style=\"font-weight: 400;\" aria-level=\"2\"><span style=\"font-weight: 400;\">Indica\u00e7\u00e3o do(s) autor(es) que apresentar\u00e1(\u00e3o) o minicurso\/tutorial<\/span><\/li>\n<\/ul>\n<\/li>\n<li style=\"font-weight: 400;\" aria-level=\"1\"><span style=\"font-weight: 400;\">Dados Gerais<\/span>\n<ul>\n<li style=\"font-weight: 400;\" aria-level=\"2\"><span style=\"font-weight: 400;\">Objetivos do minicurso\/tutorial, com o tratamento dado ao tema, seja ele te\u00f3rico ou pr\u00e1tico<\/span><\/li>\n<li style=\"font-weight: 400;\" aria-level=\"2\"><span style=\"font-weight: 400;\">Perfil do p\u00fablico-alvo<\/span><\/li>\n<\/ul>\n<\/li>\n<li style=\"font-weight: 400;\" aria-level=\"1\"><span style=\"font-weight: 400;\">Estrutura em t\u00f3picos prevista para o cap\u00edtulo de livro (minicurso) ou artigo (tutorial)<\/span><\/li>\n<li style=\"font-weight: 400;\" aria-level=\"1\"><span style=\"font-weight: 400;\">Para cada t\u00f3pico previsto no item 3, informar um resumo do conte\u00fado a ser abordado e previs\u00e3o do n\u00famero de p\u00e1ginas.<\/span><\/li>\n<li style=\"font-weight: 400;\" aria-level=\"1\"><span style=\"font-weight: 400;\">Bibliografia principal utilizada na prepara\u00e7\u00e3o do curso\/tutorial (m\u00e1ximo de 1 p\u00e1gina).<\/span><\/li>\n<li style=\"font-weight: 400;\" aria-level=\"1\"><span style=\"font-weight: 400;\">Curriculum Vitae resumido dos autores (m\u00e1ximo de 1 p\u00e1gina por autor).<\/span><\/li>\n<\/ul>\n<div>\u00a0<\/div>\n<div>\u00a0<\/div>\n<p><span style=\"font-weight: 400;\">Cada minicurso deve ser estruturado para ser apresentado durante o WebMedia 2024 em um total de quatro horas.\u00a0<\/span><\/p>\n<p><span style=\"font-weight: 400;\">Cada tutorial deve ser estruturado para ser apresentado durante o WebMedia 2024 em um total de duas horas.<\/span><\/p>\n<p>\u00a0<\/p>\n<h2><b>Livro de Minicursos do WebMedia 2024<\/b><\/h2>\n<p>Os autores dos minicursos selecionados dever\u00e3o produzir um cap\u00edtulo para publica\u00e7\u00e3o no livro \u201cMinicursos do WebMedia 2024\u201d. O cap\u00edtulo dever\u00e1 ser redigido em Portugu\u00eas ou Ingl\u00eas e conter entre 40 e 50 p\u00e1ginas, seguindo o <a href=\"https:\/\/drive.google.com\/file\/d\/1Vb1CPvlA6aM5APzWEtikkj6jR11LqwvM\" target=\"_blank\" rel=\"noopener\">template de cap\u00edtulos do Livro de Minicursos do WebMedia<\/a>\u00a0(atualizado).<\/p>\n<p>\u00a0<\/p>\n<h2><strong>Anais dos Tutoriais do WebMedia 2024<\/strong><\/h2>\n<p><span style=\"font-weight: 400;\">Os autores dos tutoriais selecionados dever\u00e3o produzir um artigo sobre o tutorial para publica\u00e7\u00e3o nos Anais Estendidos do WebMedia 2024. O artigo dever\u00e1 ser redigido em Portugu\u00eas ou Ingl\u00eas e dever\u00e1 conter de 6 a 8 p\u00e1ginas, <\/span><b>seguindo o template padr\u00e3o do WebMedia, que est\u00e1 dispon\u00edvel <\/b><a href=\"https:\/\/webmedia.org.br\/2024\/wp-content\/uploads\/2024\/05\/TemplateWebMedia.zip\"><b>neste link<\/b><\/a><b> e tamb\u00e9m dispon\u00edvel para uso no <\/b><a href=\"https:\/\/www.overleaf.com\/latex\/templates\/webmedia-template\/ckjcbscxjjjh\"><b>Overleaf<\/b><\/a><b>.<\/b><\/p>\n<p><span style=\"font-weight: 400;\">Ser\u00e3o inclu\u00eddos no livro de minicursos ou nos anais estendidos apenas as propostas selecionadas com vers\u00e3o final entregue e com termo de cess\u00e3o de direitos \u00e0 SBC devidamente preenchido e assinado. Pelo menos um autor de cada minicurso\/tutorial selecionado dever\u00e1 realizar inscri\u00e7\u00e3o para garantir a publica\u00e7\u00e3o de seu trabalho e sua participa\u00e7\u00e3o no evento.<\/span><\/p>\n<p>\u00a0<\/p>\n<h2><strong>Submiss\u00e3o de trabalhos<\/strong><\/h2>\n<p><span style=\"font-weight: 400;\">Os candidatos dever\u00e3o submeter seu trabalho eletronicamente pelo Sistema JEMS, escolhendo a trilha WebMedia 2024 &#8211; Minicursos e Tutoriais:\u00a0<\/span><\/p>\n<p><strong><a href=\"https:\/\/submissoes.sbc.org.br\/Paper.cgi?c=4605&amp;track=10105\" target=\"_blank\" rel=\"noopener\">Para Minicursos<\/a>\u00a0<\/strong><\/p>\n<p><strong><a href=\"https:\/\/jems.sbc.org.br\/Paper.cgi?c=4605&amp;track=10106\" target=\"_blank\" rel=\"noopener\">Para Tutoriais<\/a><\/strong><\/p>\n<p><span style=\"font-weight: 400;\">O documento com a proposta, contendo os CVs, deve ser organizado em apenas um arquivo no formato pdf, <\/span><a href=\"http:\/\/www.sbc.org.br\/documentos-da-sbc\/category\/169-templates-para-artigos-e-capitulos-de-livros\"><span style=\"font-weight: 400;\">seguindo o template de artigos da SBC<\/span><\/a><span style=\"font-weight: 400;\">.<\/span><\/p>\n<p><span style=\"font-weight: 400;\">\u00a0<\/span><\/p>\n<h2><strong>Coordena\u00e7\u00e3o do Comit\u00ea de Minicursos e Tutoriais<\/strong><\/h2>\n<p><span style=\"font-weight: 400;\">Manoel Carvalho Marques Neto (IFBA)<\/span><\/p>\n<p><span style=\"font-weight: 400;\">Alessandra Alaniz Macedo (USP)<\/span><\/p>\n<p><span style=\"font-weight: 400;\">Eduardo Pagani Julio (UFJF)<\/span><\/p>\n<p><span style=\"font-weight: 400;\">\u00a0<\/span><\/p>\n<h2 style=\"font-family: -apple-system, BlinkMacSystemFont, 'Segoe UI', Roboto, 'Helvetica Neue', Arial, 'Noto Sans', sans-serif; color: #343435;\"><span style=\"font-weight: bolder;\">Datas Importantes<\/span><\/h2>\n<p>Veja em <a href=\"https:\/\/webmedia.org.br\/2024\/datas-importantes\/\">Datas Importantes<\/a> os prazos de submiss\u00e3o para a Minicursos e Tutoriais.<\/p>\n<p>\u00a0<\/p>\n<p><!-- \/wp:table --><\/p>\t\t\t\t\t\t<\/div>\n\t\t\t\t<\/div>\n\t\t\t\t\t<\/div>\n\t\t<\/div>\n\t\t\t\t\t\t\t<\/div>\n\t\t<\/section>\n\t\t\t\t\t\t\t<\/div>\n\t\t","protected":false},"excerpt":{"rendered":"<p>Minicursos e Tutoriais Entre as principais atividades t\u00e9cnicas do WebMedia 2024, encontram-se os minicursos, que t\u00eam como objetivo a atualiza\u00e7\u00e3o em temas normalmente n\u00e3o cobertos nas grades curriculares ou que despertam grande interesse entre acad\u00eamicos e profissionais. S\u00e3o bem-vindas propostas em \u00e1reas recentes, ou ainda pouco exploradas e em temas com grande potencial para atrair [&hellip;]<\/p>\n","protected":false},"author":1,"featured_media":0,"parent":912,"menu_order":0,"comment_status":"closed","ping_status":"closed","template":"elementor_header_footer","meta":{"footnotes":""},"class_list":["post-931","page","type-page","status-publish","hentry"],"_links":{"self":[{"href":"https:\/\/webmedia.org.br\/2024\/wp-json\/wp\/v2\/pages\/931","targetHints":{"allow":["GET"]}}],"collection":[{"href":"https:\/\/webmedia.org.br\/2024\/wp-json\/wp\/v2\/pages"}],"about":[{"href":"https:\/\/webmedia.org.br\/2024\/wp-json\/wp\/v2\/types\/page"}],"author":[{"embeddable":true,"href":"https:\/\/webmedia.org.br\/2024\/wp-json\/wp\/v2\/users\/1"}],"replies":[{"embeddable":true,"href":"https:\/\/webmedia.org.br\/2024\/wp-json\/wp\/v2\/comments?post=931"}],"version-history":[{"count":28,"href":"https:\/\/webmedia.org.br\/2024\/wp-json\/wp\/v2\/pages\/931\/revisions"}],"predecessor-version":[{"id":1264,"href":"https:\/\/webmedia.org.br\/2024\/wp-json\/wp\/v2\/pages\/931\/revisions\/1264"}],"up":[{"embeddable":true,"href":"https:\/\/webmedia.org.br\/2024\/wp-json\/wp\/v2\/pages\/912"}],"wp:attachment":[{"href":"https:\/\/webmedia.org.br\/2024\/wp-json\/wp\/v2\/media?parent=931"}],"curies":[{"name":"wp","href":"https:\/\/api.w.org\/{rel}","templated":true}]}}