{"id":919,"date":"2024-05-03T11:49:22","date_gmt":"2024-05-03T14:49:22","guid":{"rendered":"https:\/\/webmedia.org.br\/2024\/?page_id=919"},"modified":"2024-09-16T16:29:20","modified_gmt":"2024-09-16T19:29:20","slug":"trilha-principal","status":"publish","type":"page","link":"https:\/\/webmedia.org.br\/2024\/chamada-de-trabalhos\/trilha-principal\/","title":{"rendered":"Trilha Principal"},"content":{"rendered":"\t\t<div data-elementor-type=\"wp-page\" data-elementor-id=\"919\" class=\"elementor elementor-919\" data-elementor-post-type=\"page\">\n\t\t\t\t\t\t\t\t\t<section class=\"elementor-section elementor-top-section elementor-element elementor-element-995d100 elementor-section-height-min-height elementor-section-boxed elementor-section-height-default elementor-section-items-middle\" data-id=\"995d100\" data-element_type=\"section\" data-settings=\"{&quot;background_background&quot;:&quot;classic&quot;}\" data-e-bg-lazyload=\".elementor-background-overlay\">\n\t\t\t\t\t\t\t<div class=\"elementor-background-overlay\"><\/div>\n\t\t\t\t\t\t\t<div class=\"elementor-container elementor-column-gap-default\">\n\t\t\t\t\t<div class=\"elementor-column elementor-col-100 elementor-top-column elementor-element elementor-element-1a8bacab\" data-id=\"1a8bacab\" data-element_type=\"column\">\n\t\t\t<div class=\"elementor-widget-wrap elementor-element-populated\">\n\t\t\t\t\t\t\t\t<div class=\"elementor-element elementor-element-9d8a180 elementor-widget elementor-widget-heading\" data-id=\"9d8a180\" data-element_type=\"widget\" data-gt-block-en=\"Main Track\" data-widget_type=\"heading.default\">\n\t\t\t\t<div class=\"elementor-widget-container\">\n\t\t\t<style>\/*! elementor - v3.15.0 - 31-07-2023 *\/\n.elementor-heading-title{padding:0;margin:0;line-height:1}.elementor-widget-heading .elementor-heading-title[class*=elementor-size-]>a{color:inherit;font-size:inherit;line-height:inherit}.elementor-widget-heading .elementor-heading-title.elementor-size-small{font-size:15px}.elementor-widget-heading .elementor-heading-title.elementor-size-medium{font-size:19px}.elementor-widget-heading .elementor-heading-title.elementor-size-large{font-size:29px}.elementor-widget-heading .elementor-heading-title.elementor-size-xl{font-size:39px}.elementor-widget-heading .elementor-heading-title.elementor-size-xxl{font-size:59px}<\/style><h1 class=\"elementor-heading-title elementor-size-default\">Trilha Principal<\/h1>\t\t<\/div>\n\t\t\t\t<\/div>\n\t\t\t\t\t<\/div>\n\t\t<\/div>\n\t\t\t\t\t\t\t<\/div>\n\t\t<\/section>\n\t\t\t\t<section class=\"elementor-section elementor-top-section elementor-element elementor-element-bf94b7a elementor-section-height-min-height elementor-section-boxed elementor-section-height-default elementor-section-items-middle\" data-id=\"bf94b7a\" data-element_type=\"section\">\n\t\t\t\t\t\t<div class=\"elementor-container elementor-column-gap-default\">\n\t\t\t\t\t<div class=\"elementor-column elementor-col-100 elementor-top-column elementor-element elementor-element-91a9634\" data-id=\"91a9634\" data-element_type=\"column\">\n\t\t\t<div class=\"elementor-widget-wrap elementor-element-populated\">\n\t\t\t\t\t\t\t\t<div class=\"elementor-element elementor-element-df941be elementor-widget elementor-widget-text-editor\" data-id=\"df941be\" data-element_type=\"widget\" data-widget_type=\"text-editor.default\">\n\t\t\t\t<div class=\"elementor-widget-container\">\n\t\t\t<style>\/*! elementor - v3.15.0 - 31-07-2023 *\/\n.elementor-widget-text-editor.elementor-drop-cap-view-stacked .elementor-drop-cap{background-color:#69727d;color:#fff}.elementor-widget-text-editor.elementor-drop-cap-view-framed .elementor-drop-cap{color:#69727d;border:3px solid;background-color:transparent}.elementor-widget-text-editor:not(.elementor-drop-cap-view-default) .elementor-drop-cap{margin-top:8px}.elementor-widget-text-editor:not(.elementor-drop-cap-view-default) .elementor-drop-cap-letter{width:1em;height:1em}.elementor-widget-text-editor .elementor-drop-cap{float:left;text-align:center;line-height:1;font-size:50px}.elementor-widget-text-editor .elementor-drop-cap-letter{display:inline-block}<\/style>\t\t\t\t<p><!-- wp:heading --><\/p>\n<p><span style=\"font-weight: 400;\">Convidamos a comunidade a compartilhar suas experi\u00eancias e seus resultados de pesquisa, por meio da submiss\u00e3o de artigos para a Trilha Principal do evento, descrevendo solu\u00e7\u00f5es que avancem o estado-da-arte nas \u00e1reas de Multim\u00eddia, Hiperm\u00eddia e Web. Os artigos submetidos ser\u00e3o avaliados em termos de originalidade, qualidade t\u00e9cnica, relev\u00e2ncia, apresenta\u00e7\u00e3o (organiza\u00e7\u00e3o, estilo e clareza) e adequa\u00e7\u00e3o das refer\u00eancias a trabalhos no estado-da-arte dos temas abordados.<\/span><\/p>\n<p><span style=\"font-weight: 400;\">Cada artigo submetido ser\u00e1 revisado por, no m\u00ednimo, tr\u00eas membros do Comit\u00ea de Programa e especialistas convidados. A apresenta\u00e7\u00e3o de cada trabalho aceito ser\u00e1 feita presencialmente durante o WebMedia 2024.<\/span><\/p>\n<h2>\u00a0<\/h2>\n<h2><b>INSTRU\u00c7\u00d5ES PARA PARTICIPA\u00c7\u00c3O<\/b><\/h2>\n<p><span style=\"font-weight: 400;\">Autores podem submeter artigos completos ou curtos. Artigos completos, limitados a OITO p\u00e1ginas de texto e at\u00e9 mais DUAS contendo apenas a lista de refer\u00eancias usadas no texto, devem relatar uma pesquisa substancial, fundamentada por resultados completos. Artigos curtos, de no m\u00e1ximo QUATRO p\u00e1ginas de texto e at\u00e9 mais UMA p\u00e1gina de refer\u00eancias usadas no texto, devem descrever resultados parciais de pesquisas em andamento.<\/span><\/p>\n<p><span style=\"font-weight: 400;\">Os artigos devem apresentar sua contribui\u00e7\u00e3o principal nas \u00e1reas de Multim\u00eddia, Hiperm\u00eddia e Web, e podem estar relacionados, dentre outros, aos seguintes t\u00f3picos de interesse:<\/span><\/p>\n<ul>\n<li style=\"font-weight: 400;\" aria-level=\"1\"><span style=\"font-weight: 400;\">Acessibilidade<\/span><\/li>\n<li style=\"font-weight: 400;\" aria-level=\"1\"><span style=\"font-weight: 400;\">Adapta\u00e7\u00e3o e Personaliza\u00e7\u00e3o de Conte\u00fado<\/span><\/li>\n<li style=\"font-weight: 400;\" aria-level=\"1\"><span style=\"font-weight: 400;\">Ambientes Inteligentes<\/span><\/li>\n<li style=\"font-weight: 400;\" aria-level=\"1\"><span style=\"font-weight: 400;\">Aplica\u00e7\u00f5es Imersivas<\/span><\/li>\n<li style=\"font-weight: 400;\" aria-level=\"1\"><span style=\"font-weight: 400;\">Aplica\u00e7\u00f5es Multidispositivos<\/span><\/li>\n<li style=\"font-weight: 400;\" aria-level=\"1\"><span style=\"font-weight: 400;\">Autoria e Anota\u00e7\u00e3o<\/span><\/li>\n<li style=\"font-weight: 400;\" aria-level=\"1\"><span style=\"font-weight: 400;\">Caracteriza\u00e7\u00e3o, An\u00e1lise, Pesquisa e Recupera\u00e7\u00e3o de Conte\u00fado<\/span><\/li>\n<li style=\"font-weight: 400;\" aria-level=\"1\"><span style=\"font-weight: 400;\">Caracteriza\u00e7\u00e3o, An\u00e1lise e Modelagem do Comportamento de Usu\u00e1rios de Sistemas Multim\u00eddia e Web<\/span><\/li>\n<li style=\"font-weight: 400;\" aria-level=\"1\"><span style=\"font-weight: 400;\">Codifica\u00e7\u00e3o e Processamento de M\u00eddia<\/span><\/li>\n<li style=\"font-weight: 400;\" aria-level=\"1\"><span style=\"font-weight: 400;\">Com\u00e9rcio Eletr\u00f4nico, Economia Digital e Monetiza\u00e7\u00e3o<\/span><\/li>\n<li style=\"font-weight: 400;\" aria-level=\"1\"><span style=\"font-weight: 400;\">Computa\u00e7\u00e3o Afetiva<\/span><\/li>\n<li style=\"font-weight: 400;\" aria-level=\"1\"><span style=\"font-weight: 400;\">Computa\u00e7\u00e3o M\u00f3vel e Vest\u00edvel<\/span><\/li>\n<li style=\"font-weight: 400;\" aria-level=\"1\"><span style=\"font-weight: 400;\">Computa\u00e7\u00e3o Ub\u00edqua e Pervasiva<\/span><\/li>\n<li style=\"font-weight: 400;\" aria-level=\"1\"><span style=\"font-weight: 400;\">Confian\u00e7a, Justi\u00e7a, An\u00e1lise de Vieses e Aspectos \u00c9ticos<\/span><\/li>\n<li style=\"font-weight: 400;\" aria-level=\"1\"><span style=\"font-weight: 400;\">Consci\u00eancia de Contexto<\/span><\/li>\n<li style=\"font-weight: 400;\" aria-level=\"1\"><span style=\"font-weight: 400;\">Crowdsourcing e Crowdsensing<\/span><\/li>\n<li style=\"font-weight: 400;\" aria-level=\"1\"><span style=\"font-weight: 400;\">Dados Vinculados e Anota\u00e7\u00f5es Sem\u00e2nticas<\/span><\/li>\n<li style=\"font-weight: 400;\" aria-level=\"1\"><span style=\"font-weight: 400;\">Desinforma\u00e7\u00e3o, Discurso de \u00d3dio e Toxicidade Online<\/span><\/li>\n<li style=\"font-weight: 400;\" aria-level=\"1\"><span style=\"font-weight: 400;\">Distribui\u00e7\u00e3o, Streaming e Compartilhamento Multim\u00eddia<\/span><\/li>\n<li style=\"font-weight: 400;\" aria-level=\"1\"><span style=\"font-weight: 400;\">Engenharia de Documentos, Modelos e Linguagens<\/span><\/li>\n<li style=\"font-weight: 400;\" aria-level=\"1\"><span style=\"font-weight: 400;\">Engenharia da Web<\/span><\/li>\n<li style=\"font-weight: 400;\" aria-level=\"1\"><span style=\"font-weight: 400;\">Experi\u00eancia do Usu\u00e1rio e QoE<\/span><\/li>\n<li style=\"font-weight: 400;\" aria-level=\"1\"><span style=\"font-weight: 400;\">Explicabilidade e Interpretabilidade de Modelos<\/span><\/li>\n<li style=\"font-weight: 400;\" aria-level=\"1\"><span style=\"font-weight: 400;\">IA, Aprendizado de M\u00e1quina e Aprendizado Profundo<\/span><\/li>\n<li style=\"font-weight: 400;\" aria-level=\"1\"><span style=\"font-weight: 400;\">Intera\u00e7\u00e3o Multiusu\u00e1rio<\/span><\/li>\n<li style=\"font-weight: 400;\" aria-level=\"1\"><span style=\"font-weight: 400;\">Intera\u00e7\u00e3o Multimodal<\/span><\/li>\n<li style=\"font-weight: 400;\" aria-level=\"1\"><span style=\"font-weight: 400;\">Internet das Coisas (IoT)<\/span><\/li>\n<li style=\"font-weight: 400;\" aria-level=\"1\"><span style=\"font-weight: 400;\">Middleware e infraestrutura Distribu\u00edda<\/span><\/li>\n<li style=\"font-weight: 400;\" aria-level=\"1\"><span style=\"font-weight: 400;\">Minera\u00e7\u00e3o de Dados de Sistemas Multim\u00eddia e Web<\/span><\/li>\n<li style=\"font-weight: 400;\" aria-level=\"1\"><span style=\"font-weight: 400;\">Ontologias, Metadados e Web Sem\u00e2ntica<\/span><\/li>\n<li style=\"font-weight: 400;\" aria-level=\"1\"><span style=\"font-weight: 400;\">Processamento de Linguagem Natural<\/span><\/li>\n<li style=\"font-weight: 400;\" aria-level=\"1\"><span style=\"font-weight: 400;\">Radicaliza\u00e7\u00e3o Online<\/span><\/li>\n<li style=\"font-weight: 400;\" aria-level=\"1\"><span style=\"font-weight: 400;\">Reconhecimento de Atividade Humana, Reconhecimento de Gestos e Linguagem de Sinais<\/span><\/li>\n<li style=\"font-weight: 400;\" aria-level=\"1\"><span style=\"font-weight: 400;\">Recursos de Aprendizagem<\/span><\/li>\n<li style=\"font-weight: 400;\" aria-level=\"1\"><span style=\"font-weight: 400;\">Redes Sociais e M\u00eddias Sociais<\/span><\/li>\n<li style=\"font-weight: 400;\" aria-level=\"1\"><span style=\"font-weight: 400;\">Sa\u00fade Digital e Tecnologias Assistivas<\/span><\/li>\n<li style=\"font-weight: 400;\" aria-level=\"1\"><span style=\"font-weight: 400;\">Seguran\u00e7a e Privacidade<\/span><\/li>\n<li style=\"font-weight: 400;\" aria-level=\"1\"><span style=\"font-weight: 400;\">Sincroniza\u00e7\u00e3o e Apresenta\u00e7\u00e3o Multim\u00eddia<\/span><\/li>\n<li style=\"font-weight: 400;\" aria-level=\"1\"><span style=\"font-weight: 400;\">Sistemas e Aplica\u00e7\u00f5es Multissensoriais<\/span><\/li>\n<li style=\"font-weight: 400;\" aria-level=\"1\"><span style=\"font-weight: 400;\">Sistemas de Recomenda\u00e7\u00e3o<\/span><\/li>\n<li style=\"font-weight: 400;\" aria-level=\"1\"><span style=\"font-weight: 400;\">Teste e Valida\u00e7\u00e3o de Aplica\u00e7\u00f5es<\/span><\/li>\n<li style=\"font-weight: 400;\" aria-level=\"1\"><span style=\"font-weight: 400;\">TV Digital e IPTV<\/span><\/li>\n<\/ul>\n<h2>\u00a0<\/h2>\n<p><span style=\"font-weight: 400;\">Os artigos podem ser escritos em portugu\u00eas ou ingl\u00eas, sendo que todos os artigos devem ter o abstract em ingl\u00eas (resumo em portugu\u00eas n\u00e3o \u00e9 obrigat\u00f3rio). Deve-se utilizar as regras de \u201cdouble-blind review\u201d. Isso requer que as identifica\u00e7\u00f5es dos autores sejam substitu\u00eddas por \u201cremoved for double-blind review\u201d no in\u00edcio do artigo e em eventuais refer\u00eancias a seus trabalhos anteriores.<\/span><\/p>\n<p><span style=\"font-weight: 400;\">Recomenda-se aos autores que analisem as publica\u00e7\u00f5es anteriores do WebMedia para verificar se o seu tema se encaixa nas linhas de interesse do simp\u00f3sio. Al\u00e9m disso, analisem a pertin\u00eancia de incluir refer\u00eancias a trabalhos relacionados divulgados em edi\u00e7\u00f5es anteriores do WebMedia, visando auxiliar os revisores na avalia\u00e7\u00e3o da contribui\u00e7\u00e3o, em particular, no escopo do WebMedia.<\/span><\/p>\n<p><span style=\"font-weight: 400;\">\u00a0<\/span><\/p>\n<h2><b>NOVIDADE! SUBMISS\u00c3O DOS TRABALHOS<\/b><\/h2>\n<p><span style=\"font-weight: 400;\">Os trabalhos devem estar no formato PDF, <\/span><b>seguindo o template padr\u00e3o do WebMedia, que est\u00e1 dispon\u00edvel <\/b><a href=\"https:\/\/webmedia.org.br\/2024\/wp-content\/uploads\/2024\/05\/TemplateWebMedia.zip\"><b>neste link<\/b><\/a><b> e tamb\u00e9m dispon\u00edvel para uso no <\/b><a href=\"https:\/\/www.overleaf.com\/latex\/templates\/webmedia-template\/ckjcbscxjjjh\"><b>Overleaf<\/b><\/a><span style=\"font-weight: 400;\">. Todos os artigos devem ser submetidos eletronicamente pelo Sistema JEMS da SBC (<\/span><a href=\"https:\/\/jems.sbc.org.br\/\"><span style=\"font-weight: 400;\">https:\/\/jems.sbc.org.br\/<\/span><\/a><span style=\"font-weight: 400;\">).<\/span><\/p>\n<h2>\u00a0<\/h2>\n<h2><b>C\u00d3DIGO DE CONDUTA PARA AUTORES EM PUBLICA\u00c7\u00d5ES DA SBC<\/b><\/h2>\n<p><span style=\"font-weight: 400;\">Ao submeterem trabalhos ao WebMedia 2024, os autores reconhecem que est\u00e3o em conformidade com o C\u00f3digo de Conduta para Autores em Publica\u00e7\u00f5es da SBC, o qual est\u00e1 dispon\u00edvel em: <\/span><a href=\"https:\/\/sol.sbc.org.br\/index.php\/indice\/conduta\" target=\"_blank\" rel=\"noopener\"><span style=\"font-weight: 400;\">https:\/\/sol.sbc.org.br\/index.php\/indice\/conduta<\/span><\/a><\/p>\n<h2>\u00a0<\/h2>\n<h2><b>PUBLICA\u00c7\u00c3O DOS TRABALHOS<\/b><\/h2>\n<p><span style=\"font-weight: 400;\">Os artigos completos e curtos aceitos ser\u00e3o publicados na SOL (SBC Open Lib), a biblioteca digital da SBC, na s\u00e9rie Anais do WebMedia, dispon\u00edvel em <\/span><a href=\"https:\/\/sol.sbc.org.br\/index.php\/webmedia\/index\" target=\"_blank\" rel=\"noopener\"><span style=\"font-weight: 400;\">https:\/\/sol.sbc.org.br\/index.php\/webmedia\/index<\/span><\/a><span style=\"font-weight: 400;\">. Todos os artigos ser\u00e3o indexados com DOI. Somente ser\u00e3o publicados pela SBC aqueles artigos cujos autores cumpram os prazos estabelecidos para envio da vers\u00e3o final. Al\u00e9m disso, esta publica\u00e7\u00e3o est\u00e1 condicionada \u00e0 inscri\u00e7\u00e3o de pelo menos um dos autores no evento.<\/span><\/p>\n<h2>\u00a0<\/h2>\n<h2><b>NOVIDADE! PR\u00caMIO LUIZ FERNANDO GOMES SOARES DE COMPUTA\u00c7\u00c3O<\/b><\/h2>\n<p><span style=\"font-weight: 400;\">Em 2024, os trabalhos aceitos em todas as trilhas do WebMedia os quais tenham impacto social poder\u00e3o concorrer ao Pr\u00eamio LF de Computa\u00e7\u00e3o. Os autores de artigos aceitos receber\u00e3o mais informa\u00e7\u00f5es sobre o pr\u00eamio oportunamente.\u00a0<\/span><\/p>\n<p><span style=\"font-weight: 400;\">Veja em<\/span><a href=\"https:\/\/webmedia.org.br\/2024\/datas-importantes\/\"><span style=\"font-weight: 400;\"> Datas Importantes<\/span><\/a><span style=\"font-weight: 400;\"> os prazos de submiss\u00e3o para a Trilha Principal.<\/span><\/p>\n<h2>\u00a0<\/h2>\n<h2><b>Coordena\u00e7\u00e3o do Comit\u00ea de Programa<\/b><\/h2>\n<p><span style=\"font-weight: 400;\">D\u00e9bora Christina Muchaluat Saade &#8211; UFF<\/span><\/p>\n<p><span style=\"font-weight: 400;\">Jorge Luis Vict\u00f3ria Barbosa &#8211; UNISINOS<\/span><\/p>\n<p>\u00a0<\/p>\n<h2><b>Program Committee Members<\/b><\/h2>\n<p><span style=\"font-weight: 400;\">Adenauer Yamin (UFPEL)<\/span><\/p>\n<p><span style=\"font-weight: 400;\">Adriano C\u00e9sar Machado Pereira (UFMG)<\/span><\/p>\n<p><span style=\"font-weight: 400;\">Agebson Fa\u00e7anha (IFCE)<\/span><\/p>\n<p><span style=\"font-weight: 400;\">Alan Guedes (Univ. of Reading, UK)<\/span><\/p>\n<p><span style=\"font-weight: 400;\">Alan Keller Gomes (IFG)<\/span><\/p>\n<p><span style=\"font-weight: 400;\">Alessandra Macedo (USP)<\/span><\/p>\n<p><span style=\"font-weight: 400;\">Allan Freitas (IFBA)<\/span><\/p>\n<p><span style=\"font-weight: 400;\">Altigran Soares da Silva (UFAM)<\/span><\/p>\n<p><span style=\"font-weight: 400;\">Ana Paula Couto da Silva (UFMG)<\/span><\/p>\n<p><span style=\"font-weight: 400;\">Anderson Ferreira (UFOP)<\/span><\/p>\n<p><span style=\"font-weight: 400;\">Andr\u00e9 Santanch\u00e8 (UNICAMP)<\/span><\/p>\n<p><span style=\"font-weight: 400;\">Anselmo Paiva (UFMA)<\/span><\/p>\n<p><span style=\"font-weight: 400;\">Antonio Rocha (UFF)<\/span><\/p>\n<p><span style=\"font-weight: 400;\">Assuero Fonseca Ximenes (UFAPE)<\/span><\/p>\n<p><span style=\"font-weight: 400;\">Bruna Rodrigues da Cunha<\/span><\/p>\n<p><span style=\"font-weight: 400;\">Bruno Pereira dos Santos (UFBA)<\/span><\/p>\n<p><span style=\"font-weight: 400;\">Carlos de Salles Soares Neto (UFMA)<\/span><\/p>\n<p><span style=\"font-weight: 400;\">Carlos Ferraz (UFPE)<\/span><\/p>\n<p><span style=\"font-weight: 400;\">Carlos Mauricio Figueiredo (UEA)<\/span><\/p>\n<p><span style=\"font-weight: 400;\">Carlos Pernisa Jr. (UFJF)<\/span><\/p>\n<p><span style=\"font-weight: 400;\">Carolina Ribeiro Xavier (UFSJ)<\/span><\/p>\n<p><span style=\"font-weight: 400;\">C\u00e9lio Albuquerque (UFF)<\/span><\/p>\n<p><span style=\"font-weight: 400;\">Celso Alberto Saibel Santos (UFES)<\/span><\/p>\n<p><span style=\"font-weight: 400;\">Claudio Baptista (UFCG)<\/span><\/p>\n<p><span style=\"font-weight: 400;\">Clever Farias (USP)<\/span><\/p>\n<p><span style=\"font-weight: 400;\">Clodoveu Davis (UFMG)<\/span><\/p>\n<p><span style=\"font-weight: 400;\">Cristiano Andr\u00e9 da Costa (UNISINOS)<\/span><\/p>\n<p><span style=\"font-weight: 400;\">Dalvan Griebler (PUCRS)<\/span><\/p>\n<p><span style=\"font-weight: 400;\">Daniel da Silva (IFF)<\/span><\/p>\n<p><span style=\"font-weight: 400;\">Daniel Dalip (CEFET-MG)<\/span><\/p>\n<p><span style=\"font-weight: 400;\">Daniel Lucr\u00e9dio (UFSCar)<\/span><\/p>\n<p><span style=\"font-weight: 400;\">Danilo Coimbra (UFBA)<\/span><\/p>\n<p><span style=\"font-weight: 400;\">D\u00e1rlinton Barbosa Feres Carvalho (UFSJ)<\/span><\/p>\n<p><span style=\"font-weight: 400;\">Delano Beder (UFSCar)<\/span><\/p>\n<p><span style=\"font-weight: 400;\">Diego Colombo Dias (UFES)<\/span><\/p>\n<p><span style=\"font-weight: 400;\">Diogo Mattos (UFF)<\/span><\/p>\n<p><span style=\"font-weight: 400;\">Eduardo Barr\u00e8re (UFJF)<\/span><\/p>\n<p><span style=\"font-weight: 400;\">Everton Cavalcante (UFRN)<\/span><\/p>\n<p><span style=\"font-weight: 400;\">Fabio de Jesus Lima Gomes (IFPI)<\/span><\/p>\n<p><span style=\"font-weight: 400;\">Fabiola Souza Fernandes Pereira (UFU)<\/span><\/p>\n<p><span style=\"font-weight: 400;\">Fabr\u00edcio Raphael S. Pereira (UNIRIO)<\/span><\/p>\n<p><span style=\"font-weight: 400;\">Fernando Trinta (UFC)<\/span><\/p>\n<p><span style=\"font-weight: 400;\">Fl\u00e1via Delicato (UFF)<\/span><\/p>\n<p><span style=\"font-weight: 400;\">Fl\u00e1vio Figueiredo (UFMG)<\/span><\/p>\n<p><span style=\"font-weight: 400;\">Francisco Petr\u00f4nio Alencar de Medeiros (IFPB)<\/span><\/p>\n<p><span style=\"font-weight: 400;\">Frank Siqueira (UFSC)<\/span><\/p>\n<p><span style=\"font-weight: 400;\">Frederico Durao (UFBA)<\/span><\/p>\n<p><span style=\"font-weight: 400;\">Frederico Lopes (UFRN)<\/span><\/p>\n<p><span style=\"font-weight: 400;\">Gabriel Queiroz (CEFET\/RJ)<\/span><\/p>\n<p><span style=\"font-weight: 400;\">George Teodoro (UFMG)<\/span><\/p>\n<p><span style=\"font-weight: 400;\">Gilson Augusto Helfer (UNISC)<\/span><\/p>\n<p><span style=\"font-weight: 400;\">Giovanni Comarela (UFES)<\/span><\/p>\n<p><span style=\"font-weight: 400;\">Glauber Gon\u00e7alves (UFPI)<\/span><\/p>\n<p><span style=\"font-weight: 400;\">Glauco Amorim (CEFET\/RJ)<\/span><\/p>\n<p><span style=\"font-weight: 400;\">Guilherme Lima (IBM Research)<\/span><\/p>\n<p><span style=\"font-weight: 400;\">Guillermo Camara-Chavez (UFOP)<\/span><\/p>\n<p><span style=\"font-weight: 400;\">Gustavo Guedes (CEFET\/RJ)<\/span><\/p>\n<p><span style=\"font-weight: 400;\">Humberto Torres Marques-Neto (PUC Minas)<\/span><\/p>\n<p><span style=\"font-weight: 400;\">Jo\u00e3o Mossmann (Feevale)<\/span><\/p>\n<p><span style=\"font-weight: 400;\">Joel dos Santos (CEFET\/RJ)<\/span><\/p>\n<p><span style=\"font-weight: 400;\">Jonice Oliveira (UFRJ)<\/span><\/p>\n<p><span style=\"font-weight: 400;\">Jorge Arthur Schneider Aranda (IFRS)<\/span><\/p>\n<p><span style=\"font-weight: 400;\">Jos\u00e9 Maria David (UFJF)<\/span><\/p>\n<p><span style=\"font-weight: 400;\">Jose Remo Brega (UNESP)<\/span><\/p>\n<p><span style=\"font-weight: 400;\">Julio C. S. Reis (UFV)<\/span><\/p>\n<p><span style=\"font-weight: 400;\">Jussara M. Almeida (UFMG)<\/span><\/p>\n<p><span style=\"font-weight: 400;\">Kamila Rodrigues (USP)<\/span><\/p>\n<p><span style=\"font-weight: 400;\">Kele Teixeira Belloze (CEFET\/RJ)<\/span><\/p>\n<p><span style=\"font-weight: 400;\">Leonardo Rocha (UFSJ)<\/span><\/p>\n<p><span style=\"font-weight: 400;\">Lincoln David Nery e Silva (UFPB)<\/span><\/p>\n<p><span style=\"font-weight: 400;\">Luciana Andr\u00e9ia Fondazzi Martimiano (UEM)<\/span><\/p>\n<p><span style=\"font-weight: 400;\">Luiz Jos\u00e9 Schirmer Silva (UNISINOS)<\/span><\/p>\n<p><span style=\"font-weight: 400;\">Manoel Marques (IFBA)<\/span><\/p>\n<p><span style=\"font-weight: 400;\">Marcelo Fernandes (UNIESP)<\/span><\/p>\n<p><span style=\"font-weight: 400;\">Marcelo M. Carvalho (Univ. Drive, USA)<\/span><\/p>\n<p><span style=\"font-weight: 400;\">Marcelo Manzato (USP)<\/span><\/p>\n<p><span style=\"font-weight: 400;\">Marcelo F. Moreno (UFJF)<\/span><\/p>\n<p><span style=\"font-weight: 400;\">Marcos Gon\u00e7alves (UFMG)<\/span><\/p>\n<p><span style=\"font-weight: 400;\">Maria da Gra\u00e7a Campos Pimentel (ICMC-USP)<\/span><\/p>\n<p><span style=\"font-weight: 400;\">Marina Ivanov Josu\u00e9 (UFF)<\/span><\/p>\n<p><span style=\"font-weight: 400;\">Matheus Viana (UFSJ)<\/span><\/p>\n<p><span style=\"font-weight: 400;\">Michele A. Brand\u00e3o (IFMG)<\/span><\/p>\n<p><span style=\"font-weight: 400;\">Mirella M. Moro (UFMG)<\/span><\/p>\n<p><span style=\"font-weight: 400;\">Mirko Perkusich (VIRTUS)<\/span><\/p>\n<p><span style=\"font-weight: 400;\">Mylene Farias (UnB)<\/span><\/p>\n<p><span style=\"font-weight: 400;\">Natalia Batista (CEFET-MG)<\/span><\/p>\n<p><span style=\"font-weight: 400;\">Paulo A. L. Rego (UFC)<\/span><\/p>\n<p><span style=\"font-weight: 400;\">Paulo Sampaio (UNIFACs)<\/span><\/p>\n<p><span style=\"font-weight: 400;\">Pedro Calais (UFMG)<\/span><\/p>\n<p><span style=\"font-weight: 400;\">Pedro Olmo Vaz de Melo (UFMG)<\/span><\/p>\n<p><span style=\"font-weight: 400;\">Rafael Anchi\u00eata (IFPI)<\/span><\/p>\n<p><span style=\"font-weight: 400;\">Rafael Kunst (UNISINOS)<\/span><\/p>\n<p><span style=\"font-weight: 400;\">Raoni Ferreira (UFAC)<\/span><\/p>\n<p><span style=\"font-weight: 400;\">Renan Cattelan (UFU)<\/span><\/p>\n<p><span style=\"font-weight: 400;\">Renata Galante (UFRGS)<\/span><\/p>\n<p><span style=\"font-weight: 400;\">Renato Bulc\u00e3o-Neto (UFG)<\/span><\/p>\n<p><span style=\"font-weight: 400;\">Renato Fileto (UFSC)<\/span><\/p>\n<p><span style=\"font-weight: 400;\">Ricardo Marcacini (USP)<\/span><\/p>\n<p><span style=\"font-weight: 400;\">Roberto Gerson Azevedo (DisneyRe-<\/span><\/p>\n<p><span style=\"font-weight: 400;\">search|Studios, Switzerland)<\/span><\/p>\n<p><span style=\"font-weight: 400;\">Roberto Willrich (UFSC)<\/span><\/p>\n<p><span style=\"font-weight: 400;\">Rodrigo Campos Bortoletto (IFSP)<\/span><\/p>\n<p><span style=\"font-weight: 400;\">Rodrigo Kishi (UFMS)<\/span><\/p>\n<p><span style=\"font-weight: 400;\">Rossana Andrade (UFC)<\/span><\/p>\n<p><span style=\"font-weight: 400;\">Rostand Costa (UFPB)<\/span><\/p>\n<p><span style=\"font-weight: 400;\">Rudinei Goularte (USP)<\/span><\/p>\n<p><span style=\"font-weight: 400;\">Ryan Ribeiro de Azevedo (UFAPE)<\/span><\/p>\n<p><span style=\"font-weight: 400;\">Sandro Oliveira Dorneles (IFRS)<\/span><\/p>\n<p><span style=\"font-weight: 400;\">S\u00e9rgio Colcher (PUC-Rio)<\/span><\/p>\n<p><span style=\"font-weight: 400;\">Silvio Guimar\u00e3es (PUC Minas)<\/span><\/p>\n<p><span style=\"font-weight: 400;\">Sofia Paiva (UFSJ)<\/span><\/p>\n<p><span style=\"font-weight: 400;\">Thais Vasconcelos Batista (UFRN)<\/span><\/p>\n<p><span style=\"font-weight: 400;\">Thiago Henrique Silva (UTFPR)<\/span><\/p>\n<p><span style=\"font-weight: 400;\">Tiago Maritan U. de Ara\u00fajo (UFPB)<\/span><\/p>\n<p><span style=\"font-weight: 400;\">Tiago Henrique Trojahn (IFSP)<\/span><\/p>\n<p><span style=\"font-weight: 400;\">Valdecir Becker (UFPB)<\/span><\/p>\n<p><span style=\"font-weight: 400;\">Vinicius Durelli (UFSJ)<\/span><\/p>\n<p><span style=\"font-weight: 400;\">Vinicius Mota (UFES)<\/span><\/p>\n<p><span style=\"font-weight: 400;\">Washington Cunha (UFMG)<\/span><\/p>\n<p><span style=\"font-weight: 400;\">Windson Viana de Carvalho (UFC)<\/span><\/p>\n<h2>\u00a0<\/h2>\n<p><!-- \/wp:table --><\/p>\t\t\t\t\t\t<\/div>\n\t\t\t\t<\/div>\n\t\t\t\t\t<\/div>\n\t\t<\/div>\n\t\t\t\t\t\t\t<\/div>\n\t\t<\/section>\n\t\t\t\t\t\t\t<\/div>\n\t\t","protected":false},"excerpt":{"rendered":"<p>Trilha Principal Convidamos a comunidade a compartilhar suas experi\u00eancias e seus resultados de pesquisa, por meio da submiss\u00e3o de artigos para a Trilha Principal do evento, descrevendo solu\u00e7\u00f5es que avancem o estado-da-arte nas \u00e1reas de Multim\u00eddia, Hiperm\u00eddia e Web. Os artigos submetidos ser\u00e3o avaliados em termos de originalidade, qualidade t\u00e9cnica, relev\u00e2ncia, apresenta\u00e7\u00e3o (organiza\u00e7\u00e3o, estilo e [&hellip;]<\/p>\n","protected":false},"author":1,"featured_media":0,"parent":912,"menu_order":0,"comment_status":"closed","ping_status":"closed","template":"elementor_header_footer","meta":{"footnotes":""},"class_list":["post-919","page","type-page","status-publish","hentry"],"_links":{"self":[{"href":"https:\/\/webmedia.org.br\/2024\/wp-json\/wp\/v2\/pages\/919","targetHints":{"allow":["GET"]}}],"collection":[{"href":"https:\/\/webmedia.org.br\/2024\/wp-json\/wp\/v2\/pages"}],"about":[{"href":"https:\/\/webmedia.org.br\/2024\/wp-json\/wp\/v2\/types\/page"}],"author":[{"embeddable":true,"href":"https:\/\/webmedia.org.br\/2024\/wp-json\/wp\/v2\/users\/1"}],"replies":[{"embeddable":true,"href":"https:\/\/webmedia.org.br\/2024\/wp-json\/wp\/v2\/comments?post=919"}],"version-history":[{"count":16,"href":"https:\/\/webmedia.org.br\/2024\/wp-json\/wp\/v2\/pages\/919\/revisions"}],"predecessor-version":[{"id":1969,"href":"https:\/\/webmedia.org.br\/2024\/wp-json\/wp\/v2\/pages\/919\/revisions\/1969"}],"up":[{"embeddable":true,"href":"https:\/\/webmedia.org.br\/2024\/wp-json\/wp\/v2\/pages\/912"}],"wp:attachment":[{"href":"https:\/\/webmedia.org.br\/2024\/wp-json\/wp\/v2\/media?parent=919"}],"curies":[{"name":"wp","href":"https:\/\/api.w.org\/{rel}","templated":true}]}}