{"id":896,"date":"2024-04-30T16:24:07","date_gmt":"2024-04-30T19:24:07","guid":{"rendered":"https:\/\/webmedia.org.br\/2024\/?page_id=896"},"modified":"2024-08-16T18:36:59","modified_gmt":"2024-08-16T21:36:59","slug":"datas-importantes","status":"publish","type":"page","link":"https:\/\/webmedia.org.br\/2024\/datas-importantes\/","title":{"rendered":"Datas Importantes"},"content":{"rendered":"\t\t<div data-elementor-type=\"wp-page\" data-elementor-id=\"896\" class=\"elementor elementor-896\" data-elementor-post-type=\"page\">\n\t\t\t\t\t\t\t\t\t<section class=\"elementor-section elementor-top-section elementor-element elementor-element-995d100 elementor-section-height-min-height elementor-section-boxed elementor-section-height-default elementor-section-items-middle\" data-id=\"995d100\" data-element_type=\"section\" data-settings=\"{&quot;background_background&quot;:&quot;classic&quot;}\" data-e-bg-lazyload=\".elementor-background-overlay\">\n\t\t\t\t\t\t\t<div class=\"elementor-background-overlay\"><\/div>\n\t\t\t\t\t\t\t<div class=\"elementor-container elementor-column-gap-default\">\n\t\t\t\t\t<div class=\"elementor-column elementor-col-100 elementor-top-column elementor-element elementor-element-1a8bacab\" data-id=\"1a8bacab\" data-element_type=\"column\">\n\t\t\t<div class=\"elementor-widget-wrap elementor-element-populated\">\n\t\t\t\t\t\t\t\t<div class=\"elementor-element elementor-element-9d8a180 elementor-widget elementor-widget-heading\" data-id=\"9d8a180\" data-element_type=\"widget\" data-widget_type=\"heading.default\">\n\t\t\t\t<div class=\"elementor-widget-container\">\n\t\t\t<style>\/*! elementor - v3.15.0 - 31-07-2023 *\/\n.elementor-heading-title{padding:0;margin:0;line-height:1}.elementor-widget-heading .elementor-heading-title[class*=elementor-size-]>a{color:inherit;font-size:inherit;line-height:inherit}.elementor-widget-heading .elementor-heading-title.elementor-size-small{font-size:15px}.elementor-widget-heading .elementor-heading-title.elementor-size-medium{font-size:19px}.elementor-widget-heading .elementor-heading-title.elementor-size-large{font-size:29px}.elementor-widget-heading .elementor-heading-title.elementor-size-xl{font-size:39px}.elementor-widget-heading .elementor-heading-title.elementor-size-xxl{font-size:59px}<\/style><h1 class=\"elementor-heading-title elementor-size-default\">Datas importantes<\/h1>\t\t<\/div>\n\t\t\t\t<\/div>\n\t\t\t\t\t<\/div>\n\t\t<\/div>\n\t\t\t\t\t\t\t<\/div>\n\t\t<\/section>\n\t\t\t\t<section class=\"elementor-section elementor-top-section elementor-element elementor-element-bf94b7a elementor-section-height-min-height elementor-section-boxed elementor-section-height-default elementor-section-items-middle\" data-id=\"bf94b7a\" data-element_type=\"section\">\n\t\t\t\t\t\t<div class=\"elementor-container elementor-column-gap-default\">\n\t\t\t\t\t<div class=\"elementor-column elementor-col-100 elementor-top-column elementor-element elementor-element-91a9634\" data-id=\"91a9634\" data-element_type=\"column\">\n\t\t\t<div class=\"elementor-widget-wrap elementor-element-populated\">\n\t\t\t\t\t\t\t\t<div class=\"elementor-element elementor-element-df941be elementor-widget elementor-widget-text-editor\" data-id=\"df941be\" data-element_type=\"widget\" data-widget_type=\"text-editor.default\">\n\t\t\t\t<div class=\"elementor-widget-container\">\n\t\t\t<style>\/*! elementor - v3.15.0 - 31-07-2023 *\/\n.elementor-widget-text-editor.elementor-drop-cap-view-stacked .elementor-drop-cap{background-color:#69727d;color:#fff}.elementor-widget-text-editor.elementor-drop-cap-view-framed .elementor-drop-cap{color:#69727d;border:3px solid;background-color:transparent}.elementor-widget-text-editor:not(.elementor-drop-cap-view-default) .elementor-drop-cap{margin-top:8px}.elementor-widget-text-editor:not(.elementor-drop-cap-view-default) .elementor-drop-cap-letter{width:1em;height:1em}.elementor-widget-text-editor .elementor-drop-cap{float:left;text-align:center;line-height:1;font-size:50px}.elementor-widget-text-editor .elementor-drop-cap-letter{display:inline-block}<\/style>\t\t\t\t<h2><strong>Trilha Principal<\/strong><\/h2>\n<ul>\n<li><strong>Data limite de submiss\u00e3o de artigo:<\/strong><span style=\"color: #008000;\">\u00a0<span style=\"color: #ff0000;\">01 de julho de 2024<\/span><\/span> (era 24 de junho de 2024)<\/li>\n<li><strong>Notifica\u00e7\u00e3o aos autores<\/strong>: 16 de agosto de 2024<\/li>\n<li><strong>Vers\u00e3o final<\/strong>:\u00a0 23 de agosto de 2024<\/li>\n<\/ul>\t\t\t\t\t\t<\/div>\n\t\t\t\t<\/div>\n\t\t\t\t<div class=\"elementor-element elementor-element-699840e elementor-widget elementor-widget-button\" data-id=\"699840e\" data-element_type=\"widget\" data-widget_type=\"button.default\">\n\t\t\t\t<div class=\"elementor-widget-container\">\n\t\t\t\t\t<div class=\"elementor-button-wrapper\">\n\t\t\t<a class=\"elementor-button elementor-button-link elementor-size-md\" href=\"https:\/\/webmedia.org.br\/2024\/chamada-de-trabalhos\/trilha-principal\/\">\n\t\t\t\t\t\t<span class=\"elementor-button-content-wrapper\">\n\t\t\t\t\t\t<span class=\"elementor-button-text\">Veja detalhes da chamada aqui<\/span>\n\t\t<\/span>\n\t\t\t\t\t<\/a>\n\t\t<\/div>\n\t\t\t\t<\/div>\n\t\t\t\t<\/div>\n\t\t\t\t<div class=\"elementor-element elementor-element-bea509e elementor-widget elementor-widget-text-editor\" data-id=\"bea509e\" data-element_type=\"widget\" data-widget_type=\"text-editor.default\">\n\t\t\t\t<div class=\"elementor-widget-container\">\n\t\t\t\t\t\t\t<h2><strong>Minicursos e Tutoriais<\/strong><\/h2>\n<ul>\n<li><strong>Data limite submiss\u00e3o de propostas (Minicursos\/Tutoriais)<\/strong>:\u00a0<span style=\"color: #008000;\"><span style=\"color: #ff0000;\">29 de junho de 2024<\/span> <\/span>(era 17 de junho de 2024)<\/li>\n<li><strong>Notifica\u00e7\u00e3o aos autores<\/strong>: 19 de julho de 2024<\/li>\n<li><strong>Vers\u00e3o final artigo resumido (p\/ Tutorial)<\/strong>: 16 de agosto de 2024<\/li>\n<li><strong>Vers\u00e3o final cap\u00edtulo de livro (p\/ Minicursos)<\/strong>: 20 de setembro de 2024<\/li>\n<\/ul>\n<p>\u00a0<\/p>\t\t\t\t\t\t<\/div>\n\t\t\t\t<\/div>\n\t\t\t\t<div class=\"elementor-element elementor-element-58fc6cb elementor-widget elementor-widget-button\" data-id=\"58fc6cb\" data-element_type=\"widget\" data-widget_type=\"button.default\">\n\t\t\t\t<div class=\"elementor-widget-container\">\n\t\t\t\t\t<div class=\"elementor-button-wrapper\">\n\t\t\t<a class=\"elementor-button elementor-button-link elementor-size-md\" href=\"https:\/\/webmedia.org.br\/2024\/chamada-de-trabalhos\/minicursos-e-tutoriais\/\">\n\t\t\t\t\t\t<span class=\"elementor-button-content-wrapper\">\n\t\t\t\t\t\t<span class=\"elementor-button-text\">Veja detalhes da chamada aqui<\/span>\n\t\t<\/span>\n\t\t\t\t\t<\/a>\n\t\t<\/div>\n\t\t\t\t<\/div>\n\t\t\t\t<\/div>\n\t\t\t\t<div class=\"elementor-element elementor-element-41c4528 elementor-widget elementor-widget-text-editor\" data-id=\"41c4528\" data-element_type=\"widget\" data-widget_type=\"text-editor.default\">\n\t\t\t\t<div class=\"elementor-widget-container\">\n\t\t\t\t\t\t\t<h2><b>CTD | Concurso de Teses e Disserta\u00e7\u00f5es<\/b><\/h2>\n<ul>\n<li><strong>Data limite de submiss\u00e3o de resumos estendidos<\/strong>: <span style=\"color: #ff0000;\">2 de agosto de 2024<\/span> (era 22 de julho de 2024)<\/li>\n<li><strong>Divulga\u00e7\u00e3o dos trabalhos selecionados<\/strong>: 16 de agosto de 2024 (era 9 de agosto de 2024)<\/li>\n<li><strong>Envio da vers\u00e3o final dos resumos estendidos<\/strong>: 23 de agosto de 2024 (era 16 de agosto de 2024)<\/li>\n<\/ul>\t\t\t\t\t\t<\/div>\n\t\t\t\t<\/div>\n\t\t\t\t<div class=\"elementor-element elementor-element-56f3365 elementor-widget elementor-widget-button\" data-id=\"56f3365\" data-element_type=\"widget\" data-widget_type=\"button.default\">\n\t\t\t\t<div class=\"elementor-widget-container\">\n\t\t\t\t\t<div class=\"elementor-button-wrapper\">\n\t\t\t<a class=\"elementor-button elementor-button-link elementor-size-md\" href=\"https:\/\/webmedia.org.br\/2024\/chamada-de-trabalhos\/ctd-concurso-de-teses-e-dissertacoes\/\">\n\t\t\t\t\t\t<span class=\"elementor-button-content-wrapper\">\n\t\t\t\t\t\t<span class=\"elementor-button-text\">Veja detalhes da chamada aqui<\/span>\n\t\t<\/span>\n\t\t\t\t\t<\/a>\n\t\t<\/div>\n\t\t\t\t<\/div>\n\t\t\t\t<\/div>\n\t\t\t\t<div class=\"elementor-element elementor-element-e49de71 elementor-widget elementor-widget-text-editor\" data-id=\"e49de71\" data-element_type=\"widget\" data-widget_type=\"text-editor.default\">\n\t\t\t\t<div class=\"elementor-widget-container\">\n\t\t\t\t\t\t\t<p><!-- wp:heading --><\/p>\n<h2><b>CTIC | Concurso de Trabalhos de Inicia\u00e7\u00e3o Cient\u00edfica<\/b><\/h2>\n<div>\n<ul>\n<li><b>Data limite para submiss\u00e3o<\/b>: <span style=\"color: #ff0000;\">2 de agosto de 2024<\/span> (era 22 de julho de 2024)<\/li>\n<li><b>Notifica\u00e7\u00e3o aos autores<\/b>: 16 de agosto de 2024 (era 9 de agosto de 2024)<\/li>\n<li><b>Vers\u00e3o final<\/b>: 23 de agosto de 2024 (era 16 de agosto de 2024)<\/li>\n<\/ul>\n<\/div>\n<p><!-- \/wp:table --><\/p>\t\t\t\t\t\t<\/div>\n\t\t\t\t<\/div>\n\t\t\t\t<div class=\"elementor-element elementor-element-5b09fec elementor-widget elementor-widget-button\" data-id=\"5b09fec\" data-element_type=\"widget\" data-widget_type=\"button.default\">\n\t\t\t\t<div class=\"elementor-widget-container\">\n\t\t\t\t\t<div class=\"elementor-button-wrapper\">\n\t\t\t<a class=\"elementor-button elementor-button-link elementor-size-md\" href=\"https:\/\/webmedia.org.br\/2024\/chamada-de-trabalhos\/ctic-concurso-de-trabalhos-de-iniciacao-cientifica\/\">\n\t\t\t\t\t\t<span class=\"elementor-button-content-wrapper\">\n\t\t\t\t\t\t<span class=\"elementor-button-text\">Veja detalhes da chamada aqui<\/span>\n\t\t<\/span>\n\t\t\t\t\t<\/a>\n\t\t<\/div>\n\t\t\t\t<\/div>\n\t\t\t\t<\/div>\n\t\t\t\t<div class=\"elementor-element elementor-element-d218fd7 elementor-widget elementor-widget-text-editor\" data-id=\"d218fd7\" data-element_type=\"widget\" data-widget_type=\"text-editor.default\">\n\t\t\t\t<div class=\"elementor-widget-container\">\n\t\t\t\t\t\t\t<p><!-- wp:heading --><\/p>\n<h2><b>WFA |<span style=\"font-weight: 400;\">\u00a0<\/span>Workshop de Ferramentas e Aplica\u00e7\u00f5es<\/b><\/h2>\n<div>\n<ul>\n<li><b>Data limite de submiss\u00e3o<\/b>: <span style=\"color: #ff0000;\">2 de agosto de 2024<\/span> (era 22 de julho de 2024)<\/li>\n<li><b>Notifica\u00e7\u00e3o aos autores<\/b>: 19 de agosto de 2024 (era 16 de agosto de 2024)<\/li>\n<li><b>Vers\u00e3o final<\/b>: 26 de agosto de 2024 (era 23 de agosto de 2024)<\/li>\n<\/ul>\n<\/div>\n<p><!-- \/wp:table --><\/p>\t\t\t\t\t\t<\/div>\n\t\t\t\t<\/div>\n\t\t\t\t<div class=\"elementor-element elementor-element-9061288 elementor-widget__width-initial elementor-widget elementor-widget-button\" data-id=\"9061288\" data-element_type=\"widget\" data-widget_type=\"button.default\">\n\t\t\t\t<div class=\"elementor-widget-container\">\n\t\t\t\t\t<div class=\"elementor-button-wrapper\">\n\t\t\t<a class=\"elementor-button elementor-button-link elementor-size-md\" href=\"https:\/\/webmedia.org.br\/2024\/chamada-de-trabalhos\/wfa-workshop-de-ferramentas-e-aplicacoes\/\">\n\t\t\t\t\t\t<span class=\"elementor-button-content-wrapper\">\n\t\t\t\t\t\t<span class=\"elementor-button-text\">Veja detalhes da chamada aqui<\/span>\n\t\t<\/span>\n\t\t\t\t\t<\/a>\n\t\t<\/div>\n\t\t\t\t<\/div>\n\t\t\t\t<\/div>\n\t\t\t\t<div class=\"elementor-element elementor-element-b6a2338 elementor-widget elementor-widget-text-editor\" data-id=\"b6a2338\" data-element_type=\"widget\" data-widget_type=\"text-editor.default\">\n\t\t\t\t<div class=\"elementor-widget-container\">\n\t\t\t\t\t\t\t<p><!-- wp:heading --><\/p>\n<h2><b>W4E |<span style=\"font-weight: 400;\">\u00a0<\/span>WebMedia for Everyone<\/b><\/h2>\n<div>\n<ul>\n<li><b>Data limite para submiss\u00e3o de artigos<\/b>: <span style=\"color: #ff0000;\">18 de julho de 2024 <\/span>(era 15 de julho de 2024)\u00a0<\/li>\n<li><b>Divulga\u00e7\u00e3o dos aprovados na Fase 1<\/b>: 22 de julho de 2024 (era 15 de julho de 2024)\u00a0<\/li>\n<li><b>Notifica\u00e7\u00e3o aos autores<\/b>: 20 de agosto de 2024 (era 16 de agosto de 2024)\u00a0<\/li>\n<li><b>Vers\u00e3o final<\/b>: 27 de agosto de 2024 (era 23 de agosto de 2024)<\/li>\n<\/ul>\n<\/div>\n<p><!-- \/wp:table --><\/p>\t\t\t\t\t\t<\/div>\n\t\t\t\t<\/div>\n\t\t\t\t<div class=\"elementor-element elementor-element-207e16d elementor-widget elementor-widget-button\" data-id=\"207e16d\" data-element_type=\"widget\" data-widget_type=\"button.default\">\n\t\t\t\t<div class=\"elementor-widget-container\">\n\t\t\t\t\t<div class=\"elementor-button-wrapper\">\n\t\t\t<a class=\"elementor-button elementor-button-link elementor-size-md\" href=\"https:\/\/webmedia.org.br\/2024\/chamada-de-trabalhos\/w4e-webmedia-for-everyone\/\">\n\t\t\t\t\t\t<span class=\"elementor-button-content-wrapper\">\n\t\t\t\t\t\t<span class=\"elementor-button-text\">Veja detalhes da chamada aqui<\/span>\n\t\t<\/span>\n\t\t\t\t\t<\/a>\n\t\t<\/div>\n\t\t\t\t<\/div>\n\t\t\t\t<\/div>\n\t\t\t\t<div class=\"elementor-element elementor-element-b6ed048 elementor-widget elementor-widget-text-editor\" data-id=\"b6ed048\" data-element_type=\"widget\" data-widget_type=\"text-editor.default\">\n\t\t\t\t<div class=\"elementor-widget-container\">\n\t\t\t\t\t\t\t<p><!-- wp:heading --><\/p>\n<h2><b>WTVDI |<span style=\"font-weight: 400;\">\u00a0<\/span>Workshop Futuro da TV Digital Interativa<\/b><\/h2>\n<div>\n<ul>\n<li><b>Submiss\u00e3o<\/b>: <span style=\"color: #ff0000;\">5\u00a0de agosto de 2024<\/span> (era 2 de agosto de 2024)<\/li>\n<li><b>Notifica\u00e7\u00e3o<\/b>: 19 de agosto de 2024 (era 16 de agosto de 2024)<\/li>\n<li><b>Vers\u00e3o final<\/b>: 26 de agosto de 2024 (era 23 de agosto de 2024)<\/li>\n<li><b>Realiza\u00e7\u00e3o do WTVDI<\/b>: 15 de outubro de 2024<\/li>\n<\/ul>\n<\/div>\n<p><!-- \/wp:table --><\/p>\t\t\t\t\t\t<\/div>\n\t\t\t\t<\/div>\n\t\t\t\t<div class=\"elementor-element elementor-element-479b919 elementor-widget elementor-widget-button\" data-id=\"479b919\" data-element_type=\"widget\" data-widget_type=\"button.default\">\n\t\t\t\t<div class=\"elementor-widget-container\">\n\t\t\t\t\t<div class=\"elementor-button-wrapper\">\n\t\t\t<a class=\"elementor-button elementor-button-link elementor-size-md\" href=\"https:\/\/webmedia.org.br\/2024\/chamada-de-trabalhos\/workshop-futuro-da-tv-digital-interativa\/\">\n\t\t\t\t\t\t<span class=\"elementor-button-content-wrapper\">\n\t\t\t\t\t\t<span class=\"elementor-button-text\">Veja detalhes da chamada aqui<\/span>\n\t\t<\/span>\n\t\t\t\t\t<\/a>\n\t\t<\/div>\n\t\t\t\t<\/div>\n\t\t\t\t<\/div>\n\t\t\t\t<div class=\"elementor-element elementor-element-126a740 elementor-widget elementor-widget-text-editor\" data-id=\"126a740\" data-element_type=\"widget\" data-widget_type=\"text-editor.default\">\n\t\t\t\t<div class=\"elementor-widget-container\">\n\t\t\t\t\t\t\t<p><!-- wp:heading --><\/p>\n<h2><b>WRSL+ |<span style=\"font-weight: 400;\">\u00a0<\/span>Workshop de Revis\u00f5es Sistem\u00e1ticas de Literatura em Sistemas Multim\u00eddia e Web<\/b><\/h2>\n<div>\n<ul>\n<li><b>Submiss\u00e3o<\/b>: <span style=\"color: #ff0000;\">5 de agosto de 2024<\/span> (era 2 de agosto de 2024)<\/li>\n<li><b>Notifica\u00e7\u00e3o<\/b>: 19 de agosto de 2024 (era 16 de agosto de 2024)<\/li>\n<li><b>Vers\u00e3o final<\/b>: 26 de agosto de 2024 (era 23 de agosto de 2024)<\/li>\n<\/ul>\n<\/div>\n<p><!-- \/wp:table --><\/p>\t\t\t\t\t\t<\/div>\n\t\t\t\t<\/div>\n\t\t\t\t<div class=\"elementor-element elementor-element-87080aa elementor-widget elementor-widget-button\" data-id=\"87080aa\" data-element_type=\"widget\" data-widget_type=\"button.default\">\n\t\t\t\t<div class=\"elementor-widget-container\">\n\t\t\t\t\t<div class=\"elementor-button-wrapper\">\n\t\t\t<a class=\"elementor-button elementor-button-link elementor-size-md\" href=\"https:\/\/webmedia.org.br\/2024\/chamada-de-trabalhos\/wrsl-workshop-de-revisoes-sistematicas-de-literatura-em-sistemas-multimidia-e-web\/\">\n\t\t\t\t\t\t<span class=\"elementor-button-content-wrapper\">\n\t\t\t\t\t\t<span class=\"elementor-button-text\">Veja detalhes da chamada aqui<\/span>\n\t\t<\/span>\n\t\t\t\t\t<\/a>\n\t\t<\/div>\n\t\t\t\t<\/div>\n\t\t\t\t<\/div>\n\t\t\t\t\t<\/div>\n\t\t<\/div>\n\t\t\t\t\t\t\t<\/div>\n\t\t<\/section>\n\t\t\t\t\t\t\t<\/div>\n\t\t","protected":false},"excerpt":{"rendered":"<p>Datas importantes Trilha Principal Data limite de submiss\u00e3o de artigo:\u00a001 de julho de 2024 (era 24 de junho de 2024) Notifica\u00e7\u00e3o aos autores: 16 de agosto de 2024 Vers\u00e3o final:\u00a0 23 de agosto de 2024 Veja detalhes da chamada aqui Minicursos e Tutoriais Data limite submiss\u00e3o de propostas (Minicursos\/Tutoriais):\u00a029 de junho de 2024 (era 17 [&hellip;]<\/p>\n","protected":false},"author":1,"featured_media":0,"parent":0,"menu_order":0,"comment_status":"closed","ping_status":"closed","template":"elementor_header_footer","meta":{"footnotes":""},"class_list":["post-896","page","type-page","status-publish","hentry"],"_links":{"self":[{"href":"https:\/\/webmedia.org.br\/2024\/wp-json\/wp\/v2\/pages\/896","targetHints":{"allow":["GET"]}}],"collection":[{"href":"https:\/\/webmedia.org.br\/2024\/wp-json\/wp\/v2\/pages"}],"about":[{"href":"https:\/\/webmedia.org.br\/2024\/wp-json\/wp\/v2\/types\/page"}],"author":[{"embeddable":true,"href":"https:\/\/webmedia.org.br\/2024\/wp-json\/wp\/v2\/users\/1"}],"replies":[{"embeddable":true,"href":"https:\/\/webmedia.org.br\/2024\/wp-json\/wp\/v2\/comments?post=896"}],"version-history":[{"count":104,"href":"https:\/\/webmedia.org.br\/2024\/wp-json\/wp\/v2\/pages\/896\/revisions"}],"predecessor-version":[{"id":1318,"href":"https:\/\/webmedia.org.br\/2024\/wp-json\/wp\/v2\/pages\/896\/revisions\/1318"}],"wp:attachment":[{"href":"https:\/\/webmedia.org.br\/2024\/wp-json\/wp\/v2\/media?parent=896"}],"curies":[{"name":"wp","href":"https:\/\/api.w.org\/{rel}","templated":true}]}}