{"id":773,"date":"2024-04-05T19:45:48","date_gmt":"2024-04-05T22:45:48","guid":{"rendered":"https:\/\/webmedia.org.br\/2024\/?page_id=773"},"modified":"2024-04-10T13:17:16","modified_gmt":"2024-04-10T16:17:16","slug":"edicoes-anteriores","status":"publish","type":"page","link":"https:\/\/webmedia.org.br\/2024\/edicoes-anteriores\/","title":{"rendered":"Edi\u00e7\u00f5es anteriores"},"content":{"rendered":"\t\t<div data-elementor-type=\"wp-page\" data-elementor-id=\"773\" class=\"elementor elementor-773\" data-elementor-post-type=\"page\">\n\t\t\t\t\t\t\t\t\t<section class=\"elementor-section elementor-top-section elementor-element elementor-element-995d100 elementor-section-height-min-height elementor-section-boxed elementor-section-height-default elementor-section-items-middle\" data-id=\"995d100\" data-element_type=\"section\" data-settings=\"{&quot;background_background&quot;:&quot;classic&quot;}\" data-e-bg-lazyload=\".elementor-background-overlay\">\n\t\t\t\t\t\t\t<div class=\"elementor-background-overlay\"><\/div>\n\t\t\t\t\t\t\t<div class=\"elementor-container elementor-column-gap-default\">\n\t\t\t\t\t<div class=\"elementor-column elementor-col-100 elementor-top-column elementor-element elementor-element-1a8bacab\" data-id=\"1a8bacab\" data-element_type=\"column\">\n\t\t\t<div class=\"elementor-widget-wrap elementor-element-populated\">\n\t\t\t\t\t\t\t\t<div class=\"elementor-element elementor-element-9d8a180 elementor-widget elementor-widget-heading\" data-id=\"9d8a180\" data-element_type=\"widget\" data-widget_type=\"heading.default\">\n\t\t\t\t<div class=\"elementor-widget-container\">\n\t\t\t<style>\/*! elementor - v3.15.0 - 31-07-2023 *\/\n.elementor-heading-title{padding:0;margin:0;line-height:1}.elementor-widget-heading .elementor-heading-title[class*=elementor-size-]>a{color:inherit;font-size:inherit;line-height:inherit}.elementor-widget-heading .elementor-heading-title.elementor-size-small{font-size:15px}.elementor-widget-heading .elementor-heading-title.elementor-size-medium{font-size:19px}.elementor-widget-heading .elementor-heading-title.elementor-size-large{font-size:29px}.elementor-widget-heading .elementor-heading-title.elementor-size-xl{font-size:39px}.elementor-widget-heading .elementor-heading-title.elementor-size-xxl{font-size:59px}<\/style><h1 class=\"elementor-heading-title elementor-size-default\">Edi\u00e7\u00f5es anteriores<\/h1>\t\t<\/div>\n\t\t\t\t<\/div>\n\t\t\t\t\t<\/div>\n\t\t<\/div>\n\t\t\t\t\t\t\t<\/div>\n\t\t<\/section>\n\t\t\t\t<section class=\"elementor-section elementor-top-section elementor-element elementor-element-bf94b7a elementor-section-height-min-height elementor-section-boxed elementor-section-height-default elementor-section-items-middle\" data-id=\"bf94b7a\" data-element_type=\"section\">\n\t\t\t\t\t\t<div class=\"elementor-container elementor-column-gap-default\">\n\t\t\t\t\t<div class=\"elementor-column elementor-col-100 elementor-top-column elementor-element elementor-element-91a9634\" data-id=\"91a9634\" data-element_type=\"column\">\n\t\t\t<div class=\"elementor-widget-wrap elementor-element-populated\">\n\t\t\t\t\t\t\t\t<div class=\"elementor-element elementor-element-df941be elementor-widget elementor-widget-text-editor\" data-id=\"df941be\" data-element_type=\"widget\" data-widget_type=\"text-editor.default\">\n\t\t\t\t<div class=\"elementor-widget-container\">\n\t\t\t<style>\/*! elementor - v3.15.0 - 31-07-2023 *\/\n.elementor-widget-text-editor.elementor-drop-cap-view-stacked .elementor-drop-cap{background-color:#69727d;color:#fff}.elementor-widget-text-editor.elementor-drop-cap-view-framed .elementor-drop-cap{color:#69727d;border:3px solid;background-color:transparent}.elementor-widget-text-editor:not(.elementor-drop-cap-view-default) .elementor-drop-cap{margin-top:8px}.elementor-widget-text-editor:not(.elementor-drop-cap-view-default) .elementor-drop-cap-letter{width:1em;height:1em}.elementor-widget-text-editor .elementor-drop-cap{float:left;text-align:center;line-height:1;font-size:50px}.elementor-widget-text-editor .elementor-drop-cap-letter{display:inline-block}<\/style>\t\t\t\t<!-- wp:heading -->\n<h2 class=\"wp-block-heading\">Hist\u00f3rico do Evento<\/h2>\n<!-- \/wp:heading -->\n\n<!-- wp:paragraph -->\n<p>A&nbsp;<a rel=\"noreferrer noopener\" href=\"http:\/\/www.sbc.org.br\/\" target=\"_blank\">Sociedade Brasileira de Computa\u00e7\u00e3o (SBC)<\/a>&nbsp;promove anualmente diversos simp\u00f3sios nacionais abrangendo as diferentes \u00e1reas da Computa\u00e7\u00e3o. Desde a sua primeira edi\u00e7\u00e3o em 1995, o WebMedia transformou-se no mais importante f\u00f3rum de debates para pesquisadores e profissionais das \u00e1reas de Multim\u00eddia e Hiperm\u00eddia no Brasil.<\/p>\n<!-- \/wp:paragraph -->\n\n<!-- wp:heading -->\n<h2 class=\"wp-block-heading\">Edi\u00e7\u00f5es anteriores<\/h2>\n<!-- \/wp:heading -->\n\n<!-- wp:paragraph -->\n<p>Acesse abaixo as edi\u00e7\u00f5es anteriores do evento!<\/p>\n<!-- \/wp:paragraph -->\n\n<!-- wp:table -->\n<figure class=\"wp-block-table\"><table><tbody><tr><td><a href=\"https:\/\/webmedia.org.br\/2023\" target=\"_blank\" rel=\"noreferrer noopener\">2023<\/a><br><a href=\"https:\/\/webmedia.org.br\/2022\" target=\"_blank\" rel=\"noreferrer noopener\">2022<\/a><br><a href=\"https:\/\/webmedia.org.br\/2021\" target=\"_blank\" rel=\"noreferrer noopener\">2021<\/a><br><a href=\"https:\/\/webmedia.org.br\/2020\" target=\"_blank\" rel=\"noreferrer noopener\">2020<\/a><\/td><td><a href=\"https:\/\/webmedia.org.br\/2019\" target=\"_blank\" rel=\"noreferrer noopener\">2019<\/a><br><a href=\"https:\/\/webmedia.org.br\/2018\" target=\"_blank\" rel=\"noreferrer noopener\">2018<\/a><br><a href=\"http:\/\/www2.sbc.org.br\/ce-webmedia\/wp\/?page_id=11&amp;lang=pt\" target=\"_blank\" rel=\"noreferrer noopener\">2017<\/a><br><a href=\"https:\/\/webmedia.org.br\/2016\" target=\"_blank\" rel=\"noreferrer noopener\">2016<\/a><br><a href=\"http:\/\/comissoes.sbc.org.br\/ce-webmedia\/webmedia2015\/index-2.html\" target=\"_blank\" rel=\"noreferrer noopener\">2015<\/a><\/td><td><a href=\"https:\/\/webmedia.org.br\/2014\" target=\"_blank\" rel=\"noreferrer noopener\">2014<\/a><br><a href=\"https:\/\/webmedia.org.br\/2013\" target=\"_blank\" rel=\"noreferrer noopener\">2013<\/a><br><a href=\"https:\/\/webmedia.org.br\/2012\" target=\"_blank\" rel=\"noreferrer noopener\">2012<\/a><br><a rel=\"noreferrer noopener\" href=\"https:\/\/webmedia.org.br\/2011\" target=\"_blank\">2011<\/a><br><a rel=\"noreferrer noopener\" href=\"https:\/\/webmedia.org.br\/2010\" target=\"_blank\">2010<\/a><\/td><td><a href=\"https:\/\/webmedia.org.br\/2009\" target=\"_blank\" rel=\"noreferrer noopener\">2009<\/a><br><a href=\"https:\/\/webmedia.org.br\/2008\" target=\"_blank\" rel=\"noreferrer noopener\">2008<\/a><br><a href=\"https:\/\/webmedia.org.br\/2007\" target=\"_blank\" rel=\"noreferrer noopener\">2007<\/a><br><a href=\"https:\/\/webmedia.org.br\/2006\" target=\"_blank\" rel=\"noreferrer noopener\">2006<\/a><br><a href=\"https:\/\/webmedia.org.br\/2005\" target=\"_blank\" rel=\"noreferrer noopener\">2005<\/a><\/td><td><a href=\"https:\/\/webmedia.org.br\/2004\" target=\"_blank\" rel=\"noreferrer noopener\">2004<\/a><br><a href=\"https:\/\/webmedia.org.br\/2003\" target=\"_blank\" rel=\"noreferrer noopener\">2003<\/a><br><a href=\"https:\/\/webmedia.org.br\/2002\" target=\"_blank\" rel=\"noreferrer noopener\">2002<\/a><br><a href=\"https:\/\/webmedia.org.br\/2001\" target=\"_blank\" rel=\"noreferrer noopener\">2001<\/a><\/td><td><a href=\"https:\/\/webmedia.org.br\/1998\" target=\"_blank\" rel=\"noreferrer noopener\">1998<\/a><br><a href=\"https:\/\/webmedia.org.br\/1997\" target=\"_blank\" rel=\"noreferrer noopener\">1997<\/a><br><a href=\"https:\/\/webmedia.org.br\/1995\" target=\"_blank\" rel=\"noreferrer noopener\">1995<\/a><\/td><\/tr><\/tbody><\/table><\/figure>\n<!-- \/wp:table -->\t\t\t\t\t\t<\/div>\n\t\t\t\t<\/div>\n\t\t\t\t\t<\/div>\n\t\t<\/div>\n\t\t\t\t\t\t\t<\/div>\n\t\t<\/section>\n\t\t\t\t\t\t\t<\/div>\n\t\t","protected":false},"excerpt":{"rendered":"<p>Edi\u00e7\u00f5es anteriores Hist\u00f3rico do Evento A&nbsp;Sociedade Brasileira de Computa\u00e7\u00e3o (SBC)&nbsp;promove anualmente diversos simp\u00f3sios nacionais abrangendo as diferentes \u00e1reas da Computa\u00e7\u00e3o. Desde a sua primeira edi\u00e7\u00e3o em 1995, o WebMedia transformou-se no mais importante f\u00f3rum de debates para pesquisadores e profissionais das \u00e1reas de Multim\u00eddia e Hiperm\u00eddia no Brasil. Edi\u00e7\u00f5es anteriores Acesse abaixo as edi\u00e7\u00f5es anteriores [&hellip;]<\/p>\n","protected":false},"author":1,"featured_media":0,"parent":0,"menu_order":0,"comment_status":"closed","ping_status":"closed","template":"elementor_header_footer","meta":{"footnotes":""},"class_list":["post-773","page","type-page","status-publish","hentry"],"_links":{"self":[{"href":"https:\/\/webmedia.org.br\/2024\/wp-json\/wp\/v2\/pages\/773","targetHints":{"allow":["GET"]}}],"collection":[{"href":"https:\/\/webmedia.org.br\/2024\/wp-json\/wp\/v2\/pages"}],"about":[{"href":"https:\/\/webmedia.org.br\/2024\/wp-json\/wp\/v2\/types\/page"}],"author":[{"embeddable":true,"href":"https:\/\/webmedia.org.br\/2024\/wp-json\/wp\/v2\/users\/1"}],"replies":[{"embeddable":true,"href":"https:\/\/webmedia.org.br\/2024\/wp-json\/wp\/v2\/comments?post=773"}],"version-history":[{"count":13,"href":"https:\/\/webmedia.org.br\/2024\/wp-json\/wp\/v2\/pages\/773\/revisions"}],"predecessor-version":[{"id":859,"href":"https:\/\/webmedia.org.br\/2024\/wp-json\/wp\/v2\/pages\/773\/revisions\/859"}],"wp:attachment":[{"href":"https:\/\/webmedia.org.br\/2024\/wp-json\/wp\/v2\/media?parent=773"}],"curies":[{"name":"wp","href":"https:\/\/api.w.org\/{rel}","templated":true}]}}