{"id":2303,"date":"2024-10-21T11:40:38","date_gmt":"2024-10-21T14:40:38","guid":{"rendered":"https:\/\/webmedia.org.br\/2024\/?page_id=2303"},"modified":"2024-10-21T17:07:22","modified_gmt":"2024-10-21T20:07:22","slug":"premiacao","status":"publish","type":"page","link":"https:\/\/webmedia.org.br\/2024\/premiacao\/","title":{"rendered":"Premia\u00e7\u00e3o"},"content":{"rendered":"\t\t<div data-elementor-type=\"wp-page\" data-elementor-id=\"2303\" class=\"elementor elementor-2303\" data-elementor-post-type=\"page\">\n\t\t\t\t\t\t\t\t\t<section class=\"elementor-section elementor-top-section elementor-element elementor-element-995d100 elementor-section-height-min-height elementor-section-boxed elementor-section-height-default elementor-section-items-middle\" data-id=\"995d100\" data-element_type=\"section\" data-settings=\"{&quot;background_background&quot;:&quot;classic&quot;}\" data-e-bg-lazyload=\".elementor-background-overlay\">\n\t\t\t\t\t\t\t<div class=\"elementor-background-overlay\"><\/div>\n\t\t\t\t\t\t\t<div class=\"elementor-container elementor-column-gap-default\">\n\t\t\t\t\t<div class=\"elementor-column elementor-col-100 elementor-top-column elementor-element elementor-element-1a8bacab\" data-id=\"1a8bacab\" data-element_type=\"column\">\n\t\t\t<div class=\"elementor-widget-wrap elementor-element-populated\">\n\t\t\t\t\t\t\t\t<div class=\"elementor-element elementor-element-9d8a180 elementor-widget elementor-widget-heading\" data-id=\"9d8a180\" data-element_type=\"widget\" data-widget_type=\"heading.default\">\n\t\t\t\t<div class=\"elementor-widget-container\">\n\t\t\t<style>\/*! elementor - v3.15.0 - 31-07-2023 *\/\n.elementor-heading-title{padding:0;margin:0;line-height:1}.elementor-widget-heading .elementor-heading-title[class*=elementor-size-]>a{color:inherit;font-size:inherit;line-height:inherit}.elementor-widget-heading .elementor-heading-title.elementor-size-small{font-size:15px}.elementor-widget-heading .elementor-heading-title.elementor-size-medium{font-size:19px}.elementor-widget-heading .elementor-heading-title.elementor-size-large{font-size:29px}.elementor-widget-heading .elementor-heading-title.elementor-size-xl{font-size:39px}.elementor-widget-heading .elementor-heading-title.elementor-size-xxl{font-size:59px}<\/style><h1 class=\"elementor-heading-title elementor-size-default\">Premia\u00e7\u00e3o<\/h1>\t\t<\/div>\n\t\t\t\t<\/div>\n\t\t\t\t\t<\/div>\n\t\t<\/div>\n\t\t\t\t\t\t\t<\/div>\n\t\t<\/section>\n\t\t\t\t<section class=\"elementor-section elementor-top-section elementor-element elementor-element-75ee8cb4 elementor-section-height-min-height elementor-section-boxed elementor-section-height-default elementor-section-items-middle\" data-id=\"75ee8cb4\" data-element_type=\"section\">\n\t\t\t\t\t\t<div class=\"elementor-container elementor-column-gap-default\">\n\t\t\t\t\t<div class=\"elementor-column elementor-col-100 elementor-top-column elementor-element elementor-element-6f2cabb0\" data-id=\"6f2cabb0\" data-element_type=\"column\">\n\t\t\t<div class=\"elementor-widget-wrap elementor-element-populated\">\n\t\t\t\t\t\t\t\t<div class=\"elementor-element elementor-element-3dfc9f7 elementor-widget elementor-widget-text-editor\" data-id=\"3dfc9f7\" data-element_type=\"widget\" data-widget_type=\"text-editor.default\">\n\t\t\t\t<div class=\"elementor-widget-container\">\n\t\t\t<style>\/*! elementor - v3.15.0 - 31-07-2023 *\/\n.elementor-widget-text-editor.elementor-drop-cap-view-stacked .elementor-drop-cap{background-color:#69727d;color:#fff}.elementor-widget-text-editor.elementor-drop-cap-view-framed .elementor-drop-cap{color:#69727d;border:3px solid;background-color:transparent}.elementor-widget-text-editor:not(.elementor-drop-cap-view-default) .elementor-drop-cap{margin-top:8px}.elementor-widget-text-editor:not(.elementor-drop-cap-view-default) .elementor-drop-cap-letter{width:1em;height:1em}.elementor-widget-text-editor .elementor-drop-cap{float:left;text-align:center;line-height:1;font-size:50px}.elementor-widget-text-editor .elementor-drop-cap-letter{display:inline-block}<\/style>\t\t\t\t<p><!-- wp:heading --><\/p>\n<h2><b style=\"color: inherit; font-family: inherit; font-size: 2rem;\">Trilha Principal &#8211; Artigos Completos<\/b><\/h2>\n<p><span style=\"font-size: 0.75em; padding: 2px 10px 2px 10px; border-radius: 3px; color: #fff; background-color: #003eba;\"><strong>1\u00b0 LUGAR<\/strong><\/span><\/p>\n<h4><strong>Recognition of Emotions through Facial Geometry with Normalized Landmarks<\/strong><\/h4>\n<p><span style=\"font-weight: 400;\">Alessandra Alaniz Macedo (USP), Leandro Persona (USP), Fernando Meloni (USP)<\/span><\/p>\n<p>\u00a0<\/p>\n<p><span style=\"font-size: 0.75em; padding: 2px 10px 2px 10px; border-radius: 3px; color: #fff; background-color: #003eba;\"><strong>2\u00b0 LUGAR<\/strong><\/span><\/p>\n<h4><strong>Um Framework para An\u00e1lise Bidimensional de Dissemina\u00e7\u00e3o de Informa\u00e7\u00f5es em Plataformas de M\u00eddias Sociais<\/strong><\/h4>\n<p><span style=\"font-weight: 400;\">Geovana S. Oliveira (UFOP), Ot\u00e1vio Ven\u00e2ncio (UFMG), Vin\u00edcius Vieira (UFSJ), Jussara Almeida (UFMG), Ana P.C. Silva (UFMG), Ronan Ferreira (UFOP), Carlos H.G. Ferreira (UFOP)<\/span><\/p>\n<p>\u00a0<\/p>\n<p><span style=\"font-size: 0.75em; padding: 2px 10px 2px 10px; border-radius: 3px; color: #fff; background-color: #003eba;\"><strong>3\u00b0 LUGAR<\/strong><\/span><\/p>\n<h4><strong>E-BELA: Enhanced Embedding-Based Entity Linking Approach<\/strong><\/h4>\n<p><span style=\"font-weight: 400;\">\u00cdtalo M. Pereira (IFMG), Anderson A. Ferreira (UFOP)<\/span><\/p>\n<p>\u00a0<\/p>\n<p><span style=\"font-size: 0.75em; padding: 2px 10px 2px 10px; border-radius: 3px; color: #fff; background-color: #00ccff;\"><strong>MEN\u00c7\u00c3O HONROSA<\/strong><\/span><\/p>\n<h4><strong>\u00danicos, mas n\u00e3o incompar\u00e1veis: abordagens para identifica\u00e7\u00e3o de similaridades em respostas emocionais de diferentes indiv\u00edduos ao mesmo est\u00edmulo audiovisual<\/strong><\/h4>\n<p><span style=\"font-weight: 400;\">Guilherme O. Aguiar (IFMT), Juan P.D. Esteves (IFMT), Cleon X. Pereira J\u00fanior (IFGoiano), Thamer H. Nascimento (IFGoiano), Renan V. Aranha (UFMT)<\/span><\/p>\n<p>\u00a0<\/p>\n<h2><b style=\"color: inherit; font-family: inherit; font-size: 2rem;\">Trilha Principal &#8211; Artigos Curtos<\/b><\/h2>\n<p><span style=\"font-size: 0.75em; padding: 2px 10px 2px 10px; border-radius: 3px; color: #fff; background-color: #003eba;\"><strong>MELHOR ARTIGO CURTO<\/strong><\/span><\/p>\n<h4><strong>Characterizing the Toxicity of the Brazilian Extremist Communities on Telegram<\/strong><\/h4>\n<p><span style=\"font-weight: 400;\">Athus Cavalini (UFES), Thamya Donadia (UFES), Giovanni Comarela (UFES)<\/span><\/p>\n<p>\u00a0<\/p>\n<p><span style=\"font-size: 0.75em; padding: 2px 10px 2px 10px; border-radius: 3px; color: #fff; background-color: #00ccff;\"><strong>MEN\u00c7\u00c3O HONROSA<\/strong><\/span><\/p>\n<h4><strong>Evid\u00eancias de dissemina\u00e7\u00e3o de conte\u00fado no Telegram durante o ataque aos \u00f3rg\u00e3os p\u00fablicos brasileiros em 2023<\/strong><\/h4>\n<p><span style=\"font-weight: 400;\">Otavio R. Ven\u00e2ncio (UFMG), Gabriel H.S. Gon\u00e7alves (UFMG), Carlos H.G. Ferreira (UFOP), Ana Paula C. da Silva (UFMG)<\/span><\/p>\n<p>\u00a0<\/p>\n<h2><b style=\"color: inherit; font-family: inherit; font-size: 2rem;\">CTD &#8211; Teses<\/b><\/h2>\n<p><span style=\"font-size: 0.75em; padding: 2px 10px 2px 10px; border-radius: 3px; color: #fff; background-color: #003eba;\"><strong>MELHOR TESE<\/strong><\/span><\/p>\n<h4><strong>Paraleliza\u00e7\u00e3o de Tarefas de Codifica\u00e7\u00e3o de V\u00eddeo VVC utilizando GPGPUs<\/strong><\/h4>\n<p><span style=\"font-weight: 400;\">Iago Storch (UFRGS), Daniel Palomino (UFPel), Sergio Bampi (UFRGS)<\/span><\/p>\n<p>\u00a0<\/p>\n<p><span style=\"font-size: 0.75em; padding: 2px 10px 2px 10px; border-radius: 3px; color: #fff; background-color: #00ccff;\"><strong>MEN\u00c7\u00c3O HONROSA<\/strong><\/span><\/p>\n<h4><strong>Understanding Musical Success Beyond Hit Songs: Characterization and Analyses of Musical Careers<\/strong><\/h4>\n<p><span style=\"font-weight: 400;\">Danilo Boechat Seufitelli (UFMG), Mirella M. Moro (UFMG)<\/span><\/p>\n<p>\u00a0<\/p>\n<h2><b style=\"color: inherit; font-family: inherit; font-size: 2rem;\">CTD &#8211; Disserta\u00e7\u00f5es<\/b><\/h2>\n<p><span style=\"font-size: 0.75em; padding: 2px 10px 2px 10px; border-radius: 3px; color: #fff; background-color: #003eba;\"><strong>MELHOR DISSERTA\u00c7\u00c3O<\/strong><\/span><\/p>\n<h4><strong>Mitigando os Limites das M\u00e9tricas Atuais de Avalia\u00e7\u00e3o de Estrat\u00e9gias de Modelagem de T\u00f3picos<\/strong><\/h4>\n<p><span style=\"font-weight: 400;\">Ant\u00f4nio Pereira de Souza J\u00fanior (UFSJ), Felipe Augusto Resende Viegas (UFSJ), Leonardo Rocha (UFSJ)<\/span><\/p>\n<p>\u00a0<\/p>\n<p><span style=\"font-size: 0.75em; padding: 2px 10px 2px 10px; border-radius: 3px; color: #fff; background-color: #00ccff;\"><strong>MEN\u00c7\u00d5ES HONROSAS<\/strong><\/span><\/p>\n<h4><strong>Dimensional Speech Emotion Recognition: a Bimodal Approach<\/strong><\/h4>\n<p><span style=\"font-weight: 400;\">Larissa Guder (PUCRS), Jo\u00e3o Paulo Aires (PUCRS), Dalvan Griebler (PUCRS)<\/span><\/p>\n<p>\u00a0<\/p>\n<h4><strong>Diretrizes de apoio ao processo de constru\u00e7\u00e3o de sistemas conversacionais de recomenda\u00e7\u00e3o acess\u00edveis: um estudo com usu\u00e1rios idosos<\/strong><\/h4>\n<p><span style=\"font-weight: 400;\">Lucas Araujo (USP), Kamila Rodrigues (USP), Marcelo G. Manzato (USP)<\/span><\/p>\n<p>\u00a0<\/p>\n<h2><b style=\"color: inherit; font-family: inherit; font-size: 2rem;\">CTIC &#8211; Trabalhos de Inicia\u00e7\u00e3o Cient\u00edfica<\/b><\/h2>\n<p><span style=\"font-size: 0.75em; padding: 2px 10px 2px 10px; border-radius: 3px; color: #fff; background-color: #003eba;\"><strong>1\u00b0 LUGAR<\/strong><\/span><\/p>\n<h4><strong>Modelagem do Interesse por \u00c1reas Urbanas Usando Redes Sociais Baseadas em Localiza\u00e7\u00e3o<\/strong><\/h4>\n<p><span style=\"font-weight: 400;\">Gustavo H. Santos (UTFPR), Myriam Delgado (UTFPR), Thiago H. Silva (UTFPR)<\/span><\/p>\n<p>\u00a0<\/p>\n<p><span style=\"font-size: 0.75em; padding: 2px 10px 2px 10px; border-radius: 3px; color: #fff; background-color: #003eba;\"><strong>2\u00b0 LUGAR<\/strong><\/span><\/p>\n<h4><strong>iRev: Um framework de avalia\u00e7\u00e3o de sistemas de recomenda\u00e7\u00e3o baseados coment\u00e1rios textuais<\/strong><\/h4>\n<p><span style=\"font-weight: 400;\">Guilherme Bittencourt (UFSJ), Naan Vasconcelos (UFSJ), Leonardo Rocha (UFSJ)<\/span><\/p>\n<p>\u00a0<\/p>\n<p><span style=\"font-size: 0.75em; padding: 2px 10px 2px 10px; border-radius: 3px; color: #fff; background-color: #003eba;\"><strong>3\u00b0 LUGAR<\/strong><\/span><\/p>\n<h4><strong>Modelagem e an\u00e1lise de redes sociais atrav\u00e9s de hipergrafos<\/strong><\/h4>\n<p><span style=\"font-weight: 400;\">Matheus H. B. dos Santos (UFSJ), Vin\u00edcius da F. Vieira (UFSJ), Carolina R. Xavier (UFSJ), Jussara M. Almeida (UFMG)<\/span><\/p>\n<p>\u00a0<\/p>\n<p><span style=\"font-size: 0.75em; padding: 2px 10px 2px 10px; border-radius: 3px; color: #fff; background-color: #00ccff;\"><strong>MEN\u00c7\u00d5ES HONROSAS<\/strong><\/span><\/p>\n<h4><strong>Impulsionando a descoberta de tratamentos na medicina atrav\u00e9s da representa\u00e7\u00e3o distribu\u00edda de palavras<\/strong><\/h4>\n<p><span style=\"font-weight: 400;\">Matheus V. V. Berto (UFSCar), Tiago A. Almeida (UFSCar)<\/span><\/p>\n<p>\u00a0<\/p>\n<h4><strong>A social curiosity-driven approach to analyzing the information dissemination in Telegram political groups<\/strong><\/h4>\n<p><span style=\"font-weight: 400;\">Francisco F. Vasconcelos (UFOP), Alexandre M. de Sousa (UFOP), Jussara M. Almeida (UFMG)<\/span><\/p>\n<h4>\u00a0<\/h4>\n<h4><strong>An\u00e1lise Comparativa dos Artigos de Filmes Indicados ao Oscar em Tr\u00eas Vers\u00f5es da Wikip\u00e9dia<\/strong><\/h4>\n<p><span style=\"font-weight: 400;\">Cec\u00edlia Junqueira V.M. Pereira (UFMG), Marisa Affonso Vasconcelos (UFMG), Ana Paula Couto da Silva (UFMG)<\/span><\/p>\n<p>\u00a0<\/p>\n<h2><b style=\"color: inherit; font-family: inherit; font-size: 2rem;\">WRSL+ &#8211; Workshop de Revis\u00f5es Sistem\u00e1ticas da Literatura<\/b><\/h2>\n<p><span style=\"font-size: 0.75em; padding: 2px 10px 2px 10px; border-radius: 3px; color: #fff; background-color: #003eba;\"><strong>1\u00b0 LUGAR<\/strong><\/span><\/p>\n<h4><strong>Estado da Arte sobre Engenharia de Requisitos e Explicabilidade em Sistemas Baseados em Aprendizado<\/strong><\/h4>\n<p><span style=\"font-weight: 400;\">L\u00edvia Mancine (IFG, UFG), Jo\u00e3o Lucas Soares (UFG), Taciana Novo Kudo (UFG), Renato F. Bulc\u00e3o-Neto (UFG)<\/span><\/p>\n<p>\u00a0<\/p>\n<h2><b style=\"color: inherit; font-family: inherit; font-size: 2rem;\">Pr\u00eamio WebMedia LF 2024<\/b><\/h2>\n<p>\u00a0<\/p>\n<p><span style=\"font-size: 0.75em; padding: 2px 10px 2px 10px; border-radius: 3px; color: #fff; background-color: #003eba;\"><strong>GANHADOR DO PR\u00caMIO LF 2024<\/strong><\/span><\/p>\n<h4><b>Pr\u00e1ticas com smartphones para idosos &#8211; Um projeto de extens\u00e3o do ICMC\/USP<\/b><\/h4>\n<p>Kamila Rios da Hora Rodrigues, Suzane Santos dos Santos, Daniele Gallego, Ketlen Martins, Katherin F. C. Malpartida, Aline E. C. Verhalen e Jo\u00e3o Pedro de Deus.\u00a0Universidade de S\u00e3o Paulo (USP).<\/p>\n<p>\u00a0<\/p>\n<p><span style=\"font-size: 0.75em; padding: 2px 10px 2px 10px; border-radius: 3px; color: #fff; background-color: #00ccff;\"><strong>MEN\u00c7\u00d5ES HONROSAS<\/strong><\/span><\/p>\n<h4><b>Cursos Curtos Online S\u00edncronos para Meninas do Ensino M\u00e9dio e Concluintes e para Professoras do Ensino B\u00e1sico<\/b><\/h4>\n<p>Maria da Gra\u00e7a C. Pimentel, Juliana Eus\u00e9bio, Rudinei Goularte, Uthant V. Leite (ICMC\/USP).<\/p>\n<p>\u00a0<\/p>\n<h4><b>GECET: Garotas nas Engenharias, Ci\u00eancias Exatas e Tecnologias<\/b><\/h4>\n<p>Giovana A. Benvenuto, Analice C. Brandi, Marilaine Colnago, Rafaella S. Ferreira e Helen S. Picoli.\u00a0 Faculdade de Ci\u00eancias e Tecnologia \u2013 Universidade Estadual Paulista (FCT\/UNESP), Instituto de Bioci\u00eancias, Letras e Ci\u00eancias Exatas \u2013 Universidade Estadual Paulista (IBILCE\/UNESP), Faculdade de Tecnologia &#8211; Universidade Estadual de Campinas (FT\/UNICAMP), CAPES, Comit\u00ea das Mulheres da SBMAC e ao programa Meninas Digitais da SBC.<\/p>\n<p>\u00a0<\/p>\n<h4><b>Metagame Planeta Jovem: Transformando jovens em sua melhor vers\u00e3o<\/b><\/h4>\n<p>Daniel Gularte, Mauro Oliveira e S\u00edlvio Ramos.\u00a0Iracema Digital, IFCE, Funcap, Instituto Bojog\u00e1, Criatlo.\u00a0<\/p>\n<p><!-- \/wp:table --><\/p>\t\t\t\t\t\t<\/div>\n\t\t\t\t<\/div>\n\t\t\t\t\t<\/div>\n\t\t<\/div>\n\t\t\t\t\t\t\t<\/div>\n\t\t<\/section>\n\t\t\t\t\t\t\t<\/div>\n\t\t","protected":false},"excerpt":{"rendered":"<p>Premia\u00e7\u00e3o Trilha Principal &#8211; Artigos Completos 1\u00b0 LUGAR Recognition of Emotions through Facial Geometry with Normalized Landmarks Alessandra Alaniz Macedo (USP), Leandro Persona (USP), Fernando Meloni (USP) \u00a0 2\u00b0 LUGAR Um Framework para An\u00e1lise Bidimensional de Dissemina\u00e7\u00e3o de Informa\u00e7\u00f5es em Plataformas de M\u00eddias Sociais Geovana S. Oliveira (UFOP), Ot\u00e1vio Ven\u00e2ncio (UFMG), Vin\u00edcius Vieira (UFSJ), Jussara [&hellip;]<\/p>\n","protected":false},"author":1,"featured_media":0,"parent":0,"menu_order":0,"comment_status":"closed","ping_status":"closed","template":"","meta":{"footnotes":""},"class_list":["post-2303","page","type-page","status-publish","hentry"],"_links":{"self":[{"href":"https:\/\/webmedia.org.br\/2024\/wp-json\/wp\/v2\/pages\/2303","targetHints":{"allow":["GET"]}}],"collection":[{"href":"https:\/\/webmedia.org.br\/2024\/wp-json\/wp\/v2\/pages"}],"about":[{"href":"https:\/\/webmedia.org.br\/2024\/wp-json\/wp\/v2\/types\/page"}],"author":[{"embeddable":true,"href":"https:\/\/webmedia.org.br\/2024\/wp-json\/wp\/v2\/users\/1"}],"replies":[{"embeddable":true,"href":"https:\/\/webmedia.org.br\/2024\/wp-json\/wp\/v2\/comments?post=2303"}],"version-history":[{"count":13,"href":"https:\/\/webmedia.org.br\/2024\/wp-json\/wp\/v2\/pages\/2303\/revisions"}],"predecessor-version":[{"id":2324,"href":"https:\/\/webmedia.org.br\/2024\/wp-json\/wp\/v2\/pages\/2303\/revisions\/2324"}],"wp:attachment":[{"href":"https:\/\/webmedia.org.br\/2024\/wp-json\/wp\/v2\/media?parent=2303"}],"curies":[{"name":"wp","href":"https:\/\/api.w.org\/{rel}","templated":true}]}}