{"id":2068,"date":"2024-09-30T17:33:40","date_gmt":"2024-09-30T20:33:40","guid":{"rendered":"https:\/\/webmedia.org.br\/2024\/?page_id=2068"},"modified":"2024-10-11T15:02:58","modified_gmt":"2024-10-11T18:02:58","slug":"programacao-palestrantes-convidados","status":"publish","type":"page","link":"https:\/\/webmedia.org.br\/2024\/programacao\/programacao-palestrantes-convidados\/","title":{"rendered":"Programa\u00e7\u00e3o &#8211; Palestrantes convidados"},"content":{"rendered":"\t\t<div data-elementor-type=\"wp-page\" data-elementor-id=\"2068\" class=\"elementor elementor-2068\" data-elementor-post-type=\"page\">\n\t\t\t\t\t\t\t\t\t<section class=\"elementor-section elementor-top-section elementor-element elementor-element-995d100 elementor-section-height-min-height elementor-section-boxed elementor-section-height-default elementor-section-items-middle\" data-id=\"995d100\" data-element_type=\"section\" data-settings=\"{&quot;background_background&quot;:&quot;classic&quot;}\" data-e-bg-lazyload=\".elementor-background-overlay\">\n\t\t\t\t\t\t\t<div class=\"elementor-background-overlay\"><\/div>\n\t\t\t\t\t\t\t<div class=\"elementor-container elementor-column-gap-default\">\n\t\t\t\t\t<div class=\"elementor-column elementor-col-100 elementor-top-column elementor-element elementor-element-1a8bacab\" data-id=\"1a8bacab\" data-element_type=\"column\">\n\t\t\t<div class=\"elementor-widget-wrap elementor-element-populated\">\n\t\t\t\t\t\t\t\t<div class=\"elementor-element elementor-element-9d8a180 elementor-widget elementor-widget-heading\" data-id=\"9d8a180\" data-element_type=\"widget\" data-widget_type=\"heading.default\">\n\t\t\t\t<div class=\"elementor-widget-container\">\n\t\t\t<style>\/*! elementor - v3.15.0 - 31-07-2023 *\/\n.elementor-heading-title{padding:0;margin:0;line-height:1}.elementor-widget-heading .elementor-heading-title[class*=elementor-size-]>a{color:inherit;font-size:inherit;line-height:inherit}.elementor-widget-heading .elementor-heading-title.elementor-size-small{font-size:15px}.elementor-widget-heading .elementor-heading-title.elementor-size-medium{font-size:19px}.elementor-widget-heading .elementor-heading-title.elementor-size-large{font-size:29px}.elementor-widget-heading .elementor-heading-title.elementor-size-xl{font-size:39px}.elementor-widget-heading .elementor-heading-title.elementor-size-xxl{font-size:59px}<\/style><h1 class=\"elementor-heading-title elementor-size-default\">Programa\u00e7\u00e3o - Palestrantes convidados<\/h1>\t\t<\/div>\n\t\t\t\t<\/div>\n\t\t\t\t\t<\/div>\n\t\t<\/div>\n\t\t\t\t\t\t\t<\/div>\n\t\t<\/section>\n\t\t\t\t<section class=\"elementor-section elementor-top-section elementor-element elementor-element-bf94b7a elementor-section-boxed elementor-section-height-default elementor-section-height-default\" data-id=\"bf94b7a\" data-element_type=\"section\">\n\t\t\t\t\t\t<div class=\"elementor-container elementor-column-gap-default\">\n\t\t\t\t\t<div class=\"elementor-column elementor-col-100 elementor-top-column elementor-element elementor-element-91a9634\" data-id=\"91a9634\" data-element_type=\"column\">\n\t\t\t<div class=\"elementor-widget-wrap elementor-element-populated\">\n\t\t\t\t\t\t\t\t<div class=\"elementor-element elementor-element-7ea6eb9 elementor-button-info elementor-align-center elementor-widget elementor-widget-button\" data-id=\"7ea6eb9\" data-element_type=\"widget\" data-widget_type=\"button.default\">\n\t\t\t\t<div class=\"elementor-widget-container\">\n\t\t\t\t\t<div class=\"elementor-button-wrapper\">\n\t\t\t<a class=\"elementor-button elementor-button-link elementor-size-md\" href=\"https:\/\/webmedia.org.br\/2024\/wp-content\/uploads\/2024\/10\/WebMedia-2024-Programacao-Final.pdf\" target=\"_blank\">\n\t\t\t\t\t\t<span class=\"elementor-button-content-wrapper\">\n\t\t\t\t\t\t<span class=\"elementor-button-text\">Baixe a programa\u00e7\u00e3o completa<\/span>\n\t\t<\/span>\n\t\t\t\t\t<\/a>\n\t\t<\/div>\n\t\t\t\t<\/div>\n\t\t\t\t<\/div>\n\t\t\t\t<div class=\"elementor-element elementor-element-21fc2c3 elementor-widget elementor-widget-text-editor\" data-id=\"21fc2c3\" data-element_type=\"widget\" data-widget_type=\"text-editor.default\">\n\t\t\t\t<div class=\"elementor-widget-container\">\n\t\t\t<style>\/*! elementor - v3.15.0 - 31-07-2023 *\/\n.elementor-widget-text-editor.elementor-drop-cap-view-stacked .elementor-drop-cap{background-color:#69727d;color:#fff}.elementor-widget-text-editor.elementor-drop-cap-view-framed .elementor-drop-cap{color:#69727d;border:3px solid;background-color:transparent}.elementor-widget-text-editor:not(.elementor-drop-cap-view-default) .elementor-drop-cap{margin-top:8px}.elementor-widget-text-editor:not(.elementor-drop-cap-view-default) .elementor-drop-cap-letter{width:1em;height:1em}.elementor-widget-text-editor .elementor-drop-cap{float:left;text-align:center;line-height:1;font-size:50px}.elementor-widget-text-editor .elementor-drop-cap-letter{display:inline-block}<\/style>\t\t\t\t<p><!-- wp:heading --><\/p>\n<p>O WebMedia 2024 tem a honra de receber os seguintes palestrantes principais. N\u00e3o perca a chance de aprender e debater com l\u00edderes em pesquisa, desenvolvimento e inova\u00e7\u00e3o em Sistemas Multim\u00eddia e Web.<\/p>\n<p><!-- \/wp:table --><\/p>\t\t\t\t\t\t<\/div>\n\t\t\t\t<\/div>\n\t\t\t\t\t<\/div>\n\t\t<\/div>\n\t\t\t\t\t\t\t<\/div>\n\t\t<\/section>\n\t\t\t\t<section class=\"elementor-section elementor-top-section elementor-element elementor-element-8e72675 elementor-section-height-min-height elementor-section-boxed elementor-section-height-default elementor-section-items-middle\" data-id=\"8e72675\" data-element_type=\"section\">\n\t\t\t\t\t\t<div class=\"elementor-container elementor-column-gap-default\">\n\t\t\t\t\t<div class=\"elementor-column elementor-col-100 elementor-top-column elementor-element elementor-element-6ba4120\" data-id=\"6ba4120\" data-element_type=\"column\">\n\t\t\t<div class=\"elementor-widget-wrap elementor-element-populated\">\n\t\t\t\t\t\t<div class=\"elementor-element elementor-element-1039967 e-con-full e-flex e-con\" data-id=\"1039967\" data-element_type=\"container\" data-settings=\"{&quot;content_width&quot;:&quot;full&quot;}\">\n\t\t\t\t<div class=\"elementor-element elementor-element-00a3af1 elementor-widget elementor-widget-text-editor\" data-id=\"00a3af1\" data-element_type=\"widget\" data-widget_type=\"text-editor.default\">\n\t\t\t\t<div class=\"elementor-widget-container\">\n\t\t\t\t\t\t\t<h3><b>Tr\u00eas vis\u00f5es sobre a Web<\/b><\/h3>\t\t\t\t\t\t<\/div>\n\t\t\t\t<\/div>\n\t\t\t\t<div class=\"elementor-element elementor-element-8873035 elementor-widget elementor-widget-text-editor\" data-id=\"8873035\" data-element_type=\"widget\" data-widget_type=\"text-editor.default\">\n\t\t\t\t<div class=\"elementor-widget-container\">\n\t\t\t\t\t\t\t<h4><b><img loading=\"lazy\" decoding=\"async\" class=\"alignright size-medium wp-image-2084\" src=\"https:\/\/webmedia.org.br\/2024\/wp-content\/uploads\/2024\/09\/image3-1-225x300.jpg\" alt=\"\" width=\"225\" height=\"300\" srcset=\"https:\/\/webmedia.org.br\/2024\/wp-content\/uploads\/2024\/09\/image3-1-225x300.jpg 225w, https:\/\/webmedia.org.br\/2024\/wp-content\/uploads\/2024\/09\/image3-1.jpg 497w\" sizes=\"auto, (max-width: 225px) 100vw, 225px\" \/>Henrique Xavier<\/b><\/h4>\n<p><span style=\"font-weight: 400;\">NIC.br<\/span><\/p>\n<p><strong>Hor\u00e1rio<\/strong>: Ter\u00e7a-feira, 15 de outubro de 2024, 16:30h<\/p>\n<p><span style=\"font-weight: 400;\">Esta palestra visa apresentar poss\u00edveis respostas para a simples pergunta: o que \u00e9 a Web? Partindo da concep\u00e7\u00e3o abstrata da Web como um sistema de informa\u00e7\u00e3o, desenvolvido no laborat\u00f3rio CERN por Tim Berners-Lee em 1989, veremos sua evolu\u00e7\u00e3o hist\u00f3rica e faremos uma avalia\u00e7\u00e3o das suas utilidades e prop\u00f3sitos atuais baseada em dados de milh\u00f5es de usu\u00e1rios de todo o mundo, coletados pela empresa SimilarWeb. Essa avalia\u00e7\u00e3o nos levar\u00e1 a um novo modelo de neg\u00f3cios dominante na Web e no mundo digital em geral conhecido como Capitalismo de Vigil\u00e2ncia. Comandado por poucas empresas de poucos pa\u00edses, seu objetivo \u00e9 modelar, prever e manipular o comportamento humano em larga escala.<\/span><\/p>\n<p><span style=\"font-weight: 400;\">Henrique Xavier \u00e9 doutor em F\u00edsica pela USP, com sandu\u00edche na University of Pennsylvania e est\u00e1gio de p\u00f3s-doutorado na University College London. De 2019 a 2022, foi cientista de dados no Congresso Nacional. \u00c9 pesquisador do Centro de Estudos sobre Tecnologias Web (Ceweb.br) do NIC.br.<\/span><\/p>\t\t\t\t\t\t<\/div>\n\t\t\t\t<\/div>\n\t\t\t\t<\/div>\n\t\t\t\t\t<\/div>\n\t\t<\/div>\n\t\t\t\t\t\t\t<\/div>\n\t\t<\/section>\n\t\t\t\t<section class=\"elementor-section elementor-top-section elementor-element elementor-element-21f54b7 elementor-section-height-min-height elementor-section-boxed elementor-section-height-default elementor-section-items-middle\" data-id=\"21f54b7\" data-element_type=\"section\">\n\t\t\t\t\t\t<div class=\"elementor-container elementor-column-gap-default\">\n\t\t\t\t\t<div class=\"elementor-column elementor-col-100 elementor-top-column elementor-element elementor-element-9d58edc\" data-id=\"9d58edc\" data-element_type=\"column\">\n\t\t\t<div class=\"elementor-widget-wrap elementor-element-populated\">\n\t\t\t\t\t\t<div class=\"elementor-element elementor-element-8066807 e-con-full e-flex e-con\" data-id=\"8066807\" data-element_type=\"container\" data-settings=\"{&quot;content_width&quot;:&quot;full&quot;}\">\n\t\t\t\t<div class=\"elementor-element elementor-element-60ac20f elementor-widget elementor-widget-text-editor\" data-id=\"60ac20f\" data-element_type=\"widget\" data-widget_type=\"text-editor.default\">\n\t\t\t\t<div class=\"elementor-widget-container\">\n\t\t\t\t\t\t\t<h3>Operacionaliza\u00e7\u00e3o da IA Respons\u00e1vel: uma Jornada pelo Design, Implanta\u00e7\u00e3o e Monitoramento<\/h3>\t\t\t\t\t\t<\/div>\n\t\t\t\t<\/div>\n\t\t\t\t<div class=\"elementor-element elementor-element-c90ad05 elementor-widget elementor-widget-text-editor\" data-id=\"c90ad05\" data-element_type=\"widget\" data-widget_type=\"text-editor.default\">\n\t\t\t\t<div class=\"elementor-widget-container\">\n\t\t\t\t\t\t\t<h4><b><img loading=\"lazy\" decoding=\"async\" class=\"alignright wp-image-2085 size-medium\" src=\"https:\/\/webmedia.org.br\/2024\/wp-content\/uploads\/2024\/09\/image1-1-e1727729564142-229x300.png\" alt=\"\" width=\"229\" height=\"300\" srcset=\"https:\/\/webmedia.org.br\/2024\/wp-content\/uploads\/2024\/09\/image1-1-e1727729564142-229x300.png 229w, https:\/\/webmedia.org.br\/2024\/wp-content\/uploads\/2024\/09\/image1-1-e1727729564142.png 260w\" sizes=\"auto, (max-width: 229px) 100vw, 229px\" \/>Prof. Dr. Daniele Quercia<\/b><\/h4>\n<p><span style=\"font-weight: 400;\">Nokia Bell Labs Cambridge<br \/>King\u2019s College London<\/span><\/p>\n<p><strong>Hor\u00e1rio<\/strong>: Quarta-feira, 16 de outubro de 2024, 11:00h<\/p>\n<p>Esta palestra leva os participantes a uma jornada abrangente rumo ao avan\u00e7o cont\u00ednuo da operacionaliza\u00e7\u00e3o respons\u00e1vel da IA, entrela\u00e7ando tr\u00eas elementos essenciais. Explore como esses est\u00e1gios &#8211; Projetar, Implantar e Monitorar &#8211; trabalham harmoniosamente para promover padr\u00f5es de justi\u00e7a, conformidade e gerenciamento de riscos em sistemas de IA. Participe desta sess\u00e3o para se equipar com o conhecimento e as ferramentas necess\u00e1rias para otimizar suas pr\u00e1ticas respons\u00e1veis de IA, garantindo o desenvolvimento e a implanta\u00e7\u00e3o \u00e9ticos e respons\u00e1veis de IA em sua organiza\u00e7\u00e3o.<br \/>&#8211; Projetar: Desenvolver ferramentas pr\u00e1ticas para o desenvolvimento respons\u00e1vel de sistemas de IA<br \/>&#8211; Implantar: Avaliar os riscos e garantir a conformidade com as regulamenta\u00e7\u00f5es atuais (por exemplo, a Lei de IA da UE)<br \/>&#8211; Monitorar: Abordar problemas emergentes monitorando ativamente seus sistemas de IA (por exemplo, abordando o uso n\u00e3o intencional de atributos protegidos em PLN).<\/p>\n<p>Daniele Quercia \u00e9 Diretor de IA Respons\u00e1vel no Nokia Bell Labs Cambridge (Reino Unido) e Professor de Inform\u00e1tica Urbana no Center for Urban Science and Progress (CUSP) no King&#8217;s College London. Ele foi nomeado um dos Data All-Stars de 2014 pela revista Fortune e falou sobre \u201c happy maps\u201d no TED. Foi cientista de pesquisa no Yahoo Labs, pesquisador s\u00eanior da Horizon na Universidade de Cambridge e associado de p\u00f3s-doutorado no Departamento de Urban Studies and Planning do MIT. Obteve seu PhD pela UC London. <\/p>\t\t\t\t\t\t<\/div>\n\t\t\t\t<\/div>\n\t\t\t\t<\/div>\n\t\t\t\t\t<\/div>\n\t\t<\/div>\n\t\t\t\t\t\t\t<\/div>\n\t\t<\/section>\n\t\t\t\t<section class=\"elementor-section elementor-top-section elementor-element elementor-element-2bc175e elementor-section-height-min-height elementor-section-boxed elementor-section-height-default elementor-section-items-middle\" data-id=\"2bc175e\" data-element_type=\"section\">\n\t\t\t\t\t\t<div class=\"elementor-container elementor-column-gap-default\">\n\t\t\t\t\t<div class=\"elementor-column elementor-col-100 elementor-top-column elementor-element elementor-element-f9a8038\" data-id=\"f9a8038\" data-element_type=\"column\">\n\t\t\t<div class=\"elementor-widget-wrap elementor-element-populated\">\n\t\t\t\t\t\t<div class=\"elementor-element elementor-element-710ee74 e-con-full e-flex e-con\" data-id=\"710ee74\" data-element_type=\"container\" data-settings=\"{&quot;content_width&quot;:&quot;full&quot;}\">\n\t\t\t\t<div class=\"elementor-element elementor-element-710723f elementor-widget elementor-widget-text-editor\" data-id=\"710723f\" data-element_type=\"widget\" data-widget_type=\"text-editor.default\">\n\t\t\t\t<div class=\"elementor-widget-container\">\n\t\t\t\t\t\t\t<h3><b>Intera\u00e7\u00e3o Social em Ambientes Imersivos<\/b><\/h3>\t\t\t\t\t\t<\/div>\n\t\t\t\t<\/div>\n\t\t\t\t<div class=\"elementor-element elementor-element-6116f0c elementor-widget elementor-widget-text-editor\" data-id=\"6116f0c\" data-element_type=\"widget\" data-widget_type=\"text-editor.default\">\n\t\t\t\t<div class=\"elementor-widget-container\">\n\t\t\t\t\t\t\t<h4><b><img loading=\"lazy\" decoding=\"async\" class=\"alignright wp-image-2086 size-medium\" src=\"https:\/\/webmedia.org.br\/2024\/wp-content\/uploads\/2024\/09\/image2-1-238x300.jpg\" alt=\"\" width=\"238\" height=\"300\" srcset=\"https:\/\/webmedia.org.br\/2024\/wp-content\/uploads\/2024\/09\/image2-1-238x300.jpg 238w, https:\/\/webmedia.org.br\/2024\/wp-content\/uploads\/2024\/09\/image2-1-814x1024.jpg 814w, https:\/\/webmedia.org.br\/2024\/wp-content\/uploads\/2024\/09\/image2-1-768x967.jpg 768w, https:\/\/webmedia.org.br\/2024\/wp-content\/uploads\/2024\/09\/image2-1-1220x1536.jpg 1220w, https:\/\/webmedia.org.br\/2024\/wp-content\/uploads\/2024\/09\/image2-1.jpg 1627w\" sizes=\"auto, (max-width: 238px) 100vw, 238px\" \/>Prof. Dr. Ing. Matthias W\u00f6lfel<\/b><\/h4>\n<p><span style=\"font-weight: 400;\">Karlsruhe University of Applied Sciences<br \/>University of Hohenheim<br \/>ColorfulBit<\/span><\/p>\n<p><strong>Hor\u00e1rio<\/strong>: Quinta-feira, 17 de outubro de 2024, 11:00h<\/p>\n<p>Estamos testemunhando uma transforma\u00e7\u00e3o marcante na forma como a tecnologia molda nossa vida social. O que se originou com a Internet, as m\u00eddias sociais e os smartphones agora est\u00e1 evoluindo para tecnologias imersivas. Embora as tecnologias imersivas tenham come\u00e7ado como experi\u00eancias para um \u00fanico usu\u00e1rio, elas agora est\u00e3o se transformando em ambientes ricos e multiusu\u00e1rios, criando novas oportunidades de intera\u00e7\u00e3o social, corporifica\u00e7\u00e3o e experi\u00eancias compartilhadas. Nesta palestra, exploraremos como os ambientes imersivos influenciam a conex\u00e3o humana, os desafios da corporifica\u00e7\u00e3o, as formas de intera\u00e7\u00e3o entre os dom\u00ednios digital e f\u00edsico na VR baseada em localiza\u00e7\u00e3o e as novas possibilidades que esses espa\u00e7os abrem para o aprendizado e a pesquisa em ci\u00eancias sociais.<\/p>\n<p>O Prof. Dr. Ing. Matthias W\u00f6lfel \u00e9 diretor do Institute for Intelligent Interaction and Immersive Experience, Professor de \u201cInterfaces de Usu\u00e1rio Intuitivas e Perceptivas\u201d na Faculty of Computer Science and Business Information Systems desde 2018, e associado \u00e0 Faculty of Business, Economics and Social Sciences da University of Hohenheim. Seus interesses de pesquisa incluem design de intera\u00e7\u00e3o, intera\u00e7\u00e3o humano-computador e humano-computador-humano, intelig\u00eancia artificial, realidade aumentada e virtual, bem como cultura digital. O Dr. W\u00f6lfel \u00e9 o autor do livro Immersive Virtuelle Realit\u00e4t, publicado pela Springer em 2023. Ele trabalhou no ZKM|Center for Art and Media, em Karlsruhe, e \u00e9 fundador e CEO da ColorfulBit, um est\u00fadio premiado para novas m\u00eddias e tecnologias inovadoras (pr\u00eamios incluem o \u201cIKT Innovativ\u201d do Minist\u00e9rio de Economia e Tecnologia em 2013 e o \u201cInnovationspreis-IT\u201d na categoria Entretenimento\/3D em 2014.<\/p>\t\t\t\t\t\t<\/div>\n\t\t\t\t<\/div>\n\t\t\t\t<\/div>\n\t\t\t\t\t<\/div>\n\t\t<\/div>\n\t\t\t\t\t\t\t<\/div>\n\t\t<\/section>\n\t\t\t\t\t\t\t<\/div>\n\t\t","protected":false},"excerpt":{"rendered":"<p>Programa\u00e7\u00e3o &#8211; Palestrantes convidados Baixe a programa\u00e7\u00e3o completa O WebMedia 2024 tem a honra de receber os seguintes palestrantes principais. N\u00e3o perca a chance de aprender e debater com l\u00edderes em pesquisa, desenvolvimento e inova\u00e7\u00e3o em Sistemas Multim\u00eddia e Web. Tr\u00eas vis\u00f5es sobre a Web Henrique Xavier NIC.br Hor\u00e1rio: Ter\u00e7a-feira, 15 de outubro de 2024, [&hellip;]<\/p>\n","protected":false},"author":1,"featured_media":0,"parent":2040,"menu_order":0,"comment_status":"closed","ping_status":"closed","template":"elementor_header_footer","meta":{"footnotes":""},"class_list":["post-2068","page","type-page","status-publish","hentry"],"_links":{"self":[{"href":"https:\/\/webmedia.org.br\/2024\/wp-json\/wp\/v2\/pages\/2068","targetHints":{"allow":["GET"]}}],"collection":[{"href":"https:\/\/webmedia.org.br\/2024\/wp-json\/wp\/v2\/pages"}],"about":[{"href":"https:\/\/webmedia.org.br\/2024\/wp-json\/wp\/v2\/types\/page"}],"author":[{"embeddable":true,"href":"https:\/\/webmedia.org.br\/2024\/wp-json\/wp\/v2\/users\/1"}],"replies":[{"embeddable":true,"href":"https:\/\/webmedia.org.br\/2024\/wp-json\/wp\/v2\/comments?post=2068"}],"version-history":[{"count":14,"href":"https:\/\/webmedia.org.br\/2024\/wp-json\/wp\/v2\/pages\/2068\/revisions"}],"predecessor-version":[{"id":2252,"href":"https:\/\/webmedia.org.br\/2024\/wp-json\/wp\/v2\/pages\/2068\/revisions\/2252"}],"up":[{"embeddable":true,"href":"https:\/\/webmedia.org.br\/2024\/wp-json\/wp\/v2\/pages\/2040"}],"wp:attachment":[{"href":"https:\/\/webmedia.org.br\/2024\/wp-json\/wp\/v2\/media?parent=2068"}],"curies":[{"name":"wp","href":"https:\/\/api.w.org\/{rel}","templated":true}]}}