{"id":2067,"date":"2024-09-30T17:33:45","date_gmt":"2024-09-30T20:33:45","guid":{"rendered":"https:\/\/webmedia.org.br\/2024\/?page_id=2067"},"modified":"2024-10-11T15:03:17","modified_gmt":"2024-10-11T18:03:17","slug":"maratona-de-ideias","status":"publish","type":"page","link":"https:\/\/webmedia.org.br\/2024\/programacao\/maratona-de-ideias\/","title":{"rendered":"Maratona de Ideias"},"content":{"rendered":"\t\t<div data-elementor-type=\"wp-page\" data-elementor-id=\"2067\" class=\"elementor elementor-2067\" data-elementor-post-type=\"page\">\n\t\t\t\t\t\t\t\t\t<section class=\"elementor-section elementor-top-section elementor-element elementor-element-995d100 elementor-section-height-min-height elementor-section-boxed elementor-section-height-default elementor-section-items-middle\" data-id=\"995d100\" data-element_type=\"section\" data-settings=\"{&quot;background_background&quot;:&quot;classic&quot;}\" data-e-bg-lazyload=\".elementor-background-overlay\">\n\t\t\t\t\t\t\t<div class=\"elementor-background-overlay\"><\/div>\n\t\t\t\t\t\t\t<div class=\"elementor-container elementor-column-gap-default\">\n\t\t\t\t\t<div class=\"elementor-column elementor-col-100 elementor-top-column elementor-element elementor-element-1a8bacab\" data-id=\"1a8bacab\" data-element_type=\"column\">\n\t\t\t<div class=\"elementor-widget-wrap elementor-element-populated\">\n\t\t\t\t\t\t\t\t<div class=\"elementor-element elementor-element-9d8a180 elementor-widget elementor-widget-heading\" data-id=\"9d8a180\" data-element_type=\"widget\" data-widget_type=\"heading.default\">\n\t\t\t\t<div class=\"elementor-widget-container\">\n\t\t\t<style>\/*! elementor - v3.15.0 - 31-07-2023 *\/\n.elementor-heading-title{padding:0;margin:0;line-height:1}.elementor-widget-heading .elementor-heading-title[class*=elementor-size-]>a{color:inherit;font-size:inherit;line-height:inherit}.elementor-widget-heading .elementor-heading-title.elementor-size-small{font-size:15px}.elementor-widget-heading .elementor-heading-title.elementor-size-medium{font-size:19px}.elementor-widget-heading .elementor-heading-title.elementor-size-large{font-size:29px}.elementor-widget-heading .elementor-heading-title.elementor-size-xl{font-size:39px}.elementor-widget-heading .elementor-heading-title.elementor-size-xxl{font-size:59px}<\/style><h1 class=\"elementor-heading-title elementor-size-default\">Maratona de Ideias<\/h1>\t\t<\/div>\n\t\t\t\t<\/div>\n\t\t\t\t\t<\/div>\n\t\t<\/div>\n\t\t\t\t\t\t\t<\/div>\n\t\t<\/section>\n\t\t\t\t<section class=\"elementor-section elementor-top-section elementor-element elementor-element-bf94b7a elementor-section-height-min-height elementor-section-boxed elementor-section-height-default elementor-section-items-middle\" data-id=\"bf94b7a\" data-element_type=\"section\">\n\t\t\t\t\t\t<div class=\"elementor-container elementor-column-gap-default\">\n\t\t\t\t\t<div class=\"elementor-column elementor-col-100 elementor-top-column elementor-element elementor-element-91a9634\" data-id=\"91a9634\" data-element_type=\"column\">\n\t\t\t<div class=\"elementor-widget-wrap elementor-element-populated\">\n\t\t\t\t\t\t\t\t<div class=\"elementor-element elementor-element-802db4f elementor-button-info elementor-align-center elementor-widget elementor-widget-button\" data-id=\"802db4f\" data-element_type=\"widget\" data-widget_type=\"button.default\">\n\t\t\t\t<div class=\"elementor-widget-container\">\n\t\t\t\t\t<div class=\"elementor-button-wrapper\">\n\t\t\t<a class=\"elementor-button elementor-button-link elementor-size-md\" href=\"https:\/\/webmedia.org.br\/2024\/wp-content\/uploads\/2024\/10\/WebMedia-2024-Programacao-Final.pdf\" target=\"_blank\">\n\t\t\t\t\t\t<span class=\"elementor-button-content-wrapper\">\n\t\t\t\t\t\t<span class=\"elementor-button-text\">Baixe a programa\u00e7\u00e3o completa<\/span>\n\t\t<\/span>\n\t\t\t\t\t<\/a>\n\t\t<\/div>\n\t\t\t\t<\/div>\n\t\t\t\t<\/div>\n\t\t\t\t<div class=\"elementor-element elementor-element-21fc2c3 elementor-widget elementor-widget-text-editor\" data-id=\"21fc2c3\" data-element_type=\"widget\" data-widget_type=\"text-editor.default\">\n\t\t\t\t<div class=\"elementor-widget-container\">\n\t\t\t<style>\/*! elementor - v3.15.0 - 31-07-2023 *\/\n.elementor-widget-text-editor.elementor-drop-cap-view-stacked .elementor-drop-cap{background-color:#69727d;color:#fff}.elementor-widget-text-editor.elementor-drop-cap-view-framed .elementor-drop-cap{color:#69727d;border:3px solid;background-color:transparent}.elementor-widget-text-editor:not(.elementor-drop-cap-view-default) .elementor-drop-cap{margin-top:8px}.elementor-widget-text-editor:not(.elementor-drop-cap-view-default) .elementor-drop-cap-letter{width:1em;height:1em}.elementor-widget-text-editor .elementor-drop-cap{float:left;text-align:center;line-height:1;font-size:50px}.elementor-widget-text-editor .elementor-drop-cap-letter{display:inline-block}<\/style>\t\t\t\t<p><!-- wp:heading --><\/p>\n<p>A Maratona de Ideias &#8220;TECNOLOGIAS PARA RECOME\u00c7AR&#8221; \u00e9 uma iniciativa do Laborat\u00f3rio de Educa\u00e7\u00e3o em Computa\u00e7\u00e3o e Tecnologias Sociais (LETs) e o Time Enactus da UFJF, vinculados ao Departamento de Ci\u00eancia da Computa\u00e7\u00e3o da Universidade Federal de Juiz de Fora (DCC\/UFJF). O evento conta com o apoio do 30\u00ba Simp\u00f3sio Brasileiro de Sistemas Multim\u00eddia e Web (WebMedia 2024) e CRITT UFJF.<\/p>\n<p>O principal objetivo da maratona \u00e9 incentivar o surgimento de novos talentos criativos e empreendedores. Para isso, busca reunir competidores em equipes interdisciplinares, que combinam habilidades t\u00e9cnicas, conceituais e humanas. Essas equipes trabalhar\u00e3o no desenvolvimento de solu\u00e7\u00f5es com impacto social significativo, <strong>especialmente voltadas para os desafios enfrentados por refugiados e deslocados \u00e0 for\u00e7a no Brasil, com foco na cidade de Juiz de Fora e regi\u00e3o<\/strong>.<\/p>\n<p>\u00a0<\/p>\n<h2><b>Informa\u00e7\u00f5es do Evento<\/b><\/h2>\n<p><strong>Datas e Locais:<\/strong><\/p>\n<ul>\n<li>18 de outubro: 16:30h \u00e0s 18h30 &#8211; Audit\u00f3rio do ICE<\/li>\n<li>19 de outubro: 8h \u00e0s 20h &#8211; CRITT &#8211; UFJF<\/li>\n<\/ul>\n<p><strong>\u00a0<\/strong><\/p>\n<p><strong>Inscri\u00e7\u00f5es<\/strong>:\u00a0<a style=\"font-size: 1em; background-color: #ffffff;\" href=\"https:\/\/forms.gle\/oNJqxxwBKXqatdB29\" target=\"_blank\" rel=\"noopener\"><b>Clique aqui para se inscrever<\/b><\/a><\/p>\n<p>\u00a0<\/p>\n<p><strong>Mais informa\u00e7\u00f5es<\/strong>:\u00a0<a style=\"font-size: 1em; background-color: #ffffff;\" href=\"https:\/\/docs.google.com\/document\/d\/1z4ZEAgH4dB2hFSXNy6asUqL9YORkRcVhfQMCl0AWjgM\/edit\" target=\"_blank\" rel=\"noopener\"><b>Acesse aqui<\/b><\/a><\/p>\n<p>Participe e ajude a construir solu\u00e7\u00f5es que fa\u00e7am a diferen\u00e7a!<\/p>\n<div>\u00a0<\/div>\n<p><!-- \/wp:table --><\/p>\t\t\t\t\t\t<\/div>\n\t\t\t\t<\/div>\n\t\t\t\t\t<\/div>\n\t\t<\/div>\n\t\t\t\t\t\t\t<\/div>\n\t\t<\/section>\n\t\t\t\t\t\t\t<\/div>\n\t\t","protected":false},"excerpt":{"rendered":"<p>Maratona de Ideias Baixe a programa\u00e7\u00e3o completa A Maratona de Ideias &#8220;TECNOLOGIAS PARA RECOME\u00c7AR&#8221; \u00e9 uma iniciativa do Laborat\u00f3rio de Educa\u00e7\u00e3o em Computa\u00e7\u00e3o e Tecnologias Sociais (LETs) e o Time Enactus da UFJF, vinculados ao Departamento de Ci\u00eancia da Computa\u00e7\u00e3o da Universidade Federal de Juiz de Fora (DCC\/UFJF). O evento conta com o apoio do [&hellip;]<\/p>\n","protected":false},"author":1,"featured_media":0,"parent":2040,"menu_order":0,"comment_status":"closed","ping_status":"closed","template":"elementor_header_footer","meta":{"footnotes":""},"class_list":["post-2067","page","type-page","status-publish","hentry"],"_links":{"self":[{"href":"https:\/\/webmedia.org.br\/2024\/wp-json\/wp\/v2\/pages\/2067","targetHints":{"allow":["GET"]}}],"collection":[{"href":"https:\/\/webmedia.org.br\/2024\/wp-json\/wp\/v2\/pages"}],"about":[{"href":"https:\/\/webmedia.org.br\/2024\/wp-json\/wp\/v2\/types\/page"}],"author":[{"embeddable":true,"href":"https:\/\/webmedia.org.br\/2024\/wp-json\/wp\/v2\/users\/1"}],"replies":[{"embeddable":true,"href":"https:\/\/webmedia.org.br\/2024\/wp-json\/wp\/v2\/comments?post=2067"}],"version-history":[{"count":21,"href":"https:\/\/webmedia.org.br\/2024\/wp-json\/wp\/v2\/pages\/2067\/revisions"}],"predecessor-version":[{"id":2264,"href":"https:\/\/webmedia.org.br\/2024\/wp-json\/wp\/v2\/pages\/2067\/revisions\/2264"}],"up":[{"embeddable":true,"href":"https:\/\/webmedia.org.br\/2024\/wp-json\/wp\/v2\/pages\/2040"}],"wp:attachment":[{"href":"https:\/\/webmedia.org.br\/2024\/wp-json\/wp\/v2\/media?parent=2067"}],"curies":[{"name":"wp","href":"https:\/\/api.w.org\/{rel}","templated":true}]}}