{"id":1899,"date":"2024-09-12T10:20:04","date_gmt":"2024-09-12T13:20:04","guid":{"rendered":"https:\/\/webmedia.org.br\/2024\/?page_id=1899"},"modified":"2024-09-12T10:47:17","modified_gmt":"2024-09-12T13:47:17","slug":"webmedia-for-everyone-aceitos","status":"publish","type":"page","link":"https:\/\/webmedia.org.br\/2024\/webmedia-for-everyone-aceitos\/","title":{"rendered":"W4E | WebMedia for Everyone Aceitos"},"content":{"rendered":"\t\t<div data-elementor-type=\"wp-page\" data-elementor-id=\"1899\" class=\"elementor elementor-1899\" data-elementor-post-type=\"page\">\n\t\t\t\t\t\t\t\t\t<section class=\"elementor-section elementor-top-section elementor-element elementor-element-995d100 elementor-section-height-min-height elementor-section-boxed elementor-section-height-default elementor-section-items-middle\" data-id=\"995d100\" data-element_type=\"section\" data-settings=\"{&quot;background_background&quot;:&quot;classic&quot;}\" data-e-bg-lazyload=\".elementor-background-overlay\">\n\t\t\t\t\t\t\t<div class=\"elementor-background-overlay\"><\/div>\n\t\t\t\t\t\t\t<div class=\"elementor-container elementor-column-gap-default\">\n\t\t\t\t\t<div class=\"elementor-column elementor-col-100 elementor-top-column elementor-element elementor-element-1a8bacab\" data-id=\"1a8bacab\" data-element_type=\"column\">\n\t\t\t<div class=\"elementor-widget-wrap elementor-element-populated\">\n\t\t\t\t\t\t\t\t<div class=\"elementor-element elementor-element-9d8a180 elementor-widget elementor-widget-heading\" data-id=\"9d8a180\" data-element_type=\"widget\" data-widget_type=\"heading.default\">\n\t\t\t\t<div class=\"elementor-widget-container\">\n\t\t\t<style>\/*! elementor - v3.15.0 - 31-07-2023 *\/\n.elementor-heading-title{padding:0;margin:0;line-height:1}.elementor-widget-heading .elementor-heading-title[class*=elementor-size-]>a{color:inherit;font-size:inherit;line-height:inherit}.elementor-widget-heading .elementor-heading-title.elementor-size-small{font-size:15px}.elementor-widget-heading .elementor-heading-title.elementor-size-medium{font-size:19px}.elementor-widget-heading .elementor-heading-title.elementor-size-large{font-size:29px}.elementor-widget-heading .elementor-heading-title.elementor-size-xl{font-size:39px}.elementor-widget-heading .elementor-heading-title.elementor-size-xxl{font-size:59px}<\/style><h1 class=\"elementor-heading-title elementor-size-default\">WebMedia for Everyone - Artigos Aceitos<\/h1>\t\t<\/div>\n\t\t\t\t<\/div>\n\t\t\t\t\t<\/div>\n\t\t<\/div>\n\t\t\t\t\t\t\t<\/div>\n\t\t<\/section>\n\t\t\t\t<section class=\"elementor-section elementor-top-section elementor-element elementor-element-bf94b7a elementor-section-height-min-height elementor-section-boxed elementor-section-height-default elementor-section-items-middle\" data-id=\"bf94b7a\" data-element_type=\"section\">\n\t\t\t\t\t\t<div class=\"elementor-container elementor-column-gap-default\">\n\t\t\t\t\t<div class=\"elementor-column elementor-col-100 elementor-top-column elementor-element elementor-element-91a9634\" data-id=\"91a9634\" data-element_type=\"column\">\n\t\t\t<div class=\"elementor-widget-wrap elementor-element-populated\">\n\t\t\t\t\t\t\t\t<div class=\"elementor-element elementor-element-df941be elementor-widget elementor-widget-text-editor\" data-id=\"df941be\" data-element_type=\"widget\" data-widget_type=\"text-editor.default\">\n\t\t\t\t<div class=\"elementor-widget-container\">\n\t\t\t<style>\/*! elementor - v3.15.0 - 31-07-2023 *\/\n.elementor-widget-text-editor.elementor-drop-cap-view-stacked .elementor-drop-cap{background-color:#69727d;color:#fff}.elementor-widget-text-editor.elementor-drop-cap-view-framed .elementor-drop-cap{color:#69727d;border:3px solid;background-color:transparent}.elementor-widget-text-editor:not(.elementor-drop-cap-view-default) .elementor-drop-cap{margin-top:8px}.elementor-widget-text-editor:not(.elementor-drop-cap-view-default) .elementor-drop-cap-letter{width:1em;height:1em}.elementor-widget-text-editor .elementor-drop-cap{float:left;text-align:center;line-height:1;font-size:50px}.elementor-widget-text-editor .elementor-drop-cap-letter{display:inline-block}<\/style>\t\t\t\t<p><!-- wp:heading --><\/p>\n<h2 style=\"font-size: 1.75em;\"><strong>Cursos Curtos Online S\u00edncronos para Meninas do Ensino M\u00e9dio e Concluintes e para Professoras do Ensino B\u00e1sico <\/strong><\/h2>\n<p><span style=\"font-size: 0.75em; padding: 2px 10px 2px 10px; border-radius: 3px; color: #fff; background-color: #003eba;\"><strong>ARTIGO<\/strong><\/span><\/p>\n<p><span style=\"font-weight: 400;\">Maria da Gra\u00e7a C. Pimentel (ICMC\/USP), Juliana Eus\u00e9bio (ICMC\/USP), Rudinei Goularte (ICMC\/USP), Uthant V. Leite (ICMC\/USP), Helen S. Picoli (ICMC\/USP)<\/span><\/p>\n<p>\u00a0<\/p>\n<h2 style=\"font-size: 1.75em;\"><strong>GECET: Garotas nas Engenharias, Ci\u00eancias Exatas e Tecnologias: Projeto de Extens\u00e3o voltado para a participa\u00e7\u00e3o feminina nas \u00e1reas STEM<\/strong><\/h2>\n<p><span style=\"font-size: 0.75em; padding: 2px 10px 2px 10px; border-radius: 3px; color: #fff; background-color: #003eba;\"><strong>ARTIGO<\/strong><\/span><\/p>\n<p><span style=\"font-weight: 400;\">Giovana A. Benvenuto (FCT\/UNESP), Analice C. Brandi (FCT\/UNESP), Marilaine Colnago (IBILCE\/UNESP), Rafaella S. Ferreira (IBILCE\/UNESP), Helen S. Picoli (FT\/UNICAMP)<\/span><\/p>\n<p>\u00a0<\/p>\n<h2 style=\"font-size: 1.75em;\"><strong>Metagame Planeta Jovem: Transformando jovens em sua melhor vers\u00e3o<\/strong><\/h2>\n<p><span style=\"font-size: 0.75em; padding: 2px 10px 2px 10px; border-radius: 3px; color: #fff; background-color: #003eba;\"><strong>ARTIGO<\/strong><\/span><\/p>\n<p><span style=\"font-weight: 400;\">Daniel Gularte (Bojog\u00e1, Unichristus), <\/span><span style=\"font-weight: 400;\">Mauro Oliveira (IFCE), Silvio Evangelista (Criatlo)<\/span><\/p>\n<p>\u00a0<\/p>\n<h2 style=\"font-size: 1.75em;\"><strong>M\u00eddias Digitais como Ferramentas para Promover o Pensamento Computacional e Reduzir a Diferen\u00e7a de G\u00eanero em Computa\u00e7\u00e3o<\/strong><\/h2>\n<p><span style=\"font-size: 0.75em; padding: 2px 10px 2px 10px; border-radius: 3px; color: #fff; background-color: #003eba;\"><strong>ARTIGO<\/strong><\/span><\/p>\n<p><span style=\"font-weight: 400;\">Lara Oliveira Esteves (DCC\/UFJF), Luiza Caldeira Daniel (DCC\/UFMG), Sarah Cristina F. da Silva (DCC\/UFJF), Maria Lu\u00edsa R. Guimar\u00e3es (DCC\/UFJF), B\u00e1rbara de Melo Quintela (DCC\/UFJF), Alessandreia Marta de Oliveira (DCC\/UFJF)<\/span><\/p>\n<p>\u00a0<\/p>\n<h2 style=\"font-size: 1.75em;\"><strong>Nutrilac: Aplicativo para Elabora\u00e7\u00e3o de Dietas de Bovinos de Leite<\/strong><\/h2>\n<p><span style=\"font-size: 0.75em; padding: 2px 10px 2px 10px; border-radius: 3px; color: #fff; background-color: #003eba;\"><strong>ARTIGO<\/strong><\/span><\/p>\n<p><span style=\"font-weight: 400;\">Deivid Duarte Nascimento (UFJF), Marcos Paulo Priamo Ferreira (UFJF), Brian Lu\u00eds Coimbra Maia (UFJF), Maria Carolina da Silva Vita (UFJF), Alexandra Calda C\u00e9zar de Faria (UFJF), Almira Biazon Franca (UFJF), Am\u00e1lia Saturnino Chaves (UFJF), Luiz Maur\u00edlio da Silva Maciel (UFJF), Priscila Vanessa Zabala Capriles Goliatt (UFJF)<\/span><\/p>\n<p>\u00a0<\/p>\n<h2 style=\"font-size: 1.75em;\"><strong>Pr\u00e1ticas com smartphones para idosos &#8211; Um projeto de extens\u00e3o do ICMC\/USP <\/strong><\/h2>\n<p><span style=\"font-size: 0.75em; padding: 2px 10px 2px 10px; border-radius: 3px; color: #fff; background-color: #003eba;\"><strong>ARTIGO<\/strong><\/span><\/p>\n<p><span style=\"font-weight: 400;\">Kamila R.H. Rodrigues (ICMC\/USP), Suzane S. dos Santos (ICMC\/USP), Daniele Gallego (ICMC\/USP), Ketlen Martins (ICMC\/USP), Katherin F.C. Malpartida (ICMC\/USP), Aline E.C. Verhalen (ICMC\/USP), Jo\u00e3o Pedro de Deus (ICMC\/USP)<\/span><\/p>\n<p>\u00a0<\/p>\n<h2 style=\"font-size: 1.75em;\"><strong>Promovendo a Inclus\u00e3o Feminina na Computa\u00e7\u00e3o: Cursos de Programa\u00e7\u00e3o em Python<\/strong><\/h2>\n<p><span style=\"font-size: 0.75em; padding: 2px 10px 2px 10px; border-radius: 3px; color: #fff; background-color: #003eba;\"><strong>ARTIGO<\/strong><\/span><\/p>\n<p><span style=\"font-weight: 400;\">Rhara Ianna Barcelos Costa (DCC\/UFJF), Vanessa Trajano (DCC\/UFJF), Nina Aguiar (DCC\/UFJF), Lorenza Leao Oliveira Moreno (DCC\/UFJF),\u00a0 B\u00e1rbara de Melo Quintela (PPGMC\/UFJF),\u00a0 Alessandreia Marta de Oliveira (DCC\/UFJF)<\/span><\/p>\n<p><!-- \/wp:table --><\/p>\t\t\t\t\t\t<\/div>\n\t\t\t\t<\/div>\n\t\t\t\t\t<\/div>\n\t\t<\/div>\n\t\t\t\t\t\t\t<\/div>\n\t\t<\/section>\n\t\t\t\t\t\t\t<\/div>\n\t\t","protected":false},"excerpt":{"rendered":"<p>WebMedia for Everyone &#8211; Artigos Aceitos Cursos Curtos Online S\u00edncronos para Meninas do Ensino M\u00e9dio e Concluintes e para Professoras do Ensino B\u00e1sico ARTIGO Maria da Gra\u00e7a C. Pimentel (ICMC\/USP), Juliana Eus\u00e9bio (ICMC\/USP), Rudinei Goularte (ICMC\/USP), Uthant V. Leite (ICMC\/USP), Helen S. Picoli (ICMC\/USP) \u00a0 GECET: Garotas nas Engenharias, Ci\u00eancias Exatas e Tecnologias: Projeto de [&hellip;]<\/p>\n","protected":false},"author":1,"featured_media":0,"parent":0,"menu_order":0,"comment_status":"closed","ping_status":"closed","template":"elementor_header_footer","meta":{"footnotes":""},"class_list":["post-1899","page","type-page","status-publish","hentry"],"_links":{"self":[{"href":"https:\/\/webmedia.org.br\/2024\/wp-json\/wp\/v2\/pages\/1899","targetHints":{"allow":["GET"]}}],"collection":[{"href":"https:\/\/webmedia.org.br\/2024\/wp-json\/wp\/v2\/pages"}],"about":[{"href":"https:\/\/webmedia.org.br\/2024\/wp-json\/wp\/v2\/types\/page"}],"author":[{"embeddable":true,"href":"https:\/\/webmedia.org.br\/2024\/wp-json\/wp\/v2\/users\/1"}],"replies":[{"embeddable":true,"href":"https:\/\/webmedia.org.br\/2024\/wp-json\/wp\/v2\/comments?post=1899"}],"version-history":[{"count":13,"href":"https:\/\/webmedia.org.br\/2024\/wp-json\/wp\/v2\/pages\/1899\/revisions"}],"predecessor-version":[{"id":1948,"href":"https:\/\/webmedia.org.br\/2024\/wp-json\/wp\/v2\/pages\/1899\/revisions\/1948"}],"wp:attachment":[{"href":"https:\/\/webmedia.org.br\/2024\/wp-json\/wp\/v2\/media?parent=1899"}],"curies":[{"name":"wp","href":"https:\/\/api.w.org\/{rel}","templated":true}]}}