{"id":1894,"date":"2024-09-12T10:10:19","date_gmt":"2024-09-12T13:10:19","guid":{"rendered":"https:\/\/webmedia.org.br\/2024\/?page_id=1894"},"modified":"2024-09-12T11:28:57","modified_gmt":"2024-09-12T14:28:57","slug":"workshop-de-revisoes-sistematicas-de-literatura-em-sistemas-multimidia-e-web-aceitos","status":"publish","type":"page","link":"https:\/\/webmedia.org.br\/2024\/workshop-de-revisoes-sistematicas-de-literatura-em-sistemas-multimidia-e-web-aceitos\/","title":{"rendered":"WRSL+ | Workshop de Revis\u00f5es Sistem\u00e1ticas de Literatura em Sistemas Multim\u00eddia e Web Aceitos"},"content":{"rendered":"\t\t<div data-elementor-type=\"wp-page\" data-elementor-id=\"1894\" class=\"elementor elementor-1894\" data-elementor-post-type=\"page\">\n\t\t\t\t\t\t\t\t\t<section class=\"elementor-section elementor-top-section elementor-element elementor-element-995d100 elementor-section-height-min-height elementor-section-boxed elementor-section-height-default elementor-section-items-middle\" data-id=\"995d100\" data-element_type=\"section\" data-settings=\"{&quot;background_background&quot;:&quot;classic&quot;}\" data-e-bg-lazyload=\".elementor-background-overlay\">\n\t\t\t\t\t\t\t<div class=\"elementor-background-overlay\"><\/div>\n\t\t\t\t\t\t\t<div class=\"elementor-container elementor-column-gap-default\">\n\t\t\t\t\t<div class=\"elementor-column elementor-col-100 elementor-top-column elementor-element elementor-element-1a8bacab\" data-id=\"1a8bacab\" data-element_type=\"column\">\n\t\t\t<div class=\"elementor-widget-wrap elementor-element-populated\">\n\t\t\t\t\t\t\t\t<div class=\"elementor-element elementor-element-9d8a180 elementor-widget elementor-widget-heading\" data-id=\"9d8a180\" data-element_type=\"widget\" data-widget_type=\"heading.default\">\n\t\t\t\t<div class=\"elementor-widget-container\">\n\t\t\t<style>\/*! elementor - v3.15.0 - 31-07-2023 *\/\n.elementor-heading-title{padding:0;margin:0;line-height:1}.elementor-widget-heading .elementor-heading-title[class*=elementor-size-]>a{color:inherit;font-size:inherit;line-height:inherit}.elementor-widget-heading .elementor-heading-title.elementor-size-small{font-size:15px}.elementor-widget-heading .elementor-heading-title.elementor-size-medium{font-size:19px}.elementor-widget-heading .elementor-heading-title.elementor-size-large{font-size:29px}.elementor-widget-heading .elementor-heading-title.elementor-size-xl{font-size:39px}.elementor-widget-heading .elementor-heading-title.elementor-size-xxl{font-size:59px}<\/style><h1 class=\"elementor-heading-title elementor-size-default\">Workshop de Revis\u00f5es Sistem\u00e1ticas de Literatura em Sistemas Multim\u00eddia e Web - Artigos Aceitos<\/h1>\t\t<\/div>\n\t\t\t\t<\/div>\n\t\t\t\t\t<\/div>\n\t\t<\/div>\n\t\t\t\t\t\t\t<\/div>\n\t\t<\/section>\n\t\t\t\t<section class=\"elementor-section elementor-top-section elementor-element elementor-element-bf94b7a elementor-section-height-min-height elementor-section-boxed elementor-section-height-default elementor-section-items-middle\" data-id=\"bf94b7a\" data-element_type=\"section\">\n\t\t\t\t\t\t<div class=\"elementor-container elementor-column-gap-default\">\n\t\t\t\t\t<div class=\"elementor-column elementor-col-100 elementor-top-column elementor-element elementor-element-91a9634\" data-id=\"91a9634\" data-element_type=\"column\">\n\t\t\t<div class=\"elementor-widget-wrap elementor-element-populated\">\n\t\t\t\t\t\t\t\t<div class=\"elementor-element elementor-element-df941be elementor-widget elementor-widget-text-editor\" data-id=\"df941be\" data-element_type=\"widget\" data-widget_type=\"text-editor.default\">\n\t\t\t\t<div class=\"elementor-widget-container\">\n\t\t\t<style>\/*! elementor - v3.15.0 - 31-07-2023 *\/\n.elementor-widget-text-editor.elementor-drop-cap-view-stacked .elementor-drop-cap{background-color:#69727d;color:#fff}.elementor-widget-text-editor.elementor-drop-cap-view-framed .elementor-drop-cap{color:#69727d;border:3px solid;background-color:transparent}.elementor-widget-text-editor:not(.elementor-drop-cap-view-default) .elementor-drop-cap{margin-top:8px}.elementor-widget-text-editor:not(.elementor-drop-cap-view-default) .elementor-drop-cap-letter{width:1em;height:1em}.elementor-widget-text-editor .elementor-drop-cap{float:left;text-align:center;line-height:1;font-size:50px}.elementor-widget-text-editor .elementor-drop-cap-letter{display:inline-block}<\/style>\t\t\t\t<p><!-- wp:heading --><\/p>\n<h2 style=\"font-size: 1.75em;\"><strong>Computer Vision for Weapon Detection in Educational Environments: A Systematic Literature Review<\/strong><\/h2>\n<p><span style=\"font-size: 0.75em; padding: 2px 10px 2px 10px; border-radius: 3px; color: #fff; background-color: #003eba;\"><strong>ARTIGO<\/strong><\/span><\/p>\n<p><span style=\"font-weight: 400;\">Maur\u00edcio Rodrigues Lima (UFG), Deller James Ferreira (UFG), Elis\u00e2ngela Silva Dias (UFG), Marcos Reges Mota (UFG), Ana Lu\u00edsa de Bastos Chagas (UFG),\u00a0 Pedro Lemes Sixel Lobo (UFG)<\/span><\/p>\n<p>\u00a0<\/p>\n<h2 style=\"font-size: 1.75em;\"><strong>Desenvolvimento de Editores Colaborativos em Tempo Real: Revis\u00e3o R\u00e1pida <\/strong><\/h2>\n<p><span style=\"font-size: 0.75em; padding: 2px 10px 2px 10px; border-radius: 3px; color: #fff; background-color: #003eba;\"><strong>ARTIGO<\/strong><\/span><\/p>\n<p><span style=\"font-weight: 400;\">Laurentino Augusto Dantas (IFMS), <\/span><span style=\"font-weight: 400;\">Joab Cavalcante Silva (<\/span><span style=\"font-weight: 400;\">UEMS<\/span><span style=\"font-weight: 400;\">),<\/span><span style=\"font-weight: 400;\"> Maria da Gra\u00e7a C. Pimentel (USP)<\/span><\/p>\n<p>\u00a0<\/p>\n<h2 style=\"font-size: 1.75em;\"><strong>Estado da Arte sobre Engenharia de Requisitos e Explicabilidade em Sistemas Baseados em Aprendizado de M\u00e1quina <\/strong><\/h2>\n<p><span style=\"font-size: 0.75em; padding: 2px 10px 2px 10px; border-radius: 3px; color: #fff; background-color: #003eba;\"><strong>ARTIGO<\/strong><\/span><\/p>\n<p><span style=\"font-weight: 400;\">L\u00edvia Mancine (IFG, UFG)<\/span><span style=\"font-weight: 400;\">, Jo\u00e3o Lucas Soares (UFG), Taciana Novo Kudo (UFG), Renato F. Bulc\u00e3o-Neto (UFG)<\/span><\/p>\n<p>\u00a0<\/p>\n<h2 style=\"font-size: 1.75em;\"><strong>Mobile-based collaborative interventions between target participants and circle participants<\/strong><\/h2>\n<p><span style=\"font-size: 0.75em; padding: 2px 10px 2px 10px; border-radius: 3px; color: #fff; background-color: #003eba;\"><strong>ARTIGO<\/strong><\/span><\/p>\n<p><span style=\"font-weight: 400;\">Joab Cavalcante da Silva (UEMS), Laurentino Augusto Dantas (IFMS), Marina Ariane D. Di Marzo (USP), Kamila Rios Rodrigues (USP), Maria da Gra\u00e7a C. Pimentel (USP)<\/span><\/p>\n<p>\u00a0<\/p>\n<h2 style=\"font-size: 1.75em;\"><strong>Semantic Web Technologies in Healthcare: A Scoping Review <\/strong><\/h2>\n<p><span style=\"font-size: 0.75em; padding: 2px 10px 2px 10px; border-radius: 3px; color: #fff; background-color: #003eba;\"><strong>ARTIGO<\/strong><\/span><\/p>\n<p><span style=\"font-weight: 400;\">Nelson Miranda (USP), Matheus Matos Machado (USP), Dilvan A. Moreira (USP)<\/span><\/p>\n<p>\u00a0<\/p>\n<h2 style=\"font-size: 1.75em;\"><strong>Virtual Reality for People with Visual Impairments in the development of Left-Right Discrimination Skills: A Systematic Mapping Study <\/strong><\/h2>\n<p><span style=\"font-size: 0.75em; padding: 2px 10px 2px 10px; border-radius: 3px; color: #fff; background-color: #003eba;\"><strong>ARTIGO<\/strong><\/span><\/p>\n<p><span style=\"font-weight: 400;\">Jos\u00e9 Mart\u00f4nio Lopes de Moraes J\u00fanior (UFC), Windson Viana (UFC), Agebson Rocha Fa\u00e7anha (IFCE)<\/span><\/p>\n<p><!-- \/wp:table --><\/p>\t\t\t\t\t\t<\/div>\n\t\t\t\t<\/div>\n\t\t\t\t\t<\/div>\n\t\t<\/div>\n\t\t\t\t\t\t\t<\/div>\n\t\t<\/section>\n\t\t\t\t\t\t\t<\/div>\n\t\t","protected":false},"excerpt":{"rendered":"<p>Workshop de Revis\u00f5es Sistem\u00e1ticas de Literatura em Sistemas Multim\u00eddia e Web &#8211; Artigos Aceitos Computer Vision for Weapon Detection in Educational Environments: A Systematic Literature Review ARTIGO Maur\u00edcio Rodrigues Lima (UFG), Deller James Ferreira (UFG), Elis\u00e2ngela Silva Dias (UFG), Marcos Reges Mota (UFG), Ana Lu\u00edsa de Bastos Chagas (UFG),\u00a0 Pedro Lemes Sixel Lobo (UFG) \u00a0 [&hellip;]<\/p>\n","protected":false},"author":1,"featured_media":0,"parent":0,"menu_order":0,"comment_status":"closed","ping_status":"closed","template":"elementor_header_footer","meta":{"footnotes":""},"class_list":["post-1894","page","type-page","status-publish","hentry"],"_links":{"self":[{"href":"https:\/\/webmedia.org.br\/2024\/wp-json\/wp\/v2\/pages\/1894","targetHints":{"allow":["GET"]}}],"collection":[{"href":"https:\/\/webmedia.org.br\/2024\/wp-json\/wp\/v2\/pages"}],"about":[{"href":"https:\/\/webmedia.org.br\/2024\/wp-json\/wp\/v2\/types\/page"}],"author":[{"embeddable":true,"href":"https:\/\/webmedia.org.br\/2024\/wp-json\/wp\/v2\/users\/1"}],"replies":[{"embeddable":true,"href":"https:\/\/webmedia.org.br\/2024\/wp-json\/wp\/v2\/comments?post=1894"}],"version-history":[{"count":13,"href":"https:\/\/webmedia.org.br\/2024\/wp-json\/wp\/v2\/pages\/1894\/revisions"}],"predecessor-version":[{"id":1960,"href":"https:\/\/webmedia.org.br\/2024\/wp-json\/wp\/v2\/pages\/1894\/revisions\/1960"}],"wp:attachment":[{"href":"https:\/\/webmedia.org.br\/2024\/wp-json\/wp\/v2\/media?parent=1894"}],"curies":[{"name":"wp","href":"https:\/\/api.w.org\/{rel}","templated":true}]}}