{"id":1889,"date":"2024-09-12T10:03:54","date_gmt":"2024-09-12T13:03:54","guid":{"rendered":"https:\/\/webmedia.org.br\/2024\/?page_id=1889"},"modified":"2024-10-04T18:16:54","modified_gmt":"2024-10-04T21:16:54","slug":"workshop-de-ferramentas-e-aplicacoes-aceitos","status":"publish","type":"page","link":"https:\/\/webmedia.org.br\/2024\/workshop-de-ferramentas-e-aplicacoes-aceitos\/","title":{"rendered":"WFA | Workshop de Ferramentas e Aplica\u00e7\u00f5es Aceitos"},"content":{"rendered":"\t\t<div data-elementor-type=\"wp-page\" data-elementor-id=\"1889\" class=\"elementor elementor-1889\" data-elementor-post-type=\"page\">\n\t\t\t\t\t\t\t\t\t<section class=\"elementor-section elementor-top-section elementor-element elementor-element-995d100 elementor-section-height-min-height elementor-section-boxed elementor-section-height-default elementor-section-items-middle\" data-id=\"995d100\" data-element_type=\"section\" data-settings=\"{&quot;background_background&quot;:&quot;classic&quot;}\" data-e-bg-lazyload=\".elementor-background-overlay\">\n\t\t\t\t\t\t\t<div class=\"elementor-background-overlay\"><\/div>\n\t\t\t\t\t\t\t<div class=\"elementor-container elementor-column-gap-default\">\n\t\t\t\t\t<div class=\"elementor-column elementor-col-100 elementor-top-column elementor-element elementor-element-1a8bacab\" data-id=\"1a8bacab\" data-element_type=\"column\">\n\t\t\t<div class=\"elementor-widget-wrap elementor-element-populated\">\n\t\t\t\t\t\t\t\t<div class=\"elementor-element elementor-element-9d8a180 elementor-widget elementor-widget-heading\" data-id=\"9d8a180\" data-element_type=\"widget\" data-widget_type=\"heading.default\">\n\t\t\t\t<div class=\"elementor-widget-container\">\n\t\t\t<style>\/*! elementor - v3.15.0 - 31-07-2023 *\/\n.elementor-heading-title{padding:0;margin:0;line-height:1}.elementor-widget-heading .elementor-heading-title[class*=elementor-size-]>a{color:inherit;font-size:inherit;line-height:inherit}.elementor-widget-heading .elementor-heading-title.elementor-size-small{font-size:15px}.elementor-widget-heading .elementor-heading-title.elementor-size-medium{font-size:19px}.elementor-widget-heading .elementor-heading-title.elementor-size-large{font-size:29px}.elementor-widget-heading .elementor-heading-title.elementor-size-xl{font-size:39px}.elementor-widget-heading .elementor-heading-title.elementor-size-xxl{font-size:59px}<\/style><h1 class=\"elementor-heading-title elementor-size-default\">Workshop de Ferramentas e Aplica\u00e7\u00f5es - Trabalhos Aceitos<\/h1>\t\t<\/div>\n\t\t\t\t<\/div>\n\t\t\t\t\t<\/div>\n\t\t<\/div>\n\t\t\t\t\t\t\t<\/div>\n\t\t<\/section>\n\t\t\t\t<section class=\"elementor-section elementor-top-section elementor-element elementor-element-bf94b7a elementor-section-height-min-height elementor-section-boxed elementor-section-height-default elementor-section-items-middle\" data-id=\"bf94b7a\" data-element_type=\"section\">\n\t\t\t\t\t\t<div class=\"elementor-container elementor-column-gap-default\">\n\t\t\t\t\t<div class=\"elementor-column elementor-col-100 elementor-top-column elementor-element elementor-element-91a9634\" data-id=\"91a9634\" data-element_type=\"column\">\n\t\t\t<div class=\"elementor-widget-wrap elementor-element-populated\">\n\t\t\t\t\t\t\t\t<div class=\"elementor-element elementor-element-df941be elementor-widget elementor-widget-text-editor\" data-id=\"df941be\" data-element_type=\"widget\" data-widget_type=\"text-editor.default\">\n\t\t\t\t<div class=\"elementor-widget-container\">\n\t\t\t<style>\/*! elementor - v3.15.0 - 31-07-2023 *\/\n.elementor-widget-text-editor.elementor-drop-cap-view-stacked .elementor-drop-cap{background-color:#69727d;color:#fff}.elementor-widget-text-editor.elementor-drop-cap-view-framed .elementor-drop-cap{color:#69727d;border:3px solid;background-color:transparent}.elementor-widget-text-editor:not(.elementor-drop-cap-view-default) .elementor-drop-cap{margin-top:8px}.elementor-widget-text-editor:not(.elementor-drop-cap-view-default) .elementor-drop-cap-letter{width:1em;height:1em}.elementor-widget-text-editor .elementor-drop-cap{float:left;text-align:center;line-height:1;font-size:50px}.elementor-widget-text-editor .elementor-drop-cap-letter{display:inline-block}<\/style>\t\t\t\t<p><!-- wp:heading --><\/p>\n<h2 style=\"font-size: 1.75em;\"><strong>Arpeggion-H: Uma Interface Interativa para Reprodu\u00e7\u00e3o de \u00e1udio MPEG-H <\/strong><\/h2>\n<p><span style=\"font-size: 0.75em; padding: 2px 10px 2px 10px; border-radius: 3px; color: #fff; background-color: #003eba;\"><strong>ARTIGO<\/strong><\/span><\/p>\n<p><span style=\"font-weight: 400;\">Bruno Augusto R. de M. Moreira (UFF), D\u00e9bora C. Muchaluat-Saade (UFF)<\/span><\/p>\n<p>\u00a0<\/p>\n<h2 style=\"font-size: 1.75em;\"><strong>AvaliApp: instrumento de autoavalia\u00e7\u00e3o do cuidado em institui\u00e7\u00f5es de longa perman\u00eancia do idoso<\/strong><\/h2>\n<p><span style=\"font-size: 0.75em; padding: 2px 10px 2px 10px; border-radius: 3px; color: #fff; background-color: #003eba;\"><strong>ARTIGO<\/strong><\/span><\/p>\n<p><span style=\"font-weight: 400;\">Bernardo Oliveira (UFMG), Bruno Lu\u00eds de Carvalho Vieira (PMBH), Virg\u00ednia Fernandes Mota (UFMG)<\/span><\/p>\n<p>\u00a0<\/p>\n<h2 style=\"font-size: 1.75em;\"><strong>Campanha Eleitoral Legal: Detec\u00e7\u00e3o de Propaganda Eleitoral e A\u00e7\u00f5es Coordenadas de Campanha <\/strong><\/h2>\n<p><span style=\"font-size: 0.75em; padding: 2px 10px 2px 10px; border-radius: 3px; color: #fff; background-color: #003eba;\"><strong>ARTIGO<\/strong><\/span><\/p>\n<p><span style=\"font-weight: 400;\">M\u00e1rcio Silva (UFMG, UFMS), Marcelo M.R. Ara\u00fajo (UFMG), Carlos H. Gomes Ferreira (UFOP), Julio C.S. Reis (UFV), Ana Paula C. Silva (UFMG), Jussara M. Almeida (UFMG), Fabr\u00edcio Benevenuto (UFMG)<\/span><\/p>\n<p>\u00a0<\/p>\n<h2 style=\"font-size: 1.75em;\"><strong>Ferramenta para an\u00e1lises descritivas e preditivas em dados criminais: Um estudo de caso em Minas Gerais<\/strong><\/h2>\n<p><span style=\"font-size: 0.75em; padding: 2px 10px 2px 10px; border-radius: 3px; color: #fff; background-color: #003eba;\"><strong>ARTIGO<\/strong><\/span><\/p>\n<p><span style=\"font-weight: 400;\">Yan Andrade (UFSJ), Gabriel Amarante (UFMG), Matheus Pimenta (UFMG), Wagner Meira Jr. (UFMG), George Teodoro (UFMG), Leonardo Rocha (UFSJ), Renato Ferreira (UFMG)<\/span><\/p>\n<p>\u00a0<\/p>\n<h2 style=\"font-size: 1.75em;\"><strong>Flautim: A Federated Learning Platform using K8S and Flower <\/strong><\/h2>\n<p><span style=\"font-size: 0.75em; padding: 2px 10px 2px 10px; border-radius: 3px; color: #fff; background-color: #003eba;\"><strong>ARTIGO<\/strong><\/span><\/p>\n<p>Pedro H.S.S. Barros (UFMG), Marcelo Q.A. Oliveira (UFMG), Omid Orang (UFMG), Felipe A.R. da Silva (UFMG), Fabricio J. Erazo-Costa (UFMG), Allana Tavares Bastos (UFMG), Petr\u00f4nio C.L. Silva (IFNMG), Glauber Soares dos Santos (UFMG), Antonio A.F. Loureiro (UFMG), Mart\u00edn G\u00f3mez Ravetti (UFMG), Marcelo Azevedo Costa (UFMG), Frederico Gadelha Guimar\u00e3es (UFMG), Heitor S. Ramos (UFMG)<\/p>\n<p>\u00a0<\/p>\n<h2 style=\"font-size: 1.75em;\"><strong>Integra\u00e7\u00e3o de DAW com Infraestruturas Remotas de Processamento de \u00c1udio <\/strong><\/h2>\n<p><span style=\"font-size: 0.75em; padding: 2px 10px 2px 10px; border-radius: 3px; color: #fff; background-color: #003eba;\"><strong>ARTIGO<\/strong><\/span><\/p>\n<p><span style=\"font-weight: 400;\">Carlos E.C.F. Batista (UFPB), Gabriel B.F. Andrade (UFPB), Geovana M.S. Lima (UFPB), Caio M.C. Guedes (Music.AI)<\/span><\/p>\n<p>\u00a0<\/p>\n<h2 style=\"font-size: 1.75em;\"><strong>Jogos S\u00e9rios para Auxiliar o Exerc\u00edcio Cognitivo de Idosos Utilizando o Rob\u00f4 Social EVA <\/strong><\/h2>\n<p><span style=\"font-size: 0.75em; padding: 2px 10px 2px 10px; border-radius: 3px; color: #fff; background-color: #003eba;\"><strong>ARTIGO<\/strong><\/span><\/p>\n<p><span style=\"font-weight: 400;\">Pedro Lucas Pereira da Silva (UFF), Jo\u00e3o Vitor Carvalho Cecim (UFF), Marcelo Marques da Rocha (UFF), D\u00e9bora C. Muchaluat-Saade (UFF)<\/span><\/p>\n<p>\u00a0<\/p>\n<h2 style=\"font-size: 1.75em;\"><strong>LightningBR: Ferramenta Web para Visualiza\u00e7\u00e3o e An\u00e1lise de Ocorr\u00eancia de Raios no Brasil<\/strong><\/h2>\n<p><span style=\"font-size: 0.75em; padding: 2px 10px 2px 10px; border-radius: 3px; color: #fff; background-color: #003eba;\"><strong>ARTIGO<\/strong><\/span><\/p>\n<p><span style=\"font-weight: 400;\">Elton R. Alves (Unifesspa), Warley M.V. Junior (Unifesspa), Alife S. de Moraes (Unifesspa), Diogo da S. Alvino (Unifesspa), Andson M. Balieiro (UFPE)<\/span><\/p>\n<p>\u00a0<\/p>\n<h2 style=\"font-size: 1.75em;\"><strong>OlivesApp: Aplicativo de Classifica\u00e7\u00e3o do \u00cdndice de Matura\u00e7\u00e3o de Azeitonas atrav\u00e9s do YOLO V8<\/strong><\/h2>\n<p><span style=\"font-size: 0.75em; padding: 2px 10px 2px 10px; border-radius: 3px; color: #fff; background-color: #003eba;\"><strong>ARTIGO<\/strong><\/span><\/p>\n<p><span style=\"font-weight: 400;\">Diogo da S. Alvino (Unifesspa), Jhon Randler dos Santos Belarmino (Unifesspa), Warley M. Valente Junior (Unifesspa), Elton R. Alves (Unifesspa), Aline Santana Oliveira Valente (Unifesspa), Cleiton Ant\u00f4nio Nunes (UFLA), Amanda Carolina Souza Andrada Anconi (UFLA)<\/span><\/p>\n<p>\u00a0<\/p>\n<h2 style=\"font-size: 1.75em;\"><strong>PAR Digital: Uma Ferramenta Web em Prol da Educa\u00e7\u00e3o Inclusiva<\/strong><\/h2>\n<p><span style=\"font-size: 0.75em; padding: 2px 10px 2px 10px; border-radius: 3px; color: #fff; background-color: #003eba;\"><strong>ARTIGO<\/strong><\/span><\/p>\n<p><span style=\"font-weight: 400;\">Daniele C.S.\u00a0 Diniz (UFMG), Adriano C.M. Pereira (UFMG), Adriana Borges (UFMG), Adriana Vallad\u00e3o (UFMG), Maria Lu\u00edsa Nogueira (UFMG)<\/span><\/p>\n<p>\u00a0<\/p>\n<h2 style=\"font-size: 1.75em;\"><strong>Proposta de um framework de apoio \u00e0 etapa de avalia\u00e7\u00e3o de solu\u00e7\u00f5es computacionais <\/strong><\/h2>\n<p><span style=\"font-size: 0.75em; padding: 2px 10px 2px 10px; border-radius: 3px; color: #fff; background-color: #003eba;\"><strong>ARTIGO<\/strong><\/span><\/p>\n<p><span style=\"font-weight: 400;\">Suzane Santos dos Santos (USP), Marcus V. Santos Rodrigues (USP), Kamila Rios da Hora Rodrigues (USP)<\/span><\/p>\n<p>\u00a0<\/p>\n<p><!-- \/wp:table --><\/p>\t\t\t\t\t\t<\/div>\n\t\t\t\t<\/div>\n\t\t\t\t\t<\/div>\n\t\t<\/div>\n\t\t\t\t\t\t\t<\/div>\n\t\t<\/section>\n\t\t\t\t\t\t\t<\/div>\n\t\t","protected":false},"excerpt":{"rendered":"<p>Workshop de Ferramentas e Aplica\u00e7\u00f5es &#8211; Trabalhos Aceitos Arpeggion-H: Uma Interface Interativa para Reprodu\u00e7\u00e3o de \u00e1udio MPEG-H ARTIGO Bruno Augusto R. de M. Moreira (UFF), D\u00e9bora C. Muchaluat-Saade (UFF) \u00a0 AvaliApp: instrumento de autoavalia\u00e7\u00e3o do cuidado em institui\u00e7\u00f5es de longa perman\u00eancia do idoso ARTIGO Bernardo Oliveira (UFMG), Bruno Lu\u00eds de Carvalho Vieira (PMBH), Virg\u00ednia Fernandes [&hellip;]<\/p>\n","protected":false},"author":1,"featured_media":0,"parent":0,"menu_order":0,"comment_status":"closed","ping_status":"closed","template":"elementor_header_footer","meta":{"footnotes":""},"class_list":["post-1889","page","type-page","status-publish","hentry"],"_links":{"self":[{"href":"https:\/\/webmedia.org.br\/2024\/wp-json\/wp\/v2\/pages\/1889","targetHints":{"allow":["GET"]}}],"collection":[{"href":"https:\/\/webmedia.org.br\/2024\/wp-json\/wp\/v2\/pages"}],"about":[{"href":"https:\/\/webmedia.org.br\/2024\/wp-json\/wp\/v2\/types\/page"}],"author":[{"embeddable":true,"href":"https:\/\/webmedia.org.br\/2024\/wp-json\/wp\/v2\/users\/1"}],"replies":[{"embeddable":true,"href":"https:\/\/webmedia.org.br\/2024\/wp-json\/wp\/v2\/comments?post=1889"}],"version-history":[{"count":20,"href":"https:\/\/webmedia.org.br\/2024\/wp-json\/wp\/v2\/pages\/1889\/revisions"}],"predecessor-version":[{"id":2119,"href":"https:\/\/webmedia.org.br\/2024\/wp-json\/wp\/v2\/pages\/1889\/revisions\/2119"}],"wp:attachment":[{"href":"https:\/\/webmedia.org.br\/2024\/wp-json\/wp\/v2\/media?parent=1889"}],"curies":[{"name":"wp","href":"https:\/\/api.w.org\/{rel}","templated":true}]}}