{"id":1884,"date":"2024-09-12T09:56:10","date_gmt":"2024-09-12T12:56:10","guid":{"rendered":"https:\/\/webmedia.org.br\/2024\/?page_id=1884"},"modified":"2024-09-12T10:46:37","modified_gmt":"2024-09-12T13:46:37","slug":"concurso-de-trabalhos-de-iniciacao-cientifica-aceitos","status":"publish","type":"page","link":"https:\/\/webmedia.org.br\/2024\/concurso-de-trabalhos-de-iniciacao-cientifica-aceitos\/","title":{"rendered":"CTIC | Concurso de Trabalhos de Inicia\u00e7\u00e3o Cient\u00edfica Aceitos"},"content":{"rendered":"\t\t<div data-elementor-type=\"wp-page\" data-elementor-id=\"1884\" class=\"elementor elementor-1884\" data-elementor-post-type=\"page\">\n\t\t\t\t\t\t\t\t\t<section class=\"elementor-section elementor-top-section elementor-element elementor-element-995d100 elementor-section-height-min-height elementor-section-boxed elementor-section-height-default elementor-section-items-middle\" data-id=\"995d100\" data-element_type=\"section\" data-settings=\"{&quot;background_background&quot;:&quot;classic&quot;}\" data-e-bg-lazyload=\".elementor-background-overlay\">\n\t\t\t\t\t\t\t<div class=\"elementor-background-overlay\"><\/div>\n\t\t\t\t\t\t\t<div class=\"elementor-container elementor-column-gap-default\">\n\t\t\t\t\t<div class=\"elementor-column elementor-col-100 elementor-top-column elementor-element elementor-element-1a8bacab\" data-id=\"1a8bacab\" data-element_type=\"column\">\n\t\t\t<div class=\"elementor-widget-wrap elementor-element-populated\">\n\t\t\t\t\t\t\t\t<div class=\"elementor-element elementor-element-9d8a180 elementor-widget elementor-widget-heading\" data-id=\"9d8a180\" data-element_type=\"widget\" data-widget_type=\"heading.default\">\n\t\t\t\t<div class=\"elementor-widget-container\">\n\t\t\t<style>\/*! elementor - v3.15.0 - 31-07-2023 *\/\n.elementor-heading-title{padding:0;margin:0;line-height:1}.elementor-widget-heading .elementor-heading-title[class*=elementor-size-]>a{color:inherit;font-size:inherit;line-height:inherit}.elementor-widget-heading .elementor-heading-title.elementor-size-small{font-size:15px}.elementor-widget-heading .elementor-heading-title.elementor-size-medium{font-size:19px}.elementor-widget-heading .elementor-heading-title.elementor-size-large{font-size:29px}.elementor-widget-heading .elementor-heading-title.elementor-size-xl{font-size:39px}.elementor-widget-heading .elementor-heading-title.elementor-size-xxl{font-size:59px}<\/style><h1 class=\"elementor-heading-title elementor-size-default\">Concurso de Trabalhos de Inicia\u00e7\u00e3o Cient\u00edfica - Trabalhos Aceitos<\/h1>\t\t<\/div>\n\t\t\t\t<\/div>\n\t\t\t\t\t<\/div>\n\t\t<\/div>\n\t\t\t\t\t\t\t<\/div>\n\t\t<\/section>\n\t\t\t\t<section class=\"elementor-section elementor-top-section elementor-element elementor-element-bf94b7a elementor-section-height-min-height elementor-section-boxed elementor-section-height-default elementor-section-items-middle\" data-id=\"bf94b7a\" data-element_type=\"section\">\n\t\t\t\t\t\t<div class=\"elementor-container elementor-column-gap-default\">\n\t\t\t\t\t<div class=\"elementor-column elementor-col-100 elementor-top-column elementor-element elementor-element-91a9634\" data-id=\"91a9634\" data-element_type=\"column\">\n\t\t\t<div class=\"elementor-widget-wrap elementor-element-populated\">\n\t\t\t\t\t\t\t\t<div class=\"elementor-element elementor-element-df941be elementor-widget elementor-widget-text-editor\" data-id=\"df941be\" data-element_type=\"widget\" data-widget_type=\"text-editor.default\">\n\t\t\t\t<div class=\"elementor-widget-container\">\n\t\t\t<style>\/*! elementor - v3.15.0 - 31-07-2023 *\/\n.elementor-widget-text-editor.elementor-drop-cap-view-stacked .elementor-drop-cap{background-color:#69727d;color:#fff}.elementor-widget-text-editor.elementor-drop-cap-view-framed .elementor-drop-cap{color:#69727d;border:3px solid;background-color:transparent}.elementor-widget-text-editor:not(.elementor-drop-cap-view-default) .elementor-drop-cap{margin-top:8px}.elementor-widget-text-editor:not(.elementor-drop-cap-view-default) .elementor-drop-cap-letter{width:1em;height:1em}.elementor-widget-text-editor .elementor-drop-cap{float:left;text-align:center;line-height:1;font-size:50px}.elementor-widget-text-editor .elementor-drop-cap-letter{display:inline-block}<\/style>\t\t\t\t<p><!-- wp:heading --><\/p>\n<h2 style=\"font-size: 1.75em;\"><strong>A social curiosity-driven approach to analyzing the information dissemination in Telegram political groups<\/strong><\/h2>\n<p><span style=\"font-size: 0.75em; padding: 2px 10px 2px 10px; border-radius: 3px; color: #fff; background-color: #003eba;\"><strong>INICIA\u00c7\u00c3O CIENT\u00cdFICA<\/strong><\/span><\/p>\n<p><span style=\"font-weight: 400;\">Francisco F. Vasconcelos (UFOP), Alexandre M. de Sousa (UFOP), Jussara M. Almeida (UFMG)<\/span><\/p>\n<p>\u00a0<\/p>\n<h2 style=\"font-size: 1.75em;\"><strong>An\u00e1lise Comparativa dos Artigos de Filmes Indicados ao Oscar em Tr\u00eas Vers\u00f5es da Wikip\u00e9dia <\/strong><\/h2>\n<p><span style=\"font-size: 0.75em; padding: 2px 10px 2px 10px; border-radius: 3px; color: #fff; background-color: #003eba;\"><strong>INICIA\u00c7\u00c3O CIENT\u00cdFICA<\/strong><\/span><\/p>\n<p><span style=\"font-weight: 400;\">Cec\u00edlia Junqueira V.M. Pereira (UFMG), Marisa Affonso Vasconcelos (UFMG), Ana Paula Couto da Silva (UFMG)<\/span><\/p>\n<p>\u00a0<\/p>\n<h2 style=\"font-size: 1.75em;\"><strong>ARIA e Interactive Access: projetando chatbots para idosos <\/strong><\/h2>\n<p><span style=\"font-size: 0.75em; padding: 2px 10px 2px 10px; border-radius: 3px; color: #fff; background-color: #003eba;\"><strong>INICIA\u00c7\u00c3O CIENT\u00cdFICA<\/strong><\/span><\/p>\n<p><span style=\"font-weight: 400;\">Carlos Nery Ribeiro (USP), Cynthya Let\u00edcia Teles de Oliveira (USP), Lucas Padilha Modesto de Araujo (USP), Kamila Rios da Hora Rodrigues (USP), Marcelo Garcia Manzato (USP)<\/span><\/p>\n<p>\u00a0<\/p>\n<h2 style=\"font-size: 1.75em;\"><strong>Evaluating Zero-Shot Large Language Models Recommenders on Popularity Bias and Unfairness: A Comparative Approach to Traditional Algorithms<\/strong><\/h2>\n<p><span style=\"font-size: 0.75em; padding: 2px 10px 2px 10px; border-radius: 3px; color: #fff; background-color: #003eba;\"><strong>INICIA\u00c7\u00c3O CIENT\u00cdFICA<\/strong><\/span><\/p>\n<p><span style=\"font-weight: 400;\">Gustavo Mendon\u00e7a Ortega (USP), Rodrigo Ferrari de Souza (USP), Marcelo Garcia Manzato (USP)<\/span><\/p>\n<p>\u00a0<\/p>\n<h2 style=\"font-size: 1.75em;\"><strong>Impulsionando a descoberta de tratamentos na medicina atrav\u00e9s da representa\u00e7\u00e3o distribu\u00edda de palavras <\/strong><\/h2>\n<p><span style=\"font-size: 0.75em; padding: 2px 10px 2px 10px; border-radius: 3px; color: #fff; background-color: #003eba;\"><strong>INICIA\u00c7\u00c3O CIENT\u00cdFICA<\/strong><\/span><\/p>\n<p><span style=\"font-weight: 400;\">Matheus V. V. Berto (UFSCar), Tiago A. Almeida (UFSCar)<\/span><\/p>\n<p>\u00a0<\/p>\n<h2><strong>iRev: Um framework de avalia\u00e7\u00e3o de sistemas de recomenda\u00e7\u00e3o baseados coment\u00e1rios textuais<\/strong><\/h2>\n<p><span style=\"font-size: 0.75em; padding: 2px 10px 2px 10px; border-radius: 3px; color: #fff; background-color: #003eba;\"><strong>INICIA\u00c7\u00c3O CIENT\u00cdFICA<\/strong><\/span><\/p>\n<p><span style=\"font-weight: 400;\">Guilherme Bittencourt (UFSJ), Naan Vasconcelos (UFSJ), Leonardo Rocha (UFSJ)<\/span><\/p>\n<p>\u00a0<\/p>\n<h2 style=\"font-size: 1.75em;\"><strong>Modelagem do Interesse por \u00c1reas Urbanas Usando Redes Sociais Baseadas em Localiza\u00e7\u00e3o<\/strong><\/h2>\n<p><span style=\"font-size: 0.75em; padding: 2px 10px 2px 10px; border-radius: 3px; color: #fff; background-color: #003eba;\"><strong>INICIA\u00c7\u00c3O CIENT\u00cdFICA<\/strong><\/span><\/p>\n<p><span style=\"font-weight: 400;\">Gustavo H. Santos (UTFPR), Myriam Delgado (UTFPR), Thiago H. Silva (UTFPR)<\/span><\/p>\n<p>\u00a0<\/p>\n<h2 style=\"font-size: 1.75em;\"><strong>Modelagem e an\u00e1lise de redes sociais atrav\u00e9s de hipergrafos<\/strong><\/h2>\n<p><span style=\"font-size: 0.75em; padding: 2px 10px 2px 10px; border-radius: 3px; color: #fff; background-color: #003eba;\"><strong>INICIA\u00c7\u00c3O CIENT\u00cdFICA<\/strong><\/span><\/p>\n<p><span style=\"font-weight: 400;\">Matheus H. B. dos Santos (UFSJ), <\/span><span style=\"font-weight: 400;\">Vin\u00edcius da F. Vieira (UFSJ), Carolina R. Xavier (UFSJ), <\/span><span style=\"font-weight: 400;\">Jussara M. Almeida (UFMG)<\/span><\/p>\n<p>\u00a0<\/p>\n<p>\u00a0<\/p>\n<p><!-- \/wp:table --><\/p>\t\t\t\t\t\t<\/div>\n\t\t\t\t<\/div>\n\t\t\t\t\t<\/div>\n\t\t<\/div>\n\t\t\t\t\t\t\t<\/div>\n\t\t<\/section>\n\t\t\t\t\t\t\t<\/div>\n\t\t","protected":false},"excerpt":{"rendered":"<p>Concurso de Trabalhos de Inicia\u00e7\u00e3o Cient\u00edfica &#8211; Trabalhos Aceitos A social curiosity-driven approach to analyzing the information dissemination in Telegram political groups INICIA\u00c7\u00c3O CIENT\u00cdFICA Francisco F. Vasconcelos (UFOP), Alexandre M. de Sousa (UFOP), Jussara M. Almeida (UFMG) \u00a0 An\u00e1lise Comparativa dos Artigos de Filmes Indicados ao Oscar em Tr\u00eas Vers\u00f5es da Wikip\u00e9dia INICIA\u00c7\u00c3O CIENT\u00cdFICA Cec\u00edlia [&hellip;]<\/p>\n","protected":false},"author":1,"featured_media":0,"parent":0,"menu_order":0,"comment_status":"closed","ping_status":"closed","template":"elementor_header_footer","meta":{"footnotes":""},"class_list":["post-1884","page","type-page","status-publish","hentry"],"_links":{"self":[{"href":"https:\/\/webmedia.org.br\/2024\/wp-json\/wp\/v2\/pages\/1884","targetHints":{"allow":["GET"]}}],"collection":[{"href":"https:\/\/webmedia.org.br\/2024\/wp-json\/wp\/v2\/pages"}],"about":[{"href":"https:\/\/webmedia.org.br\/2024\/wp-json\/wp\/v2\/types\/page"}],"author":[{"embeddable":true,"href":"https:\/\/webmedia.org.br\/2024\/wp-json\/wp\/v2\/users\/1"}],"replies":[{"embeddable":true,"href":"https:\/\/webmedia.org.br\/2024\/wp-json\/wp\/v2\/comments?post=1884"}],"version-history":[{"count":10,"href":"https:\/\/webmedia.org.br\/2024\/wp-json\/wp\/v2\/pages\/1884\/revisions"}],"predecessor-version":[{"id":1942,"href":"https:\/\/webmedia.org.br\/2024\/wp-json\/wp\/v2\/pages\/1884\/revisions\/1942"}],"wp:attachment":[{"href":"https:\/\/webmedia.org.br\/2024\/wp-json\/wp\/v2\/media?parent=1884"}],"curies":[{"name":"wp","href":"https:\/\/api.w.org\/{rel}","templated":true}]}}