{"id":1879,"date":"2024-09-12T09:41:17","date_gmt":"2024-09-12T12:41:17","guid":{"rendered":"https:\/\/webmedia.org.br\/2024\/?page_id=1879"},"modified":"2024-09-12T10:46:19","modified_gmt":"2024-09-12T13:46:19","slug":"concurso-de-teses-e-dissertacoes-aceitos","status":"publish","type":"page","link":"https:\/\/webmedia.org.br\/2024\/concurso-de-teses-e-dissertacoes-aceitos\/","title":{"rendered":"CTD | Concurso de Teses e Disserta\u00e7\u00f5es Aceitos"},"content":{"rendered":"\t\t<div data-elementor-type=\"wp-page\" data-elementor-id=\"1879\" class=\"elementor elementor-1879\" data-elementor-post-type=\"page\">\n\t\t\t\t\t\t\t\t\t<section class=\"elementor-section elementor-top-section elementor-element elementor-element-995d100 elementor-section-height-min-height elementor-section-boxed elementor-section-height-default elementor-section-items-middle\" data-id=\"995d100\" data-element_type=\"section\" data-settings=\"{&quot;background_background&quot;:&quot;classic&quot;}\" data-e-bg-lazyload=\".elementor-background-overlay\">\n\t\t\t\t\t\t\t<div class=\"elementor-background-overlay\"><\/div>\n\t\t\t\t\t\t\t<div class=\"elementor-container elementor-column-gap-default\">\n\t\t\t\t\t<div class=\"elementor-column elementor-col-100 elementor-top-column elementor-element elementor-element-1a8bacab\" data-id=\"1a8bacab\" data-element_type=\"column\">\n\t\t\t<div class=\"elementor-widget-wrap elementor-element-populated\">\n\t\t\t\t\t\t\t\t<div class=\"elementor-element elementor-element-9d8a180 elementor-widget elementor-widget-heading\" data-id=\"9d8a180\" data-element_type=\"widget\" data-widget_type=\"heading.default\">\n\t\t\t\t<div class=\"elementor-widget-container\">\n\t\t\t<style>\/*! elementor - v3.15.0 - 31-07-2023 *\/\n.elementor-heading-title{padding:0;margin:0;line-height:1}.elementor-widget-heading .elementor-heading-title[class*=elementor-size-]>a{color:inherit;font-size:inherit;line-height:inherit}.elementor-widget-heading .elementor-heading-title.elementor-size-small{font-size:15px}.elementor-widget-heading .elementor-heading-title.elementor-size-medium{font-size:19px}.elementor-widget-heading .elementor-heading-title.elementor-size-large{font-size:29px}.elementor-widget-heading .elementor-heading-title.elementor-size-xl{font-size:39px}.elementor-widget-heading .elementor-heading-title.elementor-size-xxl{font-size:59px}<\/style><h1 class=\"elementor-heading-title elementor-size-default\">Concurso de Teses e Disserta\u00e7\u00f5es - Trabalhos Aceitos<\/h1>\t\t<\/div>\n\t\t\t\t<\/div>\n\t\t\t\t\t<\/div>\n\t\t<\/div>\n\t\t\t\t\t\t\t<\/div>\n\t\t<\/section>\n\t\t\t\t<section class=\"elementor-section elementor-top-section elementor-element elementor-element-bf94b7a elementor-section-height-min-height elementor-section-boxed elementor-section-height-default elementor-section-items-middle\" data-id=\"bf94b7a\" data-element_type=\"section\">\n\t\t\t\t\t\t<div class=\"elementor-container elementor-column-gap-default\">\n\t\t\t\t\t<div class=\"elementor-column elementor-col-100 elementor-top-column elementor-element elementor-element-91a9634\" data-id=\"91a9634\" data-element_type=\"column\">\n\t\t\t<div class=\"elementor-widget-wrap elementor-element-populated\">\n\t\t\t\t\t\t\t\t<div class=\"elementor-element elementor-element-df941be elementor-widget elementor-widget-text-editor\" data-id=\"df941be\" data-element_type=\"widget\" data-widget_type=\"text-editor.default\">\n\t\t\t\t<div class=\"elementor-widget-container\">\n\t\t\t<style>\/*! elementor - v3.15.0 - 31-07-2023 *\/\n.elementor-widget-text-editor.elementor-drop-cap-view-stacked .elementor-drop-cap{background-color:#69727d;color:#fff}.elementor-widget-text-editor.elementor-drop-cap-view-framed .elementor-drop-cap{color:#69727d;border:3px solid;background-color:transparent}.elementor-widget-text-editor:not(.elementor-drop-cap-view-default) .elementor-drop-cap{margin-top:8px}.elementor-widget-text-editor:not(.elementor-drop-cap-view-default) .elementor-drop-cap-letter{width:1em;height:1em}.elementor-widget-text-editor .elementor-drop-cap{float:left;text-align:center;line-height:1;font-size:50px}.elementor-widget-text-editor .elementor-drop-cap-letter{display:inline-block}<\/style>\t\t\t\t<p><!-- wp:heading --><\/p>\n<h2 style=\"font-size: 1.75em;\"><strong>Dimensional Speech Emotion Recognition: a Bimodal Approach <\/strong><\/h2>\n<p><span style=\"font-size: 0.75em; padding: 2px 10px 2px 10px; border-radius: 3px; color: #fff; background-color: #003eba;\"><strong>DISSERTA\u00c7\u00c3O DE MESTRADO<\/strong><\/span><\/p>\n<p><span style=\"font-weight: 400;\">Larissa Guder (PUCRS), Jo\u00e3o Paulo Aires (PUCRS), Dalvan Griebler (PUCRS)<\/span><\/p>\n<p>\u00a0<\/p>\n<h2 style=\"font-size: 1.75em;\"><strong>Diretrizes de apoio ao processo de constru\u00e7\u00e3o de sistemas conversacionais de recomenda\u00e7\u00e3o acess\u00edveis: um estudo com usu\u00e1rios idosos <\/strong><\/h2>\n<p><span style=\"font-size: 0.75em; padding: 2px 10px 2px 10px; border-radius: 3px; color: #fff; background-color: #003eba;\"><strong>DISSERTA\u00c7\u00c3O DE MESTRADO<\/strong><\/span><\/p>\n<p><span style=\"font-weight: 400;\">Lucas Araujo (USP), Kamila Rodrigues (USP), Marcelo G. Manzato (USP)<\/span><\/p>\n<p>\u00a0<\/p>\n<h2 style=\"font-size: 1.75em;\"><strong>Explorando Formas de Calibra\u00e7\u00e3o e Redu\u00e7\u00e3o do Vi\u00e9s de Popularidade em Sistemas de Recomenda\u00e7\u00e3o<\/strong><\/h2>\n<p><span style=\"font-size: 0.75em; padding: 2px 10px 2px 10px; border-radius: 3px; color: #fff; background-color: #003eba;\"><strong>DISSERTA\u00c7\u00c3O DE MESTRADO<\/strong><\/span><\/p>\n<p><span style=\"font-weight: 400;\">Rodrigo F. Souza (USP), Marcelo G. Manzato (USP)<\/span><\/p>\n<p>\u00a0<\/p>\n<h2 style=\"font-size: 1.75em;\"><strong>Furando a Bolha: Nudges Digitais em Sistemas de Recomenda\u00e7\u00e3o <\/strong><\/h2>\n<p><span style=\"font-size: 0.75em; padding: 2px 10px 2px 10px; border-radius: 3px; color: #fff; background-color: #003eba;\"><strong>DISSERTA\u00c7\u00c3O DE MESTRADO<\/strong><\/span><\/p>\n<p><span style=\"font-weight: 400;\">Gabrielle Alves (USP), Marcelo G. Manzato (USP)<\/span><\/p>\n<p>\u00a0<\/p>\n<h2 style=\"font-size: 1.75em;\"><strong>Mitigando os Limites das M\u00e9tricas Atuais de Avalia\u00e7\u00e3o de Estrat\u00e9gias de Modelagem de T\u00f3picos<\/strong><\/h2>\n<p><span style=\"font-size: 0.75em; padding: 2px 10px 2px 10px; border-radius: 3px; color: #fff; background-color: #003eba;\"><strong>DISSERTA\u00c7\u00c3O DE MESTRADO<\/strong><\/span><\/p>\n<p><span style=\"font-weight: 400;\">Ant\u00f4nio Pereira de Souza J\u00fanior (UFSJ), Felipe Augusto Resende Viegas (UFSJ), Leonardo Rocha (UFSJ)<\/span><\/p>\n<p>\u00a0<\/p>\n<h2 style=\"font-size: 1.75em;\"><strong>Autoria Imersiva em Realidade Virtual para Aplica\u00e7\u00f5es Mulsem\u00eddia Interativas <\/strong><\/h2>\n<p><span style=\"font-size: 0.75em; padding: 2px 10px 2px 10px; border-radius: 3px; color: #fff; background-color: #00ccff;\"><strong>TESE DE DOUTORADO<\/strong><\/span><\/p>\n<p><span style=\"font-weight: 400;\">Fl\u00e1vio Miranda de Farias (UFF), D\u00e9bora C. Muchaluat-Saade (UFF)<\/span><\/p>\n<p>\u00a0<\/p>\n<h2 style=\"font-size: 1.75em;\"><strong>Depression Symptoms Identification through Social Media Data: Applying Design Science Research to Develop a Classification Model <\/strong><\/h2>\n<p><span style=\"font-size: 0.75em; padding: 2px 10px 2px 10px; border-radius: 3px; color: #fff; background-color: #00ccff;\"><strong>TESE DE DOUTORADO<\/strong><\/span><\/p>\n<p><span style=\"font-weight: 400;\">Silas Lima Filho (UFRJ), Monica Ferreira da Silva (UFRJ), Jonice Oliveira (UFRJ)<\/span><\/p>\n<p>\u00a0<\/p>\n<h2 style=\"font-size: 1.75em;\"><strong>Um Estudo Aprofundado sobre Grupos Sem\u00e2nticos de Palavras &#8211; CluWords &#8211; em tarefas de PLN<\/strong><\/h2>\n<p><span style=\"font-size: 0.75em; padding: 2px 10px 2px 10px; border-radius: 3px; color: #fff; background-color: #00ccff;\"><strong>TESE DE DOUTORADO<\/strong><\/span><\/p>\n<p><span style=\"font-weight: 400;\">Felipe Viegas (UFMG), Leonardo Rocha (UFSJ), Marcos Andr\u00e9 Gon\u00e7alves (UFMG)<\/span><\/p>\n<p>\u00a0<\/p>\n<h2 style=\"font-size: 1.75em;\"><strong>Paraleliza\u00e7\u00e3o de Tarefas de Codifica\u00e7\u00e3o de V\u00eddeo VVC utilizando GPGPUs <\/strong><\/h2>\n<p><span style=\"font-size: 0.75em; padding: 2px 10px 2px 10px; border-radius: 3px; color: #fff; background-color: #00ccff;\"><strong>TESE DE DOUTORADO<\/strong><\/span><\/p>\n<p><span style=\"font-weight: 400;\">Iago Storch (UFRGS), <\/span><span style=\"font-weight: 400;\">Daniel Palomino (UFPel),<\/span><span style=\"font-weight: 400;\"> Sergio Bampi (UFRGS)<\/span><\/p>\n<p>\u00a0<\/p>\n<h2 style=\"font-size: 1.75em;\"><strong>Understanding Musical Success Beyond Hit Songs: Characterization and Analyses of Musical Careers <\/strong><\/h2>\n<p><span style=\"font-size: 0.75em; padding: 2px 10px 2px 10px; border-radius: 3px; color: #fff; background-color: #00ccff;\"><strong>TESE DE DOUTORADO<\/strong><\/span><\/p>\n<p><span style=\"font-weight: 400;\">Danilo Boechat Seufitelli (UFMG), Mirella M. Moro (UFMG)<\/span><\/p>\n<p>\u00a0<\/p>\n<h2 style=\"font-size: 1.75em;\"><strong>Urban Perception Extraction from Texts Shared on Social Media: Framework and Applications <\/strong><\/h2>\n<p><span style=\"font-size: 0.75em; padding: 2px 10px 2px 10px; border-radius: 3px; color: #fff; background-color: #00ccff;\"><strong>TESE DE DOUTORADO<\/strong><\/span><\/p>\n<p><span style=\"font-weight: 400;\">Frances Albert Santos (Unicamp), Thiago Henrique Silva (UTFPR), Leandro Aparecido Villas (Unicamp)<\/span><\/p>\n<p>\u00a0<\/p>\n<p>\u00a0<\/p>\n<p><!-- \/wp:table --><\/p>\t\t\t\t\t\t<\/div>\n\t\t\t\t<\/div>\n\t\t\t\t\t<\/div>\n\t\t<\/div>\n\t\t\t\t\t\t\t<\/div>\n\t\t<\/section>\n\t\t\t\t\t\t\t<\/div>\n\t\t","protected":false},"excerpt":{"rendered":"<p>Concurso de Teses e Disserta\u00e7\u00f5es &#8211; Trabalhos Aceitos Dimensional Speech Emotion Recognition: a Bimodal Approach DISSERTA\u00c7\u00c3O DE MESTRADO Larissa Guder (PUCRS), Jo\u00e3o Paulo Aires (PUCRS), Dalvan Griebler (PUCRS) \u00a0 Diretrizes de apoio ao processo de constru\u00e7\u00e3o de sistemas conversacionais de recomenda\u00e7\u00e3o acess\u00edveis: um estudo com usu\u00e1rios idosos DISSERTA\u00c7\u00c3O DE MESTRADO Lucas Araujo (USP), Kamila Rodrigues [&hellip;]<\/p>\n","protected":false},"author":1,"featured_media":0,"parent":0,"menu_order":0,"comment_status":"closed","ping_status":"closed","template":"elementor_header_footer","meta":{"footnotes":""},"class_list":["post-1879","page","type-page","status-publish","hentry"],"_links":{"self":[{"href":"https:\/\/webmedia.org.br\/2024\/wp-json\/wp\/v2\/pages\/1879","targetHints":{"allow":["GET"]}}],"collection":[{"href":"https:\/\/webmedia.org.br\/2024\/wp-json\/wp\/v2\/pages"}],"about":[{"href":"https:\/\/webmedia.org.br\/2024\/wp-json\/wp\/v2\/types\/page"}],"author":[{"embeddable":true,"href":"https:\/\/webmedia.org.br\/2024\/wp-json\/wp\/v2\/users\/1"}],"replies":[{"embeddable":true,"href":"https:\/\/webmedia.org.br\/2024\/wp-json\/wp\/v2\/comments?post=1879"}],"version-history":[{"count":11,"href":"https:\/\/webmedia.org.br\/2024\/wp-json\/wp\/v2\/pages\/1879\/revisions"}],"predecessor-version":[{"id":1939,"href":"https:\/\/webmedia.org.br\/2024\/wp-json\/wp\/v2\/pages\/1879\/revisions\/1939"}],"wp:attachment":[{"href":"https:\/\/webmedia.org.br\/2024\/wp-json\/wp\/v2\/media?parent=1879"}],"curies":[{"name":"wp","href":"https:\/\/api.w.org\/{rel}","templated":true}]}}