{"id":1367,"date":"2024-09-03T11:11:44","date_gmt":"2024-09-03T14:11:44","guid":{"rendered":"https:\/\/webmedia.org.br\/2024\/?page_id=1367"},"modified":"2024-09-05T19:16:10","modified_gmt":"2024-09-05T22:16:10","slug":"juiz-de-fora-como-chegar","status":"publish","type":"page","link":"https:\/\/webmedia.org.br\/2024\/juiz-de-fora-como-chegar\/","title":{"rendered":"Juiz de Fora &#8211; Como chegar"},"content":{"rendered":"\t\t<div data-elementor-type=\"wp-page\" data-elementor-id=\"1367\" class=\"elementor elementor-1367\" data-elementor-post-type=\"page\">\n\t\t\t\t\t\t\t\t\t<section class=\"elementor-section elementor-top-section elementor-element elementor-element-995d100 elementor-section-height-min-height elementor-section-boxed elementor-section-height-default elementor-section-items-middle\" data-id=\"995d100\" data-element_type=\"section\" data-settings=\"{&quot;background_background&quot;:&quot;classic&quot;}\" data-e-bg-lazyload=\".elementor-background-overlay\">\n\t\t\t\t\t\t\t<div class=\"elementor-background-overlay\"><\/div>\n\t\t\t\t\t\t\t<div class=\"elementor-container elementor-column-gap-default\">\n\t\t\t\t\t<div class=\"elementor-column elementor-col-100 elementor-top-column elementor-element elementor-element-1a8bacab\" data-id=\"1a8bacab\" data-element_type=\"column\">\n\t\t\t<div class=\"elementor-widget-wrap elementor-element-populated\">\n\t\t\t\t\t\t\t\t<div class=\"elementor-element elementor-element-9d8a180 elementor-widget elementor-widget-heading\" data-id=\"9d8a180\" data-element_type=\"widget\" data-widget_type=\"heading.default\">\n\t\t\t\t<div class=\"elementor-widget-container\">\n\t\t\t<style>\/*! elementor - v3.15.0 - 31-07-2023 *\/\n.elementor-heading-title{padding:0;margin:0;line-height:1}.elementor-widget-heading .elementor-heading-title[class*=elementor-size-]>a{color:inherit;font-size:inherit;line-height:inherit}.elementor-widget-heading .elementor-heading-title.elementor-size-small{font-size:15px}.elementor-widget-heading .elementor-heading-title.elementor-size-medium{font-size:19px}.elementor-widget-heading .elementor-heading-title.elementor-size-large{font-size:29px}.elementor-widget-heading .elementor-heading-title.elementor-size-xl{font-size:39px}.elementor-widget-heading .elementor-heading-title.elementor-size-xxl{font-size:59px}<\/style><h1 class=\"elementor-heading-title elementor-size-default\">Juiz de Fora - Como chegar<\/h1>\t\t<\/div>\n\t\t\t\t<\/div>\n\t\t\t\t\t<\/div>\n\t\t<\/div>\n\t\t\t\t\t\t\t<\/div>\n\t\t<\/section>\n\t\t<div class=\"elementor-element elementor-element-7568a59 e-flex e-con-boxed e-con\" data-id=\"7568a59\" data-element_type=\"container\" data-settings=\"{&quot;content_width&quot;:&quot;boxed&quot;}\">\n\t\t\t\t\t<div class=\"e-con-inner\">\n\t\t<div class=\"elementor-element elementor-element-cd76eb6 e-con-full e-flex e-con\" data-id=\"cd76eb6\" data-element_type=\"container\" data-settings=\"{&quot;content_width&quot;:&quot;full&quot;}\">\n\t\t\t\t<\/div>\n\t\t<div class=\"elementor-element elementor-element-f789b89 e-con-full e-flex e-con\" data-id=\"f789b89\" data-element_type=\"container\" data-settings=\"{&quot;content_width&quot;:&quot;full&quot;}\">\n\t\t\t\t<\/div>\n\t\t\t\t\t<\/div>\n\t\t\t\t<\/div>\n\t\t<div class=\"elementor-element elementor-element-3730d5b e-flex e-con-boxed e-con\" data-id=\"3730d5b\" data-element_type=\"container\" data-settings=\"{&quot;content_width&quot;:&quot;boxed&quot;}\">\n\t\t\t\t\t<div class=\"e-con-inner\">\n\t\t<div class=\"elementor-element elementor-element-b2d44f5 e-con-full e-flex e-con\" data-id=\"b2d44f5\" data-element_type=\"container\" data-settings=\"{&quot;content_width&quot;:&quot;full&quot;}\">\n\t\t\t\t<\/div>\n\t\t<div class=\"elementor-element elementor-element-0a98531 e-con-full e-flex e-con\" data-id=\"0a98531\" data-element_type=\"container\" data-settings=\"{&quot;content_width&quot;:&quot;full&quot;}\">\n\t\t\t\t<\/div>\n\t\t\t\t\t<\/div>\n\t\t\t\t<\/div>\n\t\t\t\t<section class=\"elementor-section elementor-top-section elementor-element elementor-element-bf94b7a elementor-section-height-min-height elementor-section-boxed elementor-section-height-default elementor-section-items-middle\" data-id=\"bf94b7a\" data-element_type=\"section\">\n\t\t\t\t\t\t<div class=\"elementor-container elementor-column-gap-default\">\n\t\t\t\t\t<div class=\"elementor-column elementor-col-100 elementor-top-column elementor-element elementor-element-91a9634\" data-id=\"91a9634\" data-element_type=\"column\">\n\t\t\t<div class=\"elementor-widget-wrap elementor-element-populated\">\n\t\t\t\t\t\t\t\t<div class=\"elementor-element elementor-element-df941be elementor-widget elementor-widget-text-editor\" data-id=\"df941be\" data-element_type=\"widget\" data-widget_type=\"text-editor.default\">\n\t\t\t\t<div class=\"elementor-widget-container\">\n\t\t\t<style>\/*! elementor - v3.15.0 - 31-07-2023 *\/\n.elementor-widget-text-editor.elementor-drop-cap-view-stacked .elementor-drop-cap{background-color:#69727d;color:#fff}.elementor-widget-text-editor.elementor-drop-cap-view-framed .elementor-drop-cap{color:#69727d;border:3px solid;background-color:transparent}.elementor-widget-text-editor:not(.elementor-drop-cap-view-default) .elementor-drop-cap{margin-top:8px}.elementor-widget-text-editor:not(.elementor-drop-cap-view-default) .elementor-drop-cap-letter{width:1em;height:1em}.elementor-widget-text-editor .elementor-drop-cap{float:left;text-align:center;line-height:1;font-size:50px}.elementor-widget-text-editor .elementor-drop-cap-letter{display:inline-block}<\/style>\t\t\t\t<p><!-- wp:heading --><\/p>\n<h2><strong><img loading=\"lazy\" decoding=\"async\" class=\"aligncenter wp-image-1375 size-full\" src=\"https:\/\/webmedia.org.br\/2024\/wp-content\/uploads\/2024\/09\/AdobeStock_197540862.jpeg\" alt=\"\" width=\"1000\" height=\"226\" srcset=\"https:\/\/webmedia.org.br\/2024\/wp-content\/uploads\/2024\/09\/AdobeStock_197540862.jpeg 1000w, https:\/\/webmedia.org.br\/2024\/wp-content\/uploads\/2024\/09\/AdobeStock_197540862-300x68.jpeg 300w, https:\/\/webmedia.org.br\/2024\/wp-content\/uploads\/2024\/09\/AdobeStock_197540862-768x174.jpeg 768w\" sizes=\"auto, (max-width: 1000px) 100vw, 1000px\" \/><\/strong><\/h2>\n<h2>\u00a0<\/h2>\n<h2><strong>Conhe\u00e7a Juiz de Fora<\/strong><\/h2>\n<p><span style=\"font-weight: 400;\">Manchester Mineira, Princesa de Minas, Santo Ant\u00f4nio do Paraibuna&#8230; Juiz de Fora j\u00e1 foi conhecida por diversos nomes. A cidade, que cresceu \u00e0s margens do Rio Paraibuna (<\/span><span style=\"font-weight: 400;\">de origem tupi-guarani, que significa &#8220;rio de \u00e1guas escuras&#8221;<\/span><span style=\"font-weight: 400;\">), fica localizada no Caminho Novo da Estrada Real, que foi constru\u00eddo para ligar Vila Rica, hoje Ouro Preto\/MG, ao Rio de Janeiro\/RJ, com o objetivo de transportar ouro e pedras preciosas at\u00e9 o porto daquela cidade.\u00a0<\/span><\/p>\n<p>\u00a0<\/p>\n<figure id=\"attachment_1374\" aria-describedby=\"caption-attachment-1374\" style=\"width: 600px\" class=\"wp-caption aligncenter\"><img loading=\"lazy\" decoding=\"async\" class=\"wp-image-1374 size-full\" src=\"https:\/\/webmedia.org.br\/2024\/wp-content\/uploads\/2024\/09\/AdobeStock_675618357.jpg\" alt=\"\" width=\"600\" height=\"338\" srcset=\"https:\/\/webmedia.org.br\/2024\/wp-content\/uploads\/2024\/09\/AdobeStock_675618357.jpg 600w, https:\/\/webmedia.org.br\/2024\/wp-content\/uploads\/2024\/09\/AdobeStock_675618357-300x169.jpg 300w\" sizes=\"auto, (max-width: 600px) 100vw, 600px\" \/><figcaption id=\"caption-attachment-1374\" class=\"wp-caption-text\">Mirante do Morro do Cristo<\/figcaption><\/figure>\n<p>\u00a0<\/p>\n<p><span style=\"font-weight: 400;\">Por muito tempo, levou o t\u00edtulo de cidade mais importante do estado de Minas Gerais e, atualmente, \u00e9 um grande polo universit\u00e1rio. A Universidade Federal de Juiz de Fora (UFJF), o Instituto Federal, o Instituto C\u00e2ndido Tostes e as demais faculdades da cidade chamam a aten\u00e7\u00e3o de estudantes de todo o Brasil. \u00c0 noite, a atmosfera bo\u00eamia fica por conta dos bares e restaurantes, que trazem no card\u00e1pio a deliciosa comida mineira e as tradicionais cervejas artesanais da regi\u00e3o.\u00a0 Na cena cultural, destacam-se Museu de Arte Murilo Mendes, Museu Ferrovi\u00e1rio, <\/span><span style=\"font-weight: 400;\">Memorial da Rep\u00fablica Presidente Itamar Franco,<\/span><span style=\"font-weight: 400;\"> Museu de Hist\u00f3ria Natural e Museu Mariano Proc\u00f3pio. Este possui, com vasto acervo do per\u00edodo imperial e foi o primeiro a ser montado em Minas Gerais, no ano de 1922, al\u00e9m de contar com o Parque do Museu, com lago, pedalinhos e op\u00e7\u00f5es de lazer para as crian\u00e7as. Outros lugares fazem parte das belezas naturais da cidade, como o Jardim Bot\u00e2nico\/UFJF, os Parques da Lajinha e Municipal, al\u00e9m do Parque Halfeld, no cora\u00e7\u00e3o da cidade.<\/span><\/p>\n<p>\u00a0<\/p>\n<figure id=\"attachment_1373\" aria-describedby=\"caption-attachment-1373\" style=\"width: 992px\" class=\"wp-caption aligncenter\"><img loading=\"lazy\" decoding=\"async\" class=\"wp-image-1373 size-full\" src=\"https:\/\/webmedia.org.br\/2024\/wp-content\/uploads\/2024\/09\/P2190343.jpg\" alt=\"\" width=\"992\" height=\"558\" srcset=\"https:\/\/webmedia.org.br\/2024\/wp-content\/uploads\/2024\/09\/P2190343.jpg 992w, https:\/\/webmedia.org.br\/2024\/wp-content\/uploads\/2024\/09\/P2190343-300x169.jpg 300w, https:\/\/webmedia.org.br\/2024\/wp-content\/uploads\/2024\/09\/P2190343-768x432.jpg 768w\" sizes=\"auto, (max-width: 992px) 100vw, 992px\" \/><figcaption id=\"caption-attachment-1373\" class=\"wp-caption-text\">Museu Mariano Proc\u00f3pio<\/figcaption><\/figure>\n<h2><br \/><strong>Como chegar &#8211; Transporte terrestre<\/strong><\/h2>\n<p>\u00a0<\/p>\n<figure id=\"attachment_1384\" aria-describedby=\"caption-attachment-1384\" style=\"width: 480px\" class=\"wp-caption alignright\"><img loading=\"lazy\" decoding=\"async\" class=\"wp-image-1384\" src=\"https:\/\/webmedia.org.br\/2024\/wp-content\/uploads\/2024\/09\/800px-Terminal_Rodoviario_Miguel_Mansur_de_fora-300x225.jpg\" alt=\"\" width=\"480\" height=\"360\" srcset=\"https:\/\/webmedia.org.br\/2024\/wp-content\/uploads\/2024\/09\/800px-Terminal_Rodoviario_Miguel_Mansur_de_fora-300x225.jpg 300w, https:\/\/webmedia.org.br\/2024\/wp-content\/uploads\/2024\/09\/800px-Terminal_Rodoviario_Miguel_Mansur_de_fora-768x576.jpg 768w, https:\/\/webmedia.org.br\/2024\/wp-content\/uploads\/2024\/09\/800px-Terminal_Rodoviario_Miguel_Mansur_de_fora.jpg 800w\" sizes=\"auto, (max-width: 480px) 100vw, 480px\" \/><figcaption id=\"caption-attachment-1384\" class=\"wp-caption-text\">Terminal Rodovi\u00e1rio Miguel Mansur &#8211; Foto: MisterSanderson<\/figcaption><\/figure>\n<p><span style=\"font-weight: 400;\">Para quem vem do Rio de Janeiro, o principal acesso a cidade se d\u00e1 pela BR-040. A viagem, de cerca de 180 km, leva entre 2 e 3 horas, dependendo das condi\u00e7\u00f5es de tr\u00e2nsito. A mesma estrada, em seu sentido contr\u00e1rio, \u00e9 utilizada por aqueles que v\u00eam de Belo Horizonte. Nesse caso, a dist\u00e2ncia entre as cidades \u00e9 de 260 km, e o percurso dura, em m\u00e9dia, 4 horas.<\/span><\/p>\n<p><span style=\"font-weight: 400;\">J\u00e1 quem vem de S\u00e3o Paulo deve acessar a cidade pela Via Dutra (BR-116) e depois seguir pela BR-393 at\u00e9 conectar com a BR-040. A dist\u00e2ncia \u00e9 de aproximadamente 490 km, e a viagem pode levar de 6 a 7 horas.<\/span><\/p>\n<p><span style=\"font-weight: 400;\">Esses trajetos tamb\u00e9m podem ser feitos de \u00f4nibus, com diversos hor\u00e1rios e via\u00e7\u00f5es dispon\u00edveis, com significativas altera\u00e7\u00f5es no tempo de viagem em alguns casos. Algumas empresas disponibilizam <\/span><span style=\"text-decoration: underline;\"><span style=\"font-weight: 400;\">paradas alternativas, no estacionamento do Shopping Independ\u00eancia, com f\u00e1cil acesso ao Trade Hotel<\/span><\/span><span style=\"font-weight: 400;\">. No momento da compra da passagem, vale a pena conferir se h\u00e1 essa op\u00e7\u00e3o.<\/span><\/p>\n<p>Principais rotas e empresas de \u00f4nibus para transporte rodovi\u00e1rio \u00e0 cidade de Juiz de Fora:<\/p>\n<ul>\n<li style=\"font-weight: 400;\" aria-level=\"1\"><a href=\"https:\/\/www.expressoguanabara.com.br\"><span style=\"font-weight: 400;\">Guanabara<\/span><\/a><span style=\"font-weight: 400;\">: Rio de Janeiro &#8211; Juiz de Fora<\/span><\/li>\n<li style=\"font-weight: 400;\" aria-level=\"1\"><a href=\"https:\/\/www.expressoguanabara.com.br\"><span style=\"font-weight: 400;\">Guanabara<\/span><\/a><span style=\"font-weight: 400;\">: Rio de Janeiro &#8211; Juiz de Fora (Shopping Independ\u00eancia)<\/span><\/li>\n<li style=\"font-weight: 400;\" aria-level=\"1\"><span style=\"font-weight: 400;\">Atual: Belo Horizonte &#8211; Juiz de Fora<\/span><\/li>\n<li style=\"font-weight: 400;\" aria-level=\"1\"><a href=\"https:\/\/www.viacaocometa.com.br\"><span style=\"font-weight: 400;\">Cometa<\/span><\/a><span style=\"font-weight: 400;\">: S\u00e3o Paulo &#8211; Juiz de Fora<\/span><\/li>\n<li style=\"font-weight: 400;\" aria-level=\"1\"><a href=\"https:\/\/www.viacaoriodoce.com.br\">Rio Doce<\/a>: Vit\u00f3ria &#8211; Juiz de Fora<\/li>\n<\/ul>\n<h2><br \/><strong>Como chegar &#8211; Transporte a\u00e9reo<\/strong><\/h2>\n<figure id=\"attachment_1383\" aria-describedby=\"caption-attachment-1383\" style=\"width: 480px\" class=\"wp-caption alignright\"><img loading=\"lazy\" decoding=\"async\" class=\"wp-image-1383\" src=\"https:\/\/webmedia.org.br\/2024\/wp-content\/uploads\/2024\/09\/Aeroporto_Regional_da_Zona_da_Mata-300x225.jpg\" alt=\"\" width=\"480\" height=\"360\" srcset=\"https:\/\/webmedia.org.br\/2024\/wp-content\/uploads\/2024\/09\/Aeroporto_Regional_da_Zona_da_Mata-300x225.jpg 300w, https:\/\/webmedia.org.br\/2024\/wp-content\/uploads\/2024\/09\/Aeroporto_Regional_da_Zona_da_Mata-1024x768.jpg 1024w, https:\/\/webmedia.org.br\/2024\/wp-content\/uploads\/2024\/09\/Aeroporto_Regional_da_Zona_da_Mata-768x576.jpg 768w, https:\/\/webmedia.org.br\/2024\/wp-content\/uploads\/2024\/09\/Aeroporto_Regional_da_Zona_da_Mata-1536x1152.jpg 1536w, https:\/\/webmedia.org.br\/2024\/wp-content\/uploads\/2024\/09\/Aeroporto_Regional_da_Zona_da_Mata-2048x1536.jpg 2048w\" sizes=\"auto, (max-width: 480px) 100vw, 480px\" \/><figcaption id=\"caption-attachment-1383\" class=\"wp-caption-text\">Aeroporto Regional da Zona da Mata &#8211; Foto: Borchardt69<\/figcaption><\/figure>\n<p><span style=\"font-weight: 400;\">Outra forma de chegar \u00e0 cidade \u00e9 pelo Aeroporto Regional da Zona da Mata (IZA), localizado na cidade de Goian\u00e1, a cerca de 40 km do centro de Juiz de Fora. O terminal a\u00e9reo recebe voos comerciais de S\u00e3o Paulo e Campinas. Por\u00e9m, devido ao n\u00famero limitado de voos, \u00e9 importante conciliar a chegada ao aeroporto com o hor\u00e1rio de partida do \u00f4nibus que faz o traslado at\u00e9 a cidade.\u00a0<\/span><\/p>\n<p><span style=\"font-weight: 400;\">Rotas atuais para o Aeroporto Regional da Zona da Mata (IZA):<\/span><\/p>\n<ul>\n<li style=\"font-weight: 400;\" aria-level=\"1\"><span style=\"font-weight: 400;\">Latam \/ VoePass: Congonhas (CGH) &#8211; Zona da Mata (IZA), diariamente<\/span><\/li>\n<li style=\"font-weight: 400;\" aria-level=\"1\"><span style=\"font-weight: 400;\">Latam \/ VoePass: Guarulhos (GRU) &#8211; Zona da Mata (IZA), diariamente<\/span><\/li>\n<li style=\"font-weight: 400;\" aria-level=\"1\"><span style=\"font-weight: 400;\">Azul: Campinas (VCP) &#8211; Zona da Mata (IZA), diariamente<\/span><\/li>\n<li style=\"font-weight: 400;\" aria-level=\"1\"><span style=\"font-weight: 400;\">Gol: Congonhas (CGH) &#8211; Zona da Mata (IZA), 2as, 4as. e 6as.<\/span><\/li>\n<\/ul>\n<p>\u00a0<\/p>\n<p><span style=\"font-weight: 400;\">Mais informa\u00e7\u00f5es no site do aeroporto: <\/span><a href=\"http:\/\/www.zonadamata-aero.com.br\/\"><span style=\"font-weight: 400;\">http:\/\/www.zonadamata-aero.com.br\/<\/span><\/a><\/p>\n<p><span style=\"font-weight: 400;\">Empresas de \u00f4nibus para traslado Aeroporto Regional da Zona da Mata (IZA) para Juiz de Fora:<\/span><\/p>\n<ul>\n<li style=\"font-weight: 400;\" aria-level=\"1\"><span style=\"font-weight: 400;\">JMR: (32) 3221-3232\u00a0 ou (32) 3221-4795<\/span><\/li>\n<li style=\"font-weight: 400;\" aria-level=\"1\"><span style=\"font-weight: 400;\">Bassamar:\u00a0 (32) 3215-1109<\/span><\/li>\n<\/ul>\n<p>\u00a0<\/p>\n<p><span style=\"font-weight: 400;\">Uma alternativa \u00e9 optar por um voo para o Rio de Janeiro e, de l\u00e1, continuar a viagem de \u00f4nibus at\u00e9 Juiz de Fora. Essa op\u00e7\u00e3o pode ser mais r\u00e1pida e econ\u00f4mica, com a disponibilidade de diversos hor\u00e1rios de \u00f4nibus.<\/span><\/p>\n<p>\u00a0<\/p>\n<h2><strong><b>Transfers de\/para aeroportos oferecidos pela Organiza\u00e7\u00e3o do WebMedia 2024<\/b><\/strong><\/h2>\n<p><span style=\"font-weight: 400;\">A organiza\u00e7\u00e3o do WebMedia 2024 est\u00e1 planejando alguns hor\u00e1rios de transfers gratuitos de\/para os aeroportos do Gale\u00e3o (GIG) no Rio de Janeiro e Zona da Mata (IZA). Ser\u00e3o apenas alguns hor\u00e1rios, para a chegada nos dias 13 e 14\/10\/2024, e para o retorno nos dias 18 e 19\/10\/2024.<\/span><\/p>\n<p><span style=\"font-weight: 400;\">Se voc\u00ea tem interesse em usar os transfers do evento, <\/span><span style=\"text-decoration: underline;\"><span style=\"font-weight: 400;\">preencha o formul\u00e1rio dispon\u00edvel <\/span><span style=\"color: #0000ff; text-decoration: underline;\"><a style=\"color: #0000ff; text-decoration: underline;\" href=\"https:\/\/forms.gle\/an7ozSKZFW86Zz726\"><span style=\"font-weight: 400;\">neste link<\/span><\/a><\/span><\/span><span style=\"font-weight: 400;\">, at\u00e9 15\/09\/2024. Suas informa\u00e7\u00f5es ser\u00e3o usadas para o planejamento da melhor aloca\u00e7\u00e3o poss\u00edvel, considerando o or\u00e7amento limitado dispon\u00edvel. O preenchimento do formul\u00e1rio n\u00e3o representa uma garantia de reserva, nem de que seu hor\u00e1rio possa ser contemplado.<\/span><\/p>\n<p><!-- \/wp:table --><\/p>\t\t\t\t\t\t<\/div>\n\t\t\t\t<\/div>\n\t\t\t\t\t<\/div>\n\t\t<\/div>\n\t\t\t\t\t\t\t<\/div>\n\t\t<\/section>\n\t\t<div class=\"elementor-element elementor-element-1aa6379 e-flex e-con-boxed e-con\" data-id=\"1aa6379\" data-element_type=\"container\" data-settings=\"{&quot;content_width&quot;:&quot;boxed&quot;}\">\n\t\t\t\t\t<div class=\"e-con-inner\">\n\t\t<div class=\"elementor-element elementor-element-c7515e9 e-con-full e-flex e-con\" data-id=\"c7515e9\" data-element_type=\"container\" data-settings=\"{&quot;content_width&quot;:&quot;full&quot;}\">\n\t\t\t\t<\/div>\n\t\t<div class=\"elementor-element elementor-element-29ab41e e-con-full e-flex e-con\" data-id=\"29ab41e\" data-element_type=\"container\" data-settings=\"{&quot;content_width&quot;:&quot;full&quot;}\">\n\t\t\t\t<\/div>\n\t\t\t\t\t<\/div>\n\t\t\t\t<\/div>\n\t\t\t\t\t\t\t<\/div>\n\t\t","protected":false},"excerpt":{"rendered":"<p>Juiz de Fora &#8211; Como chegar \u00a0 Conhe\u00e7a Juiz de Fora Manchester Mineira, Princesa de Minas, Santo Ant\u00f4nio do Paraibuna&#8230; Juiz de Fora j\u00e1 foi conhecida por diversos nomes. A cidade, que cresceu \u00e0s margens do Rio Paraibuna (de origem tupi-guarani, que significa &#8220;rio de \u00e1guas escuras&#8221;), fica localizada no Caminho Novo da Estrada Real, [&hellip;]<\/p>\n","protected":false},"author":1,"featured_media":0,"parent":0,"menu_order":0,"comment_status":"closed","ping_status":"closed","template":"elementor_header_footer","meta":{"footnotes":""},"class_list":["post-1367","page","type-page","status-publish","hentry"],"_links":{"self":[{"href":"https:\/\/webmedia.org.br\/2024\/wp-json\/wp\/v2\/pages\/1367","targetHints":{"allow":["GET"]}}],"collection":[{"href":"https:\/\/webmedia.org.br\/2024\/wp-json\/wp\/v2\/pages"}],"about":[{"href":"https:\/\/webmedia.org.br\/2024\/wp-json\/wp\/v2\/types\/page"}],"author":[{"embeddable":true,"href":"https:\/\/webmedia.org.br\/2024\/wp-json\/wp\/v2\/users\/1"}],"replies":[{"embeddable":true,"href":"https:\/\/webmedia.org.br\/2024\/wp-json\/wp\/v2\/comments?post=1367"}],"version-history":[{"count":20,"href":"https:\/\/webmedia.org.br\/2024\/wp-json\/wp\/v2\/pages\/1367\/revisions"}],"predecessor-version":[{"id":1413,"href":"https:\/\/webmedia.org.br\/2024\/wp-json\/wp\/v2\/pages\/1367\/revisions\/1413"}],"wp:attachment":[{"href":"https:\/\/webmedia.org.br\/2024\/wp-json\/wp\/v2\/media?parent=1367"}],"curies":[{"name":"wp","href":"https:\/\/api.w.org\/{rel}","templated":true}]}}