{"id":1125,"date":"2024-06-18T18:21:06","date_gmt":"2024-06-18T21:21:06","guid":{"rendered":"https:\/\/webmedia.org.br\/2024\/?page_id=1125"},"modified":"2024-07-16T16:26:57","modified_gmt":"2024-07-16T19:26:57","slug":"wfa-workshop-de-ferramentas-e-aplicacoes","status":"publish","type":"page","link":"https:\/\/webmedia.org.br\/2024\/chamada-de-trabalhos\/wfa-workshop-de-ferramentas-e-aplicacoes\/","title":{"rendered":"WFA | Workshop de Ferramentas e Aplica\u00e7\u00f5es"},"content":{"rendered":"\t\t<div data-elementor-type=\"wp-page\" data-elementor-id=\"1125\" class=\"elementor elementor-1125\" data-elementor-post-type=\"page\">\n\t\t\t\t\t\t\t\t\t<section class=\"elementor-section elementor-top-section elementor-element elementor-element-995d100 elementor-section-height-min-height elementor-section-boxed elementor-section-height-default elementor-section-items-middle\" data-id=\"995d100\" data-element_type=\"section\" data-settings=\"{&quot;background_background&quot;:&quot;classic&quot;}\" data-e-bg-lazyload=\".elementor-background-overlay\">\n\t\t\t\t\t\t\t<div class=\"elementor-background-overlay\"><\/div>\n\t\t\t\t\t\t\t<div class=\"elementor-container elementor-column-gap-default\">\n\t\t\t\t\t<div class=\"elementor-column elementor-col-100 elementor-top-column elementor-element elementor-element-1a8bacab\" data-id=\"1a8bacab\" data-element_type=\"column\">\n\t\t\t<div class=\"elementor-widget-wrap elementor-element-populated\">\n\t\t\t\t\t\t\t\t<div class=\"elementor-element elementor-element-9d8a180 elementor-widget elementor-widget-heading\" data-id=\"9d8a180\" data-element_type=\"widget\" data-widget_type=\"heading.default\">\n\t\t\t\t<div class=\"elementor-widget-container\">\n\t\t\t<style>\/*! elementor - v3.15.0 - 31-07-2023 *\/\n.elementor-heading-title{padding:0;margin:0;line-height:1}.elementor-widget-heading .elementor-heading-title[class*=elementor-size-]>a{color:inherit;font-size:inherit;line-height:inherit}.elementor-widget-heading .elementor-heading-title.elementor-size-small{font-size:15px}.elementor-widget-heading .elementor-heading-title.elementor-size-medium{font-size:19px}.elementor-widget-heading .elementor-heading-title.elementor-size-large{font-size:29px}.elementor-widget-heading .elementor-heading-title.elementor-size-xl{font-size:39px}.elementor-widget-heading .elementor-heading-title.elementor-size-xxl{font-size:59px}<\/style><h1 class=\"elementor-heading-title elementor-size-default\">WFA | Workshop de Ferramentas e Aplica\u00e7\u00f5es<\/h1>\t\t<\/div>\n\t\t\t\t<\/div>\n\t\t\t\t\t<\/div>\n\t\t<\/div>\n\t\t\t\t\t\t\t<\/div>\n\t\t<\/section>\n\t\t\t\t<section class=\"elementor-section elementor-top-section elementor-element elementor-element-bf94b7a elementor-section-height-min-height elementor-section-boxed elementor-section-height-default elementor-section-items-middle\" data-id=\"bf94b7a\" data-element_type=\"section\">\n\t\t\t\t\t\t<div class=\"elementor-container elementor-column-gap-default\">\n\t\t\t\t\t<div class=\"elementor-column elementor-col-100 elementor-top-column elementor-element elementor-element-91a9634\" data-id=\"91a9634\" data-element_type=\"column\">\n\t\t\t<div class=\"elementor-widget-wrap elementor-element-populated\">\n\t\t\t\t\t\t\t\t<div class=\"elementor-element elementor-element-df941be elementor-widget elementor-widget-text-editor\" data-id=\"df941be\" data-element_type=\"widget\" data-widget_type=\"text-editor.default\">\n\t\t\t\t<div class=\"elementor-widget-container\">\n\t\t\t<style>\/*! elementor - v3.15.0 - 31-07-2023 *\/\n.elementor-widget-text-editor.elementor-drop-cap-view-stacked .elementor-drop-cap{background-color:#69727d;color:#fff}.elementor-widget-text-editor.elementor-drop-cap-view-framed .elementor-drop-cap{color:#69727d;border:3px solid;background-color:transparent}.elementor-widget-text-editor:not(.elementor-drop-cap-view-default) .elementor-drop-cap{margin-top:8px}.elementor-widget-text-editor:not(.elementor-drop-cap-view-default) .elementor-drop-cap-letter{width:1em;height:1em}.elementor-widget-text-editor .elementor-drop-cap{float:left;text-align:center;line-height:1;font-size:50px}.elementor-widget-text-editor .elementor-drop-cap-letter{display:inline-block}<\/style>\t\t\t\t<p><!-- wp:heading --><\/p>\n<p><span style=\"font-weight: 400;\">O Workshop de Ferramentas e Aplica\u00e7\u00f5es \u00e9 um f\u00f3rum importante onde membros da academia e da ind\u00fastria podem apresentar suas \u00faltimas ferramentas, prot\u00f3tipos, aplica\u00e7\u00f5es e demonstra\u00e7\u00f5es. Com um car\u00e1ter mais pr\u00e1tico, no WFA h\u00e1 uma \u00eanfase na demonstra\u00e7\u00e3o de aplica\u00e7\u00f5es e ferramentas, na experi\u00eancia de seu desenvolvimento, em quest\u00f5es de implanta\u00e7\u00e3o e uso, e tamb\u00e9m nas perspectivas criadas por elas.<\/span><\/p>\n<p><span style=\"font-weight: 400;\">Todos os trabalhos aprovados ficar\u00e3o dispon\u00edveis na biblioteca digital SBC, como parte integrante dos anais estendidos do WebMedia 2024. Durante o evento, as ferramentas\/aplica\u00e7\u00f5es receber\u00e3o feedback de uma banca de especialistas em inova\u00e7\u00e3o e tamb\u00e9m de empreendedorismo, al\u00e9m de terem espa\u00e7o para demonstra\u00e7\u00e3o p\u00fablica na \u00e1rea de conviv\u00eancia do evento. Os autores das melhores ferramentas\/aplica\u00e7\u00f5es receber\u00e3o certificados e ampla divulga\u00e7\u00e3o nos ve\u00edculos da SBC.<\/span><\/p>\n<p><span style=\"font-weight: 400;\">Os t\u00f3picos abordados pelo workshop s\u00e3o os mesmos da trilha principal do evento. Tamb\u00e9m ser\u00e3o bem-vindas submiss\u00f5es de aplica\u00e7\u00f5es com propostas inovadoras de an\u00e1lise e\/ou metodologia sobre datasets e software de interesse do evento (ver <\/span><a href=\"https:\/\/webmedia.org.br\/2022\/dataset-software-de-interesse\/\"><span style=\"font-weight: 400;\">AQUI<\/span><\/a><span style=\"font-weight: 400;\">) .<\/span><\/p>\n<p>\u00a0<\/p>\n<h2><b>Instru\u00e7\u00f5es para Autores<\/b><\/h2>\n<p><span style=\"font-weight: 400;\">Trabalhos submetidos devem ser originais e n\u00e3o podem ter sido previamente publicados. Os autores devem submeter eletronicamente um artigo em ingl\u00eas ou portugu\u00eas, de at\u00e9 quatro p\u00e1ginas, incluindo todas figuras e refer\u00eancias.<\/span><\/p>\n<p><span style=\"font-weight: 400;\">O artigo apresentando a ferramenta\/aplica\u00e7\u00e3o deve conter uma descri\u00e7\u00e3o clara:<\/span><\/p>\n<ul>\n<li style=\"font-weight: 400;\" aria-level=\"1\"><span style=\"font-weight: 400;\">Das metas da aplica\u00e7\u00e3o\/ferramenta<\/span><\/li>\n<li style=\"font-weight: 400;\" aria-level=\"1\"><span style=\"font-weight: 400;\">De sua arquitetura<\/span><\/li>\n<li style=\"font-weight: 400;\" aria-level=\"1\"><span style=\"font-weight: 400;\">De suas principais funcionalidades<\/span><\/li>\n<li style=\"font-weight: 400;\" aria-level=\"1\"><span style=\"font-weight: 400;\">Do tipo de licen\u00e7a<\/span><\/li>\n<li style=\"font-weight: 400;\" aria-level=\"1\"><span style=\"font-weight: 400;\">Das perspectivas criadas por ela (ex. uso puramente acad\u00eamico, social, comercial)<\/span><\/li>\n<\/ul>\n<p>\u00a0<\/p>\n<p><span style=\"font-weight: 400;\">\u00c9 fortemente recomendado que os autores disponibilizem no artigo URLs para o site ou download de um v\u00eddeo de demonstra\u00e7\u00e3o de sua ferramenta\/aplica\u00e7\u00e3o.<\/span><\/p>\n<p><span style=\"font-weight: 400;\">Os artigos devem ser escritos de forma a permitir \u201cdouble-blind review\u201d. Isso requer que as identifica\u00e7\u00f5es dos autores sejam substitu\u00eddas por \u201cremoved for double-blind review\u201d no in\u00edcio do artigo e em eventuais refer\u00eancias a seus trabalhos anter<\/span><\/p>\n<p><span style=\"font-weight: 400;\">A publica\u00e7\u00e3o final est\u00e1 condicionada \u00e0 inscri\u00e7\u00e3o no WebMedia 2024 de pelo menos um dos autores, que dever\u00e1 realizar a apresenta\u00e7\u00e3o e demonstra\u00e7\u00e3o do trabalho durante o evento. A comiss\u00e3o de organiza\u00e7\u00e3o do workshop trabalhar\u00e1 para promover a participa\u00e7\u00e3o presencial dos autores, buscando alguma ajuda de custos e\/ou op\u00e7\u00f5es de hospedagem.<\/span><\/p>\n<p>\u00a0<\/p>\n<h2><b>Submiss\u00e3o de Trabalhos<\/b><\/h2>\n<p><span style=\"font-weight: 400;\">Os candidatos dever\u00e3o submeter seu trabalho eletronicamente pela <\/span><a href=\"https:\/\/jems.sbc.org.br\/\"><span style=\"font-weight: 400;\">Plataforma JEMS da SBC<\/span><\/a><span style=\"font-weight: 400;\">, escolhendo a trilha WebMedia 2024 \u2013 WFA.<\/span><\/p>\n<p><span style=\"font-weight: 400;\">Todas as submiss\u00f5es para o WFA devem seguir os templates disponibilizados:<\/span><\/p>\n<ul>\n<li style=\"font-weight: 400;\" aria-level=\"1\"><span style=\"font-weight: 400;\">LaTeX: Template WebMedia <\/span><a href=\"https:\/\/www.overleaf.com\/latex\/templates\/webmedia-template\/ckjcbscxjjjh\"><span style=\"font-weight: 400;\">disponibilizado diretamente no Overleaf<\/span><\/a><span style=\"font-weight: 400;\">.<\/span><\/li>\n<li style=\"font-weight: 400;\" aria-level=\"1\"><span style=\"font-weight: 400;\">Word e LaTeX: Template WebMedia dispon\u00edvel <\/span><a href=\"https:\/\/webmedia.org.br\/2024\/wp-content\/uploads\/2024\/05\/TemplateWebMedia.zip\"><span style=\"font-weight: 400;\">neste link<\/span><\/a><span style=\"font-weight: 400;\">.<\/span><\/li>\n<\/ul>\n<p>\u00a0<\/p>\n<h2><b>C\u00f3digo de Conduta para autores em publica\u00e7\u00f5es da SBC<\/b><\/h2>\n<p>Ao submeterem trabalhos ao WebMedia 2024, os autores reconhecem que est\u00e3o em conformidade com o C\u00f3digo de Conduta para Autores em Publica\u00e7\u00f5es da SBC, o qual est\u00e1 dispon\u00edvel em: <span style=\"color: #0000ff;\"><a style=\"color: #0000ff;\" href=\"https:\/\/sol.sbc.org.br\/index.php\/indice\/conduta\" target=\"_blank\" rel=\"noopener\">https:\/\/sol.sbc.org.br\/index.php\/indice\/conduta<\/a><\/span><\/p>\n<p>\u00a0<\/p>\n<h2><b>Novidade! Pr\u00eamio Luiz Fernando Gomes Soares de Computa\u00e7\u00e3o<\/b><\/h2>\n<p><span style=\"font-weight: 400;\">Em 2024, os trabalhos aceitos em todas as trilhas do WebMedia os quais tenham impacto social poder\u00e3o concorrer ao Pr\u00eamio LF de Computa\u00e7\u00e3o. Os autores de artigos aceitos receber\u00e3o mais informa\u00e7\u00f5es sobre o pr\u00eamio oportunamente.<\/span><\/p>\n<p>\u00a0<\/p>\n<h2><b>Coordena\u00e7\u00e3o do WFA<\/b><\/h2>\n<p><span style=\"font-weight: 400;\">Carlos Andr\u00e9 G. Ferraz (UFPE)<\/span><\/p>\n<p><span style=\"font-weight: 400;\">S\u00e9rgio Colcher (PUC-Rio)<\/span><\/p>\n<p>\u00a0<\/p>\n<h2 style=\"font-family: -apple-system, BlinkMacSystemFont, 'Segoe UI', Roboto, 'Helvetica Neue', Arial, 'Noto Sans', sans-serif; color: #343435;\"><span style=\"font-weight: bolder;\">Datas Importantes<\/span><\/h2>\n<p>Veja em\u00a0<a href=\"https:\/\/webmedia.org.br\/2024\/datas-importantes\/\"><span style=\"color: #0000ff;\">Datas Importantes<\/span><\/a> os prazos de submiss\u00e3o para o <span style=\"font-weight: 400;\">WFA | Workshop de Ferramentas e Aplica\u00e7\u00f5es.<\/span><\/p>\n<p>\u00a0<\/p>\n<p><!-- \/wp:table --><\/p>\t\t\t\t\t\t<\/div>\n\t\t\t\t<\/div>\n\t\t\t\t\t<\/div>\n\t\t<\/div>\n\t\t\t\t\t\t\t<\/div>\n\t\t<\/section>\n\t\t\t\t\t\t\t<\/div>\n\t\t","protected":false},"excerpt":{"rendered":"<p>WFA | Workshop de Ferramentas e Aplica\u00e7\u00f5es O Workshop de Ferramentas e Aplica\u00e7\u00f5es \u00e9 um f\u00f3rum importante onde membros da academia e da ind\u00fastria podem apresentar suas \u00faltimas ferramentas, prot\u00f3tipos, aplica\u00e7\u00f5es e demonstra\u00e7\u00f5es. Com um car\u00e1ter mais pr\u00e1tico, no WFA h\u00e1 uma \u00eanfase na demonstra\u00e7\u00e3o de aplica\u00e7\u00f5es e ferramentas, na experi\u00eancia de seu desenvolvimento, em [&hellip;]<\/p>\n","protected":false},"author":1,"featured_media":0,"parent":912,"menu_order":0,"comment_status":"closed","ping_status":"closed","template":"elementor_header_footer","meta":{"footnotes":""},"class_list":["post-1125","page","type-page","status-publish","hentry"],"_links":{"self":[{"href":"https:\/\/webmedia.org.br\/2024\/wp-json\/wp\/v2\/pages\/1125","targetHints":{"allow":["GET"]}}],"collection":[{"href":"https:\/\/webmedia.org.br\/2024\/wp-json\/wp\/v2\/pages"}],"about":[{"href":"https:\/\/webmedia.org.br\/2024\/wp-json\/wp\/v2\/types\/page"}],"author":[{"embeddable":true,"href":"https:\/\/webmedia.org.br\/2024\/wp-json\/wp\/v2\/users\/1"}],"replies":[{"embeddable":true,"href":"https:\/\/webmedia.org.br\/2024\/wp-json\/wp\/v2\/comments?post=1125"}],"version-history":[{"count":10,"href":"https:\/\/webmedia.org.br\/2024\/wp-json\/wp\/v2\/pages\/1125\/revisions"}],"predecessor-version":[{"id":1231,"href":"https:\/\/webmedia.org.br\/2024\/wp-json\/wp\/v2\/pages\/1125\/revisions\/1231"}],"up":[{"embeddable":true,"href":"https:\/\/webmedia.org.br\/2024\/wp-json\/wp\/v2\/pages\/912"}],"wp:attachment":[{"href":"https:\/\/webmedia.org.br\/2024\/wp-json\/wp\/v2\/media?parent=1125"}],"curies":[{"name":"wp","href":"https:\/\/api.w.org\/{rel}","templated":true}]}}