{"id":1078,"date":"2024-06-03T16:00:48","date_gmt":"2024-06-03T19:00:48","guid":{"rendered":"https:\/\/webmedia.org.br\/2024\/?page_id=1078"},"modified":"2024-07-22T11:51:35","modified_gmt":"2024-07-22T14:51:35","slug":"ctd-concurso-de-teses-e-dissertacoes","status":"publish","type":"page","link":"https:\/\/webmedia.org.br\/2024\/chamada-de-trabalhos\/ctd-concurso-de-teses-e-dissertacoes\/","title":{"rendered":"CTD | Concurso de Teses e Disserta\u00e7\u00f5es"},"content":{"rendered":"\t\t<div data-elementor-type=\"wp-page\" data-elementor-id=\"1078\" class=\"elementor elementor-1078\" data-elementor-post-type=\"page\">\n\t\t\t\t\t\t\t\t\t<section class=\"elementor-section elementor-top-section elementor-element elementor-element-995d100 elementor-section-height-min-height elementor-section-boxed elementor-section-height-default elementor-section-items-middle\" data-id=\"995d100\" data-element_type=\"section\" data-settings=\"{&quot;background_background&quot;:&quot;classic&quot;}\" data-e-bg-lazyload=\".elementor-background-overlay\">\n\t\t\t\t\t\t\t<div class=\"elementor-background-overlay\"><\/div>\n\t\t\t\t\t\t\t<div class=\"elementor-container elementor-column-gap-default\">\n\t\t\t\t\t<div class=\"elementor-column elementor-col-100 elementor-top-column elementor-element elementor-element-1a8bacab\" data-id=\"1a8bacab\" data-element_type=\"column\">\n\t\t\t<div class=\"elementor-widget-wrap elementor-element-populated\">\n\t\t\t\t\t\t\t\t<div class=\"elementor-element elementor-element-9d8a180 elementor-widget elementor-widget-heading\" data-id=\"9d8a180\" data-element_type=\"widget\" data-widget_type=\"heading.default\">\n\t\t\t\t<div class=\"elementor-widget-container\">\n\t\t\t<style>\/*! elementor - v3.15.0 - 31-07-2023 *\/\n.elementor-heading-title{padding:0;margin:0;line-height:1}.elementor-widget-heading .elementor-heading-title[class*=elementor-size-]>a{color:inherit;font-size:inherit;line-height:inherit}.elementor-widget-heading .elementor-heading-title.elementor-size-small{font-size:15px}.elementor-widget-heading .elementor-heading-title.elementor-size-medium{font-size:19px}.elementor-widget-heading .elementor-heading-title.elementor-size-large{font-size:29px}.elementor-widget-heading .elementor-heading-title.elementor-size-xl{font-size:39px}.elementor-widget-heading .elementor-heading-title.elementor-size-xxl{font-size:59px}<\/style><h1 class=\"elementor-heading-title elementor-size-default\">CTD | Concurso de Teses e Disserta\u00e7\u00f5es<\/h1>\t\t<\/div>\n\t\t\t\t<\/div>\n\t\t\t\t\t<\/div>\n\t\t<\/div>\n\t\t\t\t\t\t\t<\/div>\n\t\t<\/section>\n\t\t\t\t<section class=\"elementor-section elementor-top-section elementor-element elementor-element-bf94b7a elementor-section-height-min-height elementor-section-boxed elementor-section-height-default elementor-section-items-middle\" data-id=\"bf94b7a\" data-element_type=\"section\">\n\t\t\t\t\t\t<div class=\"elementor-container elementor-column-gap-default\">\n\t\t\t\t\t<div class=\"elementor-column elementor-col-100 elementor-top-column elementor-element elementor-element-91a9634\" data-id=\"91a9634\" data-element_type=\"column\">\n\t\t\t<div class=\"elementor-widget-wrap elementor-element-populated\">\n\t\t\t\t\t\t\t\t<div class=\"elementor-element elementor-element-df941be elementor-widget elementor-widget-text-editor\" data-id=\"df941be\" data-element_type=\"widget\" data-widget_type=\"text-editor.default\">\n\t\t\t\t<div class=\"elementor-widget-container\">\n\t\t\t<style>\/*! elementor - v3.15.0 - 31-07-2023 *\/\n.elementor-widget-text-editor.elementor-drop-cap-view-stacked .elementor-drop-cap{background-color:#69727d;color:#fff}.elementor-widget-text-editor.elementor-drop-cap-view-framed .elementor-drop-cap{color:#69727d;border:3px solid;background-color:transparent}.elementor-widget-text-editor:not(.elementor-drop-cap-view-default) .elementor-drop-cap{margin-top:8px}.elementor-widget-text-editor:not(.elementor-drop-cap-view-default) .elementor-drop-cap-letter{width:1em;height:1em}.elementor-widget-text-editor .elementor-drop-cap{float:left;text-align:center;line-height:1;font-size:50px}.elementor-widget-text-editor .elementor-drop-cap-letter{display:inline-block}<\/style>\t\t\t\t<p><!-- wp:heading --><\/p>\n<p><span style=\"font-weight: 400;\">O Concurso de Teses e Disserta\u00e7\u00f5es (CTD) do WebMedia 2024 tem como objetivo destacar e divulgar a pesquisa em temas relacionados \u00e0s \u00e1reas de Sistemas Multim\u00eddia e Web na p\u00f3s-gradua\u00e7\u00e3o <\/span><i><span style=\"font-weight: 400;\">stricto sensu<\/span><\/i><span style=\"font-weight: 400;\">, premiando as melhores Teses e Disserta\u00e7\u00f5es defendidas e aprovadas no Brasil em um per\u00edodo de refer\u00eancia.\u00a0<\/span><\/p>\n<p><span style=\"font-weight: 400;\">A cada edi\u00e7\u00e3o do WebMedia, s\u00e3o selecionadas para publica\u00e7\u00e3o de resumo estendido e apresenta\u00e7\u00e3o durante o Simp\u00f3sio as melhores teses e disserta\u00e7\u00f5es com contribui\u00e7\u00e3o significativa e destacada para a \u00e1rea cient\u00edfica, assim como relevante impacto para a sociedade e para as empresas.<\/span><\/p>\n<p>\u00a0<\/p>\n<h2><b>Crit\u00e9rios para Participa\u00e7\u00e3o<\/b><\/h2>\n<p>Podem enviar trabalhos, para este concurso, doutores e mestres que tenham desenvolvido sua pesquisa com temas relacionados \u00e0s \u00e1reas de Sistemas Multim\u00eddia e Web, que defenderam suas teses ou disserta\u00e7\u00f5es em Programas de P\u00f3s-gradua\u00e7\u00e3o Stricto Sensu de Institui\u00e7\u00f5es de Ensino Superior (IES) brasileiras no per\u00edodo de 1 de janeiro de 2023 at\u00e9 a data de submiss\u00e3o do CTD.<\/p>\n<p>\u00a0<\/p>\n<h2><b>Instru\u00e7\u00f5es para Autores<\/b><\/h2>\n<p><span style=\"font-weight: 400;\">Para participar do concurso, os candidatos dever\u00e3o enviar um resumo estendido que descreva, obrigatoriamente: o interesse do problema tratado na tese ou disserta\u00e7\u00e3o para as \u00e1reas de Sistemas Multim\u00eddia e Web, a metodologia aplicada para a solu\u00e7\u00e3o do problema e as contribui\u00e7\u00f5es do trabalho. Como refer\u00eancia, sugere-se que os candidatos considerem os t\u00f3picos de interesse vigentes da Trilha Principal do WebMedia.<\/span><\/p>\n<p><span style=\"font-weight: 400;\">O texto do artigo deve conter no <\/span><b>m\u00e1ximo duas p\u00e1ginas<\/b><span style=\"font-weight: 400;\"> (incluindo figuras, refer\u00eancias e anexos),\u00a0 ser escrito em portugu\u00eas ou em ingl\u00eas e ter como autores o candidato e seu(s) orientador(es). O texto deve ser formatado de acordo com o padr\u00e3o adotado pelo WebMedia e ser enviado em formato PDF.<\/span><\/p>\n<p><span style=\"font-weight: 400;\">Os candidatos devem enviar:<\/span><\/p>\n<ol>\n<li style=\"font-weight: 400;\" aria-level=\"1\"><span style=\"font-weight: 400;\">Resumo estendido da tese ou disserta\u00e7\u00e3o;<\/span><\/li>\n<li style=\"font-weight: 400;\" aria-level=\"1\"><span style=\"font-weight: 400;\">Documento descrevendo os subprodutos do trabalho <\/span><span style=\"font-weight: 400;\">(tais como, artigos cient\u00edficos, patentes, bem como quaisquer outros elementos que permitam qualificar o trabalho);<\/span><\/li>\n<li style=\"font-weight: 400;\" aria-level=\"1\"><span style=\"font-weight: 400;\">V\u00eddeo de apresenta\u00e7\u00e3o do trabalho, com, no m\u00e1ximo, 20 minutos. <\/span><span style=\"font-weight: 400;\">Deve ser enviado um link para acesso ao v\u00eddeo postado no YouTube;<\/span><\/li>\n<li style=\"font-weight: 400;\" aria-level=\"1\"><span style=\"font-weight: 400;\">Texto completo da tese ou disserta\u00e7\u00e3o, o qual servir\u00e1 somente como fonte de consulta para os avaliadores sobre os resultados do trabalho;<\/span><\/li>\n<li style=\"font-weight: 400;\" aria-level=\"1\"><span style=\"font-weight: 400;\">C\u00f3pia digitalizada do diploma (ou documento que comprove que a tese ou disserta\u00e7\u00e3o foi defendida e aprovada).<\/span><\/li>\n<\/ol>\n<p>\u00a0<\/p>\n<h2><b>Sele\u00e7\u00e3o, Apresenta\u00e7\u00e3o e Premia\u00e7\u00e3o<\/b><\/h2>\n<p><span style=\"font-weight: 400;\">Todos os trabalhos submetidos passar\u00e3o por uma avalia\u00e7\u00e3o feita por um comit\u00ea de pesquisadores com reconhecida atua\u00e7\u00e3o na \u00e1rea e experi\u00eancia em orienta\u00e7\u00e3o de teses e disserta\u00e7\u00f5es. O comit\u00ea selecionar\u00e1 as melhores disserta\u00e7\u00f5es de mestrado e teses de doutorado para apresenta\u00e7\u00e3o <\/span><b>PRESENCIAL<\/b><span style=\"font-weight: 400;\"> no Webmedia 2024. Todos os trabalhos selecionados ser\u00e3o publicados como resumos estendidos nos Anais do WebMedia 2024. Al\u00e9m disso, os v\u00eddeos dos trabalhos selecionados ser\u00e3o divulgados no canal da Comiss\u00e3o Especial de Sistemas Multim\u00eddia e Web (CE-WebMedia) no YouTube.<\/span><\/p>\n<p><span style=\"font-weight: 400;\">Para fins de premia\u00e7\u00e3o, o comit\u00ea de avalia\u00e7\u00e3o levar\u00e1 em conta o trabalho desenvolvido na tese ou disserta\u00e7\u00e3o, incluindo os potenciais impactos sociais, cient\u00edficos e tecnol\u00f3gicos para a \u00e1rea.<\/span><\/p>\n<p><b><i>Este ano a CE-WebMedia disp\u00f5e de recursos financeiros para fornecer ajuda de custo aos autores dos trabalhos selecionados apresentarem seus trabalhos no WebMedia 2024.<\/i><\/b><\/p>\n<p>\u00a0<\/p>\n<h2><b>Submiss\u00e3o de Trabalhos<\/b><\/h2>\n<p><span style=\"font-weight: 400;\">Cada submiss\u00e3o dever\u00e1 conter os documentos mencionados na se\u00e7\u00e3o <\/span><i><span style=\"font-weight: 400;\">Instru\u00e7\u00f5es para os Autores<\/span><\/i><span style=\"font-weight: 400;\">. Esses documentos dever\u00e3o ser submetidos eletronicamente pelo <\/span><a href=\"https:\/\/submissoes.sbc.org.br\/home.cgi?c=4606\"><span style=\"font-weight: 400;\">Sistema JEMS<\/span><\/a><span style=\"font-weight: 400;\">, escolhendo a trilha correspondente (Mestrado ou Doutorado). <\/span><a href=\"https:\/\/submissoes.sbc.org.br\/home.cgi?c=4606\"><span style=\"font-weight: 400;\">Submiss\u00e3o via Sistema JEMS<\/span><\/a><span style=\"font-weight: 400;\">.<\/span><\/p>\n<p><span style=\"font-weight: 400;\">Todas as submiss\u00f5es para o CTD devem<\/span><span style=\"font-weight: 400;\"> estar no formato PDF, seguindo o template padr\u00e3o do WebMedia, que est\u00e1 dispon\u00edvel <\/span><a href=\"https:\/\/webmedia.org.br\/2024\/wp-content\/uploads\/2024\/05\/TemplateWebMedia.zip\"><span style=\"font-weight: 400;\">neste link<\/span><\/a><span style=\"font-weight: 400;\"> e tamb\u00e9m dispon\u00edvel para uso no <\/span><a href=\"https:\/\/www.overleaf.com\/latex\/templates\/webmedia-template\/ckjcbscxjjjh\"><span style=\"font-weight: 400;\">Overleaf<\/span><\/a><span style=\"font-weight: 400;\">. <\/span><\/p>\n<p>\u00a0<\/p>\n<h2><b>C\u00f3digo de Conduta para autores em publica\u00e7\u00f5es da SBC<\/b><\/h2>\n<p>Ao submeterem trabalhos ao WebMedia 2024, os autores reconhecem que est\u00e3o em conformidade com o C\u00f3digo de Conduta para Autores em Publica\u00e7\u00f5es da SBC, o qual est\u00e1 dispon\u00edvel em: <span style=\"color: #0000ff;\"><a style=\"color: #0000ff;\" href=\"https:\/\/sol.sbc.org.br\/index.php\/indice\/conduta\" target=\"_blank\" rel=\"noopener\">https:\/\/sol.sbc.org.br\/index.php\/indice\/conduta<\/a><\/span><\/p>\n<p>\u00a0<\/p>\n<h2><b>Coordena\u00e7\u00e3o do CTD<\/b><\/h2>\n<p><span style=\"font-weight: 400;\">Thiago Henrique Silva (UTFPR)<\/span><\/p>\n<p><span style=\"font-weight: 400;\">Celso Saibel Santos (UFES)<\/span><\/p>\n<p>\u00a0<\/p>\n<h2 style=\"font-family: -apple-system, BlinkMacSystemFont, 'Segoe UI', Roboto, 'Helvetica Neue', Arial, 'Noto Sans', sans-serif; color: #343435;\"><span style=\"font-weight: bolder;\">Datas Importantes<\/span><\/h2>\n<p>Veja em\u00a0<a href=\"https:\/\/webmedia.org.br\/2024\/datas-importantes\/\"><span style=\"color: #0000ff;\">Datas Importantes<\/span><\/a> os prazos de submiss\u00e3o para o CTD \u2013 Concurso de Teses e Disserta\u00e7\u00f5es.<\/p>\n<p>\u00a0<\/p>\n<p><!-- \/wp:table --><\/p>\t\t\t\t\t\t<\/div>\n\t\t\t\t<\/div>\n\t\t\t\t\t<\/div>\n\t\t<\/div>\n\t\t\t\t\t\t\t<\/div>\n\t\t<\/section>\n\t\t\t\t\t\t\t<\/div>\n\t\t","protected":false},"excerpt":{"rendered":"<p>CTD | Concurso de Teses e Disserta\u00e7\u00f5es O Concurso de Teses e Disserta\u00e7\u00f5es (CTD) do WebMedia 2024 tem como objetivo destacar e divulgar a pesquisa em temas relacionados \u00e0s \u00e1reas de Sistemas Multim\u00eddia e Web na p\u00f3s-gradua\u00e7\u00e3o stricto sensu, premiando as melhores Teses e Disserta\u00e7\u00f5es defendidas e aprovadas no Brasil em um per\u00edodo de refer\u00eancia.\u00a0 [&hellip;]<\/p>\n","protected":false},"author":1,"featured_media":0,"parent":912,"menu_order":0,"comment_status":"closed","ping_status":"closed","template":"elementor_header_footer","meta":{"footnotes":""},"class_list":["post-1078","page","type-page","status-publish","hentry"],"_links":{"self":[{"href":"https:\/\/webmedia.org.br\/2024\/wp-json\/wp\/v2\/pages\/1078","targetHints":{"allow":["GET"]}}],"collection":[{"href":"https:\/\/webmedia.org.br\/2024\/wp-json\/wp\/v2\/pages"}],"about":[{"href":"https:\/\/webmedia.org.br\/2024\/wp-json\/wp\/v2\/types\/page"}],"author":[{"embeddable":true,"href":"https:\/\/webmedia.org.br\/2024\/wp-json\/wp\/v2\/users\/1"}],"replies":[{"embeddable":true,"href":"https:\/\/webmedia.org.br\/2024\/wp-json\/wp\/v2\/comments?post=1078"}],"version-history":[{"count":14,"href":"https:\/\/webmedia.org.br\/2024\/wp-json\/wp\/v2\/pages\/1078\/revisions"}],"predecessor-version":[{"id":1253,"href":"https:\/\/webmedia.org.br\/2024\/wp-json\/wp\/v2\/pages\/1078\/revisions\/1253"}],"up":[{"embeddable":true,"href":"https:\/\/webmedia.org.br\/2024\/wp-json\/wp\/v2\/pages\/912"}],"wp:attachment":[{"href":"https:\/\/webmedia.org.br\/2024\/wp-json\/wp\/v2\/media?parent=1078"}],"curies":[{"name":"wp","href":"https:\/\/api.w.org\/{rel}","templated":true}]}}