{"id":1055,"date":"2024-06-03T14:46:46","date_gmt":"2024-06-03T17:46:46","guid":{"rendered":"https:\/\/webmedia.org.br\/2024\/?page_id=1055"},"modified":"2024-07-16T16:25:23","modified_gmt":"2024-07-16T19:25:23","slug":"ctic-concurso-de-trabalhos-de-iniciacao-cientifica","status":"publish","type":"page","link":"https:\/\/webmedia.org.br\/2024\/chamada-de-trabalhos\/ctic-concurso-de-trabalhos-de-iniciacao-cientifica\/","title":{"rendered":"CTIC | Concurso de Trabalhos de Inicia\u00e7\u00e3o\u00a0Cient\u00edfica"},"content":{"rendered":"\t\t<div data-elementor-type=\"wp-page\" data-elementor-id=\"1055\" class=\"elementor elementor-1055\" data-elementor-post-type=\"page\">\n\t\t\t\t\t\t\t\t\t<section class=\"elementor-section elementor-top-section elementor-element elementor-element-995d100 elementor-section-height-min-height elementor-section-boxed elementor-section-height-default elementor-section-items-middle\" data-id=\"995d100\" data-element_type=\"section\" data-settings=\"{&quot;background_background&quot;:&quot;classic&quot;}\" data-e-bg-lazyload=\".elementor-background-overlay\">\n\t\t\t\t\t\t\t<div class=\"elementor-background-overlay\"><\/div>\n\t\t\t\t\t\t\t<div class=\"elementor-container elementor-column-gap-default\">\n\t\t\t\t\t<div class=\"elementor-column elementor-col-100 elementor-top-column elementor-element elementor-element-1a8bacab\" data-id=\"1a8bacab\" data-element_type=\"column\">\n\t\t\t<div class=\"elementor-widget-wrap elementor-element-populated\">\n\t\t\t\t\t\t\t\t<div class=\"elementor-element elementor-element-9d8a180 elementor-widget elementor-widget-heading\" data-id=\"9d8a180\" data-element_type=\"widget\" data-widget_type=\"heading.default\">\n\t\t\t\t<div class=\"elementor-widget-container\">\n\t\t\t<style>\/*! elementor - v3.15.0 - 31-07-2023 *\/\n.elementor-heading-title{padding:0;margin:0;line-height:1}.elementor-widget-heading .elementor-heading-title[class*=elementor-size-]>a{color:inherit;font-size:inherit;line-height:inherit}.elementor-widget-heading .elementor-heading-title.elementor-size-small{font-size:15px}.elementor-widget-heading .elementor-heading-title.elementor-size-medium{font-size:19px}.elementor-widget-heading .elementor-heading-title.elementor-size-large{font-size:29px}.elementor-widget-heading .elementor-heading-title.elementor-size-xl{font-size:39px}.elementor-widget-heading .elementor-heading-title.elementor-size-xxl{font-size:59px}<\/style><h1 class=\"elementor-heading-title elementor-size-default\">CTIC | Concurso de Trabalhos de Inicia\u00e7\u00e3o Cient\u00edfica<\/h1>\t\t<\/div>\n\t\t\t\t<\/div>\n\t\t\t\t\t<\/div>\n\t\t<\/div>\n\t\t\t\t\t\t\t<\/div>\n\t\t<\/section>\n\t\t\t\t<section class=\"elementor-section elementor-top-section elementor-element elementor-element-bf94b7a elementor-section-height-min-height elementor-section-boxed elementor-section-height-default elementor-section-items-middle\" data-id=\"bf94b7a\" data-element_type=\"section\">\n\t\t\t\t\t\t<div class=\"elementor-container elementor-column-gap-default\">\n\t\t\t\t\t<div class=\"elementor-column elementor-col-100 elementor-top-column elementor-element elementor-element-91a9634\" data-id=\"91a9634\" data-element_type=\"column\">\n\t\t\t<div class=\"elementor-widget-wrap elementor-element-populated\">\n\t\t\t\t\t\t\t\t<div class=\"elementor-element elementor-element-df941be elementor-widget elementor-widget-text-editor\" data-id=\"df941be\" data-element_type=\"widget\" data-widget_type=\"text-editor.default\">\n\t\t\t\t<div class=\"elementor-widget-container\">\n\t\t\t<style>\/*! elementor - v3.15.0 - 31-07-2023 *\/\n.elementor-widget-text-editor.elementor-drop-cap-view-stacked .elementor-drop-cap{background-color:#69727d;color:#fff}.elementor-widget-text-editor.elementor-drop-cap-view-framed .elementor-drop-cap{color:#69727d;border:3px solid;background-color:transparent}.elementor-widget-text-editor:not(.elementor-drop-cap-view-default) .elementor-drop-cap{margin-top:8px}.elementor-widget-text-editor:not(.elementor-drop-cap-view-default) .elementor-drop-cap-letter{width:1em;height:1em}.elementor-widget-text-editor .elementor-drop-cap{float:left;text-align:center;line-height:1;font-size:50px}.elementor-widget-text-editor .elementor-drop-cap-letter{display:inline-block}<\/style>\t\t\t\t<p><!-- wp:heading --><\/p>\n<p><span style=\"font-weight: 400;\">O Concurso de Trabalhos de Inicia\u00e7\u00e3o Cient\u00edfica (CTIC) \u00e9 um evento que substitui o Workshop de Trabalhos de Inicia\u00e7\u00e3o Cient\u00edfica (WTIC), que ocorria anualmente durante o Simp\u00f3sio Brasileiro de Sistemas Multim\u00eddia e Web (WebMedia). O CTIC, que est\u00e1 em sua 4\u00aa (quarta) edi\u00e7\u00e3o, tem como objetivo incentivar alunos e alunas de todos os cursos de gradua\u00e7\u00e3o a produzirem textos cient\u00edficos originais sobre trabalhos realizados por eles, em temas relacionados \u00e0s \u00e1reas de Sistemas Multim\u00eddia e Web. O evento seleciona trabalhos excepcionais desenvolvidos por alunos e alunas de gradua\u00e7\u00e3o, que s\u00e3o publicados nos anais do WebMedia e podem ser premiados durante o evento.<\/span><\/p>\n<p>\u00a0<\/p>\n<h2><b>Crit\u00e9rios para Participa\u00e7\u00e3o<\/b><\/h2>\n<p><span style=\"font-weight: 400;\">Podem participar do CTIC 2024 estudantes atualmente matriculados ou que tenham sido diplomados ap\u00f3s 30 de julho de 2023 em Institui\u00e7\u00f5es de Ensino Superior (IES) brasileiras. A situa\u00e7\u00e3o de aluno(a) de gradua\u00e7\u00e3o ou rec\u00e9m-graduado deve ser comprovada com documenta\u00e7\u00e3o apropriada, a qual dever\u00e1 ser enviada por meio da plataforma de submiss\u00e3o de trabalhos.<\/span><\/p>\n<p><span style=\"font-weight: 400;\">No caso do trabalho ser integrante de um projeto mais amplo, o conte\u00fado do artigo deve possibilitar identificar, de forma clara, o escopo do trabalho que est\u00e1 sendo submetido, como o trabalho se relaciona \u00e0s demais atividades do projeto e quais foram efetivamente as a\u00e7\u00f5es e a contribui\u00e7\u00e3o do aluno(a) de gradua\u00e7\u00e3o ou grupo de alunos(as) de gradua\u00e7\u00e3o.<\/span><\/p>\n<p>\u00a0<\/p>\n<h2><b>Instru\u00e7\u00f5es para Autores<\/b><\/h2>\n<p><span style=\"font-weight: 400;\">Artigos devem ser escritos em portugu\u00eas ou ingl\u00eas na forma de resumo expandido e dever\u00e3o estar limitados a no m\u00e1ximo 4 (quatro) p\u00e1ginas, incluindo figuras, refer\u00eancias e anexos. A formata\u00e7\u00e3o do texto deve seguir o template disponibilizado abaixo e ser enviado em formato PDF. O texto deve incluir, obrigatoriamente, o t\u00edtulo do trabalho, nomes do autor, orientador e coorientador(es) com as respectivas afilia\u00e7\u00f5es, resumo (ou <\/span><i><span style=\"font-weight: 400;\">abstract)<\/span><\/i><span style=\"font-weight: 400;\">, caracteriza\u00e7\u00e3o do problema e motiva\u00e7\u00e3o, objetivos e contribui\u00e7\u00f5es, trabalhos relacionados e resultados obtidos.<\/span><\/p>\n<p><span style=\"font-weight: 400;\">T\u00f3picos de interesse do CTIC incluem, entre outros:<\/span><\/p>\n<ul>\n<li><span style=\"font-weight: 400;\">Acessibilidade<\/span><\/li>\n<li><span style=\"font-weight: 400;\">Computa\u00e7\u00e3o Afetiva<\/span><\/li>\n<li><span style=\"font-weight: 400;\">Teste e valida\u00e7\u00e3o de aplica\u00e7\u00f5es Web ou multim\u00eddia<\/span><\/li>\n<li><span style=\"font-weight: 400;\">Autoria e Anota\u00e7\u00e3o<\/span><\/li>\n<li><span style=\"font-weight: 400;\">Adapta\u00e7\u00e3o e Personaliza\u00e7\u00e3o de Conte\u00fado<\/span><\/li>\n<li><span style=\"font-weight: 400;\">Caracteriza\u00e7\u00e3o, an\u00e1lise, pesquisa e recupera\u00e7\u00e3o de conte\u00fado<\/span><\/li>\n<li><span style=\"font-weight: 400;\">Consci\u00eancia de Contexto<\/span><\/li>\n<li style=\"font-weight: 400;\" aria-level=\"1\"><i><span style=\"font-weight: 400;\">Crowdsourcing<\/span><\/i><\/li>\n<\/ul>\n<ul>\n<li style=\"font-weight: 400;\" aria-level=\"1\"><span style=\"font-weight: 400;\">Minera\u00e7\u00e3o de dados<\/span><\/li>\n<li style=\"font-weight: 400;\" aria-level=\"1\"><span style=\"font-weight: 400;\">TV digital e IPTV<\/span><\/li>\n<li style=\"font-weight: 400;\" aria-level=\"1\"><span style=\"font-weight: 400;\">Engenharia de Documentos, Modelos e Linguagens<\/span><\/li>\n<li style=\"font-weight: 400;\" aria-level=\"1\"><span style=\"font-weight: 400;\">Com\u00e9rcio eletr\u00f4nico, economia e monetiza\u00e7\u00e3o<\/span><\/li>\n<li style=\"font-weight: 400;\" aria-level=\"1\"><i><span style=\"font-weight: 400;\">Fake news<\/span><\/i><span style=\"font-weight: 400;\"> e confian\u00e7a<\/span><\/li>\n<li style=\"font-weight: 400;\" aria-level=\"1\"><span style=\"font-weight: 400;\">Reconhecimento de atividade humana, reconhecimento de gestos e linguagem de sinais<\/span><\/li>\n<li style=\"font-weight: 400;\" aria-level=\"1\"><span style=\"font-weight: 400;\">Aplica\u00e7\u00f5es Imersivas<\/span><\/li>\n<li style=\"font-weight: 400;\" aria-level=\"1\"><span style=\"font-weight: 400;\">Internet das coisas (IoT)<\/span><\/li>\n<li style=\"font-weight: 400;\" aria-level=\"1\"><span style=\"font-weight: 400;\">Recursos de aprendizagem<\/span><\/li>\n<li style=\"font-weight: 400;\" aria-level=\"1\"><span style=\"font-weight: 400;\">Dados vinculados e anota\u00e7\u00f5es sem\u00e2nticas<\/span><\/li>\n<li style=\"font-weight: 400;\" aria-level=\"1\"><span style=\"font-weight: 400;\">Bases de dados p\u00fablicas<\/span><\/li>\n<li style=\"font-weight: 400;\" aria-level=\"1\"><span style=\"font-weight: 400;\">Codifica\u00e7\u00e3o e processamento de m\u00eddia<\/span><\/li>\n<li style=\"font-weight: 400;\" aria-level=\"1\"><span style=\"font-weight: 400;\">Distribui\u00e7\u00e3o, <\/span><i><span style=\"font-weight: 400;\">streaming<\/span><\/i><span style=\"font-weight: 400;\"> e compartilhamento multim\u00eddia<\/span><\/li>\n<li style=\"font-weight: 400;\" aria-level=\"1\"><span style=\"font-weight: 400;\">Sincroniza\u00e7\u00e3o e apresenta\u00e7\u00e3o multim\u00eddia<\/span><\/li>\n<li style=\"font-weight: 400;\" aria-level=\"1\"><i><span style=\"font-weight: 400;\">Middleware<\/span><\/i><span style=\"font-weight: 400;\"> e infraestrutura distribu\u00edda<\/span><\/li>\n<li style=\"font-weight: 400;\" aria-level=\"1\"><span style=\"font-weight: 400;\">Computa\u00e7\u00e3o m\u00f3vel e vest\u00edvel<\/span><\/li>\n<li style=\"font-weight: 400;\" aria-level=\"1\"><span style=\"font-weight: 400;\">Aplica\u00e7\u00f5es multidispositivos<\/span><\/li>\n<li style=\"font-weight: 400;\" aria-level=\"1\"><span style=\"font-weight: 400;\">Intera\u00e7\u00e3o multiusu\u00e1rio<\/span><\/li>\n<li style=\"font-weight: 400;\" aria-level=\"1\"><span style=\"font-weight: 400;\">Intera\u00e7\u00e3o Multimodal<\/span><\/li>\n<li style=\"font-weight: 400;\" aria-level=\"1\"><span style=\"font-weight: 400;\">Sistemas e aplica\u00e7\u00f5es multissensoriais<\/span><\/li>\n<li style=\"font-weight: 400;\" aria-level=\"1\"><span style=\"font-weight: 400;\">Processamento de linguagem natural<\/span><\/li>\n<li style=\"font-weight: 400;\" aria-level=\"1\"><span style=\"font-weight: 400;\">Ontologias, Metadados e Web Sem\u00e2ntica<\/span><\/li>\n<li style=\"font-weight: 400;\" aria-level=\"1\"><span style=\"font-weight: 400;\">Sistemas de Recomenda\u00e7\u00e3o<\/span><\/li>\n<li style=\"font-weight: 400;\" aria-level=\"1\"><span style=\"font-weight: 400;\">Redes Sociais e M\u00eddias Sociais<\/span><\/li>\n<li style=\"font-weight: 400;\" aria-level=\"1\"><span style=\"font-weight: 400;\">Computa\u00e7\u00e3o Ub\u00edqua e Pervasiva<\/span><\/li>\n<li style=\"font-weight: 400;\" aria-level=\"1\"><span style=\"font-weight: 400;\">Experi\u00eancia do usu\u00e1rio e QoE<\/span><\/li>\n<li style=\"font-weight: 400;\" aria-level=\"1\"><span style=\"font-weight: 400;\">Engenharia da Web<\/span><\/li>\n<\/ul>\n<p>\u00a0<\/p>\n<h2><b>Sele\u00e7\u00e3o e Premia\u00e7\u00e3o<\/b><\/h2>\n<p><span style=\"font-weight: 400;\">Cada artigo ser\u00e1 revisado por, pelo menos, dois especialistas. Cinco artigos ser\u00e3o selecionados para apresenta\u00e7\u00e3o no CTIC 2024. Para fins de premia\u00e7\u00e3o tamb\u00e9m ser\u00e1 avaliada a qualidade da apresenta\u00e7\u00e3o oral. Portanto, trabalhos n\u00e3o apresentados no CTIC 2024 n\u00e3o concorrer\u00e3o ao pr\u00eamio. Vale salientar que os 3 (tr\u00eas) primeiros colocados (primeiro, segundo e terceiro lugares) receber\u00e3o certificado pela coloca\u00e7\u00e3o e os outros 2 (dois) trabalhos (quarto e quinto lugares) receber\u00e3o certificado de men\u00e7\u00e3o honrosa.<\/span><\/p>\n<p><span style=\"font-weight: 400;\">Para ter direito \u00e0 premia\u00e7\u00e3o \u00e9 obrigat\u00f3rio que o(a) aluno(a) respons\u00e1vel pelo trabalho realize a apresenta\u00e7\u00e3o durante o evento.<\/span><\/p>\n<p><span style=\"font-weight: 400;\">O quadro abaixo detalha os aspectos a serem avaliados e pontuados pela banca em rela\u00e7\u00e3o ao artigo escrito e \u00e0 apresenta\u00e7\u00e3o oral.<\/span><\/p>\n<h2><img loading=\"lazy\" decoding=\"async\" class=\"aligncenter wp-image-1057 size-full\" src=\"https:\/\/webmedia.org.br\/2024\/wp-content\/uploads\/2024\/06\/tabela-webmedia.png\" alt=\"\" width=\"604\" height=\"512\" srcset=\"https:\/\/webmedia.org.br\/2024\/wp-content\/uploads\/2024\/06\/tabela-webmedia.png 604w, https:\/\/webmedia.org.br\/2024\/wp-content\/uploads\/2024\/06\/tabela-webmedia-300x254.png 300w\" sizes=\"auto, (max-width: 604px) 100vw, 604px\" \/><\/h2>\n<p>Os organizadores do evento se reservam ao direito de n\u00e3o incluir nos anais aqueles trabalhos que, durante o evento, n\u00e3o forem apresentados por um de seus autores ou por algum representante indicado.<\/p>\n<p>\u00a0<\/p>\n<h2><b>Submiss\u00e3o de Trabalhos<\/b><\/h2>\n<p><span style=\"font-weight: 400;\">Os candidatos dever\u00e3o submeter seu trabalho eletronicamente pela <\/span><span style=\"color: #0000ff;\"><a style=\"color: #0000ff;\" href=\"https:\/\/jems.sbc.org.br\/\"><span style=\"font-weight: 400;\">Plataforma JEMS da SBC<\/span><\/a><\/span><span style=\"font-weight: 400;\">, escolhendo a trilha WebMedia 2024 &#8211; CTIC.<\/span><\/p>\n<p><span style=\"font-weight: 400;\">Todas as submiss\u00f5es para o CTIC devem seguir os templates disponibilizados:<\/span><\/p>\n<ul>\n<li><span style=\"font-weight: 400;\"> LaTeX: Template WebMedia <\/span><span style=\"color: #0000ff;\"><a style=\"color: #0000ff;\" href=\"https:\/\/www.overleaf.com\/latex\/templates\/webmedia-template\/ckjcbscxjjjh\"><span style=\"font-weight: 400;\">disponibilizado diretamente no Overleaf<\/span><\/a><\/span><span style=\"font-weight: 400;\">.<\/span><\/li>\n<li><span style=\"font-weight: 400;\">Word e LaTeX: Template WebMedia dispon\u00edvel <\/span><span style=\"color: #0000ff;\"><a style=\"color: #0000ff;\" href=\"https:\/\/webmedia.org.br\/2024\/wp-content\/uploads\/2024\/05\/TemplateWebMedia.zip\"><span style=\"font-weight: 400;\">neste link<\/span><\/a><\/span>.<\/li>\n<\/ul>\n<p>\u00a0<\/p>\n<h2><b>C\u00f3digo de Conduta para autores em publica\u00e7\u00f5es da SBC<\/b><\/h2>\n<p>Ao submeterem trabalhos ao WebMedia 2024, os autores reconhecem que est\u00e3o em conformidade com o C\u00f3digo de Conduta para Autores em Publica\u00e7\u00f5es da SBC, o qual est\u00e1 dispon\u00edvel em: <span style=\"color: #0000ff;\"><a style=\"color: #0000ff;\" href=\"https:\/\/sol.sbc.org.br\/index.php\/indice\/conduta\" target=\"_blank\" rel=\"noopener\">https:\/\/sol.sbc.org.br\/index.php\/indice\/conduta<\/a><\/span><\/p>\n<p>\u00a0<\/p>\n<h2 style=\"font-family: -apple-system, BlinkMacSystemFont, 'Segoe UI', Roboto, 'Helvetica Neue', Arial, 'Noto Sans', sans-serif; color: #343435;\"><span style=\"font-weight: bolder;\">Datas Importantes<\/span><\/h2>\n<p>Veja em\u00a0<a href=\"https:\/\/webmedia.org.br\/2024\/datas-importantes\/\"><span style=\"color: #0000ff;\">Datas Importantes<\/span><\/a> os prazos de submiss\u00e3o para o CTIC &#8211; Concurso de Trabalhos de Inicia\u00e7\u00e3o Cient\u00edfica (IC).<\/p>\n<p>\u00a0<\/p>\n<h2><b>Coordena\u00e7\u00e3o do CTIC<\/b><\/h2>\n<p><span style=\"font-weight: 400;\">Julio Cesar Soares dos Reis \u2013 UFV<\/span><\/p>\n<p><span style=\"font-weight: 400;\">Carlos Henrique Gomes Ferreira &#8211; UFOP<\/span><\/p>\n<p>\u00a0<\/p>\n<p><!-- \/wp:table --><\/p>\t\t\t\t\t\t<\/div>\n\t\t\t\t<\/div>\n\t\t\t\t\t<\/div>\n\t\t<\/div>\n\t\t\t\t\t\t\t<\/div>\n\t\t<\/section>\n\t\t\t\t\t\t\t<\/div>\n\t\t","protected":false},"excerpt":{"rendered":"<p>CTIC | Concurso de Trabalhos de Inicia\u00e7\u00e3o Cient\u00edfica O Concurso de Trabalhos de Inicia\u00e7\u00e3o Cient\u00edfica (CTIC) \u00e9 um evento que substitui o Workshop de Trabalhos de Inicia\u00e7\u00e3o Cient\u00edfica (WTIC), que ocorria anualmente durante o Simp\u00f3sio Brasileiro de Sistemas Multim\u00eddia e Web (WebMedia). O CTIC, que est\u00e1 em sua 4\u00aa (quarta) edi\u00e7\u00e3o, tem como objetivo incentivar [&hellip;]<\/p>\n","protected":false},"author":1,"featured_media":0,"parent":912,"menu_order":0,"comment_status":"closed","ping_status":"closed","template":"elementor_header_footer","meta":{"footnotes":""},"class_list":["post-1055","page","type-page","status-publish","hentry"],"_links":{"self":[{"href":"https:\/\/webmedia.org.br\/2024\/wp-json\/wp\/v2\/pages\/1055","targetHints":{"allow":["GET"]}}],"collection":[{"href":"https:\/\/webmedia.org.br\/2024\/wp-json\/wp\/v2\/pages"}],"about":[{"href":"https:\/\/webmedia.org.br\/2024\/wp-json\/wp\/v2\/types\/page"}],"author":[{"embeddable":true,"href":"https:\/\/webmedia.org.br\/2024\/wp-json\/wp\/v2\/users\/1"}],"replies":[{"embeddable":true,"href":"https:\/\/webmedia.org.br\/2024\/wp-json\/wp\/v2\/comments?post=1055"}],"version-history":[{"count":31,"href":"https:\/\/webmedia.org.br\/2024\/wp-json\/wp\/v2\/pages\/1055\/revisions"}],"predecessor-version":[{"id":1224,"href":"https:\/\/webmedia.org.br\/2024\/wp-json\/wp\/v2\/pages\/1055\/revisions\/1224"}],"up":[{"embeddable":true,"href":"https:\/\/webmedia.org.br\/2024\/wp-json\/wp\/v2\/pages\/912"}],"wp:attachment":[{"href":"https:\/\/webmedia.org.br\/2024\/wp-json\/wp\/v2\/media?parent=1055"}],"curies":[{"name":"wp","href":"https:\/\/api.w.org\/{rel}","templated":true}]}}