{"id":988,"date":"2023-10-09T08:50:49","date_gmt":"2023-10-09T11:50:49","guid":{"rendered":"https:\/\/webmedia.org.br\/2023\/?page_id=988"},"modified":"2023-10-24T09:44:54","modified_gmt":"2023-10-24T12:44:54","slug":"programacao-wfa-lf","status":"publish","type":"page","link":"https:\/\/webmedia.org.br\/2023\/programacao-wfa-lf\/","title":{"rendered":"Programa\u00e7\u00e3o &#8211; WF\/LF &#8211; Workshop de Ferramentas e Pr\u00eamio LF"},"content":{"rendered":"\n<a name=\"wfalf1\"><\/a>\n\n\n\n<figure class=\"wp-block-table\"><table class=\"has-fixed-layout\"><tbody><tr><td colspan=\"3\"><strong>WFA\/LF1 \u2013 Workshop de Ferramentas e Pr\u00eamio LF<\/strong><\/td><\/tr><tr><td colspan=\"3\">3a-feira (24\/10), das 08:30 \u00e0s 10:30. Local: Sala C32<\/td><\/tr><tr><td colspan=\"3\"> \nChair: Paulo Mazzoncini (FMRP-USP) e Carlos de Salles (UFMA)<\/td><\/tr><tr><td>8:30-8:50<\/td><td>WFA &#8211; Um framework para extra\u00e7\u00e3o autom\u00e1tica de informa\u00e7\u00f5es em patentes farmac\u00eauticas<\/td><td>Pablo Cec\u00edlio\u00a0(UFSJ), Ant\u00f4nio Pereira\u00a0(UFSJ), Juliana Viegas\u00a0(Universidade do Porto &#8211; Portugal), Felipe Viegas\u00a0(Universidade Federal de S\u00e3o Jo\u00e3o Del Rei), Washington Cunha\u00a0(UFMG), Fabiana Testa\u00a0(USP), Elisa Tuler\u00a0(UFSJ), Leonardo Rocha\u00a0(Universidade Federal de S\u00e3o Jo\u00e3o Del Rei)<\/td><\/tr><tr><td>8:50-9:15<\/td><td>Pr\u00eamio LF &#8211; VALERIA: um aplicativo para auxiliar no diagn\u00f3stico diferencial de arboviroses<\/td><td>Sebasti\u00e3o Rog\u00e9rio da Silva Neto&nbsp;(Universidade de Pernambuco), Thom\u00e1s Tabosa&nbsp;(Universidade de Pernambuco), Igor Vitor Teixeira&nbsp;(Universidade de Pernambuco), Elisson Silva&nbsp;(UPE), Kayo Henrique Monteiro&nbsp;(Universidade de Pernambuco), Vanderson Sampaio&nbsp;(Funda\u00e7\u00e3o de Medicina Tropical), Patricia Takako Endo&nbsp;(Universidade de Pernambuco)<\/td><\/tr><tr><td>9:15-9:35<\/td><td>WFA &#8211; Saturn Platform: Foundation Model Operations and Generative AI for Financial Services<\/td><td>Antonio Busson&nbsp;(BTG Pactual), Rennan Gaio&nbsp;(BTG Pactual), Rafael Rocha&nbsp;(BTG Pactual), Rafael Paiva&nbsp;(BTG Pactual)<\/td><\/tr><tr><td>9:35-10:00<\/td><td>Pr\u00eamio LF &#8211; HemoPlay: Aplicativo Gameficado para Doa\u00e7\u00e3o de Sangue<\/td><td>Carlos Feitosa&nbsp;(UFC), Maria Simone Nunes&nbsp;(UFC), Marcelo Martins da Silva&nbsp;(PUC-Rio)<\/td><\/tr><tr><td>10:00-10:20<\/td><td>WFA &#8211; A multiturn recommender system with explanations<\/td><td>Luan de Souza&nbsp;(USP), Lucas de Araujo&nbsp;(USP), Andr\u00e9 Zanon&nbsp;(USP), Marcelo Manzato&nbsp;(USP)<\/td><\/tr><\/tbody><\/table><\/figure>\n\n\n\n<a name=\"wfalf2\"><\/a>\n\n\n\n<figure class=\"wp-block-table\"><table class=\"has-fixed-layout\"><tbody><tr><td colspan=\"3\"><strong>WFA\/LF2 \u2013 Workshop de Ferramentas e Pr\u00eamio LF<\/strong><\/td><\/tr><tr><td colspan=\"3\">3a-feira (24\/10), das 14:00 \u00e0s 16:00. Local: Sala C32<\/td><\/tr><tr><td colspan=\"3\">Chair: Carlos de Salles (UFMA) e Paulo Mazzoncini (FMRP-USP)<\/td><\/tr><tr><td>14:00-14:20<\/td><td>WFA &#8211; TF-MVSA: Multimodal Video Sentiment Analysis Tool using Transfer Learning<\/td><td>Victor Tomita&nbsp;(USP), Ricardo Marcacini&nbsp;(ICMC\/USP)<\/td><\/tr><tr><td>14:20-14:45<\/td><td>Pr\u00eamio LF &#8211; Meninas Programadoras: Promovendo o Engajamento Feminino em Computa\u00e7\u00e3o via Cursos Curtos Online de Programa\u00e7\u00e3o<\/td><td>Maria da Graca Campos Pimentel&nbsp;(USP), Juliana Eus\u00e9bio&nbsp;(USP), Rudinei Goularte&nbsp;(USP), Uthant Vicentin Leite (USP), Helen Santos Picoli&nbsp;(USP)<\/td><\/tr><tr><td>14:45-15:05<\/td><td>WFA &#8211; Indimap: Ferramenta integrada para monitoramento de desmatamento e queimadas em terras ind\u00edgenas<\/td><td>Jos\u00e9 M\u00e1rio Miranda&nbsp;(Instituto Federal da Para\u00edba), Yuri Negocio&nbsp;(Instituto Federal da Para\u00edba), Juan Marques&nbsp;(Instituto Federal da Para\u00edba), Samara da Silva Brito&nbsp;(IFPB), Diego Pessoa&nbsp;(IFPB)<\/td><\/tr><tr><td>15:05-15:30<\/td><td>Pr\u00eamio LF &#8211; SADE: Software de An\u00e1lise Dermatol\u00f3gica &#8211; Um sistema de coleta, gerenciamento e triagem de les\u00f5es de pele<\/td><td>Andr\u00e9 Pacheco&nbsp;(UFES),Clayton Vicente&nbsp;(UFES)&nbsp;Eduarda Magesk&nbsp;(UFES),Gabriel Lucas&nbsp;(UFES),&nbsp;Guilherme Caldana&nbsp;(UFES),Patricia Frasson&nbsp;(UFES)<\/td><\/tr><tr><td>15:30 &#8211; 15:50<\/td><td>WFA &#8211; TerrainIntelGIS}: A Geographic Intelligence System to Support Decision-Making in Environmental and Natural Disaster Scenarios<\/td><td>Carlos Tavares Brumatti&nbsp;(Universidade Federal de Vi\u00e7osa), Mariana Schaefer&nbsp;(Universidade Federal de Vi\u00e7osa), Julio C. S. Reis&nbsp;(Universidade Federal de Vi\u00e7osa), Jugurta Lisboa Filho&nbsp;(Universidade Federal de Vi\u00e7osa)<\/td><\/tr><\/tbody><\/table><\/figure>\n","protected":false},"excerpt":{"rendered":"<p>WFA\/LF1 \u2013 Workshop de Ferramentas e Pr\u00eamio LF 3a-feira (24\/10), das 08:30 \u00e0s 10:30. Local: Sala C32 Chair: Paulo Mazzoncini (FMRP-USP) e [&hellip;]<\/p>\n","protected":false},"author":1,"featured_media":0,"parent":0,"menu_order":0,"comment_status":"closed","ping_status":"closed","template":"page-templates\/page_fullwidth.php","meta":{"footnotes":""},"class_list":["post-988","page","type-page","status-publish","hentry"],"_links":{"self":[{"href":"https:\/\/webmedia.org.br\/2023\/wp-json\/wp\/v2\/pages\/988","targetHints":{"allow":["GET"]}}],"collection":[{"href":"https:\/\/webmedia.org.br\/2023\/wp-json\/wp\/v2\/pages"}],"about":[{"href":"https:\/\/webmedia.org.br\/2023\/wp-json\/wp\/v2\/types\/page"}],"author":[{"embeddable":true,"href":"https:\/\/webmedia.org.br\/2023\/wp-json\/wp\/v2\/users\/1"}],"replies":[{"embeddable":true,"href":"https:\/\/webmedia.org.br\/2023\/wp-json\/wp\/v2\/comments?post=988"}],"version-history":[{"count":6,"href":"https:\/\/webmedia.org.br\/2023\/wp-json\/wp\/v2\/pages\/988\/revisions"}],"predecessor-version":[{"id":1058,"href":"https:\/\/webmedia.org.br\/2023\/wp-json\/wp\/v2\/pages\/988\/revisions\/1058"}],"wp:attachment":[{"href":"https:\/\/webmedia.org.br\/2023\/wp-json\/wp\/v2\/media?parent=988"}],"curies":[{"name":"wp","href":"https:\/\/api.w.org\/{rel}","templated":true}]}}