{"id":955,"date":"2023-10-05T09:37:07","date_gmt":"2023-10-05T12:37:07","guid":{"rendered":"https:\/\/webmedia.org.br\/2023\/?page_id=955"},"modified":"2023-10-24T15:49:25","modified_gmt":"2023-10-24T18:49:25","slug":"programacao-painel-w4e","status":"publish","type":"page","link":"https:\/\/webmedia.org.br\/2023\/programacao-painel-w4e\/","title":{"rendered":"Programa\u00e7\u00e3o Painel 1 &#8211; W4E &#8211; WebMedia for Everyone"},"content":{"rendered":"\n<p>O <em>WebMedia for Everyone<\/em> (W4E) \u00e9 um f\u00f3rum de discuss\u00e3o sobre como a comunidade do WebMedia pode incorporar a diversidade em diversas perspectivas, incluindo pesquisas e projetos de extens\u00e3o.<\/p>\n\n\n\n<p>O ACM SIGMM<em> <\/em>(<em>ACM Special Interest Group on Multimedia<\/em>) <a href=\"http:\/\/sigmm.org\/\">[1]<\/a> instituiu o papel de <em>Director of Diversity and Outreach<\/em>, com o objetivo de impulsionar e desenvolver ativamente as a\u00e7\u00f5es de apoio \u00e0 diversidade, bem como os esfor\u00e7os de divulga\u00e7\u00e3o de informa\u00e7\u00f5es e servi\u00e7os [<a href=\"https:\/\/dl.acm.org\/doi\/fullHtml\/10.1145\/3524460.3524461\">2<\/a>]. Com o<em> <\/em>W4E o Webmedia d\u00e1 in\u00edcio a uma iniciativa nacional de apoio a essas a\u00e7\u00f5es.&nbsp;<\/p>\n\n\n\n<p>Em 2022, ocorreu a primeira edi\u00e7\u00e3o [<a href=\"https:\/\/webmedia.org.br\/2022\/webmedia4everyone-2\/\">3<\/a>] do W4E, em que pesquisadores e membros da ind\u00fastria discutiram sobre diversidade e acessibilidade.<\/p>\n\n\n\n<p>Em 2023 damos continuidade a essa discuss\u00e3o refletindo sobre acessibilidade de solu\u00e7\u00f5es multim\u00eddia interativas, sobretudo no aspecto de linguagem simples e inclusiva.<\/p>\n\n\n\n<p>Participar\u00e3o do painel quatro mulheres inspiradoras, que tamb\u00e9m est\u00e3o sendo convidadas a relatar sobre as experi\u00eancias e desafios enfrentados durante as suas trajet\u00f3rias de vida e profissionais.&nbsp;<\/p>\n\n\n\n<h2 class=\"wp-block-heading\"><strong>Painelistas<\/strong><\/h2>\n\n\n<div class=\"wp-block-image\">\n<figure class=\"alignleft size-full is-resized\"><img loading=\"lazy\" decoding=\"async\" width=\"802\" height=\"830\" src=\"https:\/\/webmedia.org.br\/2023\/wp-content\/uploads\/2023\/10\/foto-claudia.png\" alt=\"imagem da professora Claudia sorrindo. Claudis tem cabelo loiro, liso, na altura do ombro. Usa blusa preta, brincos longos e dourados. A imagem atr\u00e1s da claudia \u00e9 de um pared\u00e3o de pedras, com vegeta\u00e7\u00e3o verde.\" class=\"wp-image-981\" style=\"width:147px;height:152px\" srcset=\"https:\/\/webmedia.org.br\/2023\/wp-content\/uploads\/2023\/10\/foto-claudia.png 802w, https:\/\/webmedia.org.br\/2023\/wp-content\/uploads\/2023\/10\/foto-claudia-290x300.png 290w, https:\/\/webmedia.org.br\/2023\/wp-content\/uploads\/2023\/10\/foto-claudia-768x795.png 768w, https:\/\/webmedia.org.br\/2023\/wp-content\/uploads\/2023\/10\/foto-claudia-230x238.png 230w, https:\/\/webmedia.org.br\/2023\/wp-content\/uploads\/2023\/10\/foto-claudia-350x362.png 350w, https:\/\/webmedia.org.br\/2023\/wp-content\/uploads\/2023\/10\/foto-claudia-480x497.png 480w\" sizes=\"auto, (max-width: 802px) 100vw, 802px\" \/><\/figure>\n<\/div>\n\n\n<h4 class=\"wp-block-heading\"><a href=\"http:\/\/lattes.cnpq.br\/4930762936357558\"><strong>Claudia Cappelli <\/strong><\/a><strong>&#8211; <\/strong>UERJ<\/h4>\n\n\n\n<p>Professora do curso de Ci\u00eancia de Computa\u00e7\u00e3o da UERJ. Professora do Mestrado Profissional em Telemedicina e Telessa\u00fade da UERJ. Colaboradora do programa de P\u00f3s Gradua\u00e7\u00e3o em Sistemas de Informa\u00e7\u00e3o da UFRJ. Doutora em Ci\u00eancias &#8211; Inform\u00e1tica pela PUC-Rio (2009). Mestre em Sistemas de Informa\u00e7\u00e3o pela Universidade Federal do Rio de Janeiro (2000). Graduada em Inform\u00e1tica pela Universidade do Estado do Rio de Janeiro (1985). Realizou est\u00e1gio P\u00f3s-Doutoral junto ao Programa de P\u00f3s-Gradua\u00e7\u00e3o em Inform\u00e1tica da Unirio (2010) e na UFRJ (2020). Pesquisadora Jovem Cientista Nosso Estado pela FAPERJ. Fundadora do Instituto Nacional de Ci\u00eancia e Tecnologia em Democracia Digital (INCT-DD). Pesquisadora em Literacia Digital do IBCIH (Instituto Brasileiro de Cidades Inteligentes e Humanas). Gestora de Conhecimento do Linguagem Simples Lab . Membro do Comit\u00ea Gestor do programa Meninas Digitais da SBC. Mentora da F\u00e1brica de Startups. Representante do Brasil na Clarity. Membro da PLAIN. Pesquisadora em Inova\u00e7\u00e3o no INEI (Instituto Nacional de Empreendedorismo e Inova\u00e7\u00e3o).&nbsp; Foi Gerente da \u00c1rea de Arquitetura Corporativa e Planejamento de Tecnologia do Citibank (1996 &#8211; 2001) e da Telemar (2001 &#8211; 2003) e Professora Adjunta do Departamento de Inform\u00e1tica Aplicada da Universidade Federal do Estado do Rio de Janeiro (UNIRIO) onde coordenou o NP2Tec (N\u00facleo de Pesquisa e Pr\u00e1tica de Tecnologia) (2003 &#8211; 2013) e o CiberDem (N\u00facleo de Pesquisa em CiberDemocracia) (2015-2017) ambos na Universidade Federal do Estado do Rio de Janeiro (UNIRIO). Foi representante do Comit\u00ea de Transpar\u00eancia Organizacional da UNIRIO e Diretora de Articula\u00e7\u00e3o com a Ind\u00fastria na SBC (Sociedade Brasileira de Computa\u00e7\u00e3o) (2016-2018). Atuou por 8 anos junto a Petrobras em Projeto de Gest\u00e3o de Processos de Neg\u00f3cio (2008-2016) e por 2 anos na CEF em Data Science com foco em Linguagem Clara (2018-2020). Atua como revisora de diversos peri\u00f3dicos nacionais e internacionais. Atua na \u00e1rea de Sistemas de Informa\u00e7\u00e3o, principalmente nos seguintes temas: Gest\u00e3o de Processos de Neg\u00f3cio, Arquitetura Corporativa, Gest\u00e3o de TI, Transpar\u00eancia, Linguagem Simples e Governo Digital.<\/p>\n\n\n<div class=\"wp-block-image\">\n<figure class=\"alignleft size-large is-resized\"><img loading=\"lazy\" decoding=\"async\" width=\"744\" height=\"1024\" src=\"https:\/\/webmedia.org.br\/2023\/wp-content\/uploads\/2023\/10\/foto-daniela-744x1024.png\" alt=\"Imagem da Daniela com fundo branco. Daniela tem pele branca, cabelos ondulados na altura do ombro, usa blusa amarela de mangas e uma corrente. Na imagem est\u00e1 sorrindo.\" class=\"wp-image-982\" style=\"width:136px;height:187px\" srcset=\"https:\/\/webmedia.org.br\/2023\/wp-content\/uploads\/2023\/10\/foto-daniela-744x1024.png 744w, https:\/\/webmedia.org.br\/2023\/wp-content\/uploads\/2023\/10\/foto-daniela-218x300.png 218w, https:\/\/webmedia.org.br\/2023\/wp-content\/uploads\/2023\/10\/foto-daniela-768x1057.png 768w, https:\/\/webmedia.org.br\/2023\/wp-content\/uploads\/2023\/10\/foto-daniela-230x317.png 230w, https:\/\/webmedia.org.br\/2023\/wp-content\/uploads\/2023\/10\/foto-daniela-350x482.png 350w, https:\/\/webmedia.org.br\/2023\/wp-content\/uploads\/2023\/10\/foto-daniela-480x661.png 480w, https:\/\/webmedia.org.br\/2023\/wp-content\/uploads\/2023\/10\/foto-daniela.png 900w\" sizes=\"auto, (max-width: 744px) 100vw, 744px\" \/><\/figure>\n<\/div>\n\n\n<h4 class=\"wp-block-heading\"><a href=\"http:\/\/lattes.cnpq.br\/6537634254309704\"><strong>Daniela Tavares<\/strong><\/a><strong> &#8211; <\/strong>NCE\/UFRJ<\/h4>\n\n\n\n<p>Doutoranda em Computa\u00e7\u00e3o na Universidade Federal Fluminense. Mestre em  Comunica\u00e7\u00e3o Acess\u00edvel pelo Instituto Polit\u00e9cnico de Leiria, Portugal. Bacharel em Comunica\u00e7\u00e3o Social\/Rela\u00e7\u00f5es P\u00fablicas pela Universidade do Estado do Rio de Janeiro (UERJ). Coordenadora do Projeto de Pesquisa e Elabora\u00e7\u00e3o de Comunica\u00e7\u00f5es Acess\u00edveis (Projeto ComAcess NCE\/UFRJ). Desde 2015 tem dedicado-se \u00e0 pesquisa sobre a acessibilidade e inclus\u00e3o digital de pessoas com defici\u00eancia visual com artigos publicados em congressos e revistas. Foi volunt\u00e1ria em 2012 da Confer\u00eancia das Na\u00e7\u00f5es Unidas sobre o Desenvolvimento Sustent\u00e1vel (Rio+20). Possui experi\u00eancia nas \u00e1reas de Comunica\u00e7\u00e3o Digital, Acessibilidade e<br>Tecnologia Assistiva.<\/p>\n\n\n<div class=\"wp-block-image\">\n<figure class=\"alignleft size-full is-resized\"><img loading=\"lazy\" decoding=\"async\" width=\"454\" height=\"597\" src=\"https:\/\/webmedia.org.br\/2023\/wp-content\/uploads\/2023\/10\/foto-amanda.png\" alt=\"Imagem da Amanda sorrindo. Amanda tem pele branca, olhos escuros, cabelos pretos longos, est\u00e1 de lado na foto. Usa blusa preta e est\u00e1 em fundo branco com textura de tijolinhos.\" class=\"wp-image-979\" style=\"width:139px;height:183px\" srcset=\"https:\/\/webmedia.org.br\/2023\/wp-content\/uploads\/2023\/10\/foto-amanda.png 454w, https:\/\/webmedia.org.br\/2023\/wp-content\/uploads\/2023\/10\/foto-amanda-228x300.png 228w, https:\/\/webmedia.org.br\/2023\/wp-content\/uploads\/2023\/10\/foto-amanda-230x302.png 230w, https:\/\/webmedia.org.br\/2023\/wp-content\/uploads\/2023\/10\/foto-amanda-350x460.png 350w\" sizes=\"auto, (max-width: 454px) 100vw, 454px\" \/><\/figure>\n<\/div>\n\n\n<div class=\"wp-block-group\"><div class=\"wp-block-group__inner-container is-layout-constrained wp-block-group-is-layout-constrained\">\n<h4 class=\"wp-block-heading\"><a href=\"https:\/\/br.linkedin.com\/in\/amandamarque\"><strong>Amanda Marques <\/strong><\/a><strong>&nbsp;&#8211; <\/strong>Ceweb.br e NIC.br<\/h4>\n<\/div><\/div>\n\n\n\n<p>Graduada em Gest\u00e3o da Tecnologia da Informa\u00e7\u00e3o e Especializada em Gest\u00e3o de Projetos pr\u00e1ticas PMI pelo Centro Universit\u00e1rio Senac-Santo Amaro. Trabalha no N\u00facleo de Informa\u00e7\u00e3o e Coordena\u00e7\u00e3o do Ponto BR (<a rel=\"noreferrer noopener\" href=\"https:\/\/nic.br\/\" data-type=\"link\" data-id=\"https:\/\/nic.br\/\" target=\"_blank\">NIC.br<\/a>), atuando no Centro de Estudos de Tecnologias Web (<a rel=\"noreferrer noopener\" href=\"https:\/\/ceweb.br\/\" target=\"_blank\">Ceweb.br<\/a>) e no W3C Cap\u00edtulo S\u00e3o Paulo como Analista de Projetos focada em Acessibilidade Digital, tendo como diretriz promover uma Web aberta, acess\u00edvel e universal. <\/p>\n\n\n\n<p><\/p>\n\n\n\n<h2 class=\"wp-block-heading\"><strong>Mediadoras e organizadoras do W4E 2023<\/strong><\/h2>\n\n\n<div class=\"wp-block-image\">\n<figure class=\"alignleft size-full is-resized\"><img loading=\"lazy\" decoding=\"async\" width=\"640\" height=\"640\" src=\"https:\/\/webmedia.org.br\/2023\/wp-content\/uploads\/2023\/10\/foto-kamila.png\" alt=\"Imagem da professora Kamila sorrindo. Kamila tem pele branca, cabelo longo liso castanho, olhos escuros. Est\u00e1 em uma paisagem com montanha ao fundo e veste uma blusa de cor bege com bolinhas pretas.\" class=\"wp-image-983\" style=\"width:149px;height:149px\" srcset=\"https:\/\/webmedia.org.br\/2023\/wp-content\/uploads\/2023\/10\/foto-kamila.png 640w, https:\/\/webmedia.org.br\/2023\/wp-content\/uploads\/2023\/10\/foto-kamila-300x300.png 300w, https:\/\/webmedia.org.br\/2023\/wp-content\/uploads\/2023\/10\/foto-kamila-150x150.png 150w, https:\/\/webmedia.org.br\/2023\/wp-content\/uploads\/2023\/10\/foto-kamila-230x230.png 230w, https:\/\/webmedia.org.br\/2023\/wp-content\/uploads\/2023\/10\/foto-kamila-350x350.png 350w, https:\/\/webmedia.org.br\/2023\/wp-content\/uploads\/2023\/10\/foto-kamila-480x480.png 480w\" sizes=\"auto, (max-width: 640px) 100vw, 640px\" \/><\/figure>\n<\/div>\n\n\n<h4 class=\"wp-block-heading\"><a href=\"http:\/\/lattes.cnpq.br\/9035684997439778\"><strong>Kamila Rodrigues<\/strong><\/a><strong> &#8211; <\/strong>ICMC\/USP<\/h4>\n\n\n\n<p>Professora no Instituto de Ci\u00eancias Matem\u00e1ticas e de Computa\u00e7\u00e3o da Universidade de S\u00e3o Paulo (ICMC\/USP). Possui experi\u00eancia no desenvolvimento e avalia\u00e7\u00e3o de interfaces de usu\u00e1rios respeitando requisitos relacionados \u00e0 usabilidade e acessibilidade. Conduz pesquisas com documentos interativos para coleta especializada de experi\u00eancias do cotidiano de indiv\u00edduos, pesquisas com aplica\u00e7\u00f5es digitais terap\u00eauticas para diferentes patologias, <em>End-User Development,<\/em> coletas de dados e interven\u00e7\u00f5es a dist\u00e2ncia usando infraestrutura tecnol\u00f3gica, letramento digital para a terceira idade, jogos digitais s\u00e9rios, <em>fake news<\/em>, coletas de respostas emocionais por meio de sensores f\u00edsicos e l\u00f3gicos. \u00c9 defensora da acessibilidade em solu\u00e7\u00f5es computacionais.<\/p>\n\n\n\n<p><\/p>\n\n\n<div class=\"wp-block-image\">\n<figure class=\"alignleft size-large is-resized\"><img loading=\"lazy\" decoding=\"async\" width=\"892\" height=\"1024\" src=\"https:\/\/webmedia.org.br\/2023\/wp-content\/uploads\/2023\/10\/foto-silvia-892x1024.png\" alt=\"Imagem da professora Silvia sorrindo. Silvia tem pele branca, cabelos pretos, com mecha branca na frente, na altura da orelha. Silvia est\u00e1 com blusa pr4eta de manga comprida, est\u00e1 com a m\u00e3o no queijo e usa colar e anel pretos. Ao fundo uma imagem amarelada.\" class=\"wp-image-984\" style=\"width:154px;height:177px\" srcset=\"https:\/\/webmedia.org.br\/2023\/wp-content\/uploads\/2023\/10\/foto-silvia-892x1024.png 892w, https:\/\/webmedia.org.br\/2023\/wp-content\/uploads\/2023\/10\/foto-silvia-261x300.png 261w, https:\/\/webmedia.org.br\/2023\/wp-content\/uploads\/2023\/10\/foto-silvia-768x882.png 768w, https:\/\/webmedia.org.br\/2023\/wp-content\/uploads\/2023\/10\/foto-silvia-1000x1148.png 1000w, https:\/\/webmedia.org.br\/2023\/wp-content\/uploads\/2023\/10\/foto-silvia-230x264.png 230w, https:\/\/webmedia.org.br\/2023\/wp-content\/uploads\/2023\/10\/foto-silvia-350x402.png 350w, https:\/\/webmedia.org.br\/2023\/wp-content\/uploads\/2023\/10\/foto-silvia-480x551.png 480w, https:\/\/webmedia.org.br\/2023\/wp-content\/uploads\/2023\/10\/foto-silvia.png 1316w\" sizes=\"auto, (max-width: 892px) 100vw, 892px\" \/><\/figure>\n<\/div>\n\n\n<h4 class=\"wp-block-heading\"><a href=\"http:\/\/lattes.cnpq.br\/1808731785135915\"><strong>S\u00edlvia Am\u00e9lia Bim<\/strong><\/a><strong> &#8211; <\/strong>UTFPR<\/h4>\n\n\n\n<p>Professora da Universidade Tecnol\u00f3gica Federal do Paran\u00e1 (UTFPR). Autora dos livros infantojuvenis &#8220;A vida de Ada Lovelace&#8221; (Editora da SBC &#8211; edi\u00e7\u00e3o esgotada), &#8220;Ada Lovelace: a condessa curiosa&#8221; (Editora InVerso) e &#8220;Alan Turing: suas m\u00e1quinas e seus segredos&#8221; (Editora Blucher). \u00c9 consultora do Programa Meninas Digitais (SBC) e faz parte da Comiss\u00e3o de Educa\u00e7\u00e3o B\u00e1sica da SBC. Fundadora dos projetos de extens\u00e3o Em\u00edlias e TIChers da UTFPR-CT. Suas \u00e1reas de interesse s\u00e3o: Intera\u00e7\u00e3o Humano-Computador (IHC), Engenharia Semi\u00f3tica, Avalia\u00e7\u00e3o de IHC, Educa\u00e7\u00e3o em Computa\u00e7\u00e3o, Mulheres na Computa\u00e7\u00e3o e Linguagem Altru\u00edsta.&nbsp;<\/p>\n\n\n\n<p><\/p>\n\n\n\n<p><strong>O painel ser\u00e1 realizado presencialmente na quinta 26\/10, das 16:30h \u00e0s 18:30h, na <\/strong><strong>Faculdade de Direito de Ribeir\u00e3o Preto\/SP<\/strong><strong>.<\/strong><\/p>\n\n\n\n<p>*Informa\u00e7\u00f5es das painelistas e moderadoras retiradas do Lattes ou LinkedIn.Informa\u00e7\u00f5es das painelistas e moderadoras retiradas do Lattes ou LinkedIn, validadas pelas mesmas.<\/p>\n","protected":false},"excerpt":{"rendered":"<p>O WebMedia for Everyone (W4E) \u00e9 um f\u00f3rum de discuss\u00e3o sobre como a comunidade do WebMedia pode incorporar a diversidade em diversas [&hellip;]<\/p>\n","protected":false},"author":1,"featured_media":0,"parent":0,"menu_order":0,"comment_status":"closed","ping_status":"closed","template":"page-templates\/page_fullwidth.php","meta":{"footnotes":""},"class_list":["post-955","page","type-page","status-publish","hentry"],"_links":{"self":[{"href":"https:\/\/webmedia.org.br\/2023\/wp-json\/wp\/v2\/pages\/955","targetHints":{"allow":["GET"]}}],"collection":[{"href":"https:\/\/webmedia.org.br\/2023\/wp-json\/wp\/v2\/pages"}],"about":[{"href":"https:\/\/webmedia.org.br\/2023\/wp-json\/wp\/v2\/types\/page"}],"author":[{"embeddable":true,"href":"https:\/\/webmedia.org.br\/2023\/wp-json\/wp\/v2\/users\/1"}],"replies":[{"embeddable":true,"href":"https:\/\/webmedia.org.br\/2023\/wp-json\/wp\/v2\/comments?post=955"}],"version-history":[{"count":13,"href":"https:\/\/webmedia.org.br\/2023\/wp-json\/wp\/v2\/pages\/955\/revisions"}],"predecessor-version":[{"id":1059,"href":"https:\/\/webmedia.org.br\/2023\/wp-json\/wp\/v2\/pages\/955\/revisions\/1059"}],"wp:attachment":[{"href":"https:\/\/webmedia.org.br\/2023\/wp-json\/wp\/v2\/media?parent=955"}],"curies":[{"name":"wp","href":"https:\/\/api.w.org\/{rel}","templated":true}]}}