{"id":918,"date":"2023-09-28T10:08:13","date_gmt":"2023-09-28T13:08:13","guid":{"rendered":"https:\/\/webmedia.org.br\/2023\/?page_id=918"},"modified":"2023-10-19T08:32:22","modified_gmt":"2023-10-19T11:32:22","slug":"programacao-wtvdi-workshop-futuro-da-tv-digital-interativa","status":"publish","type":"page","link":"https:\/\/webmedia.org.br\/2023\/programacao-wtvdi-workshop-futuro-da-tv-digital-interativa\/","title":{"rendered":"Programa\u00e7\u00e3o &#8211; WTVDI &#8211; Workshop Futuro da TV Digital Interativa"},"content":{"rendered":"\n<figure class=\"wp-block-table\"><table><tbody><tr><td colspan=\"3\"><strong>WTVDI<\/strong><\/td><\/tr><tr><td colspan=\"3\">2a-feira (23\/10), das 8:30 \u00e0s 18:30 &#8211; Local:&nbsp; Anfiteatro<\/td><\/tr><tr><td colspan=\"3\"><\/td><\/tr><tr><td>8:30\/9:00h<\/td><td>Abertura<\/td><td>Marcelo Ferreira Moreno (UFJF) e D\u00e9bora Christina Muchaluat Saade(UFF)<\/td><\/tr><tr><td rowspan=\"3\">9:00\/10:00h<\/td><td>Sess\u00e3o T\u00e9cnica: Experi\u00eancia Personalizada Baseada em Aplicativos<br>App-based TV experience: Proposing a new viewer\u2019s journey<\/td><td>Li-Chang Shuen (UFMA), Paulo Victor Borges (UFMA), Iago Victor Silva Costa (UFMA), Ingrid Coelho Carvalho (UFMA), Carlos de Salles Soares Neto (UFMA),<br>Marcelo Ferreira Moreno (UFJF)<\/td><\/tr><tr><td>Sess\u00e3o T\u00e9cnica: Experi\u00eancia Personalizada Baseada em Aplicativos<br>Possibilities for the New Viewer\/Interactor Journey in TV 3.0<\/td><td>Carlos Pernisa Junior (UFJF), Marcelo F. Moreno (UFJF), Stanley Cunha Teixeira (UFJF), Cristiane Turnes Montezano (UFJF)<\/td><\/tr><tr><td>Sess\u00e3o T\u00e9cnica: Experi\u00eancia Personalizada Baseada em Aplicativos<br>TV 3.0: Defini\u00e7\u00e3o e Uso de Perfil de Telespectador no Ambiente de TV Digital Aberta<\/td><td>Marina Ivanov Pereira Josu\u00e9 (UFF), Pedro Alves Valentim (UFF), D\u00e9bora C. Muchaluat Saade (UFF)<\/td><\/tr><tr><td>10:00\/10:30h<\/td><td colspan=\"2\">Coffee break<\/td><\/tr><tr><td>10:30\/11:30h<\/td><td>Palestra &#8211; T\u00edtulo: Projeto TV 3.0: Expectativas atuais e perspectivas futuras<\/td><td>Prof. Marcelo Ferreira Moreno &#8211; UFJF<\/td><\/tr><tr><td rowspan=\"3\">11:30\/12:30h<\/td><td>Sess\u00e3o T\u00e9cnica: Autoria de Aplica\u00e7\u00f5es Interativas para TV 3.0<br>TV 3.0: Intera\u00e7\u00e3o Multiusu\u00e1rio para TV Digital Aberta com NCL 4.0<\/td><td>Fabio Barreto (Globo), Raphael Abreu (UFF), D\u00e9bora C. Muchaluat-Saade (UFF)<\/td><\/tr><tr><td>Sess\u00e3o T\u00e9cnica: Autoria de Aplica\u00e7\u00f5es Interativas para TV 3.0<br>Autoria de Aplica\u00e7\u00f5es Multissensoriais para TV 3.0 com a Ferramenta STEVE<\/td><td>R\u00f4mulo Vieira (UFF), Marina Ivanov (UFF), Raphael Abreu (UFF), Joel A. F. dos Santos (Cefet\/RJ), Douglas Mattos (UFF), D\u00e9bora C. Muchaluat-Saade (UFF)<\/td><\/tr><tr><td>Sess\u00e3o T\u00e9cnica: Autoria de Aplica\u00e7\u00f5es Interativas para TV 3.0<br>On the Challenges of Using Large Language Models for NCL Code Generation<\/td><td>Daniel de Sousa Moraes (PUC-Rio), Polyana Bezerra da Costa (PUC-Rio), Antonio J. G. Busson (BTG Pactual), Jos\u00e9 Matheus Carvalho Boaro (PUC-Rio),Carlos de Salles Soares Neto (UFMA), Sergio Colcher (PUC-Rio)<\/td><\/tr><tr><td>12:30\/14:00h<\/td><td colspan=\"2\"><\/td><\/tr><tr><td>14:00\/15:00h<\/td><td>Palestra &#8211; T\u00edtulo: The Video Base Layer in TV 3.0<\/td><td>Profa. Mylene Farias &#8211; UnB \/ University of Texas<\/td><\/tr><tr><td rowspan=\"3\">15:00\/16:00h<\/td><td>Sess\u00e3o T\u00e9cnica: APIs para Acessibilidade, V\u00eddeo Escal\u00e1vel e M\u00faltiplos Dispositivos<br>Acessibilidade na TV 3.0 Brasileira a partir de m\u00eddias de legenda, glosa e \u00e1udio descri\u00e7\u00e3o<\/td><td>Richelieu R. A. Costa (UFPB), Derzu Omaia (UFPB), Tiago M. U. Ara\u00fajo (UFPB), J\u00f3ison O. Pereira (UFPB), Anderson S. Coutinho (UFPB), Miguel P. S. Cruz (UFPB), Victoria M. Pontes (UFPB), Matheus M. Barbosa (UFPB), Abner S. Silva (UFPB), Guido L. S. Filho (UFPB)<\/td><\/tr><tr><td>Sess\u00e3o T\u00e9cnica: APIs para Acessibilidade, V\u00eddeo Escal\u00e1vel e M\u00faltiplos Dispositivos<br>Application Oriented Proposal to manage Scalable Video for the Next-Generation of Brazilian DTV Broadcasting System<\/td><td>Marcelo Lobeiro (SIDIA), Rodrigo Admir Vaz (SIDIA), Luiz Gustavo Pacola Alves (SIDIA), H\u00e9lio Fujimoto (SIDIA)<\/td><\/tr><tr><td>Sess\u00e3o T\u00e9cnica: APIs para Acessibilidade, V\u00eddeo Escal\u00e1vel e M\u00faltiplos Dispositivos<br>TV 3.0: A Ginga-NCL and Common Core Webservices Extension for Multidevice Support<\/td><td>Karen S. S. Oliveira (Cefet\/RJ), Paulo R. M. de Macedo (Cefet\/RJ), Marina I. P. Josu\u00e9 (UFF), D\u00e9bora C. Muchaluat Saade (UFF), Joel A. F. dos Santos (Cefet\/RJ)<\/td><\/tr><tr><td>16:00\/16:30h<\/td><td colspan=\"2\">Coffee break<\/td><\/tr><tr><td>16:30\/18:30h<\/td><td colspan=\"2\">Demos do Projeto TV 3.0 e Discuss\u00e3o<\/td><\/tr><\/tbody><\/table><\/figure>\n","protected":false},"excerpt":{"rendered":"<p>WTVDI 2a-feira (23\/10), das 8:30 \u00e0s 18:30 &#8211; Local:&nbsp; Anfiteatro 8:30\/9:00h Abertura Marcelo Ferreira Moreno (UFJF) e D\u00e9bora Christina Muchaluat Saade(UFF) 9:00\/10:00h [&hellip;]<\/p>\n","protected":false},"author":1,"featured_media":0,"parent":0,"menu_order":0,"comment_status":"closed","ping_status":"closed","template":"page-templates\/page_fullwidth.php","meta":{"footnotes":""},"class_list":["post-918","page","type-page","status-publish","hentry"],"_links":{"self":[{"href":"https:\/\/webmedia.org.br\/2023\/wp-json\/wp\/v2\/pages\/918","targetHints":{"allow":["GET"]}}],"collection":[{"href":"https:\/\/webmedia.org.br\/2023\/wp-json\/wp\/v2\/pages"}],"about":[{"href":"https:\/\/webmedia.org.br\/2023\/wp-json\/wp\/v2\/types\/page"}],"author":[{"embeddable":true,"href":"https:\/\/webmedia.org.br\/2023\/wp-json\/wp\/v2\/users\/1"}],"replies":[{"embeddable":true,"href":"https:\/\/webmedia.org.br\/2023\/wp-json\/wp\/v2\/comments?post=918"}],"version-history":[{"count":6,"href":"https:\/\/webmedia.org.br\/2023\/wp-json\/wp\/v2\/pages\/918\/revisions"}],"predecessor-version":[{"id":1040,"href":"https:\/\/webmedia.org.br\/2023\/wp-json\/wp\/v2\/pages\/918\/revisions\/1040"}],"wp:attachment":[{"href":"https:\/\/webmedia.org.br\/2023\/wp-json\/wp\/v2\/media?parent=918"}],"curies":[{"name":"wp","href":"https:\/\/api.w.org\/{rel}","templated":true}]}}